{"id":109240,"date":"2024-04-23T07:46:34","date_gmt":"2024-04-23T07:46:34","guid":{"rendered":"https:\/\/www.destinosalnes.com\/ogrove-politica-cookies\/"},"modified":"2025-09-12T09:36:21","modified_gmt":"2025-09-12T07:36:21","slug":"ogrove-politica-cookies","status":"publish","type":"page","link":"https:\/\/www.destinosalnes.com\/pt-pt\/ogrove-politica-cookies\/","title":{"rendered":"Pol\u00edtica de Cookies"},"content":{"rendered":"\t\t<div data-elementor-type=\"wp-page\" data-elementor-id=\"109240\" class=\"elementor elementor-109240 elementor-99020\" data-elementor-post-type=\"page\">\n\t\t\t\t\t\t<section class=\"elementor-section elementor-top-section elementor-element elementor-element-3bc26a29 elementor-section-full_width Portada elementor-section-height-default elementor-section-height-default\" data-id=\"3bc26a29\" data-element_type=\"section\">\n\t\t\t\t\t\t<div class=\"elementor-container elementor-column-gap-default\">\n\t\t\t\t\t<div class=\"elementor-column elementor-col-100 elementor-top-column elementor-element elementor-element-5e9e78c2\" data-id=\"5e9e78c2\" data-element_type=\"column\">\n\t\t\t<div class=\"elementor-widget-wrap elementor-element-populated\">\n\t\t\t\t\t\t<div class=\"elementor-element elementor-element-168d7b86 Cabecera elementor--h-position-center elementor--v-position-middle elementor-widget elementor-widget-slides\" data-id=\"168d7b86\" data-element_type=\"widget\" data-settings=\"{&quot;navigation&quot;:&quot;none&quot;,&quot;_animation&quot;:&quot;none&quot;,&quot;autoplay&quot;:&quot;yes&quot;,&quot;pause_on_hover&quot;:&quot;yes&quot;,&quot;pause_on_interaction&quot;:&quot;yes&quot;,&quot;autoplay_speed&quot;:5000,&quot;infinite&quot;:&quot;yes&quot;,&quot;transition&quot;:&quot;slide&quot;,&quot;transition_speed&quot;:500}\" data-widget_type=\"slides.default\">\n\t\t\t\t<div class=\"elementor-widget-container\">\n\t\t\t<style>.elementor-slides .swiper-slide-bg{background-size:cover;background-position:50%;background-repeat:no-repeat;min-width:100%;min-height:100%}.elementor-slides .swiper-slide-inner{background-repeat:no-repeat;background-position:50%;position:absolute;top:0;left:0;bottom:0;right:0;padding:50px;margin:auto}.elementor-slides .swiper-slide-inner,.elementor-slides .swiper-slide-inner:hover{color:#fff;display:flex}.elementor-slides .swiper-slide-inner .elementor-background-overlay{position:absolute;z-index:0;top:0;bottom:0;left:0;right:0}.elementor-slides .swiper-slide-inner .elementor-slide-content{position:relative;z-index:1;width:100%}.elementor-slides .swiper-slide-inner .elementor-slide-heading{font-size:35px;font-weight:700;line-height:1}.elementor-slides .swiper-slide-inner .elementor-slide-description{font-size:17px;line-height:1.4}.elementor-slides .swiper-slide-inner .elementor-slide-description:not(:last-child),.elementor-slides .swiper-slide-inner .elementor-slide-heading:not(:last-child){margin-bottom:30px}.elementor-slides .swiper-slide-inner .elementor-slide-button{border:2px solid #fff;color:#fff;background:transparent;display:inline-block}.elementor-slides .swiper-slide-inner .elementor-slide-button,.elementor-slides .swiper-slide-inner .elementor-slide-button:hover{background:transparent;color:inherit;text-decoration:none}.elementor--v-position-top .swiper-slide-inner{align-items:flex-start}.elementor--v-position-bottom .swiper-slide-inner{align-items:flex-end}.elementor--v-position-middle .swiper-slide-inner{align-items:center}.elementor--h-position-left .swiper-slide-inner{justify-content:flex-start}.elementor--h-position-right .swiper-slide-inner{justify-content:flex-end}.elementor--h-position-center .swiper-slide-inner{justify-content:center}body.rtl .elementor-widget-slides .elementor-swiper-button-next{left:10px;right:auto}body.rtl .elementor-widget-slides .elementor-swiper-button-prev{right:10px;left:auto}.elementor-slides-wrapper div:not(.swiper-slide)>.swiper-slide-inner{display:none}@media (max-width:767px){.elementor-slides .swiper-slide-inner{padding:30px}.elementor-slides .swiper-slide-inner .elementor-slide-heading{font-size:23px;line-height:1;margin-bottom:15px}.elementor-slides .swiper-slide-inner .elementor-slide-description{font-size:13px;line-height:1.4;margin-bottom:15px}}<\/style>\t\t<div class=\"elementor-swiper\">\n\t\t\t<div class=\"elementor-slides-wrapper elementor-main-swiper swiper\" dir=\"ltr\" data-animation=\"\">\n\t\t\t\t<div class=\"swiper-wrapper elementor-slides\">\n\t\t\t\t\t\t\t\t\t\t<div class=\"elementor-repeater-item-f15b013 swiper-slide\"><div class=\"swiper-slide-bg\" role=\"img\"><\/div><div class=\"elementor-background-overlay\"><\/div><div class=\"swiper-slide-inner\" ><div class=\"swiper-slide-contents\"><\/div><\/div><\/div>\t\t\t\t<\/div>\n\t\t\t\t\t\t\t<\/div>\n\t\t<\/div>\n\t\t\t\t<\/div>\n\t\t\t\t<\/div>\n\t\t\t\t\t<\/div>\n\t\t<\/div>\n\t\t\t\t\t<\/div>\n\t\t<\/section>\n\t\t\t\t<section class=\"elementor-section elementor-top-section elementor-element elementor-element-4b7654e elementor-section-full_width elementor-section-height-default elementor-section-height-default\" data-id=\"4b7654e\" data-element_type=\"section\">\n\t\t\t\t\t\t<div class=\"elementor-container elementor-column-gap-default\">\n\t\t\t\t\t<div class=\"elementor-column elementor-col-100 elementor-top-column elementor-element elementor-element-156a1e41\" data-id=\"156a1e41\" data-element_type=\"column\">\n\t\t\t<div class=\"elementor-widget-wrap elementor-element-populated\">\n\t\t\t\t\t\t<div class=\"elementor-element elementor-element-7aeccbb2 elementor-widget elementor-widget-breadcrumbs\" data-id=\"7aeccbb2\" data-element_type=\"widget\" data-widget_type=\"breadcrumbs.default\">\n\t\t\t\t<div class=\"elementor-widget-container\">\n\t\t\t<link rel=\"stylesheet\" href=\"https:\/\/www.destinosalnes.com\/wp-content\/plugins\/elementor-pro\/assets\/css\/widget-theme-elements.min.css\"><p id=\"breadcrumbs\"><nav class=\"yoast-breadcrumb\" role=\"navigation\" aria-label=\"Breadcrumb\"><span><span><a href=\"https:\/\/www.destinosalnes.com\/pt-pt\/\">Saln\u00e9s<\/a><\/span><\/span><\/nav><\/p>\t\t<\/div>\n\t\t\t\t<\/div>\n\t\t\t\t\t<\/div>\n\t\t<\/div>\n\t\t\t\t\t<\/div>\n\t\t<\/section>\n\t\t\t\t<section class=\"elementor-section elementor-top-section elementor-element elementor-element-3c369af elementor-section-full_width elementor-section-height-default elementor-section-height-default\" data-id=\"3c369af\" data-element_type=\"section\">\n\t\t\t\t\t\t<div class=\"elementor-container elementor-column-gap-default\">\n\t\t\t\t\t<div class=\"elementor-column elementor-col-100 elementor-top-column elementor-element elementor-element-65476d2\" data-id=\"65476d2\" data-element_type=\"column\">\n\t\t\t<div class=\"elementor-widget-wrap elementor-element-populated\">\n\t\t\t\t\t\t<div class=\"elementor-element elementor-element-6558daa elementor-widget elementor-widget-text-editor\" data-id=\"6558daa\" data-element_type=\"widget\" data-widget_type=\"text-editor.default\">\n\t\t\t\t<div class=\"elementor-widget-container\">\n\t\t\t<style>\/*! elementor - v3.20.0 - 11-03-2024 *\/\n.elementor-widget-text-editor.elementor-drop-cap-view-stacked .elementor-drop-cap{background-color:#69727d;color:#fff}.elementor-widget-text-editor.elementor-drop-cap-view-framed .elementor-drop-cap{color:#69727d;border:3px solid;background-color:transparent}.elementor-widget-text-editor:not(.elementor-drop-cap-view-default) .elementor-drop-cap{margin-top:8px}.elementor-widget-text-editor:not(.elementor-drop-cap-view-default) .elementor-drop-cap-letter{width:1em;height:1em}.elementor-widget-text-editor .elementor-drop-cap{float:left;text-align:center;line-height:1;font-size:50px}.elementor-widget-text-editor .elementor-drop-cap-letter{display:inline-block}<\/style>\t\t\t\t<p class=\"gt-block\"><i>Esta Pol\u00edtica de Cookies foi atualizada pela \u00faltima vez em 09\/05\/2022 e se aplica a cidad\u00e3os e residentes permanentes legais do Espa\u00e7o Econ\u00f4mico Europeu e da Su\u00ed\u00e7a.<\/i><\/p>\n<h2>1. Introdu\u00e7\u00e3o<\/h2>\n<p>Nosso site utiliza cookies e outras tecnologias relacionadas (por conveni\u00eancia, todas as tecnologias s\u00e3o chamadas de \u201ccookies\u201d). Os cookies tamb\u00e9m s\u00e3o colocados por terceiros que contratamos. No seguinte documento informamos sobre o uso de cookies em nosso site.<\/p>\n<h2>2. Qu\u00e9 son las cookies?<\/h2>\n<p>Um cookie \u00e9 um pequeno arquivo que \u00e9 enviado junto com as p\u00e1ginas deste site e \u00e9 armazenado pelo seu navegador no disco r\u00edgido do seu computador ou outro dispositivo. As informa\u00e7\u00f5es armazenadas podem ser devolvidas aos nossos servidores ou servidores de terceiros apropriados durante uma visita subsequente.<\/p>\n<h2>3. Quais s\u00e3o os scripts?<\/h2>\n<p>Um script \u00e9 um peda\u00e7o de c\u00f3digo de programa que \u00e9 usado para fazer nosso site funcionar corretamente e de forma interativa. Este c\u00f3digo \u00e9 executado em nosso servidor ou em seu dispositivo.<\/p>\n<h2>4. O que \u00e9 um web beacon?<\/h2>\n<p>Um web beacon (ou pixel tag) \u00e9 um pequeno peda\u00e7o de texto ou imagem invis\u00edvel em um site que \u00e9 usado para monitorar o tr\u00e1fego em um site. Para isso, diversos dados s\u00e3o armazenados sobre voc\u00ea atrav\u00e9s desses web beacons.<\/p>\n<h2>5. Cookies<\/h2>\n<p class=\"cmplz-subtitle\">5.1 Cookies t\u00e9cnicos ou funcionais<\/p>\n<p>Alguns cookies garantem que certas partes do site funcionem corretamente e que suas prefer\u00eancias de usu\u00e1rio continuem sendo lembradas. Ao colocar cookies funcionais, tornamos mais f\u00e1cil para voc\u00ea visitar nosso site. Desta forma, voc\u00ea n\u00e3o precisa inserir repetidamente as mesmas informa\u00e7\u00f5es ao visitar nosso site e, por exemplo, os itens permanecem em seu carrinho de compras at\u00e9 que voc\u00ea tenha pago. Podemos colocar esses cookies sem o seu consentimento.<\/p>\n<p class=\"cmplz-subtitle\">5.2 Cookies de estat\u00edsticas<\/p>\n<p>Utilizamos cookies estat\u00edsticos para otimizar a experi\u00eancia do site para nossos usu\u00e1rios. Com estes cookies estat\u00edsticos obtemos informa\u00e7\u00f5es sobre a utiliza\u00e7\u00e3o do nosso site. Pedimos a sua permiss\u00e3o para colocar cookies de estat\u00edsticas.<\/p>\n<p class=\"cmplz-subtitle\">5.3 Cookies de marketing\/rastreamento<\/p>\n<p>Cookies de marketing \/ rastreamento s\u00e3o cookies, ou qualquer outra forma de armazenamento local, usados \u200b\u200bpara criar perfis de usu\u00e1rio para exibir publicidade ou para rastrear o usu\u00e1rio neste site ou em v\u00e1rios sites para fins de marketing semelhantes.<\/p>\n<h2>6. Consentimento<\/h2>\n<p>Quando voc\u00ea visita nosso site pela primeira vez, mostraremos uma janela pop-up com uma explica\u00e7\u00e3o sobre os biscoitos. Assim que clicar em \u201cSalvar prefer\u00eancias\u201d, voc\u00ea concorda com o uso das categorias de cookies e plugins que selecionou na janela pop-up, conforme descrito nesta pol\u00edtica de cookies. Voc\u00ea pode desativar o uso de cookies atrav\u00e9s do seu navegador, mas lembre-se que nosso site pode parar de funcionar corretamente.<\/p>\n<h2>7. Ativa\u00e7\u00e3o\/desativa\u00e7\u00e3o e elimina\u00e7\u00e3o de cookies<\/h2>\n<p>Voc\u00ea pode usar seu navegador de Internet para excluir cookies autom\u00e1tica ou manualmente. Voc\u00ea tamb\u00e9m pode especificar que determinados cookies n\u00e3o podem ser colocados. Outra op\u00e7\u00e3o \u00e9 alterar as configura\u00e7\u00f5es do seu navegador de Internet para que voc\u00ea receba uma mensagem sempre que um cookie for colocado. Para maiores informa\u00e7\u00f5es sobre destas op\u00e7\u00f5es, consulte as instru\u00e7\u00f5es na sec\u00e7\u00e3o \u201cAjuda\u201d do seu navegador. Observe que nosso site pode n\u00e3o funcionar corretamente se todos os cookies estiverem desativados. Se voc\u00ea excluir os cookies do seu navegador, eles ser\u00e3o colocados novamente ap\u00f3s o seu consentimento quando voc\u00ea visitar nossos sites novamente.<\/p>\n<h2>8. Seus direitos em rela\u00e7\u00e3o aos dados pessoais<\/h2>\n<p>Voc\u00ea tem os seguintes direitos em rela\u00e7\u00e3o aos seus dados pessoais:<\/p>\n<ul>\n<li>Voc\u00ea tem o direito de saber por que seus dados pessoais s\u00e3o necess\u00e1rios, o que acontecer\u00e1 com eles e por quanto tempo ser\u00e3o mantidos.<\/li>\n<li>Direito de acesso: voc\u00ea tem o direito de acessar seus dados pessoais que conhecemos.<\/li>\n<li>Direito de retifica\u00e7\u00e3o: voc\u00ea tem o direito de completar, retificar, apagar ou bloquear seus dados pessoais sempre que desejar.<\/li>\n<li>Se nos der o seu consentimento para processar os seus dados, tem o direito de revogar esse consentimento e de ter os seus dados pessoais eliminados.<\/li>\n<li>Direito de transfer\u00eancia dos seus dados: tem o direito de solicitar todos os seus dados pessoais ao respons\u00e1vel pelo tratamento e de os transmitir integralmente a outro respons\u00e1vel pelo tratamento.<\/li>\n<li>Direito de oposi\u00e7\u00e3o: voc\u00ea pode se opor ao tratamento dos seus dados. Cumprimos isso, a menos que haja bons motivos para o processamento.<\/li>\n<\/ul>\n<p>Para exercer estes direitos, por favor contacte-nos. Por favor, veja os detalhes de contato na parte inferior desta pol\u00edtica de cookies. Se voc\u00ea tiver alguma reclama\u00e7\u00e3o sobre como tratamos os seus dados, gostar\u00edamos que nos informasse, mas tamb\u00e9m tem o direito de apresentar uma reclama\u00e7\u00e3o \u00e0 autoridade de controlo (a autoridade de prote\u00e7\u00e3o de dados).<\/p>\n<h2>9. Detalhes de contato<\/h2>\n<p>Para perguntas e\/ou coment\u00e1rios sobre nossa pol\u00edtica de cookies e esta declara\u00e7\u00e3o, entre em contato conosco.<\/p>\n<p>Praza do Corgo, s\/n.<br \/>\n986731415<br \/>\n<a class=\"enlace\" href=\"mailto:oftur@concellodogrove.es\">oftur@concellodogrove.es<\/a><\/p>\n\t\t\t\t\t\t<\/div>\n\t\t\t\t<\/div>\n\t\t\t\t\t<\/div>\n\t\t<\/div>\n\t\t\t\t\t<\/div>\n\t\t<\/section>\n\t\t\t\t<\/div>\n\t\t","protected":false},"excerpt":{"rendered":"","protected":false},"author":42,"featured_media":0,"parent":0,"menu_order":0,"comment_status":"closed","ping_status":"closed","template":"","meta":{"_acf_changed":false,"footnotes":""},"categories":[1026],"tags":[],"class_list":["post-109240","page","type-page","status-publish","hentry","category-o-grove-pt-pt"],"acf":{"texto":"<p class=\"gt-block\"><i>Esta Pol\u00edtica de Cookies foi atualizada pela \u00faltima vez em 09\/05\/2022 e se aplica a cidad\u00e3os e residentes permanentes legais do Espa\u00e7o Econ\u00f4mico Europeu e da Su\u00ed\u00e7a.<\/i><\/p>\r\n\r\n<h2>1. Introdu\u00e7\u00e3o<\/h2>\r\nNosso site utiliza cookies e outras tecnologias relacionadas (por conveni\u00eancia, todas as tecnologias s\u00e3o chamadas de \u201ccookies\u201d). Os cookies tamb\u00e9m s\u00e3o colocados por terceiros que contratamos. No seguinte documento informamos sobre o uso de cookies em nosso site.\r\n<h2>2. Qu\u00e9 son las cookies?<\/h2>\r\nUm cookie \u00e9 um pequeno arquivo que \u00e9 enviado junto com as p\u00e1ginas deste site e \u00e9 armazenado pelo seu navegador no disco r\u00edgido do seu computador ou outro dispositivo. As informa\u00e7\u00f5es armazenadas podem ser devolvidas aos nossos servidores ou servidores de terceiros apropriados durante uma visita subsequente.\r\n<h2>3. Quais s\u00e3o os scripts?<\/h2>\r\nUm script \u00e9 um peda\u00e7o de c\u00f3digo de programa que \u00e9 usado para fazer nosso site funcionar corretamente e de forma interativa. Este c\u00f3digo \u00e9 executado em nosso servidor ou em seu dispositivo.\r\n<h2>4. O que \u00e9 um web beacon?<\/h2>\r\nUm web beacon (ou pixel tag) \u00e9 um pequeno peda\u00e7o de texto ou imagem invis\u00edvel em um site que \u00e9 usado para monitorar o tr\u00e1fego em um site. Para isso, diversos dados s\u00e3o armazenados sobre voc\u00ea atrav\u00e9s desses web beacons.\r\n<h2>5. Cookies<\/h2>\r\n<p class=\"cmplz-subtitle\">5.1 Cookies t\u00e9cnicos ou funcionais<\/p>\r\nAlguns cookies garantem que certas partes do site funcionem corretamente e que suas prefer\u00eancias de usu\u00e1rio continuem sendo lembradas. Ao colocar cookies funcionais, tornamos mais f\u00e1cil para voc\u00ea visitar nosso site. Desta forma, voc\u00ea n\u00e3o precisa inserir repetidamente as mesmas informa\u00e7\u00f5es ao visitar nosso site e, por exemplo, os itens permanecem em seu carrinho de compras at\u00e9 que voc\u00ea tenha pago. Podemos colocar esses cookies sem o seu consentimento.\r\n<p class=\"cmplz-subtitle\">5.2 Cookies de estat\u00edsticas<\/p>\r\nUtilizamos cookies estat\u00edsticos para otimizar a experi\u00eancia do site para nossos usu\u00e1rios. Com estes cookies estat\u00edsticos obtemos informa\u00e7\u00f5es sobre a utiliza\u00e7\u00e3o do nosso site. Pedimos a sua permiss\u00e3o para colocar cookies de estat\u00edsticas.\r\n<p class=\"cmplz-subtitle\">5.3 Cookies de marketing\/rastreamento<\/p>\r\nCookies de marketing \/ rastreamento s\u00e3o cookies, ou qualquer outra forma de armazenamento local, usados \u200b\u200bpara criar perfis de usu\u00e1rio para exibir publicidade ou para rastrear o usu\u00e1rio neste site ou em v\u00e1rios sites para fins de marketing semelhantes.\r\n<h2>6. Consentimento<\/h2>\r\nQuando voc\u00ea visita nosso site pela primeira vez, mostraremos uma janela pop-up com uma explica\u00e7\u00e3o sobre os biscoitos. Assim que clicar em \u201cSalvar prefer\u00eancias\u201d, voc\u00ea concorda com o uso das categorias de cookies e plugins que selecionou na janela pop-up, conforme descrito nesta pol\u00edtica de cookies. Voc\u00ea pode desativar o uso de cookies atrav\u00e9s do seu navegador, mas lembre-se que nosso site pode parar de funcionar corretamente.\r\n<h2>7. Ativa\u00e7\u00e3o\/desativa\u00e7\u00e3o e elimina\u00e7\u00e3o de cookies<\/h2>\r\nVoc\u00ea pode usar seu navegador de Internet para excluir cookies autom\u00e1tica ou manualmente. Voc\u00ea tamb\u00e9m pode especificar que determinados cookies n\u00e3o podem ser colocados. Outra op\u00e7\u00e3o \u00e9 alterar as configura\u00e7\u00f5es do seu navegador de Internet para que voc\u00ea receba uma mensagem sempre que um cookie for colocado. Para maiores informa\u00e7\u00f5es sobre destas op\u00e7\u00f5es, consulte as instru\u00e7\u00f5es na sec\u00e7\u00e3o \u201cAjuda\u201d do seu navegador. Observe que nosso site pode n\u00e3o funcionar corretamente se todos os cookies estiverem desativados. Se voc\u00ea excluir os cookies do seu navegador, eles ser\u00e3o colocados novamente ap\u00f3s o seu consentimento quando voc\u00ea visitar nossos sites novamente.\r\n<h2>8. Seus direitos em rela\u00e7\u00e3o aos dados pessoais<\/h2>\r\nVoc\u00ea tem os seguintes direitos em rela\u00e7\u00e3o aos seus dados pessoais:\r\n<ul>\r\n \t<li>Voc\u00ea tem o direito de saber por que seus dados pessoais s\u00e3o necess\u00e1rios, o que acontecer\u00e1 com eles e por quanto tempo ser\u00e3o mantidos.<\/li>\r\n \t<li>Direito de acesso: voc\u00ea tem o direito de acessar seus dados pessoais que conhecemos.<\/li>\r\n \t<li>Direito de retifica\u00e7\u00e3o: voc\u00ea tem o direito de completar, retificar, apagar ou bloquear seus dados pessoais sempre que desejar.<\/li>\r\n \t<li>Se nos der o seu consentimento para processar os seus dados, tem o direito de revogar esse consentimento e de ter os seus dados pessoais eliminados.<\/li>\r\n \t<li>Direito de transfer\u00eancia dos seus dados: tem o direito de solicitar todos os seus dados pessoais ao respons\u00e1vel pelo tratamento e de os transmitir integralmente a outro respons\u00e1vel pelo tratamento.<\/li>\r\n \t<li>Direito de oposi\u00e7\u00e3o: voc\u00ea pode se opor ao tratamento dos seus dados. Cumprimos isso, a menos que haja bons motivos para o processamento.<\/li>\r\n<\/ul>\r\nPara exercer estes direitos, por favor contacte-nos. Por favor, veja os detalhes de contato na parte inferior desta pol\u00edtica de cookies. Se voc\u00ea tiver alguma reclama\u00e7\u00e3o sobre como tratamos os seus dados, gostar\u00edamos que nos informasse, mas tamb\u00e9m tem o direito de apresentar uma reclama\u00e7\u00e3o \u00e0 autoridade de controlo (a autoridade de prote\u00e7\u00e3o de dados).\r\n<h2>9. Detalhes de contato<\/h2>\r\nPara perguntas e\/ou coment\u00e1rios sobre nossa pol\u00edtica de cookies e esta declara\u00e7\u00e3o, entre em contato conosco.\r\n\r\nPraza do Corgo, s\/n.\r\n986731415\r\n<a class=\"enlace\" href=\"mailto:oftur@concellodogrove.es\">oftur@concellodogrove.es<\/a>"},"yoast_head":"<!-- This site is optimized with the Yoast SEO plugin v23.9 - https:\/\/yoast.com\/wordpress\/plugins\/seo\/ -->\n<title>Pol\u00edtica de Cookies - Saln\u00e9s<\/title>\n<meta name=\"description\" content=\"Nuestra p\u00e1gina de pol\u00edtica de cookies explica c\u00f3mo usamos estas tecnolog\u00edas para mejorar tu experiencia en l\u00ednea y proteger tu privacidad.\" \/>\n<meta name=\"robots\" content=\"index, follow, max-snippet:-1, max-image-preview:large, max-video-preview:-1\" \/>\n<link rel=\"canonical\" href=\"https:\/\/www.destinosalnes.com\/es\/ogrove-politica-cookies\/\" \/>\n<script type=\"application\/ld+json\" class=\"yoast-schema-graph\">{\"@context\":\"https:\/\/schema.org\",\"@graph\":[{\"@type\":\"WebPage\",\"@id\":\"https:\/\/www.destinosalnes.com\/es\/ogrove-politica-cookies\/\",\"url\":\"https:\/\/www.destinosalnes.com\/es\/ogrove-politica-cookies\/\",\"name\":\"Pol\u00edtica de Cookies - Saln\u00e9s\",\"isPartOf\":{\"@id\":\"https:\/\/www.destinosalnes.com\/es\/#website\"},\"datePublished\":\"2024-04-23T07:46:34+00:00\",\"dateModified\":\"2025-09-12T07:36:21+00:00\",\"description\":\"Nuestra p\u00e1gina de pol\u00edtica de cookies explica c\u00f3mo usamos estas tecnolog\u00edas para mejorar tu experiencia en l\u00ednea y proteger tu privacidad.\",\"breadcrumb\":{\"@id\":\"https:\/\/www.destinosalnes.com\/es\/ogrove-politica-cookies\/#breadcrumb\"},\"inLanguage\":\"pt-PT\",\"potentialAction\":[{\"@type\":\"ReadAction\",\"target\":[\"https:\/\/www.destinosalnes.com\/es\/ogrove-politica-cookies\/\"]}]},{\"@type\":\"BreadcrumbList\",\"@id\":\"https:\/\/www.destinosalnes.com\/es\/ogrove-politica-cookies\/#breadcrumb\",\"itemListElement\":[{\"@type\":\"ListItem\",\"position\":1,\"name\":\"Saln\u00e9s\",\"item\":\"https:\/\/www.destinosalnes.com\/pt-pt\/\"},{\"@type\":\"ListItem\",\"position\":2,\"name\":\"O Grove\",\"item\":\"https:\/\/www.destinosalnes.com\/es\/category\/o-grove\/\"},{\"@type\":\"ListItem\",\"position\":3,\"name\":\"Pol\u00edtica de Cookies\"}]},{\"@type\":\"WebSite\",\"@id\":\"https:\/\/www.destinosalnes.com\/es\/#website\",\"url\":\"https:\/\/www.destinosalnes.com\/es\/\",\"name\":\"Saln\u00e9s\",\"description\":\"\",\"publisher\":{\"@id\":\"https:\/\/www.destinosalnes.com\/es\/#organization\"},\"potentialAction\":[{\"@type\":\"SearchAction\",\"target\":{\"@type\":\"EntryPoint\",\"urlTemplate\":\"https:\/\/www.destinosalnes.com\/es\/?s={search_term_string}\"},\"query-input\":{\"@type\":\"PropertyValueSpecification\",\"valueRequired\":true,\"valueName\":\"search_term_string\"}}],\"inLanguage\":\"pt-PT\"},{\"@type\":\"Organization\",\"@id\":\"https:\/\/www.destinosalnes.com\/es\/#organization\",\"name\":\"Saln\u00e9s\",\"url\":\"https:\/\/www.destinosalnes.com\/es\/\",\"logo\":{\"@type\":\"ImageObject\",\"inLanguage\":\"pt-PT\",\"@id\":\"https:\/\/www.destinosalnes.com\/es\/#\/schema\/logo\/image\/\",\"url\":\"\",\"contentUrl\":\"\",\"caption\":\"Saln\u00e9s\"},\"image\":{\"@id\":\"https:\/\/www.destinosalnes.com\/es\/#\/schema\/logo\/image\/\"},\"sameAs\":[\"https:\/\/es-es.facebook.com\/mancomunidade.salnes\",\"https:\/\/x.com\/infosalnes\"]}]}<\/script>\n<!-- \/ Yoast SEO plugin. -->","yoast_head_json":{"title":"Pol\u00edtica de Cookies - Saln\u00e9s","description":"Nuestra p\u00e1gina de pol\u00edtica de cookies explica c\u00f3mo usamos estas tecnolog\u00edas para mejorar tu experiencia en l\u00ednea y proteger tu privacidad.","robots":{"index":"index","follow":"follow","max-snippet":"max-snippet:-1","max-image-preview":"max-image-preview:large","max-video-preview":"max-video-preview:-1"},"canonical":"https:\/\/www.destinosalnes.com\/es\/ogrove-politica-cookies\/","schema":{"@context":"https:\/\/schema.org","@graph":[{"@type":"WebPage","@id":"https:\/\/www.destinosalnes.com\/es\/ogrove-politica-cookies\/","url":"https:\/\/www.destinosalnes.com\/es\/ogrove-politica-cookies\/","name":"Pol\u00edtica de Cookies - Saln\u00e9s","isPartOf":{"@id":"https:\/\/www.destinosalnes.com\/es\/#website"},"datePublished":"2024-04-23T07:46:34+00:00","dateModified":"2025-09-12T07:36:21+00:00","description":"Nuestra p\u00e1gina de pol\u00edtica de cookies explica c\u00f3mo usamos estas tecnolog\u00edas para mejorar tu experiencia en l\u00ednea y proteger tu privacidad.","breadcrumb":{"@id":"https:\/\/www.destinosalnes.com\/es\/ogrove-politica-cookies\/#breadcrumb"},"inLanguage":"pt-PT","potentialAction":[{"@type":"ReadAction","target":["https:\/\/www.destinosalnes.com\/es\/ogrove-politica-cookies\/"]}]},{"@type":"BreadcrumbList","@id":"https:\/\/www.destinosalnes.com\/es\/ogrove-politica-cookies\/#breadcrumb","itemListElement":[{"@type":"ListItem","position":1,"name":"Saln\u00e9s","item":"https:\/\/www.destinosalnes.com\/pt-pt\/"},{"@type":"ListItem","position":2,"name":"O Grove","item":"https:\/\/www.destinosalnes.com\/es\/category\/o-grove\/"},{"@type":"ListItem","position":3,"name":"Pol\u00edtica de Cookies"}]},{"@type":"WebSite","@id":"https:\/\/www.destinosalnes.com\/es\/#website","url":"https:\/\/www.destinosalnes.com\/es\/","name":"Saln\u00e9s","description":"","publisher":{"@id":"https:\/\/www.destinosalnes.com\/es\/#organization"},"potentialAction":[{"@type":"SearchAction","target":{"@type":"EntryPoint","urlTemplate":"https:\/\/www.destinosalnes.com\/es\/?s={search_term_string}"},"query-input":{"@type":"PropertyValueSpecification","valueRequired":true,"valueName":"search_term_string"}}],"inLanguage":"pt-PT"},{"@type":"Organization","@id":"https:\/\/www.destinosalnes.com\/es\/#organization","name":"Saln\u00e9s","url":"https:\/\/www.destinosalnes.com\/es\/","logo":{"@type":"ImageObject","inLanguage":"pt-PT","@id":"https:\/\/www.destinosalnes.com\/es\/#\/schema\/logo\/image\/","url":"","contentUrl":"","caption":"Saln\u00e9s"},"image":{"@id":"https:\/\/www.destinosalnes.com\/es\/#\/schema\/logo\/image\/"},"sameAs":["https:\/\/es-es.facebook.com\/mancomunidade.salnes","https:\/\/x.com\/infosalnes"]}]}},"_links":{"self":[{"href":"https:\/\/www.destinosalnes.com\/pt-pt\/wp-json\/wp\/v2\/pages\/109240","targetHints":{"allow":["GET"]}}],"collection":[{"href":"https:\/\/www.destinosalnes.com\/pt-pt\/wp-json\/wp\/v2\/pages"}],"about":[{"href":"https:\/\/www.destinosalnes.com\/pt-pt\/wp-json\/wp\/v2\/types\/page"}],"author":[{"embeddable":true,"href":"https:\/\/www.destinosalnes.com\/pt-pt\/wp-json\/wp\/v2\/users\/42"}],"replies":[{"embeddable":true,"href":"https:\/\/www.destinosalnes.com\/pt-pt\/wp-json\/wp\/v2\/comments?post=109240"}],"version-history":[{"count":7,"href":"https:\/\/www.destinosalnes.com\/pt-pt\/wp-json\/wp\/v2\/pages\/109240\/revisions"}],"predecessor-version":[{"id":142976,"href":"https:\/\/www.destinosalnes.com\/pt-pt\/wp-json\/wp\/v2\/pages\/109240\/revisions\/142976"}],"wp:attachment":[{"href":"https:\/\/www.destinosalnes.com\/pt-pt\/wp-json\/wp\/v2\/media?parent=109240"}],"wp:term":[{"taxonomy":"category","embeddable":true,"href":"https:\/\/www.destinosalnes.com\/pt-pt\/wp-json\/wp\/v2\/categories?post=109240"},{"taxonomy":"post_tag","embeddable":true,"href":"https:\/\/www.destinosalnes.com\/pt-pt\/wp-json\/wp\/v2\/tags?post=109240"}],"curies":[{"name":"wp","href":"https:\/\/api.w.org\/{rel}","templated":true}]}}