{"id":109228,"date":"2024-04-23T07:44:03","date_gmt":"2024-04-23T07:44:03","guid":{"rendered":"https:\/\/www.destinosalnes.com\/ogrove-politica-privacidad\/"},"modified":"2024-12-03T10:24:59","modified_gmt":"2024-12-03T09:24:59","slug":"ogrove-politica-privacidad","status":"publish","type":"page","link":"https:\/\/www.destinosalnes.com\/pt-pt\/ogrove-politica-privacidad\/","title":{"rendered":"Pol\u00edtica de privacidade"},"content":{"rendered":"\t\t<div data-elementor-type=\"wp-page\" data-elementor-id=\"109228\" class=\"elementor elementor-109228 elementor-99021\" data-elementor-post-type=\"page\">\n\t\t\t\t\t\t<section class=\"elementor-section elementor-top-section elementor-element elementor-element-3f2ce1aa elementor-section-full_width Portada elementor-section-height-default elementor-section-height-default\" data-id=\"3f2ce1aa\" data-element_type=\"section\">\n\t\t\t\t\t\t<div class=\"elementor-container elementor-column-gap-default\">\n\t\t\t\t\t<div class=\"elementor-column elementor-col-100 elementor-top-column elementor-element elementor-element-5f9ea0b1\" data-id=\"5f9ea0b1\" data-element_type=\"column\">\n\t\t\t<div class=\"elementor-widget-wrap elementor-element-populated\">\n\t\t\t\t\t\t<div class=\"elementor-element elementor-element-4fc7481c Cabecera elementor--h-position-center elementor--v-position-middle elementor-widget elementor-widget-slides\" data-id=\"4fc7481c\" data-element_type=\"widget\" data-settings=\"{&quot;navigation&quot;:&quot;none&quot;,&quot;_animation&quot;:&quot;none&quot;,&quot;autoplay&quot;:&quot;yes&quot;,&quot;pause_on_hover&quot;:&quot;yes&quot;,&quot;pause_on_interaction&quot;:&quot;yes&quot;,&quot;autoplay_speed&quot;:5000,&quot;infinite&quot;:&quot;yes&quot;,&quot;transition&quot;:&quot;slide&quot;,&quot;transition_speed&quot;:500}\" data-widget_type=\"slides.default\">\n\t\t\t\t<div class=\"elementor-widget-container\">\n\t\t\t<style>.elementor-slides .swiper-slide-bg{background-size:cover;background-position:50%;background-repeat:no-repeat;min-width:100%;min-height:100%}.elementor-slides .swiper-slide-inner{background-repeat:no-repeat;background-position:50%;position:absolute;top:0;left:0;bottom:0;right:0;padding:50px;margin:auto}.elementor-slides .swiper-slide-inner,.elementor-slides .swiper-slide-inner:hover{color:#fff;display:flex}.elementor-slides .swiper-slide-inner .elementor-background-overlay{position:absolute;z-index:0;top:0;bottom:0;left:0;right:0}.elementor-slides .swiper-slide-inner .elementor-slide-content{position:relative;z-index:1;width:100%}.elementor-slides .swiper-slide-inner .elementor-slide-heading{font-size:35px;font-weight:700;line-height:1}.elementor-slides .swiper-slide-inner .elementor-slide-description{font-size:17px;line-height:1.4}.elementor-slides .swiper-slide-inner .elementor-slide-description:not(:last-child),.elementor-slides .swiper-slide-inner .elementor-slide-heading:not(:last-child){margin-bottom:30px}.elementor-slides .swiper-slide-inner .elementor-slide-button{border:2px solid #fff;color:#fff;background:transparent;display:inline-block}.elementor-slides .swiper-slide-inner .elementor-slide-button,.elementor-slides .swiper-slide-inner .elementor-slide-button:hover{background:transparent;color:inherit;text-decoration:none}.elementor--v-position-top .swiper-slide-inner{align-items:flex-start}.elementor--v-position-bottom .swiper-slide-inner{align-items:flex-end}.elementor--v-position-middle .swiper-slide-inner{align-items:center}.elementor--h-position-left .swiper-slide-inner{justify-content:flex-start}.elementor--h-position-right .swiper-slide-inner{justify-content:flex-end}.elementor--h-position-center .swiper-slide-inner{justify-content:center}body.rtl .elementor-widget-slides .elementor-swiper-button-next{left:10px;right:auto}body.rtl .elementor-widget-slides .elementor-swiper-button-prev{right:10px;left:auto}.elementor-slides-wrapper div:not(.swiper-slide)>.swiper-slide-inner{display:none}@media (max-width:767px){.elementor-slides .swiper-slide-inner{padding:30px}.elementor-slides .swiper-slide-inner .elementor-slide-heading{font-size:23px;line-height:1;margin-bottom:15px}.elementor-slides .swiper-slide-inner .elementor-slide-description{font-size:13px;line-height:1.4;margin-bottom:15px}}<\/style>\t\t<div class=\"elementor-swiper\">\n\t\t\t<div class=\"elementor-slides-wrapper elementor-main-swiper swiper\" dir=\"ltr\" data-animation=\"\">\n\t\t\t\t<div class=\"swiper-wrapper elementor-slides\">\n\t\t\t\t\t\t\t\t\t\t<div class=\"elementor-repeater-item-f15b013 swiper-slide\"><div class=\"swiper-slide-bg\" role=\"img\"><\/div><div class=\"elementor-background-overlay\"><\/div><div class=\"swiper-slide-inner\" ><div class=\"swiper-slide-contents\"><\/div><\/div><\/div>\t\t\t\t<\/div>\n\t\t\t\t\t\t\t<\/div>\n\t\t<\/div>\n\t\t\t\t<\/div>\n\t\t\t\t<\/div>\n\t\t\t\t\t<\/div>\n\t\t<\/div>\n\t\t\t\t\t<\/div>\n\t\t<\/section>\n\t\t\t\t<section class=\"elementor-section elementor-top-section elementor-element elementor-element-1afff82 elementor-section-full_width elementor-section-height-default elementor-section-height-default\" data-id=\"1afff82\" data-element_type=\"section\">\n\t\t\t\t\t\t<div class=\"elementor-container elementor-column-gap-default\">\n\t\t\t\t\t<div class=\"elementor-column elementor-col-100 elementor-top-column elementor-element elementor-element-6fce3cf6\" data-id=\"6fce3cf6\" data-element_type=\"column\">\n\t\t\t<div class=\"elementor-widget-wrap elementor-element-populated\">\n\t\t\t\t\t\t<div class=\"elementor-element elementor-element-838e4f2 elementor-widget elementor-widget-breadcrumbs\" data-id=\"838e4f2\" data-element_type=\"widget\" data-widget_type=\"breadcrumbs.default\">\n\t\t\t\t<div class=\"elementor-widget-container\">\n\t\t\t<link rel=\"stylesheet\" href=\"https:\/\/www.destinosalnes.com\/wp-content\/plugins\/elementor-pro\/assets\/css\/widget-theme-elements.min.css\"><p id=\"breadcrumbs\"><nav class=\"yoast-breadcrumb\" role=\"navigation\" aria-label=\"Breadcrumb\"><span><span><a href=\"https:\/\/www.destinosalnes.com\/pt-pt\/\">Saln\u00e9s<\/a><\/span><\/span><\/nav><\/p>\t\t<\/div>\n\t\t\t\t<\/div>\n\t\t\t\t\t<\/div>\n\t\t<\/div>\n\t\t\t\t\t<\/div>\n\t\t<\/section>\n\t\t\t\t<section class=\"elementor-section elementor-top-section elementor-element elementor-element-7524564 elementor-section-full_width elementor-section-height-default elementor-section-height-default\" data-id=\"7524564\" data-element_type=\"section\">\n\t\t\t\t\t\t<div class=\"elementor-container elementor-column-gap-default\">\n\t\t\t\t\t<div class=\"elementor-column elementor-col-100 elementor-top-column elementor-element elementor-element-957050e\" data-id=\"957050e\" data-element_type=\"column\">\n\t\t\t<div class=\"elementor-widget-wrap elementor-element-populated\">\n\t\t\t\t\t\t<div class=\"elementor-element elementor-element-c597b04 elementor-widget elementor-widget-text-editor\" data-id=\"c597b04\" data-element_type=\"widget\" data-widget_type=\"text-editor.default\">\n\t\t\t\t<div class=\"elementor-widget-container\">\n\t\t\t<style>\/*! elementor - v3.20.0 - 11-03-2024 *\/\n.elementor-widget-text-editor.elementor-drop-cap-view-stacked .elementor-drop-cap{background-color:#69727d;color:#fff}.elementor-widget-text-editor.elementor-drop-cap-view-framed .elementor-drop-cap{color:#69727d;border:3px solid;background-color:transparent}.elementor-widget-text-editor:not(.elementor-drop-cap-view-default) .elementor-drop-cap{margin-top:8px}.elementor-widget-text-editor:not(.elementor-drop-cap-view-default) .elementor-drop-cap-letter{width:1em;height:1em}.elementor-widget-text-editor .elementor-drop-cap{float:left;text-align:center;line-height:1;font-size:50px}.elementor-widget-text-editor .elementor-drop-cap-letter{display:inline-block}<\/style>\t\t\t\t<p class=\"gt-block\"><strong>Privacidade e Protec\u00e7\u00e3o de Dados<\/strong><\/p>\n<p>Em cumprimento do disposto na Lei Org\u00e2nica 15\/1999, de 13 de dezembro, de Prote\u00e7\u00e3o de Dados Pessoais (LOPD), a C\u00e2mara Municipal de Grove informa aos usu\u00e1rios deste site que os dados pessoais fornecidos ser\u00e3o transferidos para fazer parte de um sistema automatizado ficheiro de dados pessoais, cuja titularidade e responsabilidade corresponde \u00e0 C\u00e2mara Municipal de Grove, tendo por finalidade poder atender e processar adequadamente os pedidos de consulta enviados, bem como poder inform\u00e1-lo e transmitir informa\u00e7\u00f5es sobre os servi\u00e7os oferecidos por a C\u00e2mara Municipal de Grove. Ao enviar os seus dados, voc\u00ea d\u00e1 o seu consentimento expresso para que a C\u00e2mara Municipal de Grove possa realizar o tratamento automatizado.<\/p>\n<p>Sus datos personales son tratados con la m\u00e1xima confidencialidad, habiendo adoptado el Ayuntamiento del Grove, como responsable del fichero, las medidas de orden t\u00e9cnico y organizativo necesarias para garantizar la confidencialidad y seguridad de los datos personales, evitando su alteraci\u00f3n, p\u00e9rdida, tratamiento o acceso n\u00e3o autorizado.<\/p>\n<p>A C\u00e2mara Municipal de Grove procede ao arquivamento dos dados que os utilizadores fornecem para fazer uma consulta ou enviar um pedido, alguns dos quais s\u00e3o necess\u00e1rios para atend\u00ea-los adequadamente. O utilizador \u00e9 convenientemente avisado da necessidade de fornecer esses dados. Informamos que o endere\u00e7o de correio eletr\u00f3nico serve para responder \u00e0 sua consulta, bem como para poder transmitir informa\u00e7\u00f5es sobre os servi\u00e7os oferecidos pela C\u00e2mara Municipal de Grove e inform\u00e1-lo de quaisquer outras altera\u00e7\u00f5es relevantes que possam ocorrer.<\/p>\n<p>O nosso site n\u00e3o utiliza cookies ou outros meios t\u00e9cnicos que nos permitam identificar utilizadores espec\u00edficos ou conhecer os seus dados de navega\u00e7\u00e3o, sem o conhecimento do utilizador. No entanto, \u00e9 nosso compromisso que qualquer altera\u00e7\u00e3o na Pol\u00edtica de Privacidade neste sentido ser\u00e1 imediatamente notificada atrav\u00e9s deste website, incluindo a devida retifica\u00e7\u00e3o nesta sec\u00e7\u00e3o.<\/p>\n<p>Da mesma forma, em rela\u00e7\u00e3o aos dados pessoais recolhidos na forma prevista nesta Pol\u00edtica de Privacidade, os utilizadores s\u00e3o informados de que t\u00eam reconhecidos direitos de acesso, retifica\u00e7\u00e3o, oposi\u00e7\u00e3o e cancelamento dos seus dados pessoais. Os direitos acima mencionados poder\u00e3o ser exercidos, quer pelo utilizador, quer pelo seu representante, mediante envio de pedido escrito e assinado para o seguinte endere\u00e7o:<\/p>\n<p class=\"gt-block\" align=\"center\">Conselho do Grove<br \/>\nPra\u00e7a do Corgo,1<br \/>\n36980 O Grove<br \/>\nPontevedra<\/p>\n<p>A solicita\u00e7\u00e3o dever\u00e1 conter o nome e sobrenome do usu\u00e1rio, uma fotoc\u00f3pia do DNI, bem como o conte\u00fado da solicita\u00e7\u00e3o que deseja realizar, se for o caso.<\/p>\n\t\t\t\t\t\t<\/div>\n\t\t\t\t<\/div>\n\t\t\t\t\t<\/div>\n\t\t<\/div>\n\t\t\t\t\t<\/div>\n\t\t<\/section>\n\t\t\t\t<\/div>\n\t\t","protected":false},"excerpt":{"rendered":"","protected":false},"author":42,"featured_media":0,"parent":0,"menu_order":0,"comment_status":"closed","ping_status":"closed","template":"","meta":{"_acf_changed":false,"footnotes":""},"categories":[1026],"tags":[],"class_list":["post-109228","page","type-page","status-publish","hentry","category-o-grove-pt-pt"],"acf":{"texto":"<p class=\"gt-block\"><strong>Privacidade e Protec\u00e7\u00e3o de Dados<\/strong><\/p>\r\nEm cumprimento do disposto na Lei Org\u00e2nica 15\/1999, de 13 de dezembro, de Prote\u00e7\u00e3o de Dados Pessoais (LOPD), a C\u00e2mara Municipal de Grove informa aos usu\u00e1rios deste site que os dados pessoais fornecidos ser\u00e3o transferidos para fazer parte de um sistema automatizado ficheiro de dados pessoais, cuja titularidade e responsabilidade corresponde \u00e0 C\u00e2mara Municipal de Grove, tendo por finalidade poder atender e processar adequadamente os pedidos de consulta enviados, bem como poder inform\u00e1-lo e transmitir informa\u00e7\u00f5es sobre os servi\u00e7os oferecidos por a C\u00e2mara Municipal de Grove. Ao enviar os seus dados, voc\u00ea d\u00e1 o seu consentimento expresso para que a C\u00e2mara Municipal de Grove possa realizar o tratamento automatizado.\r\n\r\nSus datos personales son tratados con la m\u00e1xima confidencialidad, habiendo adoptado el Ayuntamiento del Grove, como responsable del fichero, las medidas de orden t\u00e9cnico y organizativo necesarias para garantizar la confidencialidad y seguridad de los datos personales, evitando su alteraci\u00f3n, p\u00e9rdida, tratamiento o acceso n\u00e3o autorizado.\r\n\r\nA C\u00e2mara Municipal de Grove procede ao arquivamento dos dados que os utilizadores fornecem para fazer uma consulta ou enviar um pedido, alguns dos quais s\u00e3o necess\u00e1rios para atend\u00ea-los adequadamente. O utilizador \u00e9 convenientemente avisado da necessidade de fornecer esses dados. Informamos que o endere\u00e7o de correio eletr\u00f3nico serve para responder \u00e0 sua consulta, bem como para poder transmitir informa\u00e7\u00f5es sobre os servi\u00e7os oferecidos pela C\u00e2mara Municipal de Grove e inform\u00e1-lo de quaisquer outras altera\u00e7\u00f5es relevantes que possam ocorrer.\r\n\r\nO nosso site n\u00e3o utiliza cookies ou outros meios t\u00e9cnicos que nos permitam identificar utilizadores espec\u00edficos ou conhecer os seus dados de navega\u00e7\u00e3o, sem o conhecimento do utilizador. No entanto, \u00e9 nosso compromisso que qualquer altera\u00e7\u00e3o na Pol\u00edtica de Privacidade neste sentido ser\u00e1 imediatamente notificada atrav\u00e9s deste website, incluindo a devida retifica\u00e7\u00e3o nesta sec\u00e7\u00e3o.\r\n\r\nDa mesma forma, em rela\u00e7\u00e3o aos dados pessoais recolhidos na forma prevista nesta Pol\u00edtica de Privacidade, os utilizadores s\u00e3o informados de que t\u00eam reconhecidos direitos de acesso, retifica\u00e7\u00e3o, oposi\u00e7\u00e3o e cancelamento dos seus dados pessoais. Os direitos acima mencionados poder\u00e3o ser exercidos, quer pelo utilizador, quer pelo seu representante, mediante envio de pedido escrito e assinado para o seguinte endere\u00e7o:\r\n<p class=\"gt-block\" align=\"center\">Conselho do Grove\r\nPra\u00e7a do Corgo,1\r\n36980 O Grove\r\nPontevedra<\/p>\r\nA solicita\u00e7\u00e3o dever\u00e1 conter o nome e sobrenome do usu\u00e1rio, uma fotoc\u00f3pia do DNI, bem como o conte\u00fado da solicita\u00e7\u00e3o que deseja realizar, se for o caso."},"yoast_head":"<!-- This site is optimized with the Yoast SEO plugin v23.9 - https:\/\/yoast.com\/wordpress\/plugins\/seo\/ -->\n<title>Pol\u00edtica de privacidade - Saln\u00e9s<\/title>\n<meta name=\"description\" content=\"Nuestra pol\u00edtica de privacidad detalla c\u00f3mo recopilamos, usamos y protegemos tus datos personales de manera segura y transparente.\" \/>\n<meta name=\"robots\" content=\"index, follow, max-snippet:-1, max-image-preview:large, max-video-preview:-1\" \/>\n<link rel=\"canonical\" href=\"https:\/\/www.destinosalnes.com\/es\/ogrove-politica-privacidad\/\" \/>\n<script type=\"application\/ld+json\" class=\"yoast-schema-graph\">{\"@context\":\"https:\/\/schema.org\",\"@graph\":[{\"@type\":\"WebPage\",\"@id\":\"https:\/\/www.destinosalnes.com\/es\/ogrove-politica-privacidad\/\",\"url\":\"https:\/\/www.destinosalnes.com\/es\/ogrove-politica-privacidad\/\",\"name\":\"Pol\u00edtica de privacidade - Saln\u00e9s\",\"isPartOf\":{\"@id\":\"https:\/\/www.destinosalnes.com\/es\/#website\"},\"datePublished\":\"2024-04-23T07:44:03+00:00\",\"dateModified\":\"2024-12-03T09:24:59+00:00\",\"description\":\"Nuestra pol\u00edtica de privacidad detalla c\u00f3mo recopilamos, usamos y protegemos tus datos personales de manera segura y transparente.\",\"breadcrumb\":{\"@id\":\"https:\/\/www.destinosalnes.com\/es\/ogrove-politica-privacidad\/#breadcrumb\"},\"inLanguage\":\"pt-PT\",\"potentialAction\":[{\"@type\":\"ReadAction\",\"target\":[\"https:\/\/www.destinosalnes.com\/es\/ogrove-politica-privacidad\/\"]}]},{\"@type\":\"BreadcrumbList\",\"@id\":\"https:\/\/www.destinosalnes.com\/es\/ogrove-politica-privacidad\/#breadcrumb\",\"itemListElement\":[{\"@type\":\"ListItem\",\"position\":1,\"name\":\"Saln\u00e9s\",\"item\":\"https:\/\/www.destinosalnes.com\/pt-pt\/\"},{\"@type\":\"ListItem\",\"position\":2,\"name\":\"O Grove\",\"item\":\"https:\/\/www.destinosalnes.com\/pt-pt\/category\/o-grove-pt-pt\/\"},{\"@type\":\"ListItem\",\"position\":3,\"name\":\"Pol\u00edtica de privacidade\"}]},{\"@type\":\"WebSite\",\"@id\":\"https:\/\/www.destinosalnes.com\/es\/#website\",\"url\":\"https:\/\/www.destinosalnes.com\/es\/\",\"name\":\"Saln\u00e9s\",\"description\":\"\",\"publisher\":{\"@id\":\"https:\/\/www.destinosalnes.com\/es\/#organization\"},\"potentialAction\":[{\"@type\":\"SearchAction\",\"target\":{\"@type\":\"EntryPoint\",\"urlTemplate\":\"https:\/\/www.destinosalnes.com\/es\/?s={search_term_string}\"},\"query-input\":{\"@type\":\"PropertyValueSpecification\",\"valueRequired\":true,\"valueName\":\"search_term_string\"}}],\"inLanguage\":\"pt-PT\"},{\"@type\":\"Organization\",\"@id\":\"https:\/\/www.destinosalnes.com\/es\/#organization\",\"name\":\"Saln\u00e9s\",\"url\":\"https:\/\/www.destinosalnes.com\/es\/\",\"logo\":{\"@type\":\"ImageObject\",\"inLanguage\":\"pt-PT\",\"@id\":\"https:\/\/www.destinosalnes.com\/es\/#\/schema\/logo\/image\/\",\"url\":\"\",\"contentUrl\":\"\",\"caption\":\"Saln\u00e9s\"},\"image\":{\"@id\":\"https:\/\/www.destinosalnes.com\/es\/#\/schema\/logo\/image\/\"},\"sameAs\":[\"https:\/\/es-es.facebook.com\/mancomunidade.salnes\",\"https:\/\/x.com\/infosalnes\"]}]}<\/script>\n<!-- \/ Yoast SEO plugin. -->","yoast_head_json":{"title":"Pol\u00edtica de privacidade - Saln\u00e9s","description":"Nuestra pol\u00edtica de privacidad detalla c\u00f3mo recopilamos, usamos y protegemos tus datos personales de manera segura y transparente.","robots":{"index":"index","follow":"follow","max-snippet":"max-snippet:-1","max-image-preview":"max-image-preview:large","max-video-preview":"max-video-preview:-1"},"canonical":"https:\/\/www.destinosalnes.com\/es\/ogrove-politica-privacidad\/","schema":{"@context":"https:\/\/schema.org","@graph":[{"@type":"WebPage","@id":"https:\/\/www.destinosalnes.com\/es\/ogrove-politica-privacidad\/","url":"https:\/\/www.destinosalnes.com\/es\/ogrove-politica-privacidad\/","name":"Pol\u00edtica de privacidade - Saln\u00e9s","isPartOf":{"@id":"https:\/\/www.destinosalnes.com\/es\/#website"},"datePublished":"2024-04-23T07:44:03+00:00","dateModified":"2024-12-03T09:24:59+00:00","description":"Nuestra pol\u00edtica de privacidad detalla c\u00f3mo recopilamos, usamos y protegemos tus datos personales de manera segura y transparente.","breadcrumb":{"@id":"https:\/\/www.destinosalnes.com\/es\/ogrove-politica-privacidad\/#breadcrumb"},"inLanguage":"pt-PT","potentialAction":[{"@type":"ReadAction","target":["https:\/\/www.destinosalnes.com\/es\/ogrove-politica-privacidad\/"]}]},{"@type":"BreadcrumbList","@id":"https:\/\/www.destinosalnes.com\/es\/ogrove-politica-privacidad\/#breadcrumb","itemListElement":[{"@type":"ListItem","position":1,"name":"Saln\u00e9s","item":"https:\/\/www.destinosalnes.com\/pt-pt\/"},{"@type":"ListItem","position":2,"name":"O Grove","item":"https:\/\/www.destinosalnes.com\/pt-pt\/category\/o-grove-pt-pt\/"},{"@type":"ListItem","position":3,"name":"Pol\u00edtica de privacidade"}]},{"@type":"WebSite","@id":"https:\/\/www.destinosalnes.com\/es\/#website","url":"https:\/\/www.destinosalnes.com\/es\/","name":"Saln\u00e9s","description":"","publisher":{"@id":"https:\/\/www.destinosalnes.com\/es\/#organization"},"potentialAction":[{"@type":"SearchAction","target":{"@type":"EntryPoint","urlTemplate":"https:\/\/www.destinosalnes.com\/es\/?s={search_term_string}"},"query-input":{"@type":"PropertyValueSpecification","valueRequired":true,"valueName":"search_term_string"}}],"inLanguage":"pt-PT"},{"@type":"Organization","@id":"https:\/\/www.destinosalnes.com\/es\/#organization","name":"Saln\u00e9s","url":"https:\/\/www.destinosalnes.com\/es\/","logo":{"@type":"ImageObject","inLanguage":"pt-PT","@id":"https:\/\/www.destinosalnes.com\/es\/#\/schema\/logo\/image\/","url":"","contentUrl":"","caption":"Saln\u00e9s"},"image":{"@id":"https:\/\/www.destinosalnes.com\/es\/#\/schema\/logo\/image\/"},"sameAs":["https:\/\/es-es.facebook.com\/mancomunidade.salnes","https:\/\/x.com\/infosalnes"]}]}},"_links":{"self":[{"href":"https:\/\/www.destinosalnes.com\/pt-pt\/wp-json\/wp\/v2\/pages\/109228","targetHints":{"allow":["GET"]}}],"collection":[{"href":"https:\/\/www.destinosalnes.com\/pt-pt\/wp-json\/wp\/v2\/pages"}],"about":[{"href":"https:\/\/www.destinosalnes.com\/pt-pt\/wp-json\/wp\/v2\/types\/page"}],"author":[{"embeddable":true,"href":"https:\/\/www.destinosalnes.com\/pt-pt\/wp-json\/wp\/v2\/users\/42"}],"replies":[{"embeddable":true,"href":"https:\/\/www.destinosalnes.com\/pt-pt\/wp-json\/wp\/v2\/comments?post=109228"}],"version-history":[{"count":3,"href":"https:\/\/www.destinosalnes.com\/pt-pt\/wp-json\/wp\/v2\/pages\/109228\/revisions"}],"predecessor-version":[{"id":137226,"href":"https:\/\/www.destinosalnes.com\/pt-pt\/wp-json\/wp\/v2\/pages\/109228\/revisions\/137226"}],"wp:attachment":[{"href":"https:\/\/www.destinosalnes.com\/pt-pt\/wp-json\/wp\/v2\/media?parent=109228"}],"wp:term":[{"taxonomy":"category","embeddable":true,"href":"https:\/\/www.destinosalnes.com\/pt-pt\/wp-json\/wp\/v2\/categories?post=109228"},{"taxonomy":"post_tag","embeddable":true,"href":"https:\/\/www.destinosalnes.com\/pt-pt\/wp-json\/wp\/v2\/tags?post=109228"}],"curies":[{"name":"wp","href":"https:\/\/api.w.org\/{rel}","templated":true}]}}