{"id":104054,"date":"2024-04-17T10:58:09","date_gmt":"2024-04-17T10:58:09","guid":{"rendered":"https:\/\/www.destinosalnes.com\/sanxenxo-3-dias\/"},"modified":"2025-11-03T16:50:21","modified_gmt":"2025-11-03T15:50:21","slug":"sanxenxo-3-dias","status":"publish","type":"page","link":"https:\/\/www.destinosalnes.com\/pt-pt\/sanxenxo-3-dias\/","title":{"rendered":"3 dias em Sanxenxo"},"content":{"rendered":"<p>Voc\u00ea n\u00e3o pode perder:<\/p>\n<p>\t\t\t<a role=\"button\"><br \/>\n\t\t\t\t\t<\/a><\/p>\n<p><strong>Voc\u00ea n\u00e3o pode perder<\/strong>:<\/p>\n<p>\t\t\t<a role=\"button\"><br \/>\n\t\t\t\t\t<\/a><\/p>\n<p><strong>Voc\u00ea n\u00e3o pode perder<\/strong>:<\/p>\n<h2>Tamb\u00e9m pode estar interessado em<\/h2>\n<p>\n\t\t\t\t\t\tGuias e mapas\n\t\t\t\t<\/p>\n<p>\n\t\t\t\t\t\tOnde comer\n\t\t\t\t<\/p>\n<p>\n\t\t\t\t\t\tOnde ficar\n\t\t\t\t<\/p>\n<p>\n\t\t\t\t\t\tComo conseguir\n\t\t\t\t<\/p>\n","protected":false},"excerpt":{"rendered":"<p>Planes para que cada d\u00eda aqu\u00ed sea verdaderamente especial.<\/p>\n","protected":false},"author":42,"featured_media":86761,"parent":0,"menu_order":0,"comment_status":"closed","ping_status":"closed","template":"","meta":{"_acf_changed":false,"footnotes":""},"categories":[620,1187],"tags":[],"class_list":["post-104054","page","type-page","status-publish","has-post-thumbnail","hentry","category-sanxenxo-pt-pt","category-sanxenxo-em-3-dias"],"acf":{"titulo_dia_1":"<strong>Dia 1: Agroturismo e turismo rural.<\/strong>","descripcion_dia_1":"O passeio come\u00e7a no Mirador de A Granxa, continua pela Igreja de Dorr\u00f3n, Mirador do Alto de Dorr\u00f3n, Pazo Berm\u00fadez de la Maza, O Outeiro, Molinos de Dorr\u00f3n, Igreja de Bord\u00f3ns, Aldea de Bord\u00f3ns, Con da Ventureira, Chan da Gorita e Rota Aldariz Carballos.","no_te_puedes_perder:_dia_1":"A \u00faltima quinzena de julho: Mui\u00f1ada em Dorr\u00f3n.\r\nFesta labrega de Bord\u00f3ns durante a \u00faltima quinzena de agosto.\r\nFesta da colheita de Dorr\u00f3n, primeira quinzena de outubro. Datas espec\u00edficas dependendo do ano.","caracteristicas_dia_1":"<strong>Mobilidade:<\/strong>\u00a0a p\u00e9, de bicicleta ou de carro.\r\n\r\n<strong>Tempo de caminhada:<\/strong> 1 hora e meia (ida).\r\n\r\n<strong>Dificuldade:<\/strong> m\u00e9dia.","titulo_dia_2":"<strong>Dia 2: Sanxenxo e Portonovo (turismo mar\u00edtimo).<\/strong>","descripcion_dia_2":"O passeio come\u00e7a no Mirador Palacios, continua pela Panadeira, Puerto Deportivo Juan Carlos I, Igreja de San Gin\u00e9s, centro urbano de Sanxenxo, Praia Silgar, Punta Vica\u00f1o, Paseo de Playa de Baltar, centro de Portonovo, Plaza Portonovo, Puerto Pesquero de Portonovo, Mirador da Peixeira e termina em Punta Cabicastro.","texto_enlace_dia_2":"N\u00e3o perca a visita guiada ao mercado do peixe de Portonovo","url_enlace_dia_2":"https:\/\/www.destinosalnes.com\/pt-pt\/sanxenxo-lonxa-portonovo\/","caracteristicas_dia_2":"<strong>Mobilidade:<\/strong> a p\u00e9.\r\n\r\n<strong>Tempo de caminhada:<\/strong> 2 horas (ida).\r\n\r\n<strong>Dificuldade:<\/strong> f\u00e1cil.","titulo_dia_3":"<strong>Dia 3: Turismo cultural e de natureza. eua Lanzada.<\/strong>","no_te_puedes_perder:_dia_2":"Na temporada, os ferries partem de Sanxenxo e Portonovo para o Parque Nacional das Ilhas Atl\u00e2nticas. Uma visita \u00e0s ilhas Ons e C\u00edes \u00e9 ideal para passar o dia. L\u00e1 podemos desfrutar da praia, da paisagem, da natureza, dos percursos pedestres\u2026","texto_enlace_dia_3":"Descobrir sobre o mercado de peixe de Portonovo","url_enlace_dia_3":"https:\/\/www.destinosalnes.com\/pt-pt\/sanxenxo-lonxa-portonovo\/","descripcion_dia_3":"O passeio come\u00e7a no s\u00edtio arqueol\u00f3gico, continua pela Playa de N\u00aa Se\u00f1ora da Lanzada, Ermida de N\u00aa Se\u00f1ora de la Lanzada Castro e necr\u00f3pole, Castro de Outeiro das Laspas, Praia A Lanzada, Lagoas de Rouxique, As Telleiras\/Intercomplexoareal Umia e termina em O Grove.","no_te_puedes_perder:_dia_3":"Romar\u00eda da Lanzada, a \u00faltima semana de agosto.","caracteristicas_dia_3":"<strong>M<\/strong><strong>obilidade:<\/strong>\u00a0a p\u00e9 ou de carro.\r\n<p class=\"gt-block\"><strong>Tempo de caminhada:<\/strong>\u00a02 horas e meia (ida).<\/p>\r\n<p class=\"gt-block\"><strong>Dificuldade:<\/strong>\u00a0imprensa<\/p>","galeria_de_imagenes":[90662,90668],"shortcode_del_mapa":"[wpgmza id=\"19\"]"},"yoast_head":"<!-- This site is optimized with the Yoast SEO plugin v23.9 - https:\/\/yoast.com\/wordpress\/plugins\/seo\/ -->\n<title>3 dias em Sanxenxo - Saln\u00e9s<\/title>\n<meta name=\"description\" content=\"Um plano de 3 dias que voc\u00ea n\u00e3o pode perder se visitar Sanxenxo. Passeios, locais de interesse e muito mais.\" \/>\n<meta name=\"robots\" content=\"index, follow, max-snippet:-1, max-image-preview:large, max-video-preview:-1\" \/>\n<link rel=\"canonical\" href=\"https:\/\/www.destinosalnes.com\/es\/sanxenxo-3-dias\/\" \/>\n<script type=\"application\/ld+json\" class=\"yoast-schema-graph\">{\"@context\":\"https:\/\/schema.org\",\"@graph\":[{\"@type\":\"WebPage\",\"@id\":\"https:\/\/www.destinosalnes.com\/es\/sanxenxo-3-dias\/\",\"url\":\"https:\/\/www.destinosalnes.com\/es\/sanxenxo-3-dias\/\",\"name\":\"3 dias em Sanxenxo - Saln\u00e9s\",\"isPartOf\":{\"@id\":\"https:\/\/www.destinosalnes.com\/es\/#website\"},\"primaryImageOfPage\":{\"@id\":\"https:\/\/www.destinosalnes.com\/es\/sanxenxo-3-dias\/#primaryimage\"},\"image\":{\"@id\":\"https:\/\/www.destinosalnes.com\/es\/sanxenxo-3-dias\/#primaryimage\"},\"thumbnailUrl\":\"https:\/\/www.destinosalnes.com\/wp-content\/uploads\/2024\/03\/Uvas.webp\",\"datePublished\":\"2024-04-17T10:58:09+00:00\",\"dateModified\":\"2025-11-03T15:50:21+00:00\",\"description\":\"Um plano de 3 dias que voc\u00ea n\u00e3o pode perder se visitar Sanxenxo. Passeios, locais de interesse e muito mais.\",\"breadcrumb\":{\"@id\":\"https:\/\/www.destinosalnes.com\/es\/sanxenxo-3-dias\/#breadcrumb\"},\"inLanguage\":\"pt-PT\",\"potentialAction\":[{\"@type\":\"ReadAction\",\"target\":[\"https:\/\/www.destinosalnes.com\/es\/sanxenxo-3-dias\/\"]}]},{\"@type\":\"ImageObject\",\"inLanguage\":\"pt-PT\",\"@id\":\"https:\/\/www.destinosalnes.com\/es\/sanxenxo-3-dias\/#primaryimage\",\"url\":\"https:\/\/www.destinosalnes.com\/wp-content\/uploads\/2024\/03\/Uvas.webp\",\"contentUrl\":\"https:\/\/www.destinosalnes.com\/wp-content\/uploads\/2024\/03\/Uvas.webp\",\"width\":1000,\"height\":667,\"caption\":\"Enoturismo\"},{\"@type\":\"BreadcrumbList\",\"@id\":\"https:\/\/www.destinosalnes.com\/es\/sanxenxo-3-dias\/#breadcrumb\",\"itemListElement\":[{\"@type\":\"ListItem\",\"position\":1,\"name\":\"Saln\u00e9s\",\"item\":\"https:\/\/www.destinosalnes.com\/pt-pt\/\"},{\"@type\":\"ListItem\",\"position\":2,\"name\":\"Sanxenxo\",\"item\":\"https:\/\/www.destinosalnes.com\/es\/category\/sanxenxo\/\"},{\"@type\":\"ListItem\",\"position\":3,\"name\":\"3 dias em Sanxenxo\"}]},{\"@type\":\"WebSite\",\"@id\":\"https:\/\/www.destinosalnes.com\/es\/#website\",\"url\":\"https:\/\/www.destinosalnes.com\/es\/\",\"name\":\"Saln\u00e9s\",\"description\":\"\",\"publisher\":{\"@id\":\"https:\/\/www.destinosalnes.com\/es\/#organization\"},\"potentialAction\":[{\"@type\":\"SearchAction\",\"target\":{\"@type\":\"EntryPoint\",\"urlTemplate\":\"https:\/\/www.destinosalnes.com\/es\/?s={search_term_string}\"},\"query-input\":{\"@type\":\"PropertyValueSpecification\",\"valueRequired\":true,\"valueName\":\"search_term_string\"}}],\"inLanguage\":\"pt-PT\"},{\"@type\":\"Organization\",\"@id\":\"https:\/\/www.destinosalnes.com\/es\/#organization\",\"name\":\"Saln\u00e9s\",\"url\":\"https:\/\/www.destinosalnes.com\/es\/\",\"logo\":{\"@type\":\"ImageObject\",\"inLanguage\":\"pt-PT\",\"@id\":\"https:\/\/www.destinosalnes.com\/es\/#\/schema\/logo\/image\/\",\"url\":\"\",\"contentUrl\":\"\",\"caption\":\"Saln\u00e9s\"},\"image\":{\"@id\":\"https:\/\/www.destinosalnes.com\/es\/#\/schema\/logo\/image\/\"},\"sameAs\":[\"https:\/\/es-es.facebook.com\/mancomunidade.salnes\",\"https:\/\/x.com\/infosalnes\"]}]}<\/script>\n<!-- \/ Yoast SEO plugin. -->","yoast_head_json":{"title":"3 dias em Sanxenxo - Saln\u00e9s","description":"Um plano de 3 dias que voc\u00ea n\u00e3o pode perder se visitar Sanxenxo. Passeios, locais de interesse e muito mais.","robots":{"index":"index","follow":"follow","max-snippet":"max-snippet:-1","max-image-preview":"max-image-preview:large","max-video-preview":"max-video-preview:-1"},"canonical":"https:\/\/www.destinosalnes.com\/es\/sanxenxo-3-dias\/","schema":{"@context":"https:\/\/schema.org","@graph":[{"@type":"WebPage","@id":"https:\/\/www.destinosalnes.com\/es\/sanxenxo-3-dias\/","url":"https:\/\/www.destinosalnes.com\/es\/sanxenxo-3-dias\/","name":"3 dias em Sanxenxo - Saln\u00e9s","isPartOf":{"@id":"https:\/\/www.destinosalnes.com\/es\/#website"},"primaryImageOfPage":{"@id":"https:\/\/www.destinosalnes.com\/es\/sanxenxo-3-dias\/#primaryimage"},"image":{"@id":"https:\/\/www.destinosalnes.com\/es\/sanxenxo-3-dias\/#primaryimage"},"thumbnailUrl":"https:\/\/www.destinosalnes.com\/wp-content\/uploads\/2024\/03\/Uvas.webp","datePublished":"2024-04-17T10:58:09+00:00","dateModified":"2025-11-03T15:50:21+00:00","description":"Um plano de 3 dias que voc\u00ea n\u00e3o pode perder se visitar Sanxenxo. Passeios, locais de interesse e muito mais.","breadcrumb":{"@id":"https:\/\/www.destinosalnes.com\/es\/sanxenxo-3-dias\/#breadcrumb"},"inLanguage":"pt-PT","potentialAction":[{"@type":"ReadAction","target":["https:\/\/www.destinosalnes.com\/es\/sanxenxo-3-dias\/"]}]},{"@type":"ImageObject","inLanguage":"pt-PT","@id":"https:\/\/www.destinosalnes.com\/es\/sanxenxo-3-dias\/#primaryimage","url":"https:\/\/www.destinosalnes.com\/wp-content\/uploads\/2024\/03\/Uvas.webp","contentUrl":"https:\/\/www.destinosalnes.com\/wp-content\/uploads\/2024\/03\/Uvas.webp","width":1000,"height":667,"caption":"Enoturismo"},{"@type":"BreadcrumbList","@id":"https:\/\/www.destinosalnes.com\/es\/sanxenxo-3-dias\/#breadcrumb","itemListElement":[{"@type":"ListItem","position":1,"name":"Saln\u00e9s","item":"https:\/\/www.destinosalnes.com\/pt-pt\/"},{"@type":"ListItem","position":2,"name":"Sanxenxo","item":"https:\/\/www.destinosalnes.com\/es\/category\/sanxenxo\/"},{"@type":"ListItem","position":3,"name":"3 dias em Sanxenxo"}]},{"@type":"WebSite","@id":"https:\/\/www.destinosalnes.com\/es\/#website","url":"https:\/\/www.destinosalnes.com\/es\/","name":"Saln\u00e9s","description":"","publisher":{"@id":"https:\/\/www.destinosalnes.com\/es\/#organization"},"potentialAction":[{"@type":"SearchAction","target":{"@type":"EntryPoint","urlTemplate":"https:\/\/www.destinosalnes.com\/es\/?s={search_term_string}"},"query-input":{"@type":"PropertyValueSpecification","valueRequired":true,"valueName":"search_term_string"}}],"inLanguage":"pt-PT"},{"@type":"Organization","@id":"https:\/\/www.destinosalnes.com\/es\/#organization","name":"Saln\u00e9s","url":"https:\/\/www.destinosalnes.com\/es\/","logo":{"@type":"ImageObject","inLanguage":"pt-PT","@id":"https:\/\/www.destinosalnes.com\/es\/#\/schema\/logo\/image\/","url":"","contentUrl":"","caption":"Saln\u00e9s"},"image":{"@id":"https:\/\/www.destinosalnes.com\/es\/#\/schema\/logo\/image\/"},"sameAs":["https:\/\/es-es.facebook.com\/mancomunidade.salnes","https:\/\/x.com\/infosalnes"]}]}},"_links":{"self":[{"href":"https:\/\/www.destinosalnes.com\/pt-pt\/wp-json\/wp\/v2\/pages\/104054","targetHints":{"allow":["GET"]}}],"collection":[{"href":"https:\/\/www.destinosalnes.com\/pt-pt\/wp-json\/wp\/v2\/pages"}],"about":[{"href":"https:\/\/www.destinosalnes.com\/pt-pt\/wp-json\/wp\/v2\/types\/page"}],"author":[{"embeddable":true,"href":"https:\/\/www.destinosalnes.com\/pt-pt\/wp-json\/wp\/v2\/users\/42"}],"replies":[{"embeddable":true,"href":"https:\/\/www.destinosalnes.com\/pt-pt\/wp-json\/wp\/v2\/comments?post=104054"}],"version-history":[{"count":20,"href":"https:\/\/www.destinosalnes.com\/pt-pt\/wp-json\/wp\/v2\/pages\/104054\/revisions"}],"predecessor-version":[{"id":149423,"href":"https:\/\/www.destinosalnes.com\/pt-pt\/wp-json\/wp\/v2\/pages\/104054\/revisions\/149423"}],"acf:attachment":[{"embeddable":true,"href":"https:\/\/www.destinosalnes.com\/pt-pt\/wp-json\/wp\/v2\/media\/90668"},{"embeddable":true,"href":"https:\/\/www.destinosalnes.com\/pt-pt\/wp-json\/wp\/v2\/media\/90662"}],"wp:featuredmedia":[{"embeddable":true,"href":"https:\/\/www.destinosalnes.com\/pt-pt\/wp-json\/wp\/v2\/media\/86761"}],"wp:attachment":[{"href":"https:\/\/www.destinosalnes.com\/pt-pt\/wp-json\/wp\/v2\/media?parent=104054"}],"wp:term":[{"taxonomy":"category","embeddable":true,"href":"https:\/\/www.destinosalnes.com\/pt-pt\/wp-json\/wp\/v2\/categories?post=104054"},{"taxonomy":"post_tag","embeddable":true,"href":"https:\/\/www.destinosalnes.com\/pt-pt\/wp-json\/wp\/v2\/tags?post=104054"}],"curies":[{"name":"wp","href":"https:\/\/api.w.org\/{rel}","templated":true}]}}