{"id":117007,"date":"2024-05-21T09:00:36","date_gmt":"2024-05-21T07:00:36","guid":{"rendered":"https:\/\/www.destinosalnes.com\/aviso-legal\/"},"modified":"2024-11-26T14:24:04","modified_gmt":"2024-11-26T13:24:04","slug":"aviso-legal","status":"publish","type":"page","link":"https:\/\/www.destinosalnes.com\/gl\/aviso-legal\/","title":{"rendered":"Aviso legal"},"content":{"rendered":"\t\t<div data-elementor-type=\"wp-page\" data-elementor-id=\"117007\" class=\"elementor elementor-117007 elementor-116964\" data-elementor-post-type=\"page\">\n\t\t\t\t\t\t<section class=\"elementor-section elementor-top-section elementor-element elementor-element-5104a6a3 elementor-section-full_width Portada elementor-section-height-default elementor-section-height-default\" data-id=\"5104a6a3\" data-element_type=\"section\">\n\t\t\t\t\t\t<div class=\"elementor-container elementor-column-gap-default\">\n\t\t\t\t\t<div class=\"elementor-column elementor-col-100 elementor-top-column elementor-element elementor-element-77b5b034\" data-id=\"77b5b034\" data-element_type=\"column\">\n\t\t\t<div class=\"elementor-widget-wrap elementor-element-populated\">\n\t\t\t\t\t\t<div class=\"elementor-element elementor-element-1d7d038b Cabecera elementor--h-position-center elementor--v-position-middle elementor-widget elementor-widget-slides\" data-id=\"1d7d038b\" data-element_type=\"widget\" data-settings=\"{&quot;navigation&quot;:&quot;none&quot;,&quot;_animation&quot;:&quot;none&quot;,&quot;autoplay&quot;:&quot;yes&quot;,&quot;pause_on_hover&quot;:&quot;yes&quot;,&quot;pause_on_interaction&quot;:&quot;yes&quot;,&quot;autoplay_speed&quot;:5000,&quot;infinite&quot;:&quot;yes&quot;,&quot;transition&quot;:&quot;slide&quot;,&quot;transition_speed&quot;:500}\" data-widget_type=\"slides.default\">\n\t\t\t\t<div class=\"elementor-widget-container\">\n\t\t\t<style>.elementor-slides .swiper-slide-bg{background-size:cover;background-position:50%;background-repeat:no-repeat;min-width:100%;min-height:100%}.elementor-slides .swiper-slide-inner{background-repeat:no-repeat;background-position:50%;position:absolute;top:0;left:0;bottom:0;right:0;padding:50px;margin:auto}.elementor-slides .swiper-slide-inner,.elementor-slides .swiper-slide-inner:hover{color:#fff;display:flex}.elementor-slides .swiper-slide-inner .elementor-background-overlay{position:absolute;z-index:0;top:0;bottom:0;left:0;right:0}.elementor-slides .swiper-slide-inner .elementor-slide-content{position:relative;z-index:1;width:100%}.elementor-slides .swiper-slide-inner .elementor-slide-heading{font-size:35px;font-weight:700;line-height:1}.elementor-slides .swiper-slide-inner .elementor-slide-description{font-size:17px;line-height:1.4}.elementor-slides .swiper-slide-inner .elementor-slide-description:not(:last-child),.elementor-slides .swiper-slide-inner .elementor-slide-heading:not(:last-child){margin-bottom:30px}.elementor-slides .swiper-slide-inner .elementor-slide-button{border:2px solid #fff;color:#fff;background:transparent;display:inline-block}.elementor-slides .swiper-slide-inner .elementor-slide-button,.elementor-slides .swiper-slide-inner .elementor-slide-button:hover{background:transparent;color:inherit;text-decoration:none}.elementor--v-position-top .swiper-slide-inner{align-items:flex-start}.elementor--v-position-bottom .swiper-slide-inner{align-items:flex-end}.elementor--v-position-middle .swiper-slide-inner{align-items:center}.elementor--h-position-left .swiper-slide-inner{justify-content:flex-start}.elementor--h-position-right .swiper-slide-inner{justify-content:flex-end}.elementor--h-position-center .swiper-slide-inner{justify-content:center}body.rtl .elementor-widget-slides .elementor-swiper-button-next{left:10px;right:auto}body.rtl .elementor-widget-slides .elementor-swiper-button-prev{right:10px;left:auto}.elementor-slides-wrapper div:not(.swiper-slide)>.swiper-slide-inner{display:none}@media (max-width:767px){.elementor-slides .swiper-slide-inner{padding:30px}.elementor-slides .swiper-slide-inner .elementor-slide-heading{font-size:23px;line-height:1;margin-bottom:15px}.elementor-slides .swiper-slide-inner .elementor-slide-description{font-size:13px;line-height:1.4;margin-bottom:15px}}<\/style>\t\t<div class=\"elementor-swiper\">\n\t\t\t<div class=\"elementor-slides-wrapper elementor-main-swiper swiper\" dir=\"ltr\" data-animation=\"\">\n\t\t\t\t<div class=\"swiper-wrapper elementor-slides\">\n\t\t\t\t\t\t\t\t\t\t<div class=\"elementor-repeater-item-f15b013 swiper-slide\"><div class=\"swiper-slide-bg\" role=\"img\"><\/div><div class=\"elementor-background-overlay\"><\/div><div class=\"swiper-slide-inner\" ><div class=\"swiper-slide-contents\"><\/div><\/div><\/div>\t\t\t\t<\/div>\n\t\t\t\t\t\t\t<\/div>\n\t\t<\/div>\n\t\t\t\t<\/div>\n\t\t\t\t<\/div>\n\t\t\t\t\t<\/div>\n\t\t<\/div>\n\t\t\t\t\t<\/div>\n\t\t<\/section>\n\t\t\t\t<section class=\"elementor-section elementor-top-section elementor-element elementor-element-b45b01b elementor-section-full_width elementor-section-height-default elementor-section-height-default\" data-id=\"b45b01b\" data-element_type=\"section\">\n\t\t\t\t\t\t<div class=\"elementor-container elementor-column-gap-default\">\n\t\t\t\t\t<div class=\"elementor-column elementor-col-100 elementor-top-column elementor-element elementor-element-6b556ae7\" data-id=\"6b556ae7\" data-element_type=\"column\">\n\t\t\t<div class=\"elementor-widget-wrap elementor-element-populated\">\n\t\t\t\t\t\t<div class=\"elementor-element elementor-element-ff289c5 elementor-widget elementor-widget-text-editor\" data-id=\"ff289c5\" data-element_type=\"widget\" data-widget_type=\"text-editor.default\">\n\t\t\t\t<div class=\"elementor-widget-container\">\n\t\t\t<style>\/*! elementor - v3.20.0 - 11-03-2024 *\/\n.elementor-widget-text-editor.elementor-drop-cap-view-stacked .elementor-drop-cap{background-color:#69727d;color:#fff}.elementor-widget-text-editor.elementor-drop-cap-view-framed .elementor-drop-cap{color:#69727d;border:3px solid;background-color:transparent}.elementor-widget-text-editor:not(.elementor-drop-cap-view-default) .elementor-drop-cap{margin-top:8px}.elementor-widget-text-editor:not(.elementor-drop-cap-view-default) .elementor-drop-cap-letter{width:1em;height:1em}.elementor-widget-text-editor .elementor-drop-cap{float:left;text-align:center;line-height:1;font-size:50px}.elementor-widget-text-editor .elementor-drop-cap-letter{display:inline-block}<\/style>\t\t\t\t<p><strong>1. Aviso legal<\/strong><br \/>\nMancomunidade do Saln\u00e9s (o \u201cTitular\u201d) facilita aos usuarios (o \u201cUsuario\u201d ou os \u201cUsuarios\u201d) do presente sitio web (o \u201cSitio web) a seguinte informaci\u00f3n.<\/p>\n<p><strong>1.1. Identificaci\u00f3n da Titular<\/strong><br \/>\nDenominaci\u00f3n social: Mancomunidade do Saln\u00e9s<br \/>\nNIF: P3600041B<br \/>\nDomicilio social: Paseo Calzada, s\/n , C.P. 36630, Cambados, Pontevedra<br \/>\nDatos de contacto: 986 521 115 \/info@osalnes.com<\/p>\n<p><strong>1.2. Condici\u00f3ns de uso<\/strong><br \/>\nA continuaci\u00f3n, exp\u00f3\u00f1ense os termos e condici\u00f3ns de uso deste Sitio web (as \u201cCondici\u00f3ns de Uso\u201d), cuxos Usuarios deber\u00e1n cumprir en todo momento. Este Aviso Legal xunto coa Pol\u00edtica de Privacidade e a Pol\u00edtica de Cookies son o conxunto de normas que definen os termos e condici\u00f3ns que regulan o acceso e uso da a parte p\u00fablica de Sitio web. A parte privada, se a houber, dispo\u00f1er\u00e1 das s\u00faas propias normas e condici\u00f3ns.<\/p>\n<p><strong>1.3. Uso do Sitio web<\/strong><br \/>\nO Usuario comprom\u00e9tese a non utilizar leste cerco Sitio web para desenvolver actividades contrarias \u00e1s leis, \u00e1 moral ou \u00e1 orde p\u00fablica e, en xeral, a facer un uso conforme \u00e1 lexislaci\u00f3n vixente e \u00e1s presentes condici\u00f3ns xerais.<\/p>\n<p><strong>1.4. Contidos<\/strong><br \/>\nOs Contidos de leste cerco Sitio web, entendendo por estes, meramente a t\u00edtulo enunciativo, os seguintes: \u00edndices, textos, fotograf\u00edas, gr\u00e1ficos, imaxes, iconas, tecnolox\u00eda, links, contidos audiovisuais ou sonoros, as\u00ed como o seu dese\u00f1o gr\u00e1fico e c\u00f3digo fonte te\u00f1en un car\u00e1cter meramente informativo, en ning\u00fan caso constit\u00faen asesoramento legal ou profesional ou o establecemento dunha relaci\u00f3n comercial ou contractual. O Titular poder\u00e1 modificar unilateralmente e sen aviso previo\/previo aviso, sempre que o considere oportuno, a estrutura e dese\u00f1o da Web, as\u00ed como modificar ou eliminar, os servizos, os contidos e as condici\u00f3ns de acceso e\/o uso deste Sitio web. Tanto o acceso a leste cerco Sitio web como o uso non consentido que poida efectuarse dos contidos do mesmo \u00e9 de exclusiva responsabilidade de quen o realiza. O Usuario comprom\u00e9tese a non utilizar calquera dos Contidos que este cerco Sitio web po\u00f1a \u00e1 s\u00faa disposici\u00f3n para desenvolver actividades contrarias \u00e1s leis, \u00e1 moral ou \u00e1 orde p\u00fablica e, en xeral, a facer un uso conforme \u00e1s presentes condici\u00f3ns xerais.<\/p>\n<p><strong>1.5. Propiedade intelectual e industrial<\/strong><br \/>\nTodos os Contidos deste Sitio web, est\u00e1n protexidos pola lexislaci\u00f3n espa\u00f1ola sobre os dereitos de propiedade intelectual e industrial a favor do Titular. A reproduci\u00f3n total ou parcial, distribuci\u00f3n, cesi\u00f3n, comunicaci\u00f3n p\u00fablica, transformaci\u00f3n ou calquera outro acto que non fose expresamente autorizado polo Titular dos dereitos de explotaci\u00f3n quedan prohibidos. En caso de d\u00fabida, pode solicitar m\u00e1is informaci\u00f3n a trav\u00e9s do noso formulario de contacto web. Respecto a as citas de produtos e servizos de terceiros, o Titular, reco\u00f1ece a favor destes terceiros os correspondentes dereitos de propiedade industrial e intelectual, non implicando a s\u00faa soa menci\u00f3n ou aparici\u00f3n na Web a existencia de dereitos ou responsabilidade algunha do Titular sobre os mesmos, como tampouco respaldo, patrocinio, ou recomendaci\u00f3n por parte do Titular, a non ser que se manifeste de maneira expresa.<\/p>\n<p><strong>1.6. Responsabilidade<\/strong><br \/>\nO Titular declina calquera responsabilidade respecto a a informaci\u00f3n que se ache fose deste SITIO WEB e non xestionado directamente polos nosos inform\u00e1ticos. En ning\u00fan caso, a existencia de sitios enlazados, denominaci\u00f3ns ou marcas de terceiros debe presupo\u00f1er a existencia de acordos cos responsables ou titulares dos mesmos, nin a recomendaci\u00f3n, promoci\u00f3n ou identificaci\u00f3n do Titular coas manifestaci\u00f3ns, contidos ou servizos provistas por estes. Todo ligaz\u00f3n de terceiros \u00e1 WEB son \u00e1 s\u00faa p\u00e1xina principal, quedando expresamente prohibidos links profundos, o framming e calquera outro aproveitamento dos contidos da web, a favor de terceiros non autorizados expresamente. Proh\u00edbese utilizar logotipos, marcas comerciais ou calquera outro gr\u00e1fico propiedade do Titular como parte dunha ligaz\u00f3n sen permiso expreso e por escrito.<\/p>\n<p><strong>1.7. Lexislaci\u00f3n aplicable e xurisdici\u00f3n<\/strong><br \/>\nO presente Aviso Legal r\u00e9xese en todos e cada un dos seus extremos pola lei aplicable en Espa\u00f1a. Para calquera controversia que puidese suscitarse entre o Titular e o Usuario, ac\u00f3rdase o sometemento, coa renuncia expresa a calquera outro foro, aos Xulgados e Tribunais que resulten competentes.<\/p>\n\t\t\t\t\t\t<\/div>\n\t\t\t\t<\/div>\n\t\t\t\t\t<\/div>\n\t\t<\/div>\n\t\t\t\t\t<\/div>\n\t\t<\/section>\n\t\t\t\t<\/div>\n\t\t","protected":false},"excerpt":{"rendered":"","protected":false},"author":42,"featured_media":105421,"parent":0,"menu_order":0,"comment_status":"closed","ping_status":"closed","template":"","meta":{"_acf_changed":false,"footnotes":""},"categories":[607],"tags":[],"class_list":["post-117007","page","type-page","status-publish","has-post-thumbnail","hentry","category-salnes-fr"],"acf":{"texto":"<strong>1. Aviso legal<\/strong>\r\nMancomunidade do Saln\u00e9s (o \u201cTitular\u201d) facilita aos usuarios (o \u201cUsuario\u201d ou os \u201cUsuarios\u201d) do presente sitio web (o \u201cSitio web) a seguinte informaci\u00f3n.\r\n\r\n<strong>1.1. Identificaci\u00f3n da Titular<\/strong>\r\nDenominaci\u00f3n social: Mancomunidade do Saln\u00e9s\r\nNIF: P3600041B\r\nDomicilio social: Paseo Calzada, s\/n , C.P. 36630, Cambados, Pontevedra\r\nDatos de contacto: 986 521 115 \/info@osalnes.com\r\n\r\n<strong>1.2. Condici\u00f3ns de uso<\/strong>\r\nA continuaci\u00f3n, exp\u00f3\u00f1ense os termos e condici\u00f3ns de uso deste Sitio web (as \u201cCondici\u00f3ns de Uso\u201d), cuxos Usuarios deber\u00e1n cumprir en todo momento. Este Aviso Legal xunto coa Pol\u00edtica de Privacidade e a Pol\u00edtica de Cookies son o conxunto de normas que definen os termos e condici\u00f3ns que regulan o acceso e uso da a parte p\u00fablica de Sitio web. A parte privada, se a houber, dispo\u00f1er\u00e1 das s\u00faas propias normas e condici\u00f3ns.\r\n\r\n<strong>1.3. Uso do Sitio web<\/strong>\r\nO Usuario comprom\u00e9tese a non utilizar leste cerco Sitio web para desenvolver actividades contrarias \u00e1s leis, \u00e1 moral ou \u00e1 orde p\u00fablica e, en xeral, a facer un uso conforme \u00e1 lexislaci\u00f3n vixente e \u00e1s presentes condici\u00f3ns xerais.\r\n\r\n<strong>1.4. Contidos<\/strong>\r\nOs Contidos de leste cerco Sitio web, entendendo por estes, meramente a t\u00edtulo enunciativo, os seguintes: \u00edndices, textos, fotograf\u00edas, gr\u00e1ficos, imaxes, iconas, tecnolox\u00eda, links, contidos audiovisuais ou sonoros, as\u00ed como o seu dese\u00f1o gr\u00e1fico e c\u00f3digo fonte te\u00f1en un car\u00e1cter meramente informativo, en ning\u00fan caso constit\u00faen asesoramento legal ou profesional ou o establecemento dunha relaci\u00f3n comercial ou contractual. O Titular poder\u00e1 modificar unilateralmente e sen aviso previo\/previo aviso, sempre que o considere oportuno, a estrutura e dese\u00f1o da Web, as\u00ed como modificar ou eliminar, os servizos, os contidos e as condici\u00f3ns de acceso e\/o uso deste Sitio web. Tanto o acceso a leste cerco Sitio web como o uso non consentido que poida efectuarse dos contidos do mesmo \u00e9 de exclusiva responsabilidade de quen o realiza. O Usuario comprom\u00e9tese a non utilizar calquera dos Contidos que este cerco Sitio web po\u00f1a \u00e1 s\u00faa disposici\u00f3n para desenvolver actividades contrarias \u00e1s leis, \u00e1 moral ou \u00e1 orde p\u00fablica e, en xeral, a facer un uso conforme \u00e1s presentes condici\u00f3ns xerais.\r\n\r\n<strong>1.5. Propiedade intelectual e industrial<\/strong>\r\nTodos os Contidos deste Sitio web, est\u00e1n protexidos pola lexislaci\u00f3n espa\u00f1ola sobre os dereitos de propiedade intelectual e industrial a favor do Titular. A reproduci\u00f3n total ou parcial, distribuci\u00f3n, cesi\u00f3n, comunicaci\u00f3n p\u00fablica, transformaci\u00f3n ou calquera outro acto que non fose expresamente autorizado polo Titular dos dereitos de explotaci\u00f3n quedan prohibidos. En caso de d\u00fabida, pode solicitar m\u00e1is informaci\u00f3n a trav\u00e9s do noso formulario de contacto web. Respecto a as citas de produtos e servizos de terceiros, o Titular, reco\u00f1ece a favor destes terceiros os correspondentes dereitos de propiedade industrial e intelectual, non implicando a s\u00faa soa menci\u00f3n ou aparici\u00f3n na Web a existencia de dereitos ou responsabilidade algunha do Titular sobre os mesmos, como tampouco respaldo, patrocinio, ou recomendaci\u00f3n por parte do Titular, a non ser que se manifeste de maneira expresa.\r\n\r\n<strong>1.6. Responsabilidade<\/strong>\r\nO Titular declina calquera responsabilidade respecto a a informaci\u00f3n que se ache fose deste SITIO WEB e non xestionado directamente polos nosos inform\u00e1ticos. En ning\u00fan caso, a existencia de sitios enlazados, denominaci\u00f3ns ou marcas de terceiros debe presupo\u00f1er a existencia de acordos cos responsables ou titulares dos mesmos, nin a recomendaci\u00f3n, promoci\u00f3n ou identificaci\u00f3n do Titular coas manifestaci\u00f3ns, contidos ou servizos provistas por estes. Todo ligaz\u00f3n de terceiros \u00e1 WEB son \u00e1 s\u00faa p\u00e1xina principal, quedando expresamente prohibidos links profundos, o framming e calquera outro aproveitamento dos contidos da web, a favor de terceiros non autorizados expresamente. Proh\u00edbese utilizar logotipos, marcas comerciais ou calquera outro gr\u00e1fico propiedade do Titular como parte dunha ligaz\u00f3n sen permiso expreso e por escrito.\r\n\r\n<strong>1.7. Lexislaci\u00f3n aplicable e xurisdici\u00f3n<\/strong>\r\nO presente Aviso Legal r\u00e9xese en todos e cada un dos seus extremos pola lei aplicable en Espa\u00f1a. Para calquera controversia que puidese suscitarse entre o Titular e o Usuario, ac\u00f3rdase o sometemento, coa renuncia expresa a calquera outro foro, aos Xulgados e Tribunais que resulten competentes."},"yoast_head":"<!-- This site is optimized with the Yoast SEO plugin v23.9 - https:\/\/yoast.com\/wordpress\/plugins\/seo\/ -->\n<title>Aviso legal - Saln\u00e9s<\/title>\n<meta name=\"robots\" content=\"index, follow, max-snippet:-1, max-image-preview:large, max-video-preview:-1\" \/>\n<link rel=\"canonical\" href=\"https:\/\/www.destinosalnes.com\/pt-pt\/aviso-legal\/\" \/>\n<script type=\"application\/ld+json\" class=\"yoast-schema-graph\">{\"@context\":\"https:\/\/schema.org\",\"@graph\":[{\"@type\":\"WebPage\",\"@id\":\"https:\/\/www.destinosalnes.com\/pt-pt\/aviso-legal\/\",\"url\":\"https:\/\/www.destinosalnes.com\/pt-pt\/aviso-legal\/\",\"name\":\"Aviso legal - Saln\u00e9s\",\"isPartOf\":{\"@id\":\"https:\/\/www.destinosalnes.com\/es\/#website\"},\"primaryImageOfPage\":{\"@id\":\"https:\/\/www.destinosalnes.com\/pt-pt\/aviso-legal\/#primaryimage\"},\"image\":{\"@id\":\"https:\/\/www.destinosalnes.com\/pt-pt\/aviso-legal\/#primaryimage\"},\"thumbnailUrl\":\"https:\/\/www.destinosalnes.com\/wp-content\/uploads\/2024\/04\/Papeles.webp\",\"datePublished\":\"2024-05-21T07:00:36+00:00\",\"dateModified\":\"2024-11-26T13:24:04+00:00\",\"breadcrumb\":{\"@id\":\"https:\/\/www.destinosalnes.com\/pt-pt\/aviso-legal\/#breadcrumb\"},\"inLanguage\":\"gl-ES\",\"potentialAction\":[{\"@type\":\"ReadAction\",\"target\":[\"https:\/\/www.destinosalnes.com\/pt-pt\/aviso-legal\/\"]}]},{\"@type\":\"ImageObject\",\"inLanguage\":\"gl-ES\",\"@id\":\"https:\/\/www.destinosalnes.com\/pt-pt\/aviso-legal\/#primaryimage\",\"url\":\"https:\/\/www.destinosalnes.com\/wp-content\/uploads\/2024\/04\/Papeles.webp\",\"contentUrl\":\"https:\/\/www.destinosalnes.com\/wp-content\/uploads\/2024\/04\/Papeles.webp\",\"width\":1000,\"height\":562},{\"@type\":\"BreadcrumbList\",\"@id\":\"https:\/\/www.destinosalnes.com\/pt-pt\/aviso-legal\/#breadcrumb\",\"itemListElement\":[{\"@type\":\"ListItem\",\"position\":1,\"name\":\"Saln\u00e9s\",\"item\":\"https:\/\/www.destinosalnes.com\/gl\/\"},{\"@type\":\"ListItem\",\"position\":2,\"name\":\"Saln\u00e9s\",\"item\":\"https:\/\/www.destinosalnes.com\/es\/category\/salnes\/\"},{\"@type\":\"ListItem\",\"position\":3,\"name\":\"Aviso legal\"}]},{\"@type\":\"WebSite\",\"@id\":\"https:\/\/www.destinosalnes.com\/es\/#website\",\"url\":\"https:\/\/www.destinosalnes.com\/es\/\",\"name\":\"Saln\u00e9s\",\"description\":\"\",\"publisher\":{\"@id\":\"https:\/\/www.destinosalnes.com\/es\/#organization\"},\"potentialAction\":[{\"@type\":\"SearchAction\",\"target\":{\"@type\":\"EntryPoint\",\"urlTemplate\":\"https:\/\/www.destinosalnes.com\/es\/?s={search_term_string}\"},\"query-input\":{\"@type\":\"PropertyValueSpecification\",\"valueRequired\":true,\"valueName\":\"search_term_string\"}}],\"inLanguage\":\"gl-ES\"},{\"@type\":\"Organization\",\"@id\":\"https:\/\/www.destinosalnes.com\/es\/#organization\",\"name\":\"Saln\u00e9s\",\"url\":\"https:\/\/www.destinosalnes.com\/es\/\",\"logo\":{\"@type\":\"ImageObject\",\"inLanguage\":\"gl-ES\",\"@id\":\"https:\/\/www.destinosalnes.com\/es\/#\/schema\/logo\/image\/\",\"url\":\"\",\"contentUrl\":\"\",\"caption\":\"Saln\u00e9s\"},\"image\":{\"@id\":\"https:\/\/www.destinosalnes.com\/es\/#\/schema\/logo\/image\/\"},\"sameAs\":[\"https:\/\/es-es.facebook.com\/mancomunidade.salnes\",\"https:\/\/x.com\/infosalnes\"]}]}<\/script>\n<!-- \/ Yoast SEO plugin. -->","yoast_head_json":{"title":"Aviso legal - Saln\u00e9s","robots":{"index":"index","follow":"follow","max-snippet":"max-snippet:-1","max-image-preview":"max-image-preview:large","max-video-preview":"max-video-preview:-1"},"canonical":"https:\/\/www.destinosalnes.com\/pt-pt\/aviso-legal\/","schema":{"@context":"https:\/\/schema.org","@graph":[{"@type":"WebPage","@id":"https:\/\/www.destinosalnes.com\/pt-pt\/aviso-legal\/","url":"https:\/\/www.destinosalnes.com\/pt-pt\/aviso-legal\/","name":"Aviso legal - Saln\u00e9s","isPartOf":{"@id":"https:\/\/www.destinosalnes.com\/es\/#website"},"primaryImageOfPage":{"@id":"https:\/\/www.destinosalnes.com\/pt-pt\/aviso-legal\/#primaryimage"},"image":{"@id":"https:\/\/www.destinosalnes.com\/pt-pt\/aviso-legal\/#primaryimage"},"thumbnailUrl":"https:\/\/www.destinosalnes.com\/wp-content\/uploads\/2024\/04\/Papeles.webp","datePublished":"2024-05-21T07:00:36+00:00","dateModified":"2024-11-26T13:24:04+00:00","breadcrumb":{"@id":"https:\/\/www.destinosalnes.com\/pt-pt\/aviso-legal\/#breadcrumb"},"inLanguage":"gl-ES","potentialAction":[{"@type":"ReadAction","target":["https:\/\/www.destinosalnes.com\/pt-pt\/aviso-legal\/"]}]},{"@type":"ImageObject","inLanguage":"gl-ES","@id":"https:\/\/www.destinosalnes.com\/pt-pt\/aviso-legal\/#primaryimage","url":"https:\/\/www.destinosalnes.com\/wp-content\/uploads\/2024\/04\/Papeles.webp","contentUrl":"https:\/\/www.destinosalnes.com\/wp-content\/uploads\/2024\/04\/Papeles.webp","width":1000,"height":562},{"@type":"BreadcrumbList","@id":"https:\/\/www.destinosalnes.com\/pt-pt\/aviso-legal\/#breadcrumb","itemListElement":[{"@type":"ListItem","position":1,"name":"Saln\u00e9s","item":"https:\/\/www.destinosalnes.com\/gl\/"},{"@type":"ListItem","position":2,"name":"Saln\u00e9s","item":"https:\/\/www.destinosalnes.com\/es\/category\/salnes\/"},{"@type":"ListItem","position":3,"name":"Aviso legal"}]},{"@type":"WebSite","@id":"https:\/\/www.destinosalnes.com\/es\/#website","url":"https:\/\/www.destinosalnes.com\/es\/","name":"Saln\u00e9s","description":"","publisher":{"@id":"https:\/\/www.destinosalnes.com\/es\/#organization"},"potentialAction":[{"@type":"SearchAction","target":{"@type":"EntryPoint","urlTemplate":"https:\/\/www.destinosalnes.com\/es\/?s={search_term_string}"},"query-input":{"@type":"PropertyValueSpecification","valueRequired":true,"valueName":"search_term_string"}}],"inLanguage":"gl-ES"},{"@type":"Organization","@id":"https:\/\/www.destinosalnes.com\/es\/#organization","name":"Saln\u00e9s","url":"https:\/\/www.destinosalnes.com\/es\/","logo":{"@type":"ImageObject","inLanguage":"gl-ES","@id":"https:\/\/www.destinosalnes.com\/es\/#\/schema\/logo\/image\/","url":"","contentUrl":"","caption":"Saln\u00e9s"},"image":{"@id":"https:\/\/www.destinosalnes.com\/es\/#\/schema\/logo\/image\/"},"sameAs":["https:\/\/es-es.facebook.com\/mancomunidade.salnes","https:\/\/x.com\/infosalnes"]}]}},"_links":{"self":[{"href":"https:\/\/www.destinosalnes.com\/gl\/wp-json\/wp\/v2\/pages\/117007","targetHints":{"allow":["GET"]}}],"collection":[{"href":"https:\/\/www.destinosalnes.com\/gl\/wp-json\/wp\/v2\/pages"}],"about":[{"href":"https:\/\/www.destinosalnes.com\/gl\/wp-json\/wp\/v2\/types\/page"}],"author":[{"embeddable":true,"href":"https:\/\/www.destinosalnes.com\/gl\/wp-json\/wp\/v2\/users\/42"}],"replies":[{"embeddable":true,"href":"https:\/\/www.destinosalnes.com\/gl\/wp-json\/wp\/v2\/comments?post=117007"}],"version-history":[{"count":5,"href":"https:\/\/www.destinosalnes.com\/gl\/wp-json\/wp\/v2\/pages\/117007\/revisions"}],"predecessor-version":[{"id":130021,"href":"https:\/\/www.destinosalnes.com\/gl\/wp-json\/wp\/v2\/pages\/117007\/revisions\/130021"}],"wp:featuredmedia":[{"embeddable":true,"href":"https:\/\/www.destinosalnes.com\/gl\/wp-json\/wp\/v2\/media\/105421"}],"wp:attachment":[{"href":"https:\/\/www.destinosalnes.com\/gl\/wp-json\/wp\/v2\/media?parent=117007"}],"wp:term":[{"taxonomy":"category","embeddable":true,"href":"https:\/\/www.destinosalnes.com\/gl\/wp-json\/wp\/v2\/categories?post=117007"},{"taxonomy":"post_tag","embeddable":true,"href":"https:\/\/www.destinosalnes.com\/gl\/wp-json\/wp\/v2\/tags?post=117007"}],"curies":[{"name":"wp","href":"https:\/\/api.w.org\/{rel}","templated":true}]}}