{"id":109244,"date":"2024-04-23T07:47:11","date_gmt":"2024-04-23T07:47:11","guid":{"rendered":"https:\/\/www.destinosalnes.com\/ogrove-politica-cookies\/"},"modified":"2025-09-12T09:43:01","modified_gmt":"2025-09-12T07:43:01","slug":"ogrove-politica-cookies","status":"publish","type":"page","link":"https:\/\/www.destinosalnes.com\/gl\/ogrove-politica-cookies\/","title":{"rendered":"Pol\u00edtica de Cookies"},"content":{"rendered":"\t\t<div data-elementor-type=\"wp-page\" data-elementor-id=\"109244\" class=\"elementor elementor-109244 elementor-99020\" data-elementor-post-type=\"page\">\n\t\t\t\t\t\t<section class=\"elementor-section elementor-top-section elementor-element elementor-element-3bc26a29 elementor-section-full_width Portada elementor-section-height-default elementor-section-height-default\" data-id=\"3bc26a29\" data-element_type=\"section\">\n\t\t\t\t\t\t<div class=\"elementor-container elementor-column-gap-default\">\n\t\t\t\t\t<div class=\"elementor-column elementor-col-100 elementor-top-column elementor-element elementor-element-5e9e78c2\" data-id=\"5e9e78c2\" data-element_type=\"column\">\n\t\t\t<div class=\"elementor-widget-wrap elementor-element-populated\">\n\t\t\t\t\t\t<div class=\"elementor-element elementor-element-168d7b86 Cabecera elementor--h-position-center elementor--v-position-middle elementor-widget elementor-widget-slides\" data-id=\"168d7b86\" data-element_type=\"widget\" data-settings=\"{&quot;navigation&quot;:&quot;none&quot;,&quot;_animation&quot;:&quot;none&quot;,&quot;autoplay&quot;:&quot;yes&quot;,&quot;pause_on_hover&quot;:&quot;yes&quot;,&quot;pause_on_interaction&quot;:&quot;yes&quot;,&quot;autoplay_speed&quot;:5000,&quot;infinite&quot;:&quot;yes&quot;,&quot;transition&quot;:&quot;slide&quot;,&quot;transition_speed&quot;:500}\" data-widget_type=\"slides.default\">\n\t\t\t\t<div class=\"elementor-widget-container\">\n\t\t\t<style>.elementor-slides .swiper-slide-bg{background-size:cover;background-position:50%;background-repeat:no-repeat;min-width:100%;min-height:100%}.elementor-slides .swiper-slide-inner{background-repeat:no-repeat;background-position:50%;position:absolute;top:0;left:0;bottom:0;right:0;padding:50px;margin:auto}.elementor-slides .swiper-slide-inner,.elementor-slides .swiper-slide-inner:hover{color:#fff;display:flex}.elementor-slides .swiper-slide-inner .elementor-background-overlay{position:absolute;z-index:0;top:0;bottom:0;left:0;right:0}.elementor-slides .swiper-slide-inner .elementor-slide-content{position:relative;z-index:1;width:100%}.elementor-slides .swiper-slide-inner .elementor-slide-heading{font-size:35px;font-weight:700;line-height:1}.elementor-slides .swiper-slide-inner .elementor-slide-description{font-size:17px;line-height:1.4}.elementor-slides .swiper-slide-inner .elementor-slide-description:not(:last-child),.elementor-slides .swiper-slide-inner .elementor-slide-heading:not(:last-child){margin-bottom:30px}.elementor-slides .swiper-slide-inner .elementor-slide-button{border:2px solid #fff;color:#fff;background:transparent;display:inline-block}.elementor-slides .swiper-slide-inner .elementor-slide-button,.elementor-slides .swiper-slide-inner .elementor-slide-button:hover{background:transparent;color:inherit;text-decoration:none}.elementor--v-position-top .swiper-slide-inner{align-items:flex-start}.elementor--v-position-bottom .swiper-slide-inner{align-items:flex-end}.elementor--v-position-middle .swiper-slide-inner{align-items:center}.elementor--h-position-left .swiper-slide-inner{justify-content:flex-start}.elementor--h-position-right .swiper-slide-inner{justify-content:flex-end}.elementor--h-position-center .swiper-slide-inner{justify-content:center}body.rtl .elementor-widget-slides .elementor-swiper-button-next{left:10px;right:auto}body.rtl .elementor-widget-slides .elementor-swiper-button-prev{right:10px;left:auto}.elementor-slides-wrapper div:not(.swiper-slide)>.swiper-slide-inner{display:none}@media (max-width:767px){.elementor-slides .swiper-slide-inner{padding:30px}.elementor-slides .swiper-slide-inner .elementor-slide-heading{font-size:23px;line-height:1;margin-bottom:15px}.elementor-slides .swiper-slide-inner .elementor-slide-description{font-size:13px;line-height:1.4;margin-bottom:15px}}<\/style>\t\t<div class=\"elementor-swiper\">\n\t\t\t<div class=\"elementor-slides-wrapper elementor-main-swiper swiper\" dir=\"ltr\" data-animation=\"\">\n\t\t\t\t<div class=\"swiper-wrapper elementor-slides\">\n\t\t\t\t\t\t\t\t\t\t<div class=\"elementor-repeater-item-f15b013 swiper-slide\"><div class=\"swiper-slide-bg\" role=\"img\"><\/div><div class=\"elementor-background-overlay\"><\/div><div class=\"swiper-slide-inner\" ><div class=\"swiper-slide-contents\"><\/div><\/div><\/div>\t\t\t\t<\/div>\n\t\t\t\t\t\t\t<\/div>\n\t\t<\/div>\n\t\t\t\t<\/div>\n\t\t\t\t<\/div>\n\t\t\t\t\t<\/div>\n\t\t<\/div>\n\t\t\t\t\t<\/div>\n\t\t<\/section>\n\t\t\t\t<section class=\"elementor-section elementor-top-section elementor-element elementor-element-4b7654e elementor-section-full_width elementor-section-height-default elementor-section-height-default\" data-id=\"4b7654e\" data-element_type=\"section\">\n\t\t\t\t\t\t<div class=\"elementor-container elementor-column-gap-default\">\n\t\t\t\t\t<div class=\"elementor-column elementor-col-100 elementor-top-column elementor-element elementor-element-156a1e41\" data-id=\"156a1e41\" data-element_type=\"column\">\n\t\t\t<div class=\"elementor-widget-wrap elementor-element-populated\">\n\t\t\t\t\t\t<div class=\"elementor-element elementor-element-7aeccbb2 elementor-widget elementor-widget-breadcrumbs\" data-id=\"7aeccbb2\" data-element_type=\"widget\" data-widget_type=\"breadcrumbs.default\">\n\t\t\t\t<div class=\"elementor-widget-container\">\n\t\t\t<link rel=\"stylesheet\" href=\"https:\/\/www.destinosalnes.com\/wp-content\/plugins\/elementor-pro\/assets\/css\/widget-theme-elements.min.css\"><p id=\"breadcrumbs\"><nav class=\"yoast-breadcrumb\" role=\"navigation\" aria-label=\"Breadcrumb\"><span><span><a href=\"https:\/\/www.destinosalnes.com\/gl\/\">Saln\u00e9s<\/a><\/span><\/span><\/nav><\/p>\t\t<\/div>\n\t\t\t\t<\/div>\n\t\t\t\t\t<\/div>\n\t\t<\/div>\n\t\t\t\t\t<\/div>\n\t\t<\/section>\n\t\t\t\t<section class=\"elementor-section elementor-top-section elementor-element elementor-element-3c369af elementor-section-full_width elementor-section-height-default elementor-section-height-default\" data-id=\"3c369af\" data-element_type=\"section\">\n\t\t\t\t\t\t<div class=\"elementor-container elementor-column-gap-default\">\n\t\t\t\t\t<div class=\"elementor-column elementor-col-100 elementor-top-column elementor-element elementor-element-65476d2\" data-id=\"65476d2\" data-element_type=\"column\">\n\t\t\t<div class=\"elementor-widget-wrap elementor-element-populated\">\n\t\t\t\t\t\t<div class=\"elementor-element elementor-element-6558daa elementor-widget elementor-widget-text-editor\" data-id=\"6558daa\" data-element_type=\"widget\" data-widget_type=\"text-editor.default\">\n\t\t\t\t<div class=\"elementor-widget-container\">\n\t\t\t<style>\/*! elementor - v3.20.0 - 11-03-2024 *\/\n.elementor-widget-text-editor.elementor-drop-cap-view-stacked .elementor-drop-cap{background-color:#69727d;color:#fff}.elementor-widget-text-editor.elementor-drop-cap-view-framed .elementor-drop-cap{color:#69727d;border:3px solid;background-color:transparent}.elementor-widget-text-editor:not(.elementor-drop-cap-view-default) .elementor-drop-cap{margin-top:8px}.elementor-widget-text-editor:not(.elementor-drop-cap-view-default) .elementor-drop-cap-letter{width:1em;height:1em}.elementor-widget-text-editor .elementor-drop-cap{float:left;text-align:center;line-height:1;font-size:50px}.elementor-widget-text-editor .elementor-drop-cap-letter{display:inline-block}<\/style>\t\t\t\t<p class=\"gt-block\"><i>Esta Pol\u00edtica de cookies foi actualizada por \u00faltima vez o 09\/05\/2022 e apl\u00edcase aos cidad\u00e1ns e residentes permanentes legais do Espazo Econ\u00f3mico Europeo e Su\u00edza.<\/i><\/p>\n<h2>1. Introduci\u00f3n<\/h2>\n<p>O noso sitio web utiliza cookies e outras tecnolox\u00edas relacionadas (para maior comodidade, todas as tecnolox\u00edas denom\u00ednanse \u201ccookies\u201d). As cookies tam\u00e9n son colocadas por terceiros cos que temos contratado. No seguinte documento inform\u00e1mosvos sobre o uso de cookies no noso sitio web.<\/p>\n<h2>2. Que son as cookies?<\/h2>\n<p>Unha cookie \u00e9 un pequeno ficheiro que se env\u00eda xunto coas p\u00e1xinas deste sitio web e que o teu navegador almacena no disco duro do teu ordenador ou outro dispositivo. A informaci\u00f3n almacenada p\u00f3dese devolver aos nosos servidores ou aos servidores de terceiros apropiados durante unha visita posterior.<\/p>\n<h2>3. Que son os gui\u00f3ns?<\/h2>\n<p>Un script \u00e9 unha peza de c\u00f3digo do programa que se usa para que o noso sitio web funcione de forma correcta e interactiva. Este c\u00f3digo exec\u00fatase no noso servidor ou no teu dispositivo.<\/p>\n<h2>4. Que \u00e9 unha baliza web?<\/h2>\n<p>Unha baliza web (ou etiqueta de p\u00edxeles) \u00e9 unha pequena peza de texto ou imaxe invisible nun sitio web que se usa para supervisar o tr\u00e1fico dun sitio web. Para iso, g\u00e1rdanse varios datos sobre est\u00e1s usando estas balizas web.<\/p>\n<h2>5. Cookies<\/h2>\n<p class=\"cmplz-subtitle\">5.1 Cookies t\u00e9cnicas ou funcionais<\/p>\n<p>Algunhas cookies aseguran que certas partes do sitio web funcionan correctamente e que as s\u00faas preferencias de usuario contin\u00faan lembr\u00e1ndose. Ao colocar cookies funcionais, facilitamos a visita ao noso sitio web. Deste xeito, non precisa introducir repetidamente a mesma informaci\u00f3n cando visite o noso sitio web e, por exemplo, os artigos permanecen na cesta da compra ata que pague. Podemos colocar estas cookies sen o seu consentimento.<\/p>\n<p class=\"cmplz-subtitle\">5.2 Cookies de estat\u00edsticas<\/p>\n<p>Usamos cookies estat\u00edsticas para optimizar a experiencia web dos nosos usuarios. Con estas cookies estat\u00edsticas obtemos informaci\u00f3n sobre o uso do noso sitio web. Pedimos o teu permiso para colocar cookies estat\u00edsticas.<\/p>\n<p class=\"cmplz-subtitle\">5.3 Cookies de marketing\/seguimento<\/p>\n<p>As cookies de mercadotecnia \/ seguimento son cookies ou calquera outra forma de almacenamento local que se utilizan para crear perf\u00eds de usuario para amosar publicidade ou para rastrexar ao usuario neste sitio web ou en varios sitios web con fins de mercadotecnia similares.<\/p>\n<h2>6. Consentimento<\/h2>\n<p>Cando visites o noso sitio web por primeira vez, mostrar\u00e9mosche unha vent\u00e1 emerxente cunha explicaci\u00f3n. sobre as galletas. En canto faga clic en \u201cGardar preferencias\u201d, acepta o noso uso das categor\u00edas de cookies e complementos que seleccionou na vent\u00e1 emerxente, tal e como se describe nesta pol\u00edtica de cookies. Podes desactivar o uso de cookies a trav\u00e9s do teu navegador, pero ten en conta que o noso sitio web pode deixar de funcionar correctamente.<\/p>\n<h2>7. Activaci\u00f3n\/desactivaci\u00f3n e eliminaci\u00f3n de cookies<\/h2>\n<p>Podes usar o teu navegador de Internet para eliminar as cookies de forma autom\u00e1tica ou manual. Tam\u00e9n pode especificar que non se poden colocar determinadas cookies. Outra opci\u00f3n \u00e9 cambiar a configuraci\u00f3n do seu navegador de Internet para que reciba unha mensaxe cada vez que se coloque unha cookie. Para m\u00e1is informaci\u00f3n sobre estas opci\u00f3ns, consulta as instruci\u00f3ns da secci\u00f3n \u201cAxuda\u201d do teu navegador. Ten en conta que \u00e9 posible que o noso sitio web non funcione correctamente se todas as cookies est\u00e1n desactivadas. Se elimina as cookies do seu navegador, volver\u00e1n colocarse despois do seu consentimento cando visite de novo os nosos sitios web.<\/p>\n<h2>8. Os seus dereitos con respecto aos datos persoais<\/h2>\n<p>Ten os seguintes dereitos con respecto aos seus datos persoais:<\/p>\n<ul>\n<li>Tes dereito a saber por que son necesarios os teus datos persoais, que pasar\u00e1 con eles e canto tempo se conservar\u00e1n.<\/li>\n<li>Dereito de acceso: ten dereito a acceder aos seus datos persoais que co\u00f1ecemos.<\/li>\n<li>Dereito de rectificaci\u00f3n: ten dereito a completar, rectificar, borrar ou bloquear os seus datos persoais sempre que o desexe.<\/li>\n<li>Se nos das o teu consentimento para procesar os teus datos, tes dereito a revogar ese consentimento e a eliminar os teus datos persoais.<\/li>\n<li>Dereito a transferir os seus datos: ten dereito a solicitar todos os seus datos persoais \u00e1 persoa responsable do tratamento e transferilos integramente a outra persoa responsable do tratamento.<\/li>\n<li>Dereito de oposici\u00f3n: pode opo\u00f1erse ao tratamento dos seus datos. Cumpr\u00edmolo, a non ser que haxa boas raz\u00f3ns para o procesamento.<\/li>\n<\/ul>\n<p>Para exercer estes dereitos, p\u00f3\u00f1ase en contacto connosco. Consulte os datos de contacto ao final desta pol\u00edtica de cookies. se tes algunha queixa sobre como xestionamos os seus datos, gustar\u00edanos que nolo fagades saber, pero tam\u00e9n ten dereito a enviar unha reclamaci\u00f3n \u00e1 autoridade de control (a autoridade de protecci\u00f3n de datos).<\/p>\n<h2>9. Informaci\u00f3n de contacto<\/h2>\n<p>Para preguntas e\/ou comentarios sobre nosa pol\u00edtica de cookies e esta declaraci\u00f3n, p\u00f3\u00f1ase en contacto connosco.<\/p>\n<p>Praza do Corgo, s\/n.<br \/>\n986731415<br \/>\n<a class=\"enlace\" href=\"mailto:oftur@concellodogrove.es\">oftur@concellodogrove.es<\/a><\/p>\n\t\t\t\t\t\t<\/div>\n\t\t\t\t<\/div>\n\t\t\t\t\t<\/div>\n\t\t<\/div>\n\t\t\t\t\t<\/div>\n\t\t<\/section>\n\t\t\t\t<\/div>\n\t\t","protected":false},"excerpt":{"rendered":"","protected":false},"author":42,"featured_media":0,"parent":0,"menu_order":0,"comment_status":"closed","ping_status":"closed","template":"","meta":{"_acf_changed":false,"footnotes":""},"categories":[1011],"tags":[],"class_list":["post-109244","page","type-page","status-publish","hentry","category-o-grove-gl"],"acf":{"texto":"<p class=\"gt-block\"><i>Esta Pol\u00edtica de cookies foi actualizada por \u00faltima vez o 09\/05\/2022 e apl\u00edcase aos cidad\u00e1ns e residentes permanentes legais do Espazo Econ\u00f3mico Europeo e Su\u00edza.<\/i><\/p>\r\n\r\n<h2>1. Introduci\u00f3n<\/h2>\r\nO noso sitio web utiliza cookies e outras tecnolox\u00edas relacionadas (para maior comodidade, todas as tecnolox\u00edas denom\u00ednanse \u201ccookies\u201d). As cookies tam\u00e9n son colocadas por terceiros cos que temos contratado. No seguinte documento inform\u00e1mosvos sobre o uso de cookies no noso sitio web.\r\n<h2>2. Que son as cookies?<\/h2>\r\nUnha cookie \u00e9 un pequeno ficheiro que se env\u00eda xunto coas p\u00e1xinas deste sitio web e que o teu navegador almacena no disco duro do teu ordenador ou outro dispositivo. A informaci\u00f3n almacenada p\u00f3dese devolver aos nosos servidores ou aos servidores de terceiros apropiados durante unha visita posterior.\r\n<h2>3. Que son os gui\u00f3ns?<\/h2>\r\nUn script \u00e9 unha peza de c\u00f3digo do programa que se usa para que o noso sitio web funcione de forma correcta e interactiva. Este c\u00f3digo exec\u00fatase no noso servidor ou no teu dispositivo.\r\n<h2>4. Que \u00e9 unha baliza web?<\/h2>\r\nUnha baliza web (ou etiqueta de p\u00edxeles) \u00e9 unha pequena peza de texto ou imaxe invisible nun sitio web que se usa para supervisar o tr\u00e1fico dun sitio web. Para iso, g\u00e1rdanse varios datos sobre est\u00e1s usando estas balizas web.\r\n<h2>5. Cookies<\/h2>\r\n<p class=\"cmplz-subtitle\">5.1 Cookies t\u00e9cnicas ou funcionais<\/p>\r\nAlgunhas cookies aseguran que certas partes do sitio web funcionan correctamente e que as s\u00faas preferencias de usuario contin\u00faan lembr\u00e1ndose. Ao colocar cookies funcionais, facilitamos a visita ao noso sitio web. Deste xeito, non precisa introducir repetidamente a mesma informaci\u00f3n cando visite o noso sitio web e, por exemplo, os artigos permanecen na cesta da compra ata que pague. Podemos colocar estas cookies sen o seu consentimento.\r\n<p class=\"cmplz-subtitle\">5.2 Cookies de estat\u00edsticas<\/p>\r\nUsamos cookies estat\u00edsticas para optimizar a experiencia web dos nosos usuarios. Con estas cookies estat\u00edsticas obtemos informaci\u00f3n sobre o uso do noso sitio web. Pedimos o teu permiso para colocar cookies estat\u00edsticas.\r\n<p class=\"cmplz-subtitle\">5.3 Cookies de marketing\/seguimento<\/p>\r\nAs cookies de mercadotecnia \/ seguimento son cookies ou calquera outra forma de almacenamento local que se utilizan para crear perf\u00eds de usuario para amosar publicidade ou para rastrexar ao usuario neste sitio web ou en varios sitios web con fins de mercadotecnia similares.\r\n<h2>6. Consentimento<\/h2>\r\nCando visites o noso sitio web por primeira vez, mostrar\u00e9mosche unha vent\u00e1 emerxente cunha explicaci\u00f3n. sobre as galletas. En canto faga clic en \u201cGardar preferencias\u201d, acepta o noso uso das categor\u00edas de cookies e complementos que seleccionou na vent\u00e1 emerxente, tal e como se describe nesta pol\u00edtica de cookies. Podes desactivar o uso de cookies a trav\u00e9s do teu navegador, pero ten en conta que o noso sitio web pode deixar de funcionar correctamente.\r\n<h2>7. Activaci\u00f3n\/desactivaci\u00f3n e eliminaci\u00f3n de cookies<\/h2>\r\nPodes usar o teu navegador de Internet para eliminar as cookies de forma autom\u00e1tica ou manual. Tam\u00e9n pode especificar que non se poden colocar determinadas cookies. Outra opci\u00f3n \u00e9 cambiar a configuraci\u00f3n do seu navegador de Internet para que reciba unha mensaxe cada vez que se coloque unha cookie. Para m\u00e1is informaci\u00f3n sobre estas opci\u00f3ns, consulta as instruci\u00f3ns da secci\u00f3n \u201cAxuda\u201d do teu navegador. Ten en conta que \u00e9 posible que o noso sitio web non funcione correctamente se todas as cookies est\u00e1n desactivadas. Se elimina as cookies do seu navegador, volver\u00e1n colocarse despois do seu consentimento cando visite de novo os nosos sitios web.\r\n<h2>8. Os seus dereitos con respecto aos datos persoais<\/h2>\r\nTen os seguintes dereitos con respecto aos seus datos persoais:\r\n<ul>\r\n \t<li>Tes dereito a saber por que son necesarios os teus datos persoais, que pasar\u00e1 con eles e canto tempo se conservar\u00e1n.<\/li>\r\n \t<li>Dereito de acceso: ten dereito a acceder aos seus datos persoais que co\u00f1ecemos.<\/li>\r\n \t<li>Dereito de rectificaci\u00f3n: ten dereito a completar, rectificar, borrar ou bloquear os seus datos persoais sempre que o desexe.<\/li>\r\n \t<li>Se nos das o teu consentimento para procesar os teus datos, tes dereito a revogar ese consentimento e a eliminar os teus datos persoais.<\/li>\r\n \t<li>Dereito a transferir os seus datos: ten dereito a solicitar todos os seus datos persoais \u00e1 persoa responsable do tratamento e transferilos integramente a outra persoa responsable do tratamento.<\/li>\r\n \t<li>Dereito de oposici\u00f3n: pode opo\u00f1erse ao tratamento dos seus datos. Cumpr\u00edmolo, a non ser que haxa boas raz\u00f3ns para o procesamento.<\/li>\r\n<\/ul>\r\nPara exercer estes dereitos, p\u00f3\u00f1ase en contacto connosco. Consulte os datos de contacto ao final desta pol\u00edtica de cookies. se tes algunha queixa sobre como xestionamos os seus datos, gustar\u00edanos que nolo fagades saber, pero tam\u00e9n ten dereito a enviar unha reclamaci\u00f3n \u00e1 autoridade de control (a autoridade de protecci\u00f3n de datos).\r\n<h2>9. Informaci\u00f3n de contacto<\/h2>\r\nPara preguntas e\/ou comentarios sobre nosa pol\u00edtica de cookies e esta declaraci\u00f3n, p\u00f3\u00f1ase en contacto connosco.\r\n\r\nPraza do Corgo, s\/n.\r\n986731415\r\n<a class=\"enlace\" href=\"mailto:oftur@concellodogrove.es\">oftur@concellodogrove.es<\/a>"},"yoast_head":"<!-- This site is optimized with the Yoast SEO plugin v23.9 - https:\/\/yoast.com\/wordpress\/plugins\/seo\/ -->\n<title>Pol\u00edtica de Cookies - Saln\u00e9s<\/title>\n<meta name=\"description\" content=\"Nuestra p\u00e1gina de pol\u00edtica de cookies explica c\u00f3mo usamos estas tecnolog\u00edas para mejorar tu experiencia en l\u00ednea y proteger tu privacidad.\" \/>\n<meta name=\"robots\" content=\"index, follow, max-snippet:-1, max-image-preview:large, max-video-preview:-1\" \/>\n<link rel=\"canonical\" href=\"https:\/\/www.destinosalnes.com\/es\/ogrove-politica-cookies\/\" \/>\n<script type=\"application\/ld+json\" class=\"yoast-schema-graph\">{\"@context\":\"https:\/\/schema.org\",\"@graph\":[{\"@type\":\"WebPage\",\"@id\":\"https:\/\/www.destinosalnes.com\/es\/ogrove-politica-cookies\/\",\"url\":\"https:\/\/www.destinosalnes.com\/es\/ogrove-politica-cookies\/\",\"name\":\"Pol\u00edtica de Cookies - Saln\u00e9s\",\"isPartOf\":{\"@id\":\"https:\/\/www.destinosalnes.com\/es\/#website\"},\"datePublished\":\"2024-04-23T07:47:11+00:00\",\"dateModified\":\"2025-09-12T07:43:01+00:00\",\"description\":\"Nuestra p\u00e1gina de pol\u00edtica de cookies explica c\u00f3mo usamos estas tecnolog\u00edas para mejorar tu experiencia en l\u00ednea y proteger tu privacidad.\",\"breadcrumb\":{\"@id\":\"https:\/\/www.destinosalnes.com\/es\/ogrove-politica-cookies\/#breadcrumb\"},\"inLanguage\":\"gl-ES\",\"potentialAction\":[{\"@type\":\"ReadAction\",\"target\":[\"https:\/\/www.destinosalnes.com\/es\/ogrove-politica-cookies\/\"]}]},{\"@type\":\"BreadcrumbList\",\"@id\":\"https:\/\/www.destinosalnes.com\/es\/ogrove-politica-cookies\/#breadcrumb\",\"itemListElement\":[{\"@type\":\"ListItem\",\"position\":1,\"name\":\"Saln\u00e9s\",\"item\":\"https:\/\/www.destinosalnes.com\/gl\/\"},{\"@type\":\"ListItem\",\"position\":2,\"name\":\"O Grove\",\"item\":\"https:\/\/www.destinosalnes.com\/es\/category\/o-grove\/\"},{\"@type\":\"ListItem\",\"position\":3,\"name\":\"Pol\u00edtica de Cookies\"}]},{\"@type\":\"WebSite\",\"@id\":\"https:\/\/www.destinosalnes.com\/es\/#website\",\"url\":\"https:\/\/www.destinosalnes.com\/es\/\",\"name\":\"Saln\u00e9s\",\"description\":\"\",\"publisher\":{\"@id\":\"https:\/\/www.destinosalnes.com\/es\/#organization\"},\"potentialAction\":[{\"@type\":\"SearchAction\",\"target\":{\"@type\":\"EntryPoint\",\"urlTemplate\":\"https:\/\/www.destinosalnes.com\/es\/?s={search_term_string}\"},\"query-input\":{\"@type\":\"PropertyValueSpecification\",\"valueRequired\":true,\"valueName\":\"search_term_string\"}}],\"inLanguage\":\"gl-ES\"},{\"@type\":\"Organization\",\"@id\":\"https:\/\/www.destinosalnes.com\/es\/#organization\",\"name\":\"Saln\u00e9s\",\"url\":\"https:\/\/www.destinosalnes.com\/es\/\",\"logo\":{\"@type\":\"ImageObject\",\"inLanguage\":\"gl-ES\",\"@id\":\"https:\/\/www.destinosalnes.com\/es\/#\/schema\/logo\/image\/\",\"url\":\"\",\"contentUrl\":\"\",\"caption\":\"Saln\u00e9s\"},\"image\":{\"@id\":\"https:\/\/www.destinosalnes.com\/es\/#\/schema\/logo\/image\/\"},\"sameAs\":[\"https:\/\/es-es.facebook.com\/mancomunidade.salnes\",\"https:\/\/x.com\/infosalnes\"]}]}<\/script>\n<!-- \/ Yoast SEO plugin. -->","yoast_head_json":{"title":"Pol\u00edtica de Cookies - Saln\u00e9s","description":"Nuestra p\u00e1gina de pol\u00edtica de cookies explica c\u00f3mo usamos estas tecnolog\u00edas para mejorar tu experiencia en l\u00ednea y proteger tu privacidad.","robots":{"index":"index","follow":"follow","max-snippet":"max-snippet:-1","max-image-preview":"max-image-preview:large","max-video-preview":"max-video-preview:-1"},"canonical":"https:\/\/www.destinosalnes.com\/es\/ogrove-politica-cookies\/","schema":{"@context":"https:\/\/schema.org","@graph":[{"@type":"WebPage","@id":"https:\/\/www.destinosalnes.com\/es\/ogrove-politica-cookies\/","url":"https:\/\/www.destinosalnes.com\/es\/ogrove-politica-cookies\/","name":"Pol\u00edtica de Cookies - Saln\u00e9s","isPartOf":{"@id":"https:\/\/www.destinosalnes.com\/es\/#website"},"datePublished":"2024-04-23T07:47:11+00:00","dateModified":"2025-09-12T07:43:01+00:00","description":"Nuestra p\u00e1gina de pol\u00edtica de cookies explica c\u00f3mo usamos estas tecnolog\u00edas para mejorar tu experiencia en l\u00ednea y proteger tu privacidad.","breadcrumb":{"@id":"https:\/\/www.destinosalnes.com\/es\/ogrove-politica-cookies\/#breadcrumb"},"inLanguage":"gl-ES","potentialAction":[{"@type":"ReadAction","target":["https:\/\/www.destinosalnes.com\/es\/ogrove-politica-cookies\/"]}]},{"@type":"BreadcrumbList","@id":"https:\/\/www.destinosalnes.com\/es\/ogrove-politica-cookies\/#breadcrumb","itemListElement":[{"@type":"ListItem","position":1,"name":"Saln\u00e9s","item":"https:\/\/www.destinosalnes.com\/gl\/"},{"@type":"ListItem","position":2,"name":"O Grove","item":"https:\/\/www.destinosalnes.com\/es\/category\/o-grove\/"},{"@type":"ListItem","position":3,"name":"Pol\u00edtica de Cookies"}]},{"@type":"WebSite","@id":"https:\/\/www.destinosalnes.com\/es\/#website","url":"https:\/\/www.destinosalnes.com\/es\/","name":"Saln\u00e9s","description":"","publisher":{"@id":"https:\/\/www.destinosalnes.com\/es\/#organization"},"potentialAction":[{"@type":"SearchAction","target":{"@type":"EntryPoint","urlTemplate":"https:\/\/www.destinosalnes.com\/es\/?s={search_term_string}"},"query-input":{"@type":"PropertyValueSpecification","valueRequired":true,"valueName":"search_term_string"}}],"inLanguage":"gl-ES"},{"@type":"Organization","@id":"https:\/\/www.destinosalnes.com\/es\/#organization","name":"Saln\u00e9s","url":"https:\/\/www.destinosalnes.com\/es\/","logo":{"@type":"ImageObject","inLanguage":"gl-ES","@id":"https:\/\/www.destinosalnes.com\/es\/#\/schema\/logo\/image\/","url":"","contentUrl":"","caption":"Saln\u00e9s"},"image":{"@id":"https:\/\/www.destinosalnes.com\/es\/#\/schema\/logo\/image\/"},"sameAs":["https:\/\/es-es.facebook.com\/mancomunidade.salnes","https:\/\/x.com\/infosalnes"]}]}},"_links":{"self":[{"href":"https:\/\/www.destinosalnes.com\/gl\/wp-json\/wp\/v2\/pages\/109244","targetHints":{"allow":["GET"]}}],"collection":[{"href":"https:\/\/www.destinosalnes.com\/gl\/wp-json\/wp\/v2\/pages"}],"about":[{"href":"https:\/\/www.destinosalnes.com\/gl\/wp-json\/wp\/v2\/types\/page"}],"author":[{"embeddable":true,"href":"https:\/\/www.destinosalnes.com\/gl\/wp-json\/wp\/v2\/users\/42"}],"replies":[{"embeddable":true,"href":"https:\/\/www.destinosalnes.com\/gl\/wp-json\/wp\/v2\/comments?post=109244"}],"version-history":[{"count":9,"href":"https:\/\/www.destinosalnes.com\/gl\/wp-json\/wp\/v2\/pages\/109244\/revisions"}],"predecessor-version":[{"id":142982,"href":"https:\/\/www.destinosalnes.com\/gl\/wp-json\/wp\/v2\/pages\/109244\/revisions\/142982"}],"wp:attachment":[{"href":"https:\/\/www.destinosalnes.com\/gl\/wp-json\/wp\/v2\/media?parent=109244"}],"wp:term":[{"taxonomy":"category","embeddable":true,"href":"https:\/\/www.destinosalnes.com\/gl\/wp-json\/wp\/v2\/categories?post=109244"},{"taxonomy":"post_tag","embeddable":true,"href":"https:\/\/www.destinosalnes.com\/gl\/wp-json\/wp\/v2\/tags?post=109244"}],"curies":[{"name":"wp","href":"https:\/\/api.w.org\/{rel}","templated":true}]}}