{"id":109234,"date":"2024-04-23T07:44:34","date_gmt":"2024-04-23T07:44:34","guid":{"rendered":"https:\/\/www.destinosalnes.com\/ogrove-politica-privacidad\/"},"modified":"2024-12-03T10:24:36","modified_gmt":"2024-12-03T09:24:36","slug":"ogrove-politica-privacidad","status":"publish","type":"page","link":"https:\/\/www.destinosalnes.com\/gl\/ogrove-politica-privacidad\/","title":{"rendered":"Pol\u00edtica de privacidade"},"content":{"rendered":"\t\t<div data-elementor-type=\"wp-page\" data-elementor-id=\"109234\" class=\"elementor elementor-109234 elementor-99021\" data-elementor-post-type=\"page\">\n\t\t\t\t\t\t<section class=\"elementor-section elementor-top-section elementor-element elementor-element-3f2ce1aa elementor-section-full_width Portada elementor-section-height-default elementor-section-height-default\" data-id=\"3f2ce1aa\" data-element_type=\"section\">\n\t\t\t\t\t\t<div class=\"elementor-container elementor-column-gap-default\">\n\t\t\t\t\t<div class=\"elementor-column elementor-col-100 elementor-top-column elementor-element elementor-element-5f9ea0b1\" data-id=\"5f9ea0b1\" data-element_type=\"column\">\n\t\t\t<div class=\"elementor-widget-wrap elementor-element-populated\">\n\t\t\t\t\t\t<div class=\"elementor-element elementor-element-4fc7481c Cabecera elementor--h-position-center elementor--v-position-middle elementor-widget elementor-widget-slides\" data-id=\"4fc7481c\" data-element_type=\"widget\" data-settings=\"{&quot;navigation&quot;:&quot;none&quot;,&quot;_animation&quot;:&quot;none&quot;,&quot;autoplay&quot;:&quot;yes&quot;,&quot;pause_on_hover&quot;:&quot;yes&quot;,&quot;pause_on_interaction&quot;:&quot;yes&quot;,&quot;autoplay_speed&quot;:5000,&quot;infinite&quot;:&quot;yes&quot;,&quot;transition&quot;:&quot;slide&quot;,&quot;transition_speed&quot;:500}\" data-widget_type=\"slides.default\">\n\t\t\t\t<div class=\"elementor-widget-container\">\n\t\t\t<style>.elementor-slides .swiper-slide-bg{background-size:cover;background-position:50%;background-repeat:no-repeat;min-width:100%;min-height:100%}.elementor-slides .swiper-slide-inner{background-repeat:no-repeat;background-position:50%;position:absolute;top:0;left:0;bottom:0;right:0;padding:50px;margin:auto}.elementor-slides .swiper-slide-inner,.elementor-slides .swiper-slide-inner:hover{color:#fff;display:flex}.elementor-slides .swiper-slide-inner .elementor-background-overlay{position:absolute;z-index:0;top:0;bottom:0;left:0;right:0}.elementor-slides .swiper-slide-inner .elementor-slide-content{position:relative;z-index:1;width:100%}.elementor-slides .swiper-slide-inner .elementor-slide-heading{font-size:35px;font-weight:700;line-height:1}.elementor-slides .swiper-slide-inner .elementor-slide-description{font-size:17px;line-height:1.4}.elementor-slides .swiper-slide-inner .elementor-slide-description:not(:last-child),.elementor-slides .swiper-slide-inner .elementor-slide-heading:not(:last-child){margin-bottom:30px}.elementor-slides .swiper-slide-inner .elementor-slide-button{border:2px solid #fff;color:#fff;background:transparent;display:inline-block}.elementor-slides .swiper-slide-inner .elementor-slide-button,.elementor-slides .swiper-slide-inner .elementor-slide-button:hover{background:transparent;color:inherit;text-decoration:none}.elementor--v-position-top .swiper-slide-inner{align-items:flex-start}.elementor--v-position-bottom .swiper-slide-inner{align-items:flex-end}.elementor--v-position-middle .swiper-slide-inner{align-items:center}.elementor--h-position-left .swiper-slide-inner{justify-content:flex-start}.elementor--h-position-right .swiper-slide-inner{justify-content:flex-end}.elementor--h-position-center .swiper-slide-inner{justify-content:center}body.rtl .elementor-widget-slides .elementor-swiper-button-next{left:10px;right:auto}body.rtl .elementor-widget-slides .elementor-swiper-button-prev{right:10px;left:auto}.elementor-slides-wrapper div:not(.swiper-slide)>.swiper-slide-inner{display:none}@media (max-width:767px){.elementor-slides .swiper-slide-inner{padding:30px}.elementor-slides .swiper-slide-inner .elementor-slide-heading{font-size:23px;line-height:1;margin-bottom:15px}.elementor-slides .swiper-slide-inner .elementor-slide-description{font-size:13px;line-height:1.4;margin-bottom:15px}}<\/style>\t\t<div class=\"elementor-swiper\">\n\t\t\t<div class=\"elementor-slides-wrapper elementor-main-swiper swiper\" dir=\"ltr\" data-animation=\"\">\n\t\t\t\t<div class=\"swiper-wrapper elementor-slides\">\n\t\t\t\t\t\t\t\t\t\t<div class=\"elementor-repeater-item-f15b013 swiper-slide\"><div class=\"swiper-slide-bg\" role=\"img\"><\/div><div class=\"elementor-background-overlay\"><\/div><div class=\"swiper-slide-inner\" ><div class=\"swiper-slide-contents\"><\/div><\/div><\/div>\t\t\t\t<\/div>\n\t\t\t\t\t\t\t<\/div>\n\t\t<\/div>\n\t\t\t\t<\/div>\n\t\t\t\t<\/div>\n\t\t\t\t\t<\/div>\n\t\t<\/div>\n\t\t\t\t\t<\/div>\n\t\t<\/section>\n\t\t\t\t<section class=\"elementor-section elementor-top-section elementor-element elementor-element-1afff82 elementor-section-full_width elementor-section-height-default elementor-section-height-default\" data-id=\"1afff82\" data-element_type=\"section\">\n\t\t\t\t\t\t<div class=\"elementor-container elementor-column-gap-default\">\n\t\t\t\t\t<div class=\"elementor-column elementor-col-100 elementor-top-column elementor-element elementor-element-6fce3cf6\" data-id=\"6fce3cf6\" data-element_type=\"column\">\n\t\t\t<div class=\"elementor-widget-wrap elementor-element-populated\">\n\t\t\t\t\t\t<div class=\"elementor-element elementor-element-838e4f2 elementor-widget elementor-widget-breadcrumbs\" data-id=\"838e4f2\" data-element_type=\"widget\" data-widget_type=\"breadcrumbs.default\">\n\t\t\t\t<div class=\"elementor-widget-container\">\n\t\t\t<link rel=\"stylesheet\" href=\"https:\/\/www.destinosalnes.com\/wp-content\/plugins\/elementor-pro\/assets\/css\/widget-theme-elements.min.css\"><p id=\"breadcrumbs\"><nav class=\"yoast-breadcrumb\" role=\"navigation\" aria-label=\"Breadcrumb\"><span><span><a href=\"https:\/\/www.destinosalnes.com\/gl\/\">Saln\u00e9s<\/a><\/span><\/span><\/nav><\/p>\t\t<\/div>\n\t\t\t\t<\/div>\n\t\t\t\t\t<\/div>\n\t\t<\/div>\n\t\t\t\t\t<\/div>\n\t\t<\/section>\n\t\t\t\t<section class=\"elementor-section elementor-top-section elementor-element elementor-element-7524564 elementor-section-full_width elementor-section-height-default elementor-section-height-default\" data-id=\"7524564\" data-element_type=\"section\">\n\t\t\t\t\t\t<div class=\"elementor-container elementor-column-gap-default\">\n\t\t\t\t\t<div class=\"elementor-column elementor-col-100 elementor-top-column elementor-element elementor-element-957050e\" data-id=\"957050e\" data-element_type=\"column\">\n\t\t\t<div class=\"elementor-widget-wrap elementor-element-populated\">\n\t\t\t\t\t\t<div class=\"elementor-element elementor-element-c597b04 elementor-widget elementor-widget-text-editor\" data-id=\"c597b04\" data-element_type=\"widget\" data-widget_type=\"text-editor.default\">\n\t\t\t\t<div class=\"elementor-widget-container\">\n\t\t\t<style>\/*! elementor - v3.20.0 - 11-03-2024 *\/\n.elementor-widget-text-editor.elementor-drop-cap-view-stacked .elementor-drop-cap{background-color:#69727d;color:#fff}.elementor-widget-text-editor.elementor-drop-cap-view-framed .elementor-drop-cap{color:#69727d;border:3px solid;background-color:transparent}.elementor-widget-text-editor:not(.elementor-drop-cap-view-default) .elementor-drop-cap{margin-top:8px}.elementor-widget-text-editor:not(.elementor-drop-cap-view-default) .elementor-drop-cap-letter{width:1em;height:1em}.elementor-widget-text-editor .elementor-drop-cap{float:left;text-align:center;line-height:1;font-size:50px}.elementor-widget-text-editor .elementor-drop-cap-letter{display:inline-block}<\/style>\t\t\t\t<p class=\"gt-block\"><strong>Pol\u00edtica de privacidade e protecci\u00f3n de datos<\/strong><\/p>\n<p>En cumprimento do disposto na Lei Org\u00e1nica 15\/1999, do 13 de decembro, de Protecci\u00f3n de Datos de Car\u00e1cter Persoal (LOPD), o Concello do Grove informa aos usuarios deste sitio web que os datos persoais facilitados pasar\u00e1n a formar parte dun ficheiro automatizado de datos, cuxa titularidade e responsabilidade corresponde ao Concello grovense, sendo a s\u00faa finalidade poder atender e tramitar adecuadamente as solicitudes de consulta remitidas, as\u00ed como poder informar e transmitir informaci\u00f3n sobre os servizos que ofrece o Concello grovense. Sal\u00f3n. Ao enviar os seus datos, presta o seu consentimento expreso para que o Concello do Grove realice un tratamento automatizado.<\/p>\n<p>Os seus datos persoais son tratados coa m\u00e1xima confidencialidade, tendo adoptado o Concello do Grove, como responsable do ficheiro, as medidas t\u00e9cnicas e organizativas necesarias para garantir a confidencialidade e seguridade dos datos persoais, evitando a s\u00faa alteraci\u00f3n, perda, tratamento ou acceso. autorizado.<\/p>\n<p>O Concello grovense procede a arquivar os datos que facilitan os usuarios para realizar unha consulta ou presentar unha solicitude, alg\u00fans dos cales son necesarios para atenderlles adecuadamente. Adv\u00edrtese convenientemente ao usuario da necesidade de facilitar os devanditos datos. Inform\u00e1moslle de que o enderezo de correo electr\u00f3nico serve para atender a s\u00faa consulta, as\u00ed como para poder transmitirlle informaci\u00f3n sobre os servizos que ofrece o Concello grovense e para informarlle de calquera outra modificaci\u00f3n relevante que se produza.<\/p>\n<p>O noso sitio web non utiliza cookies nin outros medios t\u00e9cnicos que nos permitan identificar usuarios concretos ou co\u00f1ecer os seus datos de navegaci\u00f3n, sen que o usuario o te\u00f1a co\u00f1ecemento. Non obstante, o noso compromiso \u00e9 que calquera cambio na Pol\u00edtica de Privacidade ao respecto sexa notificado inmediatamente, a trav\u00e9s deste sitio web, inclu\u00edndo a oportuna rectificaci\u00f3n neste apartado.<\/p>\n<p>As\u00ed mesmo, en relaci\u00f3n cos datos persoais recollidos na forma prevista nesta Pol\u00edtica de Privacidade, inf\u00f3rmase aos usuarios de que te\u00f1en reco\u00f1ecidos dereitos de acceso, rectificaci\u00f3n, oposici\u00f3n e cancelaci\u00f3n dos seus datos persoais. Os citados dereitos poder\u00e1n ser exercidos, ben polo usuario ou polo seu representante, mediante o env\u00edo dunha solicitude escrita e asinada ao seguinte enderezo:<\/p>\n<p class=\"gt-block\" align=\"center\">Concello do Grove<br \/>\nPraza do Corgo, 1<br \/>\n36980 O Grove<br \/>\nPontevedra<\/p>\n<p>A solicitude deber\u00e1 conter o nome e apelidos do usuario, unha fotocopia do DNI as\u00ed como o contido da solicitude que se desexe realizar, se \u00e9 o caso.<\/p>\n\t\t\t\t\t\t<\/div>\n\t\t\t\t<\/div>\n\t\t\t\t\t<\/div>\n\t\t<\/div>\n\t\t\t\t\t<\/div>\n\t\t<\/section>\n\t\t\t\t<\/div>\n\t\t","protected":false},"excerpt":{"rendered":"","protected":false},"author":42,"featured_media":0,"parent":0,"menu_order":0,"comment_status":"closed","ping_status":"closed","template":"","meta":{"_acf_changed":false,"footnotes":""},"categories":[1011],"tags":[],"class_list":["post-109234","page","type-page","status-publish","hentry","category-o-grove-gl"],"acf":{"texto":"<p class=\"gt-block\"><strong>Pol\u00edtica de privacidade e protecci\u00f3n de datos<\/strong><\/p>\r\nEn cumprimento do disposto na Lei Org\u00e1nica 15\/1999, do 13 de decembro, de Protecci\u00f3n de Datos de Car\u00e1cter Persoal (LOPD), o Concello do Grove informa aos usuarios deste sitio web que os datos persoais facilitados pasar\u00e1n a formar parte dun ficheiro automatizado de datos, cuxa titularidade e responsabilidade corresponde ao Concello grovense, sendo a s\u00faa finalidade poder atender e tramitar adecuadamente as solicitudes de consulta remitidas, as\u00ed como poder informar e transmitir informaci\u00f3n sobre os servizos que ofrece o Concello grovense. Sal\u00f3n. Ao enviar os seus datos, presta o seu consentimento expreso para que o Concello do Grove realice un tratamento automatizado.\r\n\r\nOs seus datos persoais son tratados coa m\u00e1xima confidencialidade, tendo adoptado o Concello do Grove, como responsable do ficheiro, as medidas t\u00e9cnicas e organizativas necesarias para garantir a confidencialidade e seguridade dos datos persoais, evitando a s\u00faa alteraci\u00f3n, perda, tratamento ou acceso. autorizado.\r\n\r\nO Concello grovense procede a arquivar os datos que facilitan os usuarios para realizar unha consulta ou presentar unha solicitude, alg\u00fans dos cales son necesarios para atenderlles adecuadamente. Adv\u00edrtese convenientemente ao usuario da necesidade de facilitar os devanditos datos. Inform\u00e1moslle de que o enderezo de correo electr\u00f3nico serve para atender a s\u00faa consulta, as\u00ed como para poder transmitirlle informaci\u00f3n sobre os servizos que ofrece o Concello grovense e para informarlle de calquera outra modificaci\u00f3n relevante que se produza.\r\n\r\nO noso sitio web non utiliza cookies nin outros medios t\u00e9cnicos que nos permitan identificar usuarios concretos ou co\u00f1ecer os seus datos de navegaci\u00f3n, sen que o usuario o te\u00f1a co\u00f1ecemento. Non obstante, o noso compromiso \u00e9 que calquera cambio na Pol\u00edtica de Privacidade ao respecto sexa notificado inmediatamente, a trav\u00e9s deste sitio web, inclu\u00edndo a oportuna rectificaci\u00f3n neste apartado.\r\n\r\nAs\u00ed mesmo, en relaci\u00f3n cos datos persoais recollidos na forma prevista nesta Pol\u00edtica de Privacidade, inf\u00f3rmase aos usuarios de que te\u00f1en reco\u00f1ecidos dereitos de acceso, rectificaci\u00f3n, oposici\u00f3n e cancelaci\u00f3n dos seus datos persoais. Os citados dereitos poder\u00e1n ser exercidos, ben polo usuario ou polo seu representante, mediante o env\u00edo dunha solicitude escrita e asinada ao seguinte enderezo:\r\n<p class=\"gt-block\" align=\"center\">Concello do Grove\r\nPraza do Corgo, 1\r\n36980 O Grove\r\nPontevedra<\/p>\r\nA solicitude deber\u00e1 conter o nome e apelidos do usuario, unha fotocopia do DNI as\u00ed como o contido da solicitude que se desexe realizar, se \u00e9 o caso."},"yoast_head":"<!-- This site is optimized with the Yoast SEO plugin v23.9 - https:\/\/yoast.com\/wordpress\/plugins\/seo\/ -->\n<title>Pol\u00edtica de privacidade - Saln\u00e9s<\/title>\n<meta name=\"description\" content=\"Nuestra pol\u00edtica de privacidad detalla c\u00f3mo recopilamos, usamos y protegemos tus datos personales de manera segura y transparente.\" \/>\n<meta name=\"robots\" content=\"index, follow, max-snippet:-1, max-image-preview:large, max-video-preview:-1\" \/>\n<link rel=\"canonical\" href=\"https:\/\/www.destinosalnes.com\/es\/ogrove-politica-privacidad\/\" \/>\n<script type=\"application\/ld+json\" class=\"yoast-schema-graph\">{\"@context\":\"https:\/\/schema.org\",\"@graph\":[{\"@type\":\"WebPage\",\"@id\":\"https:\/\/www.destinosalnes.com\/es\/ogrove-politica-privacidad\/\",\"url\":\"https:\/\/www.destinosalnes.com\/es\/ogrove-politica-privacidad\/\",\"name\":\"Pol\u00edtica de privacidade - Saln\u00e9s\",\"isPartOf\":{\"@id\":\"https:\/\/www.destinosalnes.com\/es\/#website\"},\"datePublished\":\"2024-04-23T07:44:34+00:00\",\"dateModified\":\"2024-12-03T09:24:36+00:00\",\"description\":\"Nuestra pol\u00edtica de privacidad detalla c\u00f3mo recopilamos, usamos y protegemos tus datos personales de manera segura y transparente.\",\"breadcrumb\":{\"@id\":\"https:\/\/www.destinosalnes.com\/es\/ogrove-politica-privacidad\/#breadcrumb\"},\"inLanguage\":\"gl-ES\",\"potentialAction\":[{\"@type\":\"ReadAction\",\"target\":[\"https:\/\/www.destinosalnes.com\/es\/ogrove-politica-privacidad\/\"]}]},{\"@type\":\"BreadcrumbList\",\"@id\":\"https:\/\/www.destinosalnes.com\/es\/ogrove-politica-privacidad\/#breadcrumb\",\"itemListElement\":[{\"@type\":\"ListItem\",\"position\":1,\"name\":\"Saln\u00e9s\",\"item\":\"https:\/\/www.destinosalnes.com\/gl\/\"},{\"@type\":\"ListItem\",\"position\":2,\"name\":\"O Grove\",\"item\":\"https:\/\/www.destinosalnes.com\/gl\/category\/o-grove-gl\/\"},{\"@type\":\"ListItem\",\"position\":3,\"name\":\"Pol\u00edtica de privacidade\"}]},{\"@type\":\"WebSite\",\"@id\":\"https:\/\/www.destinosalnes.com\/es\/#website\",\"url\":\"https:\/\/www.destinosalnes.com\/es\/\",\"name\":\"Saln\u00e9s\",\"description\":\"\",\"publisher\":{\"@id\":\"https:\/\/www.destinosalnes.com\/es\/#organization\"},\"potentialAction\":[{\"@type\":\"SearchAction\",\"target\":{\"@type\":\"EntryPoint\",\"urlTemplate\":\"https:\/\/www.destinosalnes.com\/es\/?s={search_term_string}\"},\"query-input\":{\"@type\":\"PropertyValueSpecification\",\"valueRequired\":true,\"valueName\":\"search_term_string\"}}],\"inLanguage\":\"gl-ES\"},{\"@type\":\"Organization\",\"@id\":\"https:\/\/www.destinosalnes.com\/es\/#organization\",\"name\":\"Saln\u00e9s\",\"url\":\"https:\/\/www.destinosalnes.com\/es\/\",\"logo\":{\"@type\":\"ImageObject\",\"inLanguage\":\"gl-ES\",\"@id\":\"https:\/\/www.destinosalnes.com\/es\/#\/schema\/logo\/image\/\",\"url\":\"\",\"contentUrl\":\"\",\"caption\":\"Saln\u00e9s\"},\"image\":{\"@id\":\"https:\/\/www.destinosalnes.com\/es\/#\/schema\/logo\/image\/\"},\"sameAs\":[\"https:\/\/es-es.facebook.com\/mancomunidade.salnes\",\"https:\/\/x.com\/infosalnes\"]}]}<\/script>\n<!-- \/ Yoast SEO plugin. -->","yoast_head_json":{"title":"Pol\u00edtica de privacidade - Saln\u00e9s","description":"Nuestra pol\u00edtica de privacidad detalla c\u00f3mo recopilamos, usamos y protegemos tus datos personales de manera segura y transparente.","robots":{"index":"index","follow":"follow","max-snippet":"max-snippet:-1","max-image-preview":"max-image-preview:large","max-video-preview":"max-video-preview:-1"},"canonical":"https:\/\/www.destinosalnes.com\/es\/ogrove-politica-privacidad\/","schema":{"@context":"https:\/\/schema.org","@graph":[{"@type":"WebPage","@id":"https:\/\/www.destinosalnes.com\/es\/ogrove-politica-privacidad\/","url":"https:\/\/www.destinosalnes.com\/es\/ogrove-politica-privacidad\/","name":"Pol\u00edtica de privacidade - Saln\u00e9s","isPartOf":{"@id":"https:\/\/www.destinosalnes.com\/es\/#website"},"datePublished":"2024-04-23T07:44:34+00:00","dateModified":"2024-12-03T09:24:36+00:00","description":"Nuestra pol\u00edtica de privacidad detalla c\u00f3mo recopilamos, usamos y protegemos tus datos personales de manera segura y transparente.","breadcrumb":{"@id":"https:\/\/www.destinosalnes.com\/es\/ogrove-politica-privacidad\/#breadcrumb"},"inLanguage":"gl-ES","potentialAction":[{"@type":"ReadAction","target":["https:\/\/www.destinosalnes.com\/es\/ogrove-politica-privacidad\/"]}]},{"@type":"BreadcrumbList","@id":"https:\/\/www.destinosalnes.com\/es\/ogrove-politica-privacidad\/#breadcrumb","itemListElement":[{"@type":"ListItem","position":1,"name":"Saln\u00e9s","item":"https:\/\/www.destinosalnes.com\/gl\/"},{"@type":"ListItem","position":2,"name":"O Grove","item":"https:\/\/www.destinosalnes.com\/gl\/category\/o-grove-gl\/"},{"@type":"ListItem","position":3,"name":"Pol\u00edtica de privacidade"}]},{"@type":"WebSite","@id":"https:\/\/www.destinosalnes.com\/es\/#website","url":"https:\/\/www.destinosalnes.com\/es\/","name":"Saln\u00e9s","description":"","publisher":{"@id":"https:\/\/www.destinosalnes.com\/es\/#organization"},"potentialAction":[{"@type":"SearchAction","target":{"@type":"EntryPoint","urlTemplate":"https:\/\/www.destinosalnes.com\/es\/?s={search_term_string}"},"query-input":{"@type":"PropertyValueSpecification","valueRequired":true,"valueName":"search_term_string"}}],"inLanguage":"gl-ES"},{"@type":"Organization","@id":"https:\/\/www.destinosalnes.com\/es\/#organization","name":"Saln\u00e9s","url":"https:\/\/www.destinosalnes.com\/es\/","logo":{"@type":"ImageObject","inLanguage":"gl-ES","@id":"https:\/\/www.destinosalnes.com\/es\/#\/schema\/logo\/image\/","url":"","contentUrl":"","caption":"Saln\u00e9s"},"image":{"@id":"https:\/\/www.destinosalnes.com\/es\/#\/schema\/logo\/image\/"},"sameAs":["https:\/\/es-es.facebook.com\/mancomunidade.salnes","https:\/\/x.com\/infosalnes"]}]}},"_links":{"self":[{"href":"https:\/\/www.destinosalnes.com\/gl\/wp-json\/wp\/v2\/pages\/109234","targetHints":{"allow":["GET"]}}],"collection":[{"href":"https:\/\/www.destinosalnes.com\/gl\/wp-json\/wp\/v2\/pages"}],"about":[{"href":"https:\/\/www.destinosalnes.com\/gl\/wp-json\/wp\/v2\/types\/page"}],"author":[{"embeddable":true,"href":"https:\/\/www.destinosalnes.com\/gl\/wp-json\/wp\/v2\/users\/42"}],"replies":[{"embeddable":true,"href":"https:\/\/www.destinosalnes.com\/gl\/wp-json\/wp\/v2\/comments?post=109234"}],"version-history":[{"count":3,"href":"https:\/\/www.destinosalnes.com\/gl\/wp-json\/wp\/v2\/pages\/109234\/revisions"}],"predecessor-version":[{"id":137224,"href":"https:\/\/www.destinosalnes.com\/gl\/wp-json\/wp\/v2\/pages\/109234\/revisions\/137224"}],"wp:attachment":[{"href":"https:\/\/www.destinosalnes.com\/gl\/wp-json\/wp\/v2\/media?parent=109234"}],"wp:term":[{"taxonomy":"category","embeddable":true,"href":"https:\/\/www.destinosalnes.com\/gl\/wp-json\/wp\/v2\/categories?post=109234"},{"taxonomy":"post_tag","embeddable":true,"href":"https:\/\/www.destinosalnes.com\/gl\/wp-json\/wp\/v2\/tags?post=109234"}],"curies":[{"name":"wp","href":"https:\/\/api.w.org\/{rel}","templated":true}]}}