{"id":104017,"date":"2024-04-17T10:45:36","date_gmt":"2024-04-17T10:45:36","guid":{"rendered":"https:\/\/www.destinosalnes.com\/sanxenxo-3-dias\/"},"modified":"2025-11-03T16:48:10","modified_gmt":"2025-11-03T15:48:10","slug":"sanxenxo-3-dias","status":"publish","type":"page","link":"https:\/\/www.destinosalnes.com\/gl\/sanxenxo-3-dias\/","title":{"rendered":"3 d\u00edas en Sanxenxo"},"content":{"rendered":"<p><strong>Non te podes perder<\/strong>:<\/p>\n<p>\t\t\t<a role=\"button\"><br \/>\n\t\t\t\t\t<\/a><\/p>\n<p><strong>Non podes faltar<\/strong>:<\/p>\n<p>\t\t\t<a role=\"button\"><br \/>\n\t\t\t\t\t<\/a><\/p>\n<p><strong>Non podes faltar<\/strong>:<\/p>\n<h2>Tam\u00e9n che pode interesar<\/h2>\n<p>\n\t\t\t\t\t\tGu\u00edas e mapas\n\t\t\t\t<\/p>\n<p>\n\t\t\t\t\t\tOnde comer\n\t\t\t\t<\/p>\n<p>\n\t\t\t\t\t\tOnde quedar\n\t\t\t\t<\/p>\n<p>\n\t\t\t\t\t\tComo chegar\n\t\t\t\t<\/p>\n","protected":false},"excerpt":{"rendered":"<p>Planes para que cada d\u00eda aqu\u00ed sea verdaderamente especial.<\/p>\n","protected":false},"author":42,"featured_media":86759,"parent":0,"menu_order":0,"comment_status":"closed","ping_status":"closed","template":"","meta":{"_acf_changed":false,"footnotes":""},"categories":[656,1169],"tags":[],"class_list":["post-104017","page","type-page","status-publish","has-post-thumbnail","hentry","category-sanxenxo-gl","category-sanxenxo-en-3-dias-gl"],"acf":{"titulo_dia_1":"<strong>D\u00eda 1: Agroturismo e turismo rural.<\/strong>","descripcion_dia_1":"O percorrido comeza no Mirador da Granxa, contin\u00faa pola Igrexa de Dorr\u00f3n, Mirador do Alto de Dorr\u00f3n, Pazo Berm\u00fadez de la Maza, O Outeiro, Molinos de Dorr\u00f3n, Igrexa de Bord\u00f3ns, Aldea de Bord\u00f3ns, Con da Ventureira, Chan da Gorita. e Ruta Aldariz Carballos.","no_te_puedes_perder:_dia_1":"A \u00faltima quincena de xullo: Mui\u00f1ada en Dorr\u00f3n.\r\nFesta labrega de Bord\u00f3ns durante a \u00faltima quincena de agosto.\r\nFesta da vendima do Dorr\u00f3n, primeira quincena de outubro. Datas concretas dependendo do ano.","caracteristicas_dia_1":"<strong>Mobilidade:<\/strong>\u00a0a p\u00e9, en bicicleta ou en coche.\r\n\r\n<strong>Tempo de cami\u00f1ada:<\/strong> 1 hora e media (ida).\r\n\r\n<strong>Dificultade:<\/strong> media.","titulo_dia_2":"<strong>D\u00eda 2: Sanxenxo e Portonovo (turismo mar\u00edtimo).<\/strong>","descripcion_dia_2":"O percorrido comeza no Mirador Palacios, contin\u00faa por Panadeira, Porto Deportivo Juan Carlos I, Igrexa de San Gin\u00e9s, centro urbano de Sanxenxo, Praia de Silgar, Punta Vica\u00f1o, Paseo de Playa de Baltar, centro de Portonovo, Praza Portonovo, Porto Pesquero de Portonovo, Mirador da Peixeira e remata en Punta Cabicastro.","texto_enlace_dia_2":"Non te perdas a visita guiada \u00e1 lonxa de Portonovo","url_enlace_dia_2":"http:\/\/212.227.148.12:8888\/gl\/sanxenxo-lonxa-portonovo\/","caracteristicas_dia_2":"<strong>Mobilidade:<\/strong> a p\u00e9.\r\n\r\n<strong>Tempo de cami\u00f1ada:<\/strong> 2 horas (ida).\r\n\r\n<strong>Dificultade:<\/strong> f\u00e1cil.","titulo_dia_3":"<strong>D\u00eda 3: Turismo cultural e de naturaleza. La Lanzada.<\/strong>","no_te_puedes_perder:_dia_2":"En tempada, tanto Sanxenxo como Portonovo saen ferris cara ao Parque Nacional das Illas Atl\u00e1nticas. A visita tanto \u00e1s Illas Ons como \u00e1s C\u00edes \u00e9 ideal para pasar o d\u00eda. Al\u00ed poderemos gozar da praia, da paisaxe, da natureza, das rutas de sendeirismo\u2026","texto_enlace_dia_3":"Averiguar sobre lonxa de Portonovo","url_enlace_dia_3":"http:\/\/212.227.148.12:8888\/gl\/sanxenxo-lonxa-portonovo\/","descripcion_dia_3":"O percorrido comeza no xacemento arqueol\u00f3xico, contin\u00faa pola praia de N\u00aa Se\u00f1ora da Lanzada, Ermida de N\u00aa Se\u00f1ora de la Lanzada Castro e necr\u00f3pole, Castro de Outeiro das Laspas, Praia A Lanzada, Lagoas de Rouxique, As Telleiras\/Complexo interinoareal Umia e remata en O Grove.","no_te_puedes_perder:_dia_3":"Romar\u00eda da Lanzada, o \u00faltima semana de agosto.","caracteristicas_dia_3":"<p class=\"gt-block\"><strong>Mobilidade:<\/strong>\u00a0a p\u00e9 ou en coche.<\/p>\r\n<p class=\"gt-block\"><strong>Tempo de andaina:<\/strong>\u00a02 horas e media (ida).<\/p>\r\n<p class=\"gt-block\"><strong>Dificultade:<\/strong>\u00a0medios<\/p>","galeria_de_imagenes":[90660,90666],"shortcode_del_mapa":"[wpgmza id=\"19\"]"},"yoast_head":"<!-- This site is optimized with the Yoast SEO plugin v23.9 - https:\/\/yoast.com\/wordpress\/plugins\/seo\/ -->\n<title>3 d\u00edas en Sanxenxo - Saln\u00e9s<\/title>\n<meta name=\"description\" content=\"Un plan de 3 d\u00edas que non podes perder se visitas Sanxenxo. Tours, lugares de interese e moito m\u00e1is.\" \/>\n<meta name=\"robots\" content=\"index, follow, max-snippet:-1, max-image-preview:large, max-video-preview:-1\" \/>\n<link rel=\"canonical\" href=\"https:\/\/www.destinosalnes.com\/es\/sanxenxo-3-dias\/\" \/>\n<script type=\"application\/ld+json\" class=\"yoast-schema-graph\">{\"@context\":\"https:\/\/schema.org\",\"@graph\":[{\"@type\":\"WebPage\",\"@id\":\"https:\/\/www.destinosalnes.com\/es\/sanxenxo-3-dias\/\",\"url\":\"https:\/\/www.destinosalnes.com\/es\/sanxenxo-3-dias\/\",\"name\":\"3 d\u00edas en Sanxenxo - Saln\u00e9s\",\"isPartOf\":{\"@id\":\"https:\/\/www.destinosalnes.com\/es\/#website\"},\"primaryImageOfPage\":{\"@id\":\"https:\/\/www.destinosalnes.com\/es\/sanxenxo-3-dias\/#primaryimage\"},\"image\":{\"@id\":\"https:\/\/www.destinosalnes.com\/es\/sanxenxo-3-dias\/#primaryimage\"},\"thumbnailUrl\":\"https:\/\/www.destinosalnes.com\/wp-content\/uploads\/2024\/03\/Uvas.webp\",\"datePublished\":\"2024-04-17T10:45:36+00:00\",\"dateModified\":\"2025-11-03T15:48:10+00:00\",\"description\":\"Un plan de 3 d\u00edas que non podes perder se visitas Sanxenxo. Tours, lugares de interese e moito m\u00e1is.\",\"breadcrumb\":{\"@id\":\"https:\/\/www.destinosalnes.com\/es\/sanxenxo-3-dias\/#breadcrumb\"},\"inLanguage\":\"gl-ES\",\"potentialAction\":[{\"@type\":\"ReadAction\",\"target\":[\"https:\/\/www.destinosalnes.com\/es\/sanxenxo-3-dias\/\"]}]},{\"@type\":\"ImageObject\",\"inLanguage\":\"gl-ES\",\"@id\":\"https:\/\/www.destinosalnes.com\/es\/sanxenxo-3-dias\/#primaryimage\",\"url\":\"https:\/\/www.destinosalnes.com\/wp-content\/uploads\/2024\/03\/Uvas.webp\",\"contentUrl\":\"https:\/\/www.destinosalnes.com\/wp-content\/uploads\/2024\/03\/Uvas.webp\",\"width\":1000,\"height\":667,\"caption\":\"Enoturismo\"},{\"@type\":\"BreadcrumbList\",\"@id\":\"https:\/\/www.destinosalnes.com\/es\/sanxenxo-3-dias\/#breadcrumb\",\"itemListElement\":[{\"@type\":\"ListItem\",\"position\":1,\"name\":\"Saln\u00e9s\",\"item\":\"https:\/\/www.destinosalnes.com\/gl\/\"},{\"@type\":\"ListItem\",\"position\":2,\"name\":\"Sanxenxo\",\"item\":\"https:\/\/www.destinosalnes.com\/es\/category\/sanxenxo\/\"},{\"@type\":\"ListItem\",\"position\":3,\"name\":\"3 d\u00edas en Sanxenxo\"}]},{\"@type\":\"WebSite\",\"@id\":\"https:\/\/www.destinosalnes.com\/es\/#website\",\"url\":\"https:\/\/www.destinosalnes.com\/es\/\",\"name\":\"Saln\u00e9s\",\"description\":\"\",\"publisher\":{\"@id\":\"https:\/\/www.destinosalnes.com\/es\/#organization\"},\"potentialAction\":[{\"@type\":\"SearchAction\",\"target\":{\"@type\":\"EntryPoint\",\"urlTemplate\":\"https:\/\/www.destinosalnes.com\/es\/?s={search_term_string}\"},\"query-input\":{\"@type\":\"PropertyValueSpecification\",\"valueRequired\":true,\"valueName\":\"search_term_string\"}}],\"inLanguage\":\"gl-ES\"},{\"@type\":\"Organization\",\"@id\":\"https:\/\/www.destinosalnes.com\/es\/#organization\",\"name\":\"Saln\u00e9s\",\"url\":\"https:\/\/www.destinosalnes.com\/es\/\",\"logo\":{\"@type\":\"ImageObject\",\"inLanguage\":\"gl-ES\",\"@id\":\"https:\/\/www.destinosalnes.com\/es\/#\/schema\/logo\/image\/\",\"url\":\"\",\"contentUrl\":\"\",\"caption\":\"Saln\u00e9s\"},\"image\":{\"@id\":\"https:\/\/www.destinosalnes.com\/es\/#\/schema\/logo\/image\/\"},\"sameAs\":[\"https:\/\/es-es.facebook.com\/mancomunidade.salnes\",\"https:\/\/x.com\/infosalnes\"]}]}<\/script>\n<!-- \/ Yoast SEO plugin. -->","yoast_head_json":{"title":"3 d\u00edas en Sanxenxo - Saln\u00e9s","description":"Un plan de 3 d\u00edas que non podes perder se visitas Sanxenxo. Tours, lugares de interese e moito m\u00e1is.","robots":{"index":"index","follow":"follow","max-snippet":"max-snippet:-1","max-image-preview":"max-image-preview:large","max-video-preview":"max-video-preview:-1"},"canonical":"https:\/\/www.destinosalnes.com\/es\/sanxenxo-3-dias\/","schema":{"@context":"https:\/\/schema.org","@graph":[{"@type":"WebPage","@id":"https:\/\/www.destinosalnes.com\/es\/sanxenxo-3-dias\/","url":"https:\/\/www.destinosalnes.com\/es\/sanxenxo-3-dias\/","name":"3 d\u00edas en Sanxenxo - Saln\u00e9s","isPartOf":{"@id":"https:\/\/www.destinosalnes.com\/es\/#website"},"primaryImageOfPage":{"@id":"https:\/\/www.destinosalnes.com\/es\/sanxenxo-3-dias\/#primaryimage"},"image":{"@id":"https:\/\/www.destinosalnes.com\/es\/sanxenxo-3-dias\/#primaryimage"},"thumbnailUrl":"https:\/\/www.destinosalnes.com\/wp-content\/uploads\/2024\/03\/Uvas.webp","datePublished":"2024-04-17T10:45:36+00:00","dateModified":"2025-11-03T15:48:10+00:00","description":"Un plan de 3 d\u00edas que non podes perder se visitas Sanxenxo. Tours, lugares de interese e moito m\u00e1is.","breadcrumb":{"@id":"https:\/\/www.destinosalnes.com\/es\/sanxenxo-3-dias\/#breadcrumb"},"inLanguage":"gl-ES","potentialAction":[{"@type":"ReadAction","target":["https:\/\/www.destinosalnes.com\/es\/sanxenxo-3-dias\/"]}]},{"@type":"ImageObject","inLanguage":"gl-ES","@id":"https:\/\/www.destinosalnes.com\/es\/sanxenxo-3-dias\/#primaryimage","url":"https:\/\/www.destinosalnes.com\/wp-content\/uploads\/2024\/03\/Uvas.webp","contentUrl":"https:\/\/www.destinosalnes.com\/wp-content\/uploads\/2024\/03\/Uvas.webp","width":1000,"height":667,"caption":"Enoturismo"},{"@type":"BreadcrumbList","@id":"https:\/\/www.destinosalnes.com\/es\/sanxenxo-3-dias\/#breadcrumb","itemListElement":[{"@type":"ListItem","position":1,"name":"Saln\u00e9s","item":"https:\/\/www.destinosalnes.com\/gl\/"},{"@type":"ListItem","position":2,"name":"Sanxenxo","item":"https:\/\/www.destinosalnes.com\/es\/category\/sanxenxo\/"},{"@type":"ListItem","position":3,"name":"3 d\u00edas en Sanxenxo"}]},{"@type":"WebSite","@id":"https:\/\/www.destinosalnes.com\/es\/#website","url":"https:\/\/www.destinosalnes.com\/es\/","name":"Saln\u00e9s","description":"","publisher":{"@id":"https:\/\/www.destinosalnes.com\/es\/#organization"},"potentialAction":[{"@type":"SearchAction","target":{"@type":"EntryPoint","urlTemplate":"https:\/\/www.destinosalnes.com\/es\/?s={search_term_string}"},"query-input":{"@type":"PropertyValueSpecification","valueRequired":true,"valueName":"search_term_string"}}],"inLanguage":"gl-ES"},{"@type":"Organization","@id":"https:\/\/www.destinosalnes.com\/es\/#organization","name":"Saln\u00e9s","url":"https:\/\/www.destinosalnes.com\/es\/","logo":{"@type":"ImageObject","inLanguage":"gl-ES","@id":"https:\/\/www.destinosalnes.com\/es\/#\/schema\/logo\/image\/","url":"","contentUrl":"","caption":"Saln\u00e9s"},"image":{"@id":"https:\/\/www.destinosalnes.com\/es\/#\/schema\/logo\/image\/"},"sameAs":["https:\/\/es-es.facebook.com\/mancomunidade.salnes","https:\/\/x.com\/infosalnes"]}]}},"_links":{"self":[{"href":"https:\/\/www.destinosalnes.com\/gl\/wp-json\/wp\/v2\/pages\/104017","targetHints":{"allow":["GET"]}}],"collection":[{"href":"https:\/\/www.destinosalnes.com\/gl\/wp-json\/wp\/v2\/pages"}],"about":[{"href":"https:\/\/www.destinosalnes.com\/gl\/wp-json\/wp\/v2\/types\/page"}],"author":[{"embeddable":true,"href":"https:\/\/www.destinosalnes.com\/gl\/wp-json\/wp\/v2\/users\/42"}],"replies":[{"embeddable":true,"href":"https:\/\/www.destinosalnes.com\/gl\/wp-json\/wp\/v2\/comments?post=104017"}],"version-history":[{"count":22,"href":"https:\/\/www.destinosalnes.com\/gl\/wp-json\/wp\/v2\/pages\/104017\/revisions"}],"predecessor-version":[{"id":149421,"href":"https:\/\/www.destinosalnes.com\/gl\/wp-json\/wp\/v2\/pages\/104017\/revisions\/149421"}],"acf:attachment":[{"embeddable":true,"href":"https:\/\/www.destinosalnes.com\/gl\/wp-json\/wp\/v2\/media\/90666"},{"embeddable":true,"href":"https:\/\/www.destinosalnes.com\/gl\/wp-json\/wp\/v2\/media\/90660"}],"wp:featuredmedia":[{"embeddable":true,"href":"https:\/\/www.destinosalnes.com\/gl\/wp-json\/wp\/v2\/media\/86759"}],"wp:attachment":[{"href":"https:\/\/www.destinosalnes.com\/gl\/wp-json\/wp\/v2\/media?parent=104017"}],"wp:term":[{"taxonomy":"category","embeddable":true,"href":"https:\/\/www.destinosalnes.com\/gl\/wp-json\/wp\/v2\/categories?post=104017"},{"taxonomy":"post_tag","embeddable":true,"href":"https:\/\/www.destinosalnes.com\/gl\/wp-json\/wp\/v2\/tags?post=104017"}],"curies":[{"name":"wp","href":"https:\/\/api.w.org\/{rel}","templated":true}]}}