{"id":117019,"date":"2024-05-21T09:08:48","date_gmt":"2024-05-21T07:08:48","guid":{"rendered":"https:\/\/www.destinosalnes.com\/aviso-legal\/"},"modified":"2024-11-26T14:24:13","modified_gmt":"2024-11-26T13:24:13","slug":"aviso-legal","status":"publish","type":"page","link":"https:\/\/www.destinosalnes.com\/fr\/aviso-legal\/","title":{"rendered":"Mentions l\u00e9gales"},"content":{"rendered":"\t\t<div data-elementor-type=\"wp-page\" data-elementor-id=\"117019\" class=\"elementor elementor-117019 elementor-116964\" data-elementor-post-type=\"page\">\n\t\t\t\t\t\t<section class=\"elementor-section elementor-top-section elementor-element elementor-element-5104a6a3 elementor-section-full_width Portada elementor-section-height-default elementor-section-height-default\" data-id=\"5104a6a3\" data-element_type=\"section\">\n\t\t\t\t\t\t<div class=\"elementor-container elementor-column-gap-default\">\n\t\t\t\t\t<div class=\"elementor-column elementor-col-100 elementor-top-column elementor-element elementor-element-77b5b034\" data-id=\"77b5b034\" data-element_type=\"column\">\n\t\t\t<div class=\"elementor-widget-wrap elementor-element-populated\">\n\t\t\t\t\t\t<div class=\"elementor-element elementor-element-1d7d038b Cabecera elementor--h-position-center elementor--v-position-middle elementor-widget elementor-widget-slides\" data-id=\"1d7d038b\" data-element_type=\"widget\" data-settings=\"{&quot;navigation&quot;:&quot;none&quot;,&quot;_animation&quot;:&quot;none&quot;,&quot;autoplay&quot;:&quot;yes&quot;,&quot;pause_on_hover&quot;:&quot;yes&quot;,&quot;pause_on_interaction&quot;:&quot;yes&quot;,&quot;autoplay_speed&quot;:5000,&quot;infinite&quot;:&quot;yes&quot;,&quot;transition&quot;:&quot;slide&quot;,&quot;transition_speed&quot;:500}\" data-widget_type=\"slides.default\">\n\t\t\t\t<div class=\"elementor-widget-container\">\n\t\t\t<style>.elementor-slides .swiper-slide-bg{background-size:cover;background-position:50%;background-repeat:no-repeat;min-width:100%;min-height:100%}.elementor-slides .swiper-slide-inner{background-repeat:no-repeat;background-position:50%;position:absolute;top:0;left:0;bottom:0;right:0;padding:50px;margin:auto}.elementor-slides .swiper-slide-inner,.elementor-slides .swiper-slide-inner:hover{color:#fff;display:flex}.elementor-slides .swiper-slide-inner .elementor-background-overlay{position:absolute;z-index:0;top:0;bottom:0;left:0;right:0}.elementor-slides .swiper-slide-inner .elementor-slide-content{position:relative;z-index:1;width:100%}.elementor-slides .swiper-slide-inner .elementor-slide-heading{font-size:35px;font-weight:700;line-height:1}.elementor-slides .swiper-slide-inner .elementor-slide-description{font-size:17px;line-height:1.4}.elementor-slides .swiper-slide-inner .elementor-slide-description:not(:last-child),.elementor-slides .swiper-slide-inner .elementor-slide-heading:not(:last-child){margin-bottom:30px}.elementor-slides .swiper-slide-inner .elementor-slide-button{border:2px solid #fff;color:#fff;background:transparent;display:inline-block}.elementor-slides .swiper-slide-inner .elementor-slide-button,.elementor-slides .swiper-slide-inner .elementor-slide-button:hover{background:transparent;color:inherit;text-decoration:none}.elementor--v-position-top .swiper-slide-inner{align-items:flex-start}.elementor--v-position-bottom .swiper-slide-inner{align-items:flex-end}.elementor--v-position-middle .swiper-slide-inner{align-items:center}.elementor--h-position-left .swiper-slide-inner{justify-content:flex-start}.elementor--h-position-right .swiper-slide-inner{justify-content:flex-end}.elementor--h-position-center .swiper-slide-inner{justify-content:center}body.rtl .elementor-widget-slides .elementor-swiper-button-next{left:10px;right:auto}body.rtl .elementor-widget-slides .elementor-swiper-button-prev{right:10px;left:auto}.elementor-slides-wrapper div:not(.swiper-slide)>.swiper-slide-inner{display:none}@media (max-width:767px){.elementor-slides .swiper-slide-inner{padding:30px}.elementor-slides .swiper-slide-inner .elementor-slide-heading{font-size:23px;line-height:1;margin-bottom:15px}.elementor-slides .swiper-slide-inner .elementor-slide-description{font-size:13px;line-height:1.4;margin-bottom:15px}}<\/style>\t\t<div class=\"elementor-swiper\">\n\t\t\t<div class=\"elementor-slides-wrapper elementor-main-swiper swiper\" dir=\"ltr\" data-animation=\"\">\n\t\t\t\t<div class=\"swiper-wrapper elementor-slides\">\n\t\t\t\t\t\t\t\t\t\t<div class=\"elementor-repeater-item-f15b013 swiper-slide\"><div class=\"swiper-slide-bg\" role=\"img\"><\/div><div class=\"elementor-background-overlay\"><\/div><div class=\"swiper-slide-inner\" ><div class=\"swiper-slide-contents\"><\/div><\/div><\/div>\t\t\t\t<\/div>\n\t\t\t\t\t\t\t<\/div>\n\t\t<\/div>\n\t\t\t\t<\/div>\n\t\t\t\t<\/div>\n\t\t\t\t\t<\/div>\n\t\t<\/div>\n\t\t\t\t\t<\/div>\n\t\t<\/section>\n\t\t\t\t<section class=\"elementor-section elementor-top-section elementor-element elementor-element-b45b01b elementor-section-full_width elementor-section-height-default elementor-section-height-default\" data-id=\"b45b01b\" data-element_type=\"section\">\n\t\t\t\t\t\t<div class=\"elementor-container elementor-column-gap-default\">\n\t\t\t\t\t<div class=\"elementor-column elementor-col-100 elementor-top-column elementor-element elementor-element-6b556ae7\" data-id=\"6b556ae7\" data-element_type=\"column\">\n\t\t\t<div class=\"elementor-widget-wrap elementor-element-populated\">\n\t\t\t\t\t\t<div class=\"elementor-element elementor-element-ff289c5 elementor-widget elementor-widget-text-editor\" data-id=\"ff289c5\" data-element_type=\"widget\" data-widget_type=\"text-editor.default\">\n\t\t\t\t<div class=\"elementor-widget-container\">\n\t\t\t<style>\/*! elementor - v3.20.0 - 11-03-2024 *\/\n.elementor-widget-text-editor.elementor-drop-cap-view-stacked .elementor-drop-cap{background-color:#69727d;color:#fff}.elementor-widget-text-editor.elementor-drop-cap-view-framed .elementor-drop-cap{color:#69727d;border:3px solid;background-color:transparent}.elementor-widget-text-editor:not(.elementor-drop-cap-view-default) .elementor-drop-cap{margin-top:8px}.elementor-widget-text-editor:not(.elementor-drop-cap-view-default) .elementor-drop-cap-letter{width:1em;height:1em}.elementor-widget-text-editor .elementor-drop-cap{float:left;text-align:center;line-height:1;font-size:50px}.elementor-widget-text-editor .elementor-drop-cap-letter{display:inline-block}<\/style>\t\t\t\t<p><strong>1. Mentions l\u00e9gales<\/strong><br \/>\nMancomunidade do Saln\u00e9s (le \u00ab Propri\u00e9taire \u00bb) fournit aux utilisateurs (l\u2019\u00ab Utilisateur \u00bb ou les \u00ab Utilisateurs \u00bb) de ce site Web (le \u00ab Site Web) les informations suivantes.<\/p>\n<p><strong>1.1. Identification du propri\u00e9taire<\/strong><br \/>\nNom de l\u2019entreprise : Mancomunidade do Saln\u00e9s<br \/>\nFNI\u00a0: P3600041B<br \/>\nSi\u00e8ge social : Paseo Calzada, s\/n, C.P. 36630, Cambados, Pontevedra<br \/>\nCoordonn\u00e9es : 986 521 115 \/info@osalnes.com<\/p>\n<p><strong>1.2. Condition d\u2019utilisation<\/strong><br \/>\nVous trouverez ci-dessous les termes et conditions d\u2019utilisation de ce site Web (les \u00ab\u00a0Conditions d\u2019utilisation\u00a0\u00bb), que les utilisateurs doivent respecter \u00e0 tout moment. Le pr\u00e9sent avis juridique ainsi que la politique de confidentialit\u00e9 et la politique en mati\u00e8re de cookies constituent l\u2019ensemble des r\u00e8gles qui d\u00e9finissent les termes et conditions qui r\u00e9gissent l\u2019acc\u00e8s et l\u2019utilisation de la partie publique du site Web. La partie priv\u00e9e, le cas \u00e9ch\u00e9ant, aura ses propres r\u00e8gles et conditions.<\/p>\n<p><strong>1.3. Utilisation du site Web<\/strong><br \/>\nL\u2019Utilisateur s\u2019engage \u00e0 ne pas utiliser ce Site Internet pour mener des activit\u00e9s contraires \u00e0 la loi, aux bonnes m\u0153urs ou \u00e0 l\u2019ordre public et, d\u2019une mani\u00e8re g\u00e9n\u00e9rale, \u00e0 l\u2019utiliser conform\u00e9ment \u00e0 la l\u00e9gislation en vigueur et aux pr\u00e9sentes conditions g\u00e9n\u00e9rales.<\/p>\n<p><strong>1.4. Contenu<\/strong><br \/>\nLe Contenu de ce Site Internet, entendu comme, \u00e0 titre d\u2019exemple seulement, ce qui suit : index, textes, photographies, graphiques, images, ic\u00f4nes, technologies, liens, contenus audiovisuels ou sonores, ainsi que sa conception graphique et son code source ont De nature purement informative, ils ne constituent en aucun cas un conseil juridique ou professionnel ou l\u2019\u00e9tablissement d\u2019une relation commerciale ou contractuelle. Le Propri\u00e9taire peut modifier unilat\u00e9ralement et sans pr\u00e9avis, chaque fois qu\u2019il le juge appropri\u00e9, la structure et la conception du Site Web, ainsi que modifier ou supprimer les services, contenus et conditions d\u2019acc\u00e8s et\/ou d\u2019utilisation de ce Site Web. Tant l\u2019acc\u00e8s \u00e0 ce site que toute utilisation non consensuelle qui pourrait \u00eatre faite de son contenu rel\u00e8vent de la responsabilit\u00e9 exclusive de celui qui le fait. L\u2019Utilisateur s\u2019engage \u00e0 ne pas utiliser le Contenu que ce Site Web met \u00e0 disposition pour mener des activit\u00e9s contraires \u00e0 la loi, aux bonnes m\u0153urs ou \u00e0 l\u2019ordre public et, en g\u00e9n\u00e9ral, \u00e0 l\u2019utiliser conform\u00e9ment aux pr\u00e9sentes conditions g\u00e9n\u00e9rales.<\/p>\n<p><strong>1.5. Propri\u00e9t\u00e9 intellectuelle et industrielle<\/strong><br \/>\nTous les contenus de ce site Web sont prot\u00e9g\u00e9s par la l\u00e9gislation espagnole sur les droits de propri\u00e9t\u00e9 intellectuelle et industrielle en faveur du propri\u00e9taire. La reproduction totale ou partielle, la distribution, le transfert, la communication publique, la transformation ou tout autre acte non express\u00e9ment autoris\u00e9 par le Titulaire des droits d\u2019exploitation est interdite. En cas de doute, vous pouvez demander plus d\u2019informations via notre formulaire de contact Web. Concernant les citations de produits et services de tiers, le Propri\u00e9taire reconna\u00eet en faveur de ces tiers les droits de propri\u00e9t\u00e9 industrielle et intellectuelle correspondants, leur simple mention ou apparition sur le Site n\u2019impliquant pas l\u2019existence d\u2019un quelconque droit ou responsabilit\u00e9 du Propri\u00e9taire sur les produits. et les services de tiers eux-m\u00eames, ni l\u2019approbation, le parrainage ou la recommandation du Propri\u00e9taire, sauf indication expresse.<\/p>\n<p><strong>1.6. Responsabilit\u00e9<\/strong><br \/>\nLe Propri\u00e9taire d\u00e9cline toute responsabilit\u00e9 concernant les informations qui se trouvent en dehors de ce SITE WEB et qui ne sont pas g\u00e9r\u00e9es directement par nos professionnels informatiques. En aucun cas, l\u2019existence de sites li\u00e9s, de noms ou de marques de tiers ne doit pr\u00e9supposer l\u2019existence d\u2019accords avec les responsables ou propri\u00e9taires de ceux-ci, ni la recommandation, la promotion ou l\u2019identification du Propri\u00e9taire avec les d\u00e9clarations, contenus ou services fournis par ceux-ci. Tous les liens de tiers vers le SITE WEB renvoient \u00e0 sa page principale, et les liens profonds, le framing et toute autre utilisation du contenu du site Web en faveur de tiers non express\u00e9ment autoris\u00e9s sont express\u00e9ment interdits. Il est interdit d\u2019utiliser des logos, des marques ou tout autre graphique appartenant au Propri\u00e9taire dans le cadre d\u2019un lien sans autorisation \u00e9crite expresse.<\/p>\n<p><strong>1.7. Loi applicable et juridiction<\/strong><br \/>\nLe pr\u00e9sent avis l\u00e9gal est r\u00e9gi dans chacun de ses extr\u00eames par la loi applicable en Espagne. Pour toute controverse pouvant survenir entre le Propri\u00e9taire et l\u2019Utilisateur, il est convenu de se soumettre, avec renonciation expresse \u00e0 toute autre juridiction, aux Cours et Tribunaux comp\u00e9tents.<\/p>\n\t\t\t\t\t\t<\/div>\n\t\t\t\t<\/div>\n\t\t\t\t\t<\/div>\n\t\t<\/div>\n\t\t\t\t\t<\/div>\n\t\t<\/section>\n\t\t\t\t<\/div>\n\t\t","protected":false},"excerpt":{"rendered":"","protected":false},"author":42,"featured_media":105420,"parent":0,"menu_order":0,"comment_status":"closed","ping_status":"closed","template":"","meta":{"_acf_changed":false,"footnotes":""},"categories":[607],"tags":[],"class_list":["post-117019","page","type-page","status-publish","has-post-thumbnail","hentry","category-salnes-fr"],"acf":{"texto":"<strong>1. Mentions l\u00e9gales<\/strong>\r\nMancomunidade do Saln\u00e9s (le \u00ab Propri\u00e9taire \u00bb) fournit aux utilisateurs (l\u2019\u00ab Utilisateur \u00bb ou les \u00ab Utilisateurs \u00bb) de ce site Web (le \u00ab Site Web) les informations suivantes.\r\n\r\n<strong>1.1. Identification du propri\u00e9taire<\/strong>\r\nNom de l\u2019entreprise : Mancomunidade do Saln\u00e9s\r\nFNI\u00a0: P3600041B\r\nSi\u00e8ge social : Paseo Calzada, s\/n, C.P. 36630, Cambados, Pontevedra\r\nCoordonn\u00e9es : 986 521 115 \/info@osalnes.com\r\n\r\n<strong>1.2. Condition d\u2019utilisation<\/strong>\r\nVous trouverez ci-dessous les termes et conditions d\u2019utilisation de ce site Web (les \u00ab\u00a0Conditions d\u2019utilisation\u00a0\u00bb), que les utilisateurs doivent respecter \u00e0 tout moment. Le pr\u00e9sent avis juridique ainsi que la politique de confidentialit\u00e9 et la politique en mati\u00e8re de cookies constituent l\u2019ensemble des r\u00e8gles qui d\u00e9finissent les termes et conditions qui r\u00e9gissent l\u2019acc\u00e8s et l\u2019utilisation de la partie publique du site Web. La partie priv\u00e9e, le cas \u00e9ch\u00e9ant, aura ses propres r\u00e8gles et conditions.\r\n\r\n<strong>1.3. Utilisation du site Web<\/strong>\r\nL\u2019Utilisateur s\u2019engage \u00e0 ne pas utiliser ce Site Internet pour mener des activit\u00e9s contraires \u00e0 la loi, aux bonnes m\u0153urs ou \u00e0 l\u2019ordre public et, d\u2019une mani\u00e8re g\u00e9n\u00e9rale, \u00e0 l\u2019utiliser conform\u00e9ment \u00e0 la l\u00e9gislation en vigueur et aux pr\u00e9sentes conditions g\u00e9n\u00e9rales.\r\n\r\n<strong>1.4. Contenu<\/strong>\r\nLe Contenu de ce Site Internet, entendu comme, \u00e0 titre d\u2019exemple seulement, ce qui suit : index, textes, photographies, graphiques, images, ic\u00f4nes, technologies, liens, contenus audiovisuels ou sonores, ainsi que sa conception graphique et son code source ont De nature purement informative, ils ne constituent en aucun cas un conseil juridique ou professionnel ou l\u2019\u00e9tablissement d\u2019une relation commerciale ou contractuelle. Le Propri\u00e9taire peut modifier unilat\u00e9ralement et sans pr\u00e9avis, chaque fois qu\u2019il le juge appropri\u00e9, la structure et la conception du Site Web, ainsi que modifier ou supprimer les services, contenus et conditions d\u2019acc\u00e8s et\/ou d\u2019utilisation de ce Site Web. Tant l\u2019acc\u00e8s \u00e0 ce site que toute utilisation non consensuelle qui pourrait \u00eatre faite de son contenu rel\u00e8vent de la responsabilit\u00e9 exclusive de celui qui le fait. L\u2019Utilisateur s\u2019engage \u00e0 ne pas utiliser le Contenu que ce Site Web met \u00e0 disposition pour mener des activit\u00e9s contraires \u00e0 la loi, aux bonnes m\u0153urs ou \u00e0 l\u2019ordre public et, en g\u00e9n\u00e9ral, \u00e0 l\u2019utiliser conform\u00e9ment aux pr\u00e9sentes conditions g\u00e9n\u00e9rales.\r\n\r\n<strong>1.5. Propri\u00e9t\u00e9 intellectuelle et industrielle<\/strong>\r\nTous les contenus de ce site Web sont prot\u00e9g\u00e9s par la l\u00e9gislation espagnole sur les droits de propri\u00e9t\u00e9 intellectuelle et industrielle en faveur du propri\u00e9taire. La reproduction totale ou partielle, la distribution, le transfert, la communication publique, la transformation ou tout autre acte non express\u00e9ment autoris\u00e9 par le Titulaire des droits d\u2019exploitation est interdite. En cas de doute, vous pouvez demander plus d\u2019informations via notre formulaire de contact Web. Concernant les citations de produits et services de tiers, le Propri\u00e9taire reconna\u00eet en faveur de ces tiers les droits de propri\u00e9t\u00e9 industrielle et intellectuelle correspondants, leur simple mention ou apparition sur le Site n\u2019impliquant pas l\u2019existence d\u2019un quelconque droit ou responsabilit\u00e9 du Propri\u00e9taire sur les produits. et les services de tiers eux-m\u00eames, ni l\u2019approbation, le parrainage ou la recommandation du Propri\u00e9taire, sauf indication expresse.\r\n\r\n<strong>1.6. Responsabilit\u00e9<\/strong>\r\nLe Propri\u00e9taire d\u00e9cline toute responsabilit\u00e9 concernant les informations qui se trouvent en dehors de ce SITE WEB et qui ne sont pas g\u00e9r\u00e9es directement par nos professionnels informatiques. En aucun cas, l\u2019existence de sites li\u00e9s, de noms ou de marques de tiers ne doit pr\u00e9supposer l\u2019existence d\u2019accords avec les responsables ou propri\u00e9taires de ceux-ci, ni la recommandation, la promotion ou l\u2019identification du Propri\u00e9taire avec les d\u00e9clarations, contenus ou services fournis par ceux-ci. Tous les liens de tiers vers le SITE WEB renvoient \u00e0 sa page principale, et les liens profonds, le framing et toute autre utilisation du contenu du site Web en faveur de tiers non express\u00e9ment autoris\u00e9s sont express\u00e9ment interdits. Il est interdit d\u2019utiliser des logos, des marques ou tout autre graphique appartenant au Propri\u00e9taire dans le cadre d\u2019un lien sans autorisation \u00e9crite expresse.\r\n\r\n<strong>1.7. Loi applicable et juridiction<\/strong>\r\nLe pr\u00e9sent avis l\u00e9gal est r\u00e9gi dans chacun de ses extr\u00eames par la loi applicable en Espagne. Pour toute controverse pouvant survenir entre le Propri\u00e9taire et l\u2019Utilisateur, il est convenu de se soumettre, avec renonciation expresse \u00e0 toute autre juridiction, aux Cours et Tribunaux comp\u00e9tents."},"yoast_head":"<!-- This site is optimized with the Yoast SEO plugin v23.9 - https:\/\/yoast.com\/wordpress\/plugins\/seo\/ -->\n<title>Mentions l\u00e9gales - Saln\u00e9s<\/title>\n<meta name=\"robots\" content=\"index, follow, max-snippet:-1, max-image-preview:large, max-video-preview:-1\" \/>\n<link rel=\"canonical\" href=\"https:\/\/www.destinosalnes.com\/pt-pt\/aviso-legal\/\" \/>\n<script type=\"application\/ld+json\" class=\"yoast-schema-graph\">{\"@context\":\"https:\/\/schema.org\",\"@graph\":[{\"@type\":\"WebPage\",\"@id\":\"https:\/\/www.destinosalnes.com\/pt-pt\/aviso-legal\/\",\"url\":\"https:\/\/www.destinosalnes.com\/pt-pt\/aviso-legal\/\",\"name\":\"Mentions l\u00e9gales - Saln\u00e9s\",\"isPartOf\":{\"@id\":\"https:\/\/www.destinosalnes.com\/es\/#website\"},\"primaryImageOfPage\":{\"@id\":\"https:\/\/www.destinosalnes.com\/pt-pt\/aviso-legal\/#primaryimage\"},\"image\":{\"@id\":\"https:\/\/www.destinosalnes.com\/pt-pt\/aviso-legal\/#primaryimage\"},\"thumbnailUrl\":\"https:\/\/www.destinosalnes.com\/wp-content\/uploads\/2024\/04\/Papeles.webp\",\"datePublished\":\"2024-05-21T07:08:48+00:00\",\"dateModified\":\"2024-11-26T13:24:13+00:00\",\"breadcrumb\":{\"@id\":\"https:\/\/www.destinosalnes.com\/pt-pt\/aviso-legal\/#breadcrumb\"},\"inLanguage\":\"fr-FR\",\"potentialAction\":[{\"@type\":\"ReadAction\",\"target\":[\"https:\/\/www.destinosalnes.com\/pt-pt\/aviso-legal\/\"]}]},{\"@type\":\"ImageObject\",\"inLanguage\":\"fr-FR\",\"@id\":\"https:\/\/www.destinosalnes.com\/pt-pt\/aviso-legal\/#primaryimage\",\"url\":\"https:\/\/www.destinosalnes.com\/wp-content\/uploads\/2024\/04\/Papeles.webp\",\"contentUrl\":\"https:\/\/www.destinosalnes.com\/wp-content\/uploads\/2024\/04\/Papeles.webp\",\"width\":1000,\"height\":562},{\"@type\":\"BreadcrumbList\",\"@id\":\"https:\/\/www.destinosalnes.com\/pt-pt\/aviso-legal\/#breadcrumb\",\"itemListElement\":[{\"@type\":\"ListItem\",\"position\":1,\"name\":\"Saln\u00e9s\",\"item\":\"https:\/\/www.destinosalnes.com\/fr\/\"},{\"@type\":\"ListItem\",\"position\":2,\"name\":\"Saln\u00e9s\",\"item\":\"https:\/\/www.destinosalnes.com\/es\/category\/salnes\/\"},{\"@type\":\"ListItem\",\"position\":3,\"name\":\"Mentions l\u00e9gales\"}]},{\"@type\":\"WebSite\",\"@id\":\"https:\/\/www.destinosalnes.com\/es\/#website\",\"url\":\"https:\/\/www.destinosalnes.com\/es\/\",\"name\":\"Saln\u00e9s\",\"description\":\"\",\"publisher\":{\"@id\":\"https:\/\/www.destinosalnes.com\/es\/#organization\"},\"potentialAction\":[{\"@type\":\"SearchAction\",\"target\":{\"@type\":\"EntryPoint\",\"urlTemplate\":\"https:\/\/www.destinosalnes.com\/es\/?s={search_term_string}\"},\"query-input\":{\"@type\":\"PropertyValueSpecification\",\"valueRequired\":true,\"valueName\":\"search_term_string\"}}],\"inLanguage\":\"fr-FR\"},{\"@type\":\"Organization\",\"@id\":\"https:\/\/www.destinosalnes.com\/es\/#organization\",\"name\":\"Saln\u00e9s\",\"url\":\"https:\/\/www.destinosalnes.com\/es\/\",\"logo\":{\"@type\":\"ImageObject\",\"inLanguage\":\"fr-FR\",\"@id\":\"https:\/\/www.destinosalnes.com\/es\/#\/schema\/logo\/image\/\",\"url\":\"\",\"contentUrl\":\"\",\"caption\":\"Saln\u00e9s\"},\"image\":{\"@id\":\"https:\/\/www.destinosalnes.com\/es\/#\/schema\/logo\/image\/\"},\"sameAs\":[\"https:\/\/es-es.facebook.com\/mancomunidade.salnes\",\"https:\/\/x.com\/infosalnes\"]}]}<\/script>\n<!-- \/ Yoast SEO plugin. -->","yoast_head_json":{"title":"Mentions l\u00e9gales - Saln\u00e9s","robots":{"index":"index","follow":"follow","max-snippet":"max-snippet:-1","max-image-preview":"max-image-preview:large","max-video-preview":"max-video-preview:-1"},"canonical":"https:\/\/www.destinosalnes.com\/pt-pt\/aviso-legal\/","schema":{"@context":"https:\/\/schema.org","@graph":[{"@type":"WebPage","@id":"https:\/\/www.destinosalnes.com\/pt-pt\/aviso-legal\/","url":"https:\/\/www.destinosalnes.com\/pt-pt\/aviso-legal\/","name":"Mentions l\u00e9gales - Saln\u00e9s","isPartOf":{"@id":"https:\/\/www.destinosalnes.com\/es\/#website"},"primaryImageOfPage":{"@id":"https:\/\/www.destinosalnes.com\/pt-pt\/aviso-legal\/#primaryimage"},"image":{"@id":"https:\/\/www.destinosalnes.com\/pt-pt\/aviso-legal\/#primaryimage"},"thumbnailUrl":"https:\/\/www.destinosalnes.com\/wp-content\/uploads\/2024\/04\/Papeles.webp","datePublished":"2024-05-21T07:08:48+00:00","dateModified":"2024-11-26T13:24:13+00:00","breadcrumb":{"@id":"https:\/\/www.destinosalnes.com\/pt-pt\/aviso-legal\/#breadcrumb"},"inLanguage":"fr-FR","potentialAction":[{"@type":"ReadAction","target":["https:\/\/www.destinosalnes.com\/pt-pt\/aviso-legal\/"]}]},{"@type":"ImageObject","inLanguage":"fr-FR","@id":"https:\/\/www.destinosalnes.com\/pt-pt\/aviso-legal\/#primaryimage","url":"https:\/\/www.destinosalnes.com\/wp-content\/uploads\/2024\/04\/Papeles.webp","contentUrl":"https:\/\/www.destinosalnes.com\/wp-content\/uploads\/2024\/04\/Papeles.webp","width":1000,"height":562},{"@type":"BreadcrumbList","@id":"https:\/\/www.destinosalnes.com\/pt-pt\/aviso-legal\/#breadcrumb","itemListElement":[{"@type":"ListItem","position":1,"name":"Saln\u00e9s","item":"https:\/\/www.destinosalnes.com\/fr\/"},{"@type":"ListItem","position":2,"name":"Saln\u00e9s","item":"https:\/\/www.destinosalnes.com\/es\/category\/salnes\/"},{"@type":"ListItem","position":3,"name":"Mentions l\u00e9gales"}]},{"@type":"WebSite","@id":"https:\/\/www.destinosalnes.com\/es\/#website","url":"https:\/\/www.destinosalnes.com\/es\/","name":"Saln\u00e9s","description":"","publisher":{"@id":"https:\/\/www.destinosalnes.com\/es\/#organization"},"potentialAction":[{"@type":"SearchAction","target":{"@type":"EntryPoint","urlTemplate":"https:\/\/www.destinosalnes.com\/es\/?s={search_term_string}"},"query-input":{"@type":"PropertyValueSpecification","valueRequired":true,"valueName":"search_term_string"}}],"inLanguage":"fr-FR"},{"@type":"Organization","@id":"https:\/\/www.destinosalnes.com\/es\/#organization","name":"Saln\u00e9s","url":"https:\/\/www.destinosalnes.com\/es\/","logo":{"@type":"ImageObject","inLanguage":"fr-FR","@id":"https:\/\/www.destinosalnes.com\/es\/#\/schema\/logo\/image\/","url":"","contentUrl":"","caption":"Saln\u00e9s"},"image":{"@id":"https:\/\/www.destinosalnes.com\/es\/#\/schema\/logo\/image\/"},"sameAs":["https:\/\/es-es.facebook.com\/mancomunidade.salnes","https:\/\/x.com\/infosalnes"]}]}},"_links":{"self":[{"href":"https:\/\/www.destinosalnes.com\/fr\/wp-json\/wp\/v2\/pages\/117019","targetHints":{"allow":["GET"]}}],"collection":[{"href":"https:\/\/www.destinosalnes.com\/fr\/wp-json\/wp\/v2\/pages"}],"about":[{"href":"https:\/\/www.destinosalnes.com\/fr\/wp-json\/wp\/v2\/types\/page"}],"author":[{"embeddable":true,"href":"https:\/\/www.destinosalnes.com\/fr\/wp-json\/wp\/v2\/users\/42"}],"replies":[{"embeddable":true,"href":"https:\/\/www.destinosalnes.com\/fr\/wp-json\/wp\/v2\/comments?post=117019"}],"version-history":[{"count":5,"href":"https:\/\/www.destinosalnes.com\/fr\/wp-json\/wp\/v2\/pages\/117019\/revisions"}],"predecessor-version":[{"id":130024,"href":"https:\/\/www.destinosalnes.com\/fr\/wp-json\/wp\/v2\/pages\/117019\/revisions\/130024"}],"wp:featuredmedia":[{"embeddable":true,"href":"https:\/\/www.destinosalnes.com\/fr\/wp-json\/wp\/v2\/media\/105420"}],"wp:attachment":[{"href":"https:\/\/www.destinosalnes.com\/fr\/wp-json\/wp\/v2\/media?parent=117019"}],"wp:term":[{"taxonomy":"category","embeddable":true,"href":"https:\/\/www.destinosalnes.com\/fr\/wp-json\/wp\/v2\/categories?post=117019"},{"taxonomy":"post_tag","embeddable":true,"href":"https:\/\/www.destinosalnes.com\/fr\/wp-json\/wp\/v2\/tags?post=117019"}],"curies":[{"name":"wp","href":"https:\/\/api.w.org\/{rel}","templated":true}]}}