{"id":109707,"date":"2024-04-23T11:01:24","date_gmt":"2024-04-23T11:01:24","guid":{"rendered":"https:\/\/www.destinosalnes.com\/ogrove-bares-pubs\/"},"modified":"2024-05-21T12:34:39","modified_gmt":"2024-05-21T10:34:39","slug":"ogrove-bares-pubs","status":"publish","type":"page","link":"https:\/\/www.destinosalnes.com\/fr\/ogrove-bares-pubs\/","title":{"rendered":"Bars et pubs"},"content":{"rendered":"\t\t<div data-elementor-type=\"wp-page\" data-elementor-id=\"109707\" class=\"elementor elementor-109707 elementor-109664\" data-elementor-post-type=\"page\">\n\t\t\t\t\t\t<section class=\"elementor-section elementor-top-section elementor-element elementor-element-cb835df elementor-section-boxed elementor-section-height-default elementor-section-height-default\" data-id=\"cb835df\" data-element_type=\"section\">\n\t\t\t\t\t\t<div class=\"elementor-container elementor-column-gap-default\">\n\t\t\t\t\t<div class=\"elementor-column elementor-col-100 elementor-top-column elementor-element elementor-element-e832622\" data-id=\"e832622\" data-element_type=\"column\">\n\t\t\t<div class=\"elementor-widget-wrap elementor-element-populated\">\n\t\t\t\t\t\t<div class=\"elementor-element elementor-element-1f6bfb0 elementor-widget__width-auto elementor-widget elementor-widget-text-editor\" data-id=\"1f6bfb0\" data-element_type=\"widget\" data-widget_type=\"text-editor.default\">\n\t\t\t\t<div class=\"elementor-widget-container\">\n\t\t\t<style>\/*! elementor - v3.20.0 - 11-03-2024 *\/\n.elementor-widget-text-editor.elementor-drop-cap-view-stacked .elementor-drop-cap{background-color:#69727d;color:#fff}.elementor-widget-text-editor.elementor-drop-cap-view-framed .elementor-drop-cap{color:#69727d;border:3px solid;background-color:transparent}.elementor-widget-text-editor:not(.elementor-drop-cap-view-default) .elementor-drop-cap{margin-top:8px}.elementor-widget-text-editor:not(.elementor-drop-cap-view-default) .elementor-drop-cap-letter{width:1em;height:1em}.elementor-widget-text-editor .elementor-drop-cap{float:left;text-align:center;line-height:1;font-size:50px}.elementor-widget-text-editor .elementor-drop-cap-letter{display:inline-block}<\/style>\t\t\t\t<h4>Bonjour!<\/h4>\n<p class=\"gt-block\">Nous mettons \u00e0 jour le site Web,<br \/>\npour vous offrir plus de contenu.<br \/>\nSoyez patient, cela en vaudra la peine !<\/p>\n<p>Merci.<\/p>\n\t\t\t\t\t\t<\/div>\n\t\t\t\t<\/div>\n\t\t\t\t\t<\/div>\n\t\t<\/div>\n\t\t\t\t\t<\/div>\n\t\t<\/section>\n\t\t\t\t<\/div>\n\t\t","protected":false},"excerpt":{"rendered":"<p>Bonjour! Nous mettons \u00e0 jour le site Web, pour vous offrir plus de contenu. Soyez patient, cela en vaudra la peine ! Merci.<\/p>\n","protected":false},"author":42,"featured_media":96687,"parent":0,"menu_order":0,"comment_status":"closed","ping_status":"closed","template":"","meta":{"_acf_changed":false,"footnotes":""},"categories":[1095,1024],"tags":[],"class_list":["post-109707","page","type-page","status-publish","has-post-thumbnail","hentry","category-loisirs-et-tourisme-actif","category-o-grove-fr"],"acf":[],"yoast_head":"<!-- This site is optimized with the Yoast SEO plugin v23.9 - https:\/\/yoast.com\/wordpress\/plugins\/seo\/ -->\n<title>Bars et pubs - Saln\u00e9s<\/title>\n<meta name=\"description\" content=\"Explorez la sc\u00e8ne anim\u00e9e des bars et des pubs d&#039;O Grove\u00a0! Des lieux familiaux confortables aux bars de nuit anim\u00e9s.\" \/>\n<meta name=\"robots\" content=\"index, follow, max-snippet:-1, max-image-preview:large, max-video-preview:-1\" \/>\n<link rel=\"canonical\" href=\"https:\/\/www.destinosalnes.com\/fr\/ogrove-bares-pubs\/\" \/>\n<script type=\"application\/ld+json\" class=\"yoast-schema-graph\">{\"@context\":\"https:\/\/schema.org\",\"@graph\":[{\"@type\":\"WebPage\",\"@id\":\"https:\/\/www.destinosalnes.com\/fr\/ogrove-bares-pubs\/\",\"url\":\"https:\/\/www.destinosalnes.com\/fr\/ogrove-bares-pubs\/\",\"name\":\"Bars et pubs - Saln\u00e9s\",\"isPartOf\":{\"@id\":\"https:\/\/www.destinosalnes.com\/es\/#website\"},\"primaryImageOfPage\":{\"@id\":\"https:\/\/www.destinosalnes.com\/fr\/ogrove-bares-pubs\/#primaryimage\"},\"image\":{\"@id\":\"https:\/\/www.destinosalnes.com\/fr\/ogrove-bares-pubs\/#primaryimage\"},\"thumbnailUrl\":\"https:\/\/www.destinosalnes.com\/wp-content\/uploads\/2024\/04\/bur-y-pubs.webp\",\"datePublished\":\"2024-04-23T11:01:24+00:00\",\"dateModified\":\"2024-05-21T10:34:39+00:00\",\"description\":\"Explorez la sc\u00e8ne anim\u00e9e des bars et des pubs d'O Grove\u00a0! Des lieux familiaux confortables aux bars de nuit anim\u00e9s.\",\"breadcrumb\":{\"@id\":\"https:\/\/www.destinosalnes.com\/fr\/ogrove-bares-pubs\/#breadcrumb\"},\"inLanguage\":\"fr-FR\",\"potentialAction\":[{\"@type\":\"ReadAction\",\"target\":[\"https:\/\/www.destinosalnes.com\/fr\/ogrove-bares-pubs\/\"]}]},{\"@type\":\"ImageObject\",\"inLanguage\":\"fr-FR\",\"@id\":\"https:\/\/www.destinosalnes.com\/fr\/ogrove-bares-pubs\/#primaryimage\",\"url\":\"https:\/\/www.destinosalnes.com\/wp-content\/uploads\/2024\/04\/bur-y-pubs.webp\",\"contentUrl\":\"https:\/\/www.destinosalnes.com\/wp-content\/uploads\/2024\/04\/bur-y-pubs.webp\",\"width\":1200,\"height\":747,\"caption\":\"Bares y pubs modernos para ocio nocturno en Espa\u00f1a\"},{\"@type\":\"BreadcrumbList\",\"@id\":\"https:\/\/www.destinosalnes.com\/fr\/ogrove-bares-pubs\/#breadcrumb\",\"itemListElement\":[{\"@type\":\"ListItem\",\"position\":1,\"name\":\"Saln\u00e9s\",\"item\":\"https:\/\/www.destinosalnes.com\/fr\/\"},{\"@type\":\"ListItem\",\"position\":2,\"name\":\"O Grove\",\"item\":\"https:\/\/www.destinosalnes.com\/fr\/category\/o-grove-fr\/\"},{\"@type\":\"ListItem\",\"position\":3,\"name\":\"Loisirs et tourisme actif\",\"item\":\"https:\/\/www.destinosalnes.com\/fr\/category\/o-grove-fr\/loisirs-et-tourisme-actif\/\"},{\"@type\":\"ListItem\",\"position\":4,\"name\":\"Bars et pubs\"}]},{\"@type\":\"WebSite\",\"@id\":\"https:\/\/www.destinosalnes.com\/es\/#website\",\"url\":\"https:\/\/www.destinosalnes.com\/es\/\",\"name\":\"Saln\u00e9s\",\"description\":\"\",\"publisher\":{\"@id\":\"https:\/\/www.destinosalnes.com\/es\/#organization\"},\"potentialAction\":[{\"@type\":\"SearchAction\",\"target\":{\"@type\":\"EntryPoint\",\"urlTemplate\":\"https:\/\/www.destinosalnes.com\/es\/?s={search_term_string}\"},\"query-input\":{\"@type\":\"PropertyValueSpecification\",\"valueRequired\":true,\"valueName\":\"search_term_string\"}}],\"inLanguage\":\"fr-FR\"},{\"@type\":\"Organization\",\"@id\":\"https:\/\/www.destinosalnes.com\/es\/#organization\",\"name\":\"Saln\u00e9s\",\"url\":\"https:\/\/www.destinosalnes.com\/es\/\",\"logo\":{\"@type\":\"ImageObject\",\"inLanguage\":\"fr-FR\",\"@id\":\"https:\/\/www.destinosalnes.com\/es\/#\/schema\/logo\/image\/\",\"url\":\"\",\"contentUrl\":\"\",\"caption\":\"Saln\u00e9s\"},\"image\":{\"@id\":\"https:\/\/www.destinosalnes.com\/es\/#\/schema\/logo\/image\/\"},\"sameAs\":[\"https:\/\/es-es.facebook.com\/mancomunidade.salnes\",\"https:\/\/x.com\/infosalnes\"]}]}<\/script>\n<!-- \/ Yoast SEO plugin. -->","yoast_head_json":{"title":"Bars et pubs - Saln\u00e9s","description":"Explorez la sc\u00e8ne anim\u00e9e des bars et des pubs d'O Grove\u00a0! Des lieux familiaux confortables aux bars de nuit anim\u00e9s.","robots":{"index":"index","follow":"follow","max-snippet":"max-snippet:-1","max-image-preview":"max-image-preview:large","max-video-preview":"max-video-preview:-1"},"canonical":"https:\/\/www.destinosalnes.com\/fr\/ogrove-bares-pubs\/","schema":{"@context":"https:\/\/schema.org","@graph":[{"@type":"WebPage","@id":"https:\/\/www.destinosalnes.com\/fr\/ogrove-bares-pubs\/","url":"https:\/\/www.destinosalnes.com\/fr\/ogrove-bares-pubs\/","name":"Bars et pubs - Saln\u00e9s","isPartOf":{"@id":"https:\/\/www.destinosalnes.com\/es\/#website"},"primaryImageOfPage":{"@id":"https:\/\/www.destinosalnes.com\/fr\/ogrove-bares-pubs\/#primaryimage"},"image":{"@id":"https:\/\/www.destinosalnes.com\/fr\/ogrove-bares-pubs\/#primaryimage"},"thumbnailUrl":"https:\/\/www.destinosalnes.com\/wp-content\/uploads\/2024\/04\/bur-y-pubs.webp","datePublished":"2024-04-23T11:01:24+00:00","dateModified":"2024-05-21T10:34:39+00:00","description":"Explorez la sc\u00e8ne anim\u00e9e des bars et des pubs d'O Grove\u00a0! Des lieux familiaux confortables aux bars de nuit anim\u00e9s.","breadcrumb":{"@id":"https:\/\/www.destinosalnes.com\/fr\/ogrove-bares-pubs\/#breadcrumb"},"inLanguage":"fr-FR","potentialAction":[{"@type":"ReadAction","target":["https:\/\/www.destinosalnes.com\/fr\/ogrove-bares-pubs\/"]}]},{"@type":"ImageObject","inLanguage":"fr-FR","@id":"https:\/\/www.destinosalnes.com\/fr\/ogrove-bares-pubs\/#primaryimage","url":"https:\/\/www.destinosalnes.com\/wp-content\/uploads\/2024\/04\/bur-y-pubs.webp","contentUrl":"https:\/\/www.destinosalnes.com\/wp-content\/uploads\/2024\/04\/bur-y-pubs.webp","width":1200,"height":747,"caption":"Bares y pubs modernos para ocio nocturno en Espa\u00f1a"},{"@type":"BreadcrumbList","@id":"https:\/\/www.destinosalnes.com\/fr\/ogrove-bares-pubs\/#breadcrumb","itemListElement":[{"@type":"ListItem","position":1,"name":"Saln\u00e9s","item":"https:\/\/www.destinosalnes.com\/fr\/"},{"@type":"ListItem","position":2,"name":"O Grove","item":"https:\/\/www.destinosalnes.com\/fr\/category\/o-grove-fr\/"},{"@type":"ListItem","position":3,"name":"Loisirs et tourisme actif","item":"https:\/\/www.destinosalnes.com\/fr\/category\/o-grove-fr\/loisirs-et-tourisme-actif\/"},{"@type":"ListItem","position":4,"name":"Bars et pubs"}]},{"@type":"WebSite","@id":"https:\/\/www.destinosalnes.com\/es\/#website","url":"https:\/\/www.destinosalnes.com\/es\/","name":"Saln\u00e9s","description":"","publisher":{"@id":"https:\/\/www.destinosalnes.com\/es\/#organization"},"potentialAction":[{"@type":"SearchAction","target":{"@type":"EntryPoint","urlTemplate":"https:\/\/www.destinosalnes.com\/es\/?s={search_term_string}"},"query-input":{"@type":"PropertyValueSpecification","valueRequired":true,"valueName":"search_term_string"}}],"inLanguage":"fr-FR"},{"@type":"Organization","@id":"https:\/\/www.destinosalnes.com\/es\/#organization","name":"Saln\u00e9s","url":"https:\/\/www.destinosalnes.com\/es\/","logo":{"@type":"ImageObject","inLanguage":"fr-FR","@id":"https:\/\/www.destinosalnes.com\/es\/#\/schema\/logo\/image\/","url":"","contentUrl":"","caption":"Saln\u00e9s"},"image":{"@id":"https:\/\/www.destinosalnes.com\/es\/#\/schema\/logo\/image\/"},"sameAs":["https:\/\/es-es.facebook.com\/mancomunidade.salnes","https:\/\/x.com\/infosalnes"]}]}},"_links":{"self":[{"href":"https:\/\/www.destinosalnes.com\/fr\/wp-json\/wp\/v2\/pages\/109707","targetHints":{"allow":["GET"]}}],"collection":[{"href":"https:\/\/www.destinosalnes.com\/fr\/wp-json\/wp\/v2\/pages"}],"about":[{"href":"https:\/\/www.destinosalnes.com\/fr\/wp-json\/wp\/v2\/types\/page"}],"author":[{"embeddable":true,"href":"https:\/\/www.destinosalnes.com\/fr\/wp-json\/wp\/v2\/users\/42"}],"replies":[{"embeddable":true,"href":"https:\/\/www.destinosalnes.com\/fr\/wp-json\/wp\/v2\/comments?post=109707"}],"version-history":[{"count":1,"href":"https:\/\/www.destinosalnes.com\/fr\/wp-json\/wp\/v2\/pages\/109707\/revisions"}],"predecessor-version":[{"id":109708,"href":"https:\/\/www.destinosalnes.com\/fr\/wp-json\/wp\/v2\/pages\/109707\/revisions\/109708"}],"wp:featuredmedia":[{"embeddable":true,"href":"https:\/\/www.destinosalnes.com\/fr\/wp-json\/wp\/v2\/media\/96687"}],"wp:attachment":[{"href":"https:\/\/www.destinosalnes.com\/fr\/wp-json\/wp\/v2\/media?parent=109707"}],"wp:term":[{"taxonomy":"category","embeddable":true,"href":"https:\/\/www.destinosalnes.com\/fr\/wp-json\/wp\/v2\/categories?post=109707"},{"taxonomy":"post_tag","embeddable":true,"href":"https:\/\/www.destinosalnes.com\/fr\/wp-json\/wp\/v2\/tags?post=109707"}],"curies":[{"name":"wp","href":"https:\/\/api.w.org\/{rel}","templated":true}]}}