{"id":109236,"date":"2024-04-23T07:45:45","date_gmt":"2024-04-23T07:45:45","guid":{"rendered":"https:\/\/www.destinosalnes.com\/ogrove-politica-privacidad\/"},"modified":"2024-12-03T10:24:25","modified_gmt":"2024-12-03T09:24:25","slug":"ogrove-politica-privacidad","status":"publish","type":"page","link":"https:\/\/www.destinosalnes.com\/fr\/ogrove-politica-privacidad\/","title":{"rendered":"Politique de confidentialit\u00e9"},"content":{"rendered":"\t\t<div data-elementor-type=\"wp-page\" data-elementor-id=\"109236\" class=\"elementor elementor-109236 elementor-99021\" data-elementor-post-type=\"page\">\n\t\t\t\t\t\t<section class=\"elementor-section elementor-top-section elementor-element elementor-element-3f2ce1aa elementor-section-full_width Portada elementor-section-height-default elementor-section-height-default\" data-id=\"3f2ce1aa\" data-element_type=\"section\">\n\t\t\t\t\t\t<div class=\"elementor-container elementor-column-gap-default\">\n\t\t\t\t\t<div class=\"elementor-column elementor-col-100 elementor-top-column elementor-element elementor-element-5f9ea0b1\" data-id=\"5f9ea0b1\" data-element_type=\"column\">\n\t\t\t<div class=\"elementor-widget-wrap elementor-element-populated\">\n\t\t\t\t\t\t<div class=\"elementor-element elementor-element-4fc7481c Cabecera elementor--h-position-center elementor--v-position-middle elementor-widget elementor-widget-slides\" data-id=\"4fc7481c\" data-element_type=\"widget\" data-settings=\"{&quot;navigation&quot;:&quot;none&quot;,&quot;_animation&quot;:&quot;none&quot;,&quot;autoplay&quot;:&quot;yes&quot;,&quot;pause_on_hover&quot;:&quot;yes&quot;,&quot;pause_on_interaction&quot;:&quot;yes&quot;,&quot;autoplay_speed&quot;:5000,&quot;infinite&quot;:&quot;yes&quot;,&quot;transition&quot;:&quot;slide&quot;,&quot;transition_speed&quot;:500}\" data-widget_type=\"slides.default\">\n\t\t\t\t<div class=\"elementor-widget-container\">\n\t\t\t<style>.elementor-slides .swiper-slide-bg{background-size:cover;background-position:50%;background-repeat:no-repeat;min-width:100%;min-height:100%}.elementor-slides .swiper-slide-inner{background-repeat:no-repeat;background-position:50%;position:absolute;top:0;left:0;bottom:0;right:0;padding:50px;margin:auto}.elementor-slides .swiper-slide-inner,.elementor-slides .swiper-slide-inner:hover{color:#fff;display:flex}.elementor-slides .swiper-slide-inner .elementor-background-overlay{position:absolute;z-index:0;top:0;bottom:0;left:0;right:0}.elementor-slides .swiper-slide-inner .elementor-slide-content{position:relative;z-index:1;width:100%}.elementor-slides .swiper-slide-inner .elementor-slide-heading{font-size:35px;font-weight:700;line-height:1}.elementor-slides .swiper-slide-inner .elementor-slide-description{font-size:17px;line-height:1.4}.elementor-slides .swiper-slide-inner .elementor-slide-description:not(:last-child),.elementor-slides .swiper-slide-inner .elementor-slide-heading:not(:last-child){margin-bottom:30px}.elementor-slides .swiper-slide-inner .elementor-slide-button{border:2px solid #fff;color:#fff;background:transparent;display:inline-block}.elementor-slides .swiper-slide-inner .elementor-slide-button,.elementor-slides .swiper-slide-inner .elementor-slide-button:hover{background:transparent;color:inherit;text-decoration:none}.elementor--v-position-top .swiper-slide-inner{align-items:flex-start}.elementor--v-position-bottom .swiper-slide-inner{align-items:flex-end}.elementor--v-position-middle .swiper-slide-inner{align-items:center}.elementor--h-position-left .swiper-slide-inner{justify-content:flex-start}.elementor--h-position-right .swiper-slide-inner{justify-content:flex-end}.elementor--h-position-center .swiper-slide-inner{justify-content:center}body.rtl .elementor-widget-slides .elementor-swiper-button-next{left:10px;right:auto}body.rtl .elementor-widget-slides .elementor-swiper-button-prev{right:10px;left:auto}.elementor-slides-wrapper div:not(.swiper-slide)>.swiper-slide-inner{display:none}@media (max-width:767px){.elementor-slides .swiper-slide-inner{padding:30px}.elementor-slides .swiper-slide-inner .elementor-slide-heading{font-size:23px;line-height:1;margin-bottom:15px}.elementor-slides .swiper-slide-inner .elementor-slide-description{font-size:13px;line-height:1.4;margin-bottom:15px}}<\/style>\t\t<div class=\"elementor-swiper\">\n\t\t\t<div class=\"elementor-slides-wrapper elementor-main-swiper swiper\" dir=\"ltr\" data-animation=\"\">\n\t\t\t\t<div class=\"swiper-wrapper elementor-slides\">\n\t\t\t\t\t\t\t\t\t\t<div class=\"elementor-repeater-item-f15b013 swiper-slide\"><div class=\"swiper-slide-bg\" role=\"img\"><\/div><div class=\"elementor-background-overlay\"><\/div><div class=\"swiper-slide-inner\" ><div class=\"swiper-slide-contents\"><\/div><\/div><\/div>\t\t\t\t<\/div>\n\t\t\t\t\t\t\t<\/div>\n\t\t<\/div>\n\t\t\t\t<\/div>\n\t\t\t\t<\/div>\n\t\t\t\t\t<\/div>\n\t\t<\/div>\n\t\t\t\t\t<\/div>\n\t\t<\/section>\n\t\t\t\t<section class=\"elementor-section elementor-top-section elementor-element elementor-element-1afff82 elementor-section-full_width elementor-section-height-default elementor-section-height-default\" data-id=\"1afff82\" data-element_type=\"section\">\n\t\t\t\t\t\t<div class=\"elementor-container elementor-column-gap-default\">\n\t\t\t\t\t<div class=\"elementor-column elementor-col-100 elementor-top-column elementor-element elementor-element-6fce3cf6\" data-id=\"6fce3cf6\" data-element_type=\"column\">\n\t\t\t<div class=\"elementor-widget-wrap elementor-element-populated\">\n\t\t\t\t\t\t<div class=\"elementor-element elementor-element-838e4f2 elementor-widget elementor-widget-breadcrumbs\" data-id=\"838e4f2\" data-element_type=\"widget\" data-widget_type=\"breadcrumbs.default\">\n\t\t\t\t<div class=\"elementor-widget-container\">\n\t\t\t<link rel=\"stylesheet\" href=\"https:\/\/www.destinosalnes.com\/wp-content\/plugins\/elementor-pro\/assets\/css\/widget-theme-elements.min.css\"><p id=\"breadcrumbs\"><nav class=\"yoast-breadcrumb\" role=\"navigation\" aria-label=\"Breadcrumb\"><span><span><a href=\"https:\/\/www.destinosalnes.com\/fr\/\">Saln\u00e9s<\/a><\/span><\/span><\/nav><\/p>\t\t<\/div>\n\t\t\t\t<\/div>\n\t\t\t\t\t<\/div>\n\t\t<\/div>\n\t\t\t\t\t<\/div>\n\t\t<\/section>\n\t\t\t\t<section class=\"elementor-section elementor-top-section elementor-element elementor-element-7524564 elementor-section-full_width elementor-section-height-default elementor-section-height-default\" data-id=\"7524564\" data-element_type=\"section\">\n\t\t\t\t\t\t<div class=\"elementor-container elementor-column-gap-default\">\n\t\t\t\t\t<div class=\"elementor-column elementor-col-100 elementor-top-column elementor-element elementor-element-957050e\" data-id=\"957050e\" data-element_type=\"column\">\n\t\t\t<div class=\"elementor-widget-wrap elementor-element-populated\">\n\t\t\t\t\t\t<div class=\"elementor-element elementor-element-c597b04 elementor-widget elementor-widget-text-editor\" data-id=\"c597b04\" data-element_type=\"widget\" data-widget_type=\"text-editor.default\">\n\t\t\t\t<div class=\"elementor-widget-container\">\n\t\t\t<style>\/*! elementor - v3.20.0 - 11-03-2024 *\/\n.elementor-widget-text-editor.elementor-drop-cap-view-stacked .elementor-drop-cap{background-color:#69727d;color:#fff}.elementor-widget-text-editor.elementor-drop-cap-view-framed .elementor-drop-cap{color:#69727d;border:3px solid;background-color:transparent}.elementor-widget-text-editor:not(.elementor-drop-cap-view-default) .elementor-drop-cap{margin-top:8px}.elementor-widget-text-editor:not(.elementor-drop-cap-view-default) .elementor-drop-cap-letter{width:1em;height:1em}.elementor-widget-text-editor .elementor-drop-cap{float:left;text-align:center;line-height:1;font-size:50px}.elementor-widget-text-editor .elementor-drop-cap-letter{display:inline-block}<\/style>\t\t\t\t<p class=\"gt-block\"><strong>Politique de confidentialit\u00e9 et protection des donn\u00e9es<\/strong><\/p>\n<p>En cumplimiento con lo dispuesto en la Ley Org\u00e1nica 15\/1999, de 13 de diciembre, de Protecci\u00f3n de Datos de Car\u00e1cter Personal (LOPD), el Ayuntamiento del Grove informa a los usuarios del presente sitio Web que los datos personales facilitados van a pasar a formar parte de un fichero automatizado de datos de car\u00e1cter personal, cuya titularidad y responsabilidad corresponde al Ayuntamiento del Grove, siendo su finalidad el poder atender y procesar adecuadamente las solicitudes de consulta remitidas, as\u00ed como poder informarle y transmitirle informaci\u00f3n de los servicios ofrecidos por el Ayuntamiento del Grove. Con la remisi\u00f3n de sus datos, Ud. presta su consentimiento expreso para que el Ayuntamiento del Grove pueda llevar a cabo el tratamiento automatizado.<\/p>\n<p>Sus datos personales son tratados con la m\u00e1xima confidencialidad, habiendo adoptado el Ayuntamiento del Grove, como responsable del fichero, las medidas de orden t\u00e9cnico y organizativo necesarias para garantizar la confidencialidad y seguridad de los datos personales, evitando su alteraci\u00f3n, p\u00e9rdida, tratamiento o acceso no autorizado.<\/p>\n<p>El Ayuntamiento del Grove procede al archivo de los datos que los usuarios facilitan para realizar una consulta o remitir una solicitud, algunos de los cuales son necesarios para atender adecuadamente las mismas. El usuario es advertido, convenientemente, de la necesidad de facilitar dichos datos. Le informamos de que la direcci\u00f3n de correo electr\u00f3nico es utilizada para dar respuesta a su consulta, as\u00ed como poder transmitirle informaci\u00f3n de los servicios ofrecidos por el Ayuntamiento del Grove e informarle de cualesquiera otros cambios relevantes que se produzcan.<\/p>\n<p>Nuestra p\u00e1gina Web no utiliza cookies ni otros medios t\u00e9cnicos que nos permitan identificar a usuarios en concreto ni conocer datos de su navegaci\u00f3n, sin que el usuario sea consciente. Ello no obstante, es nuestro compromiso que cualquier cambio en la Pol\u00edtica de Privacidad a este respecto ser\u00e1 inmediatamente advertido, a trav\u00e9s del presente sitio Web, incluyendo la oportuna rectificaci\u00f3n en este apartado.<\/p>\n<p>Asimismo, con relaci\u00f3n a los datos personales recabados en la forma prevista en esta Pol\u00edtica de Privacidad, se informa a los usuarios que tienen reconocidos los derechos de acceso, rectificaci\u00f3n, oposici\u00f3n y cancelaci\u00f3n de sus datos personales. Los referidos derechos podr\u00e1n ser ejercitados, bien por el usuario, bien por su representante, mediante la remisi\u00f3n de una solicitud escrita y firmada, a la siguiente direcci\u00f3n:<\/p>\n<p class=\"gt-block\" align=\"center\">Conseil do Grove<br \/>\nPraza de Corgo,1<br \/>\n36980 O Grove<br \/>\nPontevedra<\/p>\n<p>La solicitud deber\u00e1 contener el nombre y apellidos del usuario, fotocopia del DNI as\u00ed como el contenido de la petici\u00f3n que desee realizar, en su caso.<\/p>\n\t\t\t\t\t\t<\/div>\n\t\t\t\t<\/div>\n\t\t\t\t\t<\/div>\n\t\t<\/div>\n\t\t\t\t\t<\/div>\n\t\t<\/section>\n\t\t\t\t<\/div>\n\t\t","protected":false},"excerpt":{"rendered":"","protected":false},"author":42,"featured_media":0,"parent":0,"menu_order":0,"comment_status":"closed","ping_status":"closed","template":"","meta":{"_acf_changed":false,"footnotes":""},"categories":[1024],"tags":[],"class_list":["post-109236","page","type-page","status-publish","hentry","category-o-grove-fr"],"acf":{"texto":"<p class=\"gt-block\"><strong>Politique de confidentialit\u00e9 et protection des donn\u00e9es<\/strong><\/p>\r\nEn cumplimiento con lo dispuesto en la Ley Org\u00e1nica 15\/1999, de 13 de diciembre, de Protecci\u00f3n de Datos de Car\u00e1cter Personal (LOPD), el Ayuntamiento del Grove informa a los usuarios del presente sitio Web que los datos personales facilitados van a pasar a formar parte de un fichero automatizado de datos de car\u00e1cter personal, cuya titularidad y responsabilidad corresponde al Ayuntamiento del Grove, siendo su finalidad el poder atender y procesar adecuadamente las solicitudes de consulta remitidas, as\u00ed como poder informarle y transmitirle informaci\u00f3n de los servicios ofrecidos por el Ayuntamiento del Grove. Con la remisi\u00f3n de sus datos, Ud. presta su consentimiento expreso para que el Ayuntamiento del Grove pueda llevar a cabo el tratamiento automatizado.\r\n\r\nSus datos personales son tratados con la m\u00e1xima confidencialidad, habiendo adoptado el Ayuntamiento del Grove, como responsable del fichero, las medidas de orden t\u00e9cnico y organizativo necesarias para garantizar la confidencialidad y seguridad de los datos personales, evitando su alteraci\u00f3n, p\u00e9rdida, tratamiento o acceso no autorizado.\r\n\r\nEl Ayuntamiento del Grove procede al archivo de los datos que los usuarios facilitan para realizar una consulta o remitir una solicitud, algunos de los cuales son necesarios para atender adecuadamente las mismas. El usuario es advertido, convenientemente, de la necesidad de facilitar dichos datos. Le informamos de que la direcci\u00f3n de correo electr\u00f3nico es utilizada para dar respuesta a su consulta, as\u00ed como poder transmitirle informaci\u00f3n de los servicios ofrecidos por el Ayuntamiento del Grove e informarle de cualesquiera otros cambios relevantes que se produzcan.\r\n\r\nNuestra p\u00e1gina Web no utiliza cookies ni otros medios t\u00e9cnicos que nos permitan identificar a usuarios en concreto ni conocer datos de su navegaci\u00f3n, sin que el usuario sea consciente. Ello no obstante, es nuestro compromiso que cualquier cambio en la Pol\u00edtica de Privacidad a este respecto ser\u00e1 inmediatamente advertido, a trav\u00e9s del presente sitio Web, incluyendo la oportuna rectificaci\u00f3n en este apartado.\r\n\r\nAsimismo, con relaci\u00f3n a los datos personales recabados en la forma prevista en esta Pol\u00edtica de Privacidad, se informa a los usuarios que tienen reconocidos los derechos de acceso, rectificaci\u00f3n, oposici\u00f3n y cancelaci\u00f3n de sus datos personales. Los referidos derechos podr\u00e1n ser ejercitados, bien por el usuario, bien por su representante, mediante la remisi\u00f3n de una solicitud escrita y firmada, a la siguiente direcci\u00f3n:\r\n<p class=\"gt-block\" align=\"center\">Conseil do Grove\r\nPraza de Corgo,1\r\n36980 O Grove\r\nPontevedra<\/p>\r\nLa solicitud deber\u00e1 contener el nombre y apellidos del usuario, fotocopia del DNI as\u00ed como el contenido de la petici\u00f3n que desee realizar, en su caso."},"yoast_head":"<!-- This site is optimized with the Yoast SEO plugin v23.9 - https:\/\/yoast.com\/wordpress\/plugins\/seo\/ -->\n<title>Politique de confidentialit\u00e9 - Saln\u00e9s<\/title>\n<meta name=\"description\" content=\"Nuestra pol\u00edtica de privacidad detalla c\u00f3mo recopilamos, usamos y protegemos tus datos personales de manera segura y transparente.\" \/>\n<meta name=\"robots\" content=\"index, follow, max-snippet:-1, max-image-preview:large, max-video-preview:-1\" \/>\n<link rel=\"canonical\" href=\"https:\/\/www.destinosalnes.com\/es\/ogrove-politica-privacidad\/\" \/>\n<script type=\"application\/ld+json\" class=\"yoast-schema-graph\">{\"@context\":\"https:\/\/schema.org\",\"@graph\":[{\"@type\":\"WebPage\",\"@id\":\"https:\/\/www.destinosalnes.com\/es\/ogrove-politica-privacidad\/\",\"url\":\"https:\/\/www.destinosalnes.com\/es\/ogrove-politica-privacidad\/\",\"name\":\"Politique de confidentialit\u00e9 - Saln\u00e9s\",\"isPartOf\":{\"@id\":\"https:\/\/www.destinosalnes.com\/es\/#website\"},\"datePublished\":\"2024-04-23T07:45:45+00:00\",\"dateModified\":\"2024-12-03T09:24:25+00:00\",\"description\":\"Nuestra pol\u00edtica de privacidad detalla c\u00f3mo recopilamos, usamos y protegemos tus datos personales de manera segura y transparente.\",\"breadcrumb\":{\"@id\":\"https:\/\/www.destinosalnes.com\/es\/ogrove-politica-privacidad\/#breadcrumb\"},\"inLanguage\":\"fr-FR\",\"potentialAction\":[{\"@type\":\"ReadAction\",\"target\":[\"https:\/\/www.destinosalnes.com\/es\/ogrove-politica-privacidad\/\"]}]},{\"@type\":\"BreadcrumbList\",\"@id\":\"https:\/\/www.destinosalnes.com\/es\/ogrove-politica-privacidad\/#breadcrumb\",\"itemListElement\":[{\"@type\":\"ListItem\",\"position\":1,\"name\":\"Saln\u00e9s\",\"item\":\"https:\/\/www.destinosalnes.com\/fr\/\"},{\"@type\":\"ListItem\",\"position\":2,\"name\":\"O Grove\",\"item\":\"https:\/\/www.destinosalnes.com\/fr\/category\/o-grove-fr\/\"},{\"@type\":\"ListItem\",\"position\":3,\"name\":\"Politique de confidentialit\u00e9\"}]},{\"@type\":\"WebSite\",\"@id\":\"https:\/\/www.destinosalnes.com\/es\/#website\",\"url\":\"https:\/\/www.destinosalnes.com\/es\/\",\"name\":\"Saln\u00e9s\",\"description\":\"\",\"publisher\":{\"@id\":\"https:\/\/www.destinosalnes.com\/es\/#organization\"},\"potentialAction\":[{\"@type\":\"SearchAction\",\"target\":{\"@type\":\"EntryPoint\",\"urlTemplate\":\"https:\/\/www.destinosalnes.com\/es\/?s={search_term_string}\"},\"query-input\":{\"@type\":\"PropertyValueSpecification\",\"valueRequired\":true,\"valueName\":\"search_term_string\"}}],\"inLanguage\":\"fr-FR\"},{\"@type\":\"Organization\",\"@id\":\"https:\/\/www.destinosalnes.com\/es\/#organization\",\"name\":\"Saln\u00e9s\",\"url\":\"https:\/\/www.destinosalnes.com\/es\/\",\"logo\":{\"@type\":\"ImageObject\",\"inLanguage\":\"fr-FR\",\"@id\":\"https:\/\/www.destinosalnes.com\/es\/#\/schema\/logo\/image\/\",\"url\":\"\",\"contentUrl\":\"\",\"caption\":\"Saln\u00e9s\"},\"image\":{\"@id\":\"https:\/\/www.destinosalnes.com\/es\/#\/schema\/logo\/image\/\"},\"sameAs\":[\"https:\/\/es-es.facebook.com\/mancomunidade.salnes\",\"https:\/\/x.com\/infosalnes\"]}]}<\/script>\n<!-- \/ Yoast SEO plugin. -->","yoast_head_json":{"title":"Politique de confidentialit\u00e9 - Saln\u00e9s","description":"Nuestra pol\u00edtica de privacidad detalla c\u00f3mo recopilamos, usamos y protegemos tus datos personales de manera segura y transparente.","robots":{"index":"index","follow":"follow","max-snippet":"max-snippet:-1","max-image-preview":"max-image-preview:large","max-video-preview":"max-video-preview:-1"},"canonical":"https:\/\/www.destinosalnes.com\/es\/ogrove-politica-privacidad\/","schema":{"@context":"https:\/\/schema.org","@graph":[{"@type":"WebPage","@id":"https:\/\/www.destinosalnes.com\/es\/ogrove-politica-privacidad\/","url":"https:\/\/www.destinosalnes.com\/es\/ogrove-politica-privacidad\/","name":"Politique de confidentialit\u00e9 - Saln\u00e9s","isPartOf":{"@id":"https:\/\/www.destinosalnes.com\/es\/#website"},"datePublished":"2024-04-23T07:45:45+00:00","dateModified":"2024-12-03T09:24:25+00:00","description":"Nuestra pol\u00edtica de privacidad detalla c\u00f3mo recopilamos, usamos y protegemos tus datos personales de manera segura y transparente.","breadcrumb":{"@id":"https:\/\/www.destinosalnes.com\/es\/ogrove-politica-privacidad\/#breadcrumb"},"inLanguage":"fr-FR","potentialAction":[{"@type":"ReadAction","target":["https:\/\/www.destinosalnes.com\/es\/ogrove-politica-privacidad\/"]}]},{"@type":"BreadcrumbList","@id":"https:\/\/www.destinosalnes.com\/es\/ogrove-politica-privacidad\/#breadcrumb","itemListElement":[{"@type":"ListItem","position":1,"name":"Saln\u00e9s","item":"https:\/\/www.destinosalnes.com\/fr\/"},{"@type":"ListItem","position":2,"name":"O Grove","item":"https:\/\/www.destinosalnes.com\/fr\/category\/o-grove-fr\/"},{"@type":"ListItem","position":3,"name":"Politique de confidentialit\u00e9"}]},{"@type":"WebSite","@id":"https:\/\/www.destinosalnes.com\/es\/#website","url":"https:\/\/www.destinosalnes.com\/es\/","name":"Saln\u00e9s","description":"","publisher":{"@id":"https:\/\/www.destinosalnes.com\/es\/#organization"},"potentialAction":[{"@type":"SearchAction","target":{"@type":"EntryPoint","urlTemplate":"https:\/\/www.destinosalnes.com\/es\/?s={search_term_string}"},"query-input":{"@type":"PropertyValueSpecification","valueRequired":true,"valueName":"search_term_string"}}],"inLanguage":"fr-FR"},{"@type":"Organization","@id":"https:\/\/www.destinosalnes.com\/es\/#organization","name":"Saln\u00e9s","url":"https:\/\/www.destinosalnes.com\/es\/","logo":{"@type":"ImageObject","inLanguage":"fr-FR","@id":"https:\/\/www.destinosalnes.com\/es\/#\/schema\/logo\/image\/","url":"","contentUrl":"","caption":"Saln\u00e9s"},"image":{"@id":"https:\/\/www.destinosalnes.com\/es\/#\/schema\/logo\/image\/"},"sameAs":["https:\/\/es-es.facebook.com\/mancomunidade.salnes","https:\/\/x.com\/infosalnes"]}]}},"_links":{"self":[{"href":"https:\/\/www.destinosalnes.com\/fr\/wp-json\/wp\/v2\/pages\/109236","targetHints":{"allow":["GET"]}}],"collection":[{"href":"https:\/\/www.destinosalnes.com\/fr\/wp-json\/wp\/v2\/pages"}],"about":[{"href":"https:\/\/www.destinosalnes.com\/fr\/wp-json\/wp\/v2\/types\/page"}],"author":[{"embeddable":true,"href":"https:\/\/www.destinosalnes.com\/fr\/wp-json\/wp\/v2\/users\/42"}],"replies":[{"embeddable":true,"href":"https:\/\/www.destinosalnes.com\/fr\/wp-json\/wp\/v2\/comments?post=109236"}],"version-history":[{"count":3,"href":"https:\/\/www.destinosalnes.com\/fr\/wp-json\/wp\/v2\/pages\/109236\/revisions"}],"predecessor-version":[{"id":137223,"href":"https:\/\/www.destinosalnes.com\/fr\/wp-json\/wp\/v2\/pages\/109236\/revisions\/137223"}],"wp:attachment":[{"href":"https:\/\/www.destinosalnes.com\/fr\/wp-json\/wp\/v2\/media?parent=109236"}],"wp:term":[{"taxonomy":"category","embeddable":true,"href":"https:\/\/www.destinosalnes.com\/fr\/wp-json\/wp\/v2\/categories?post=109236"},{"taxonomy":"post_tag","embeddable":true,"href":"https:\/\/www.destinosalnes.com\/fr\/wp-json\/wp\/v2\/tags?post=109236"}],"curies":[{"name":"wp","href":"https:\/\/api.w.org\/{rel}","templated":true}]}}