{"id":104009,"date":"2024-04-17T10:43:03","date_gmt":"2024-04-17T10:43:03","guid":{"rendered":"https:\/\/www.destinosalnes.com\/sanxenxo-3-dias\/"},"modified":"2025-11-03T16:47:14","modified_gmt":"2025-11-03T15:47:14","slug":"sanxenxo-3-dias","status":"publish","type":"page","link":"https:\/\/www.destinosalnes.com\/fr\/sanxenxo-3-dias\/","title":{"rendered":"3 jours \u00e0 Sanxenxo"},"content":{"rendered":"<p>Vous ne pouvez pas manquer :<\/p>\n<p>\t\t\t<a role=\"button\"><br \/>\n\t\t\t\t\t<\/a><\/p>\n<p><strong>Tu ne peux pas manquer<\/strong>:<\/p>\n<p>\t\t\t<a role=\"button\"><br \/>\n\t\t\t\t\t<\/a><\/p>\n<p><strong>Tu ne peux pas manquer<\/strong>:<\/p>\n<h2>Vous pouvez \u00e9galement \u00eatre int\u00e9ress\u00e9 par<\/h2>\n<p>\n\t\t\t\t\t\tGuides et cartes\n\t\t\t\t<\/p>\n<p>\n\t\t\t\t\t\tO\u00f9 manger\n\t\t\t\t<\/p>\n<p>\n\t\t\t\t\t\tO\u00f9 rester\n\t\t\t\t<\/p>\n<p>\n\t\t\t\t\t\tComment arriver\n\t\t\t\t<\/p>\n","protected":false},"excerpt":{"rendered":"<p>Planes para que cada d\u00eda aqu\u00ed sea verdaderamente especial.<\/p>\n","protected":false},"author":42,"featured_media":86758,"parent":0,"menu_order":0,"comment_status":"closed","ping_status":"closed","template":"","meta":{"_acf_changed":false,"footnotes":""},"categories":[619,1178],"tags":[],"class_list":["post-104009","page","type-page","status-publish","has-post-thumbnail","hentry","category-sanxenxo-fr","category-sanxenxo-en-3-jours"],"acf":{"titulo_dia_1":"<strong>Jour 1 : Agrotourisme et tourisme rural.<\/strong>","descripcion_dia_1":"La visite commence au Mirador de A Granxa et continue \u00e0 travers l\u2019\u00e9glise de Dorr\u00f3n, le Mirador do Alto de Dorr\u00f3n, Pazo Berm\u00fadez de la Maza, O Outeiro, Molinos de Dorr\u00f3n, l\u2019\u00e9glise de Bord\u00f3ns, Aldea de Bord\u00f3ns, Con da Ventureira, Chan da Gorita. et la route Aldariz Carballos.","no_te_puedes_perder:_dia_1":"La derni\u00e8re quinzaine de juillet : Mui\u00f1ada \u00e0 Dorr\u00f3n.\r\nFesta labrega de Bord\u00f3ns pendant la derni\u00e8re quinzaine d\u2019ao\u00fbt.\r\nF\u00eate des vendanges de Dorr\u00f3n, premi\u00e8re quinzaine d\u2019octobre. Dates pr\u00e9cises selon les ann\u00e9es.","caracteristicas_dia_1":"<strong>Mobilit\u00e9:<\/strong>\u00a0\u00e0 pied, \u00e0 v\u00e9lo ou en voiture.\r\n\r\n<strong>Temps de marche:<\/strong> 1 heure et demie (aller simple).\r\n\r\n<strong>Difficult\u00e9:<\/strong> moyenne.","titulo_dia_2":"<strong>Jour 2 : Sanxenxo et Portonovo (tourisme maritime).<\/strong>","descripcion_dia_2":"La visite commence au Mirador Palacios, continue \u00e0 travers Panadeira, Puerto Deportivo Juan Carlos I, l\u2019\u00e9glise de San Gin\u00e9s, le centre urbain de Sanxenxo, la plage de Silgar, Punta Vica\u00f1o, le Paseo de Playa de Baltar, le centre-ville de Portonovo, la Plaza Portonovo, Puerto Pesquero de Portonovo, Mirador da Peixeira et se termine \u00e0 Punta Cabicastro.","texto_enlace_dia_2":"Ne manquez pas la visite guid\u00e9e du march\u00e9 aux poissons de Portonovo","url_enlace_dia_2":"https:\/\/www.destinosalnes.com\/fr\/sanxenxo-lonxa-portonovo\/","caracteristicas_dia_2":"<strong>Mobilit\u00e9:<\/strong> \u00e0 pied.\r\n\r\n<strong>Temps de marche:<\/strong> 2 heures (aller simple).\r\n\r\n<strong>Difficult\u00e9:<\/strong> facile.","titulo_dia_3":"<strong>Jour 3 : Tourisme culturel et nature. La Lanzada.\u00a0<\/strong>","no_te_puedes_perder:_dia_2":"En saison, des ferries partent de Sanxenxo et de Portonovo vers le parc national des \u00eeles de l\u2019Atlantique . Une visite des \u00eeles Ons et C\u00edes est id\u00e9ale pour passer la journ\u00e9e. L\u00e0, nous pouvons profiter de la plage, du paysage, de la nature, des sentiers de randonn\u00e9e\u2026","texto_enlace_dia_3":"Trouvez des informations sur la lonja de Portonovo","url_enlace_dia_3":"https:\/\/www.destinosalnes.com\/fr\/sanxenxo-lonxa-portonovo\/","descripcion_dia_3":"La visite commence au site arch\u00e9ologique, continue \u00e0 travers Playa de N\u00aa Se\u00f1ora da Lanzada, Ermida de N\u00aa Se\u00f1ora de la Lanzada Castro et sa n\u00e9cropole, Castro de Outeiro das Laspas, Plage A Lanzada, Lagunas de Rouxique, complexe intertidal As Telleiras\/Umia et se termine. \u00e0 O Grove.","no_te_puedes_perder:_dia_3":"Romar\u00eda da Lanzada, la derni\u00e8re semaine d\u2019ao\u00fbt.","caracteristicas_dia_3":"<p class=\"gt-block\"><strong>Mobilit\u00e9:<\/strong>\u00a0\u00e0 pied ou en voiture.<\/p>\r\n<p class=\"gt-block\"><strong>Temps de marche :<\/strong>\u00a02 heures et demie (aller simple).<\/p>\r\n<p class=\"gt-block\"><strong>Difficult\u00e9:<\/strong>\u00a0galerie de<\/p>","galeria_de_imagenes":[90659,90665],"shortcode_del_mapa":"[wpgmza id=\"19\"]"},"yoast_head":"<!-- This site is optimized with the Yoast SEO plugin v23.9 - https:\/\/yoast.com\/wordpress\/plugins\/seo\/ -->\n<title>3 jours \u00e0 Sanxenxo - Saln\u00e9s<\/title>\n<meta name=\"description\" content=\"Un plan de 3 jours \u00e0 ne pas manquer si vous visitez Sanxenxo. Visites, lieux d&#039;int\u00e9r\u00eat et bien plus encore.\" \/>\n<meta name=\"robots\" content=\"index, follow, max-snippet:-1, max-image-preview:large, max-video-preview:-1\" \/>\n<link rel=\"canonical\" href=\"https:\/\/www.destinosalnes.com\/es\/sanxenxo-3-dias\/\" \/>\n<script type=\"application\/ld+json\" class=\"yoast-schema-graph\">{\"@context\":\"https:\/\/schema.org\",\"@graph\":[{\"@type\":\"WebPage\",\"@id\":\"https:\/\/www.destinosalnes.com\/es\/sanxenxo-3-dias\/\",\"url\":\"https:\/\/www.destinosalnes.com\/es\/sanxenxo-3-dias\/\",\"name\":\"3 jours \u00e0 Sanxenxo - Saln\u00e9s\",\"isPartOf\":{\"@id\":\"https:\/\/www.destinosalnes.com\/es\/#website\"},\"primaryImageOfPage\":{\"@id\":\"https:\/\/www.destinosalnes.com\/es\/sanxenxo-3-dias\/#primaryimage\"},\"image\":{\"@id\":\"https:\/\/www.destinosalnes.com\/es\/sanxenxo-3-dias\/#primaryimage\"},\"thumbnailUrl\":\"https:\/\/www.destinosalnes.com\/wp-content\/uploads\/2024\/03\/Uvas.webp\",\"datePublished\":\"2024-04-17T10:43:03+00:00\",\"dateModified\":\"2025-11-03T15:47:14+00:00\",\"description\":\"Un plan de 3 jours \u00e0 ne pas manquer si vous visitez Sanxenxo. Visites, lieux d'int\u00e9r\u00eat et bien plus encore.\",\"breadcrumb\":{\"@id\":\"https:\/\/www.destinosalnes.com\/es\/sanxenxo-3-dias\/#breadcrumb\"},\"inLanguage\":\"fr-FR\",\"potentialAction\":[{\"@type\":\"ReadAction\",\"target\":[\"https:\/\/www.destinosalnes.com\/es\/sanxenxo-3-dias\/\"]}]},{\"@type\":\"ImageObject\",\"inLanguage\":\"fr-FR\",\"@id\":\"https:\/\/www.destinosalnes.com\/es\/sanxenxo-3-dias\/#primaryimage\",\"url\":\"https:\/\/www.destinosalnes.com\/wp-content\/uploads\/2024\/03\/Uvas.webp\",\"contentUrl\":\"https:\/\/www.destinosalnes.com\/wp-content\/uploads\/2024\/03\/Uvas.webp\",\"width\":1000,\"height\":667,\"caption\":\"Oenotourisme\"},{\"@type\":\"BreadcrumbList\",\"@id\":\"https:\/\/www.destinosalnes.com\/es\/sanxenxo-3-dias\/#breadcrumb\",\"itemListElement\":[{\"@type\":\"ListItem\",\"position\":1,\"name\":\"Saln\u00e9s\",\"item\":\"https:\/\/www.destinosalnes.com\/fr\/\"},{\"@type\":\"ListItem\",\"position\":2,\"name\":\"Sanxenxo\",\"item\":\"https:\/\/www.destinosalnes.com\/es\/category\/sanxenxo\/\"},{\"@type\":\"ListItem\",\"position\":3,\"name\":\"3 jours \u00e0 Sanxenxo\"}]},{\"@type\":\"WebSite\",\"@id\":\"https:\/\/www.destinosalnes.com\/es\/#website\",\"url\":\"https:\/\/www.destinosalnes.com\/es\/\",\"name\":\"Saln\u00e9s\",\"description\":\"\",\"publisher\":{\"@id\":\"https:\/\/www.destinosalnes.com\/es\/#organization\"},\"potentialAction\":[{\"@type\":\"SearchAction\",\"target\":{\"@type\":\"EntryPoint\",\"urlTemplate\":\"https:\/\/www.destinosalnes.com\/es\/?s={search_term_string}\"},\"query-input\":{\"@type\":\"PropertyValueSpecification\",\"valueRequired\":true,\"valueName\":\"search_term_string\"}}],\"inLanguage\":\"fr-FR\"},{\"@type\":\"Organization\",\"@id\":\"https:\/\/www.destinosalnes.com\/es\/#organization\",\"name\":\"Saln\u00e9s\",\"url\":\"https:\/\/www.destinosalnes.com\/es\/\",\"logo\":{\"@type\":\"ImageObject\",\"inLanguage\":\"fr-FR\",\"@id\":\"https:\/\/www.destinosalnes.com\/es\/#\/schema\/logo\/image\/\",\"url\":\"\",\"contentUrl\":\"\",\"caption\":\"Saln\u00e9s\"},\"image\":{\"@id\":\"https:\/\/www.destinosalnes.com\/es\/#\/schema\/logo\/image\/\"},\"sameAs\":[\"https:\/\/es-es.facebook.com\/mancomunidade.salnes\",\"https:\/\/x.com\/infosalnes\"]}]}<\/script>\n<!-- \/ Yoast SEO plugin. -->","yoast_head_json":{"title":"3 jours \u00e0 Sanxenxo - Saln\u00e9s","description":"Un plan de 3 jours \u00e0 ne pas manquer si vous visitez Sanxenxo. Visites, lieux d'int\u00e9r\u00eat et bien plus encore.","robots":{"index":"index","follow":"follow","max-snippet":"max-snippet:-1","max-image-preview":"max-image-preview:large","max-video-preview":"max-video-preview:-1"},"canonical":"https:\/\/www.destinosalnes.com\/es\/sanxenxo-3-dias\/","schema":{"@context":"https:\/\/schema.org","@graph":[{"@type":"WebPage","@id":"https:\/\/www.destinosalnes.com\/es\/sanxenxo-3-dias\/","url":"https:\/\/www.destinosalnes.com\/es\/sanxenxo-3-dias\/","name":"3 jours \u00e0 Sanxenxo - Saln\u00e9s","isPartOf":{"@id":"https:\/\/www.destinosalnes.com\/es\/#website"},"primaryImageOfPage":{"@id":"https:\/\/www.destinosalnes.com\/es\/sanxenxo-3-dias\/#primaryimage"},"image":{"@id":"https:\/\/www.destinosalnes.com\/es\/sanxenxo-3-dias\/#primaryimage"},"thumbnailUrl":"https:\/\/www.destinosalnes.com\/wp-content\/uploads\/2024\/03\/Uvas.webp","datePublished":"2024-04-17T10:43:03+00:00","dateModified":"2025-11-03T15:47:14+00:00","description":"Un plan de 3 jours \u00e0 ne pas manquer si vous visitez Sanxenxo. Visites, lieux d'int\u00e9r\u00eat et bien plus encore.","breadcrumb":{"@id":"https:\/\/www.destinosalnes.com\/es\/sanxenxo-3-dias\/#breadcrumb"},"inLanguage":"fr-FR","potentialAction":[{"@type":"ReadAction","target":["https:\/\/www.destinosalnes.com\/es\/sanxenxo-3-dias\/"]}]},{"@type":"ImageObject","inLanguage":"fr-FR","@id":"https:\/\/www.destinosalnes.com\/es\/sanxenxo-3-dias\/#primaryimage","url":"https:\/\/www.destinosalnes.com\/wp-content\/uploads\/2024\/03\/Uvas.webp","contentUrl":"https:\/\/www.destinosalnes.com\/wp-content\/uploads\/2024\/03\/Uvas.webp","width":1000,"height":667,"caption":"Oenotourisme"},{"@type":"BreadcrumbList","@id":"https:\/\/www.destinosalnes.com\/es\/sanxenxo-3-dias\/#breadcrumb","itemListElement":[{"@type":"ListItem","position":1,"name":"Saln\u00e9s","item":"https:\/\/www.destinosalnes.com\/fr\/"},{"@type":"ListItem","position":2,"name":"Sanxenxo","item":"https:\/\/www.destinosalnes.com\/es\/category\/sanxenxo\/"},{"@type":"ListItem","position":3,"name":"3 jours \u00e0 Sanxenxo"}]},{"@type":"WebSite","@id":"https:\/\/www.destinosalnes.com\/es\/#website","url":"https:\/\/www.destinosalnes.com\/es\/","name":"Saln\u00e9s","description":"","publisher":{"@id":"https:\/\/www.destinosalnes.com\/es\/#organization"},"potentialAction":[{"@type":"SearchAction","target":{"@type":"EntryPoint","urlTemplate":"https:\/\/www.destinosalnes.com\/es\/?s={search_term_string}"},"query-input":{"@type":"PropertyValueSpecification","valueRequired":true,"valueName":"search_term_string"}}],"inLanguage":"fr-FR"},{"@type":"Organization","@id":"https:\/\/www.destinosalnes.com\/es\/#organization","name":"Saln\u00e9s","url":"https:\/\/www.destinosalnes.com\/es\/","logo":{"@type":"ImageObject","inLanguage":"fr-FR","@id":"https:\/\/www.destinosalnes.com\/es\/#\/schema\/logo\/image\/","url":"","contentUrl":"","caption":"Saln\u00e9s"},"image":{"@id":"https:\/\/www.destinosalnes.com\/es\/#\/schema\/logo\/image\/"},"sameAs":["https:\/\/es-es.facebook.com\/mancomunidade.salnes","https:\/\/x.com\/infosalnes"]}]}},"_links":{"self":[{"href":"https:\/\/www.destinosalnes.com\/fr\/wp-json\/wp\/v2\/pages\/104009","targetHints":{"allow":["GET"]}}],"collection":[{"href":"https:\/\/www.destinosalnes.com\/fr\/wp-json\/wp\/v2\/pages"}],"about":[{"href":"https:\/\/www.destinosalnes.com\/fr\/wp-json\/wp\/v2\/types\/page"}],"author":[{"embeddable":true,"href":"https:\/\/www.destinosalnes.com\/fr\/wp-json\/wp\/v2\/users\/42"}],"replies":[{"embeddable":true,"href":"https:\/\/www.destinosalnes.com\/fr\/wp-json\/wp\/v2\/comments?post=104009"}],"version-history":[{"count":19,"href":"https:\/\/www.destinosalnes.com\/fr\/wp-json\/wp\/v2\/pages\/104009\/revisions"}],"predecessor-version":[{"id":149420,"href":"https:\/\/www.destinosalnes.com\/fr\/wp-json\/wp\/v2\/pages\/104009\/revisions\/149420"}],"acf:attachment":[{"embeddable":true,"href":"https:\/\/www.destinosalnes.com\/fr\/wp-json\/wp\/v2\/media\/90665"},{"embeddable":true,"href":"https:\/\/www.destinosalnes.com\/fr\/wp-json\/wp\/v2\/media\/90659"}],"wp:featuredmedia":[{"embeddable":true,"href":"https:\/\/www.destinosalnes.com\/fr\/wp-json\/wp\/v2\/media\/86758"}],"wp:attachment":[{"href":"https:\/\/www.destinosalnes.com\/fr\/wp-json\/wp\/v2\/media?parent=104009"}],"wp:term":[{"taxonomy":"category","embeddable":true,"href":"https:\/\/www.destinosalnes.com\/fr\/wp-json\/wp\/v2\/categories?post=104009"},{"taxonomy":"post_tag","embeddable":true,"href":"https:\/\/www.destinosalnes.com\/fr\/wp-json\/wp\/v2\/tags?post=104009"}],"curies":[{"name":"wp","href":"https:\/\/api.w.org\/{rel}","templated":true}]}}