{"id":99052,"date":"2024-04-08T12:14:01","date_gmt":"2024-04-08T12:14:01","guid":{"rendered":"https:\/\/www.destinosalnes.com\/?page_id=99052"},"modified":"2024-06-24T09:42:21","modified_gmt":"2024-06-24T07:42:21","slug":"sanxenxo-mapa-sitio","status":"publish","type":"page","link":"https:\/\/www.destinosalnes.com\/es\/sanxenxo-mapa-sitio\/","title":{"rendered":"Mapa del sitio web"},"content":{"rendered":"\t\t<div data-elementor-type=\"wp-page\" data-elementor-id=\"99052\" class=\"elementor elementor-99052\" data-elementor-post-type=\"page\">\n\t\t\t\t\t\t<section class=\"elementor-section elementor-top-section elementor-element elementor-element-6306261c elementor-section-full_width Portada elementor-section-height-default elementor-section-height-default\" data-id=\"6306261c\" data-element_type=\"section\">\n\t\t\t\t\t\t<div class=\"elementor-container elementor-column-gap-default\">\n\t\t\t\t\t<div class=\"elementor-column elementor-col-100 elementor-top-column elementor-element elementor-element-7ffea86\" data-id=\"7ffea86\" data-element_type=\"column\">\n\t\t\t<div class=\"elementor-widget-wrap elementor-element-populated\">\n\t\t\t\t\t\t<div class=\"elementor-element elementor-element-62bb795 Cabecera elementor--h-position-center elementor--v-position-middle elementor-widget elementor-widget-slides\" data-id=\"62bb795\" data-element_type=\"widget\" data-settings=\"{&quot;navigation&quot;:&quot;none&quot;,&quot;_animation&quot;:&quot;none&quot;,&quot;autoplay&quot;:&quot;yes&quot;,&quot;pause_on_hover&quot;:&quot;yes&quot;,&quot;pause_on_interaction&quot;:&quot;yes&quot;,&quot;autoplay_speed&quot;:5000,&quot;infinite&quot;:&quot;yes&quot;,&quot;transition&quot;:&quot;slide&quot;,&quot;transition_speed&quot;:500}\" data-widget_type=\"slides.default\">\n\t\t\t\t<div class=\"elementor-widget-container\">\n\t\t\t<style>.elementor-slides .swiper-slide-bg{background-size:cover;background-position:50%;background-repeat:no-repeat;min-width:100%;min-height:100%}.elementor-slides .swiper-slide-inner{background-repeat:no-repeat;background-position:50%;position:absolute;top:0;left:0;bottom:0;right:0;padding:50px;margin:auto}.elementor-slides .swiper-slide-inner,.elementor-slides .swiper-slide-inner:hover{color:#fff;display:flex}.elementor-slides .swiper-slide-inner .elementor-background-overlay{position:absolute;z-index:0;top:0;bottom:0;left:0;right:0}.elementor-slides .swiper-slide-inner .elementor-slide-content{position:relative;z-index:1;width:100%}.elementor-slides .swiper-slide-inner .elementor-slide-heading{font-size:35px;font-weight:700;line-height:1}.elementor-slides .swiper-slide-inner .elementor-slide-description{font-size:17px;line-height:1.4}.elementor-slides .swiper-slide-inner .elementor-slide-description:not(:last-child),.elementor-slides .swiper-slide-inner .elementor-slide-heading:not(:last-child){margin-bottom:30px}.elementor-slides .swiper-slide-inner .elementor-slide-button{border:2px solid #fff;color:#fff;background:transparent;display:inline-block}.elementor-slides .swiper-slide-inner .elementor-slide-button,.elementor-slides .swiper-slide-inner .elementor-slide-button:hover{background:transparent;color:inherit;text-decoration:none}.elementor--v-position-top .swiper-slide-inner{align-items:flex-start}.elementor--v-position-bottom .swiper-slide-inner{align-items:flex-end}.elementor--v-position-middle .swiper-slide-inner{align-items:center}.elementor--h-position-left .swiper-slide-inner{justify-content:flex-start}.elementor--h-position-right .swiper-slide-inner{justify-content:flex-end}.elementor--h-position-center .swiper-slide-inner{justify-content:center}body.rtl .elementor-widget-slides .elementor-swiper-button-next{left:10px;right:auto}body.rtl .elementor-widget-slides .elementor-swiper-button-prev{right:10px;left:auto}.elementor-slides-wrapper div:not(.swiper-slide)>.swiper-slide-inner{display:none}@media (max-width:767px){.elementor-slides .swiper-slide-inner{padding:30px}.elementor-slides .swiper-slide-inner .elementor-slide-heading{font-size:23px;line-height:1;margin-bottom:15px}.elementor-slides .swiper-slide-inner .elementor-slide-description{font-size:13px;line-height:1.4;margin-bottom:15px}}<\/style>\t\t<div class=\"elementor-swiper\">\n\t\t\t<div class=\"elementor-slides-wrapper elementor-main-swiper swiper\" dir=\"ltr\" data-animation=\"\">\n\t\t\t\t<div class=\"swiper-wrapper elementor-slides\">\n\t\t\t\t\t\t\t\t\t\t<div class=\"elementor-repeater-item-f15b013 swiper-slide\"><div class=\"swiper-slide-bg\" role=\"img\"><\/div><div class=\"elementor-background-overlay\"><\/div><div class=\"swiper-slide-inner\" ><div class=\"swiper-slide-contents\"><\/div><\/div><\/div>\t\t\t\t<\/div>\n\t\t\t\t\t\t\t<\/div>\n\t\t<\/div>\n\t\t\t\t<\/div>\n\t\t\t\t<\/div>\n\t\t\t\t\t<\/div>\n\t\t<\/div>\n\t\t\t\t\t<\/div>\n\t\t<\/section>\n\t\t\t\t<section class=\"elementor-section elementor-top-section elementor-element elementor-element-2778ebea elementor-section-full_width elementor-section-height-default elementor-section-height-default\" data-id=\"2778ebea\" data-element_type=\"section\">\n\t\t\t\t\t\t<div class=\"elementor-container elementor-column-gap-default\">\n\t\t\t\t\t<div class=\"elementor-column elementor-col-100 elementor-top-column elementor-element elementor-element-4fa7787e\" data-id=\"4fa7787e\" data-element_type=\"column\">\n\t\t\t<div class=\"elementor-widget-wrap elementor-element-populated\">\n\t\t\t\t\t\t<div class=\"elementor-element elementor-element-6655b4cc elementor-widget elementor-widget-breadcrumbs\" data-id=\"6655b4cc\" data-element_type=\"widget\" data-widget_type=\"breadcrumbs.default\">\n\t\t\t\t<div class=\"elementor-widget-container\">\n\t\t\t<link rel=\"stylesheet\" href=\"https:\/\/www.destinosalnes.com\/wp-content\/plugins\/elementor-pro\/assets\/css\/widget-theme-elements.min.css\"><p id=\"breadcrumbs\"><nav class=\"yoast-breadcrumb\" role=\"navigation\" aria-label=\"Breadcrumb\"><span><span><a href=\"https:\/\/www.destinosalnes.com\/es\/\">Saln\u00e9s<\/a><\/span><\/span><\/nav><\/p>\t\t<\/div>\n\t\t\t\t<\/div>\n\t\t\t\t\t<\/div>\n\t\t<\/div>\n\t\t\t\t\t<\/div>\n\t\t<\/section>\n\t\t\t\t<section class=\"elementor-section elementor-top-section elementor-element elementor-element-d4e71c1 elementor-section-full_width elementor-section-height-default elementor-section-height-default\" data-id=\"d4e71c1\" data-element_type=\"section\">\n\t\t\t\t\t\t<div class=\"elementor-container elementor-column-gap-default\">\n\t\t\t\t\t<div class=\"elementor-column elementor-col-100 elementor-top-column elementor-element elementor-element-6b67f5f4\" data-id=\"6b67f5f4\" data-element_type=\"column\">\n\t\t\t<div class=\"elementor-widget-wrap elementor-element-populated\">\n\t\t\t\t\t\t<div class=\"elementor-element elementor-element-584211a elementor-widget elementor-widget-text-editor\" data-id=\"584211a\" data-element_type=\"widget\" data-widget_type=\"text-editor.default\">\n\t\t\t\t<div class=\"elementor-widget-container\">\n\t\t\t<style>\/*! elementor - v3.20.0 - 11-03-2024 *\/\n.elementor-widget-text-editor.elementor-drop-cap-view-stacked .elementor-drop-cap{background-color:#69727d;color:#fff}.elementor-widget-text-editor.elementor-drop-cap-view-framed .elementor-drop-cap{color:#69727d;border:3px solid;background-color:transparent}.elementor-widget-text-editor:not(.elementor-drop-cap-view-default) .elementor-drop-cap{margin-top:8px}.elementor-widget-text-editor:not(.elementor-drop-cap-view-default) .elementor-drop-cap-letter{width:1em;height:1em}.elementor-widget-text-editor .elementor-drop-cap{float:left;text-align:center;line-height:1;font-size:50px}.elementor-widget-text-editor .elementor-drop-cap-letter{display:inline-block}<\/style>\t\t\t\t<div class=\"et_pb_module et_pb_text et_pb_text_0  et_pb_text_align_left et_pb_bg_layout_light\">\n<div class=\"et_pb_text_inner\">\n<p>Inicio<\/p>\n<\/div>\n<\/div>\n<div class=\"et_pb_module et_pb_text et_pb_text_1 mapaSitio  et_pb_text_align_left et_pb_bg_layout_light\">\n<div class=\"et_pb_text_inner\">\n<ul>\n<li>Descubre\n<ul>\n<li><a href=\"https:\/\/www.destinosalnes.com\/es\/sanxenxo-playas\/\">Playas<\/a><\/li>\n<li><a href=\"https:\/\/www.destinosalnes.com\/es\/sanxenxo-naturaleza-paisajes\/\">Naturaleza y paisajes<\/a><\/li>\n<li><a href=\"https:\/\/www.destinosalnes.com\/es\/sanxenxo-patrimonio-cultura\/\">Patrimonio y cultura<\/a><\/li>\n<li><a href=\"https:\/\/www.destinosalnes.com\/es\/sanxenxo-gastronomia\/\">Gastronom\u00eda<\/a><\/li>\n<li><a href=\"https:\/\/www.destinosalnes.com\/es\/sanxenxo-nautica\/\">N\u00e1utica<\/a><\/li>\n<li><a href=\"https:\/\/www.destinosalnes.com\/es\/sanxenxo-ocio-deporte\/\">Ocio y deporte<\/a><\/li>\n<li><a href=\"https:\/\/www.destinosalnes.com\/es\/sanxenxo-salud-bienestar\/\">Salud y bienestar<\/a><\/li>\n<li><a href=\"https:\/\/www.destinosalnes.com\/es\/sanxenxo-calidad-turistica\/\">Calidad tur\u00edstica<\/a><\/li>\n<\/ul>\n<\/li>\n<li>Disfruta\n<ul>\n<li><a href=\"https:\/\/www.destinosalnes.com\/es\/sanxenxo-rutas\/\">Rutas<\/a><\/li>\n<li><a href=\"https:\/\/www.destinosalnes.com\/es\/sanxenxo-enoturismo\/\">Enoturismo<\/a><\/li>\n<li><a href=\"https:\/\/www.destinosalnes.com\/es\/sanxenxo-turismo-marinero\/\">Turismo marinero<\/a><\/li>\n<li><a href=\"https:\/\/www.destinosalnes.com\/es\/sanxenxo-rutas-maritimas\/\">Rutas mar\u00edtimas<\/a><\/li>\n<li><a href=\"https:\/\/www.destinosalnes.com\/es\/sanxenxo-fiestas-tradiciones\/\">Fiestas y tradiciones<\/a><\/li>\n<li>Sanxenxo en\n<ul>\n<li><a href=\"https:\/\/www.destinosalnes.com\/es\/sanxenxo-1-dia\/\">1 d\u00eda<\/a><\/li>\n<li><a href=\"https:\/\/www.destinosalnes.com\/es\/sanxenxo-dias-3\/\">3 d\u00edas<\/a><\/li>\n<li><a href=\"https:\/\/www.destinosalnes.com\/es\/sanxenxo-dias-5\/\">5 d\u00edas<\/a><\/li>\n<\/ul>\n<\/li>\n<\/ul>\n<\/li>\n<li>Planifica\n<ul>\n<li><a href=\"https:\/\/www.destinosalnes.com\/es\/sanxenxo-como-llegar\/\">C\u00f3mo llegar<\/a><\/li>\n<li><a href=\"https:\/\/www.destinosalnes.com\/es\/sanxenxo-donde-alojarse\/\">D\u00f3nde alojarse<\/a><\/li>\n<li><a href=\"https:\/\/www.destinosalnes.com\/es\/sanxenxo-donde-comer\/\">D\u00f3nde comer<\/a><\/li>\n<li><a href=\"https:\/\/www.destinosalnes.com\/es\/sanxenxo-oficinas-turismo\/\">Oficinas de turismo<\/a><\/li>\n<li><a href=\"https:\/\/www.destinosalnes.com\/es\/sanxenxo-descargas-guias\/\">Descargas, gu\u00edas y mapas<\/a><\/li>\n<\/ul>\n<\/li>\n<\/ul>\n<\/div>\n<\/div>\n\t\t\t\t\t\t<\/div>\n\t\t\t\t<\/div>\n\t\t\t\t\t<\/div>\n\t\t<\/div>\n\t\t\t\t\t<\/div>\n\t\t<\/section>\n\t\t\t\t<\/div>\n\t\t","protected":false},"excerpt":{"rendered":"","protected":false},"author":42,"featured_media":0,"parent":0,"menu_order":0,"comment_status":"closed","ping_status":"closed","template":"","meta":{"_acf_changed":false,"footnotes":""},"categories":[195],"tags":[],"class_list":["post-99052","page","type-page","status-publish","hentry","category-sanxenxo"],"acf":{"texto":"<div class=\"et_pb_module et_pb_text et_pb_text_0  et_pb_text_align_left et_pb_bg_layout_light\">\r\n<div class=\"et_pb_text_inner\">\r\n\r\nInicio\r\n\r\n<\/div>\r\n<\/div>\r\n<div class=\"et_pb_module et_pb_text et_pb_text_1 mapaSitio  et_pb_text_align_left et_pb_bg_layout_light\">\r\n<div class=\"et_pb_text_inner\">\r\n<ul>\r\n \t<li>Descubre\r\n<ul>\r\n \t<li><a href=\"https:\/\/www.destinosalnes.com\/es\/sanxenxo-playas\/\">Playas<\/a><\/li>\r\n \t<li><a href=\"https:\/\/www.destinosalnes.com\/es\/sanxenxo-naturaleza-paisajes\/\">Naturaleza y paisajes<\/a><\/li>\r\n \t<li><a href=\"https:\/\/www.destinosalnes.com\/es\/sanxenxo-patrimonio-cultura\/\">Patrimonio y cultura<\/a><\/li>\r\n \t<li><a href=\"https:\/\/www.destinosalnes.com\/es\/sanxenxo-gastronomia\/\">Gastronom\u00eda<\/a><\/li>\r\n \t<li><a href=\"https:\/\/www.destinosalnes.com\/es\/sanxenxo-nautica\/\">N\u00e1utica<\/a><\/li>\r\n \t<li><a href=\"https:\/\/www.destinosalnes.com\/es\/sanxenxo-ocio-deporte\/\">Ocio y deporte<\/a><\/li>\r\n \t<li><a href=\"https:\/\/www.destinosalnes.com\/es\/sanxenxo-salud-bienestar\/\">Salud y bienestar<\/a><\/li>\r\n \t<li><a href=\"https:\/\/www.destinosalnes.com\/es\/sanxenxo-calidad-turistica\/\">Calidad tur\u00edstica<\/a><\/li>\r\n<\/ul>\r\n<\/li>\r\n \t<li>Disfruta\r\n<ul>\r\n \t<li><a href=\"https:\/\/www.destinosalnes.com\/es\/sanxenxo-rutas\/\">Rutas<\/a><\/li>\r\n \t<li><a href=\"https:\/\/www.destinosalnes.com\/es\/sanxenxo-enoturismo\/\">Enoturismo<\/a><\/li>\r\n \t<li><a href=\"https:\/\/www.destinosalnes.com\/es\/sanxenxo-turismo-marinero\/\">Turismo marinero<\/a><\/li>\r\n \t<li><a href=\"https:\/\/www.destinosalnes.com\/es\/sanxenxo-rutas-maritimas\/\">Rutas mar\u00edtimas<\/a><\/li>\r\n \t<li><a href=\"https:\/\/www.destinosalnes.com\/es\/sanxenxo-fiestas-tradiciones\/\">Fiestas y tradiciones<\/a><\/li>\r\n \t<li>Sanxenxo en\r\n<ul>\r\n \t<li><a href=\"https:\/\/www.destinosalnes.com\/es\/sanxenxo-1-dia\/\">1 d\u00eda<\/a><\/li>\r\n \t<li><a href=\"https:\/\/www.destinosalnes.com\/es\/sanxenxo-dias-3\/\">3 d\u00edas<\/a><\/li>\r\n \t<li><a href=\"https:\/\/www.destinosalnes.com\/es\/sanxenxo-dias-5\/\">5 d\u00edas<\/a><\/li>\r\n<\/ul>\r\n<\/li>\r\n<\/ul>\r\n<\/li>\r\n \t<li>Planifica\r\n<ul>\r\n \t<li><a href=\"https:\/\/www.destinosalnes.com\/es\/sanxenxo-como-llegar\/\">C\u00f3mo llegar<\/a><\/li>\r\n \t<li><a href=\"https:\/\/www.destinosalnes.com\/es\/sanxenxo-donde-alojarse\/\">D\u00f3nde alojarse<\/a><\/li>\r\n \t<li><a href=\"https:\/\/www.destinosalnes.com\/es\/sanxenxo-donde-comer\/\">D\u00f3nde comer<\/a><\/li>\r\n \t<li><a href=\"https:\/\/www.destinosalnes.com\/es\/sanxenxo-oficinas-turismo\/\">Oficinas de turismo<\/a><\/li>\r\n \t<li><a href=\"https:\/\/www.destinosalnes.com\/es\/sanxenxo-descargas-guias\/\">Descargas, gu\u00edas y mapas<\/a><\/li>\r\n<\/ul>\r\n<\/li>\r\n<\/ul>\r\n<\/div>\r\n<\/div>"},"yoast_head":"<!-- This site is optimized with the Yoast SEO plugin v23.9 - https:\/\/yoast.com\/wordpress\/plugins\/seo\/ -->\n<title>Mapa del sitio web - Saln\u00e9s<\/title>\n<meta name=\"description\" content=\"Mapa del sitio web de Sanxenxo: Playas, eventos, alojamientos, lugares de inter\u00e9s y m\u00e1s para explorar el destino.\" \/>\n<meta name=\"robots\" content=\"index, follow, max-snippet:-1, max-image-preview:large, max-video-preview:-1\" \/>\n<link rel=\"canonical\" href=\"https:\/\/www.destinosalnes.com\/es\/sanxenxo-mapa-sitio\/\" \/>\n<script type=\"application\/ld+json\" class=\"yoast-schema-graph\">{\"@context\":\"https:\/\/schema.org\",\"@graph\":[{\"@type\":\"WebPage\",\"@id\":\"https:\/\/www.destinosalnes.com\/es\/sanxenxo-mapa-sitio\/\",\"url\":\"https:\/\/www.destinosalnes.com\/es\/sanxenxo-mapa-sitio\/\",\"name\":\"Mapa del sitio web - Saln\u00e9s\",\"isPartOf\":{\"@id\":\"https:\/\/www.destinosalnes.com\/es\/#website\"},\"datePublished\":\"2024-04-08T12:14:01+00:00\",\"dateModified\":\"2024-06-24T07:42:21+00:00\",\"description\":\"Mapa del sitio web de Sanxenxo: Playas, eventos, alojamientos, lugares de inter\u00e9s y m\u00e1s para explorar el destino.\",\"breadcrumb\":{\"@id\":\"https:\/\/www.destinosalnes.com\/es\/sanxenxo-mapa-sitio\/#breadcrumb\"},\"inLanguage\":\"es\",\"potentialAction\":[{\"@type\":\"ReadAction\",\"target\":[\"https:\/\/www.destinosalnes.com\/es\/sanxenxo-mapa-sitio\/\"]}]},{\"@type\":\"BreadcrumbList\",\"@id\":\"https:\/\/www.destinosalnes.com\/es\/sanxenxo-mapa-sitio\/#breadcrumb\",\"itemListElement\":[{\"@type\":\"ListItem\",\"position\":1,\"name\":\"Saln\u00e9s\",\"item\":\"https:\/\/www.destinosalnes.com\/es\/\"},{\"@type\":\"ListItem\",\"position\":2,\"name\":\"Sanxenxo\",\"item\":\"https:\/\/www.destinosalnes.com\/es\/category\/sanxenxo\/\"},{\"@type\":\"ListItem\",\"position\":3,\"name\":\"Mapa del sitio web\"}]},{\"@type\":\"WebSite\",\"@id\":\"https:\/\/www.destinosalnes.com\/es\/#website\",\"url\":\"https:\/\/www.destinosalnes.com\/es\/\",\"name\":\"Saln\u00e9s\",\"description\":\"\",\"publisher\":{\"@id\":\"https:\/\/www.destinosalnes.com\/es\/#organization\"},\"potentialAction\":[{\"@type\":\"SearchAction\",\"target\":{\"@type\":\"EntryPoint\",\"urlTemplate\":\"https:\/\/www.destinosalnes.com\/es\/?s={search_term_string}\"},\"query-input\":{\"@type\":\"PropertyValueSpecification\",\"valueRequired\":true,\"valueName\":\"search_term_string\"}}],\"inLanguage\":\"es\"},{\"@type\":\"Organization\",\"@id\":\"https:\/\/www.destinosalnes.com\/es\/#organization\",\"name\":\"Saln\u00e9s\",\"url\":\"https:\/\/www.destinosalnes.com\/es\/\",\"logo\":{\"@type\":\"ImageObject\",\"inLanguage\":\"es\",\"@id\":\"https:\/\/www.destinosalnes.com\/es\/#\/schema\/logo\/image\/\",\"url\":\"\",\"contentUrl\":\"\",\"caption\":\"Saln\u00e9s\"},\"image\":{\"@id\":\"https:\/\/www.destinosalnes.com\/es\/#\/schema\/logo\/image\/\"},\"sameAs\":[\"https:\/\/es-es.facebook.com\/mancomunidade.salnes\",\"https:\/\/x.com\/infosalnes\"]}]}<\/script>\n<!-- \/ Yoast SEO plugin. -->","yoast_head_json":{"title":"Mapa del sitio web - Saln\u00e9s","description":"Mapa del sitio web de Sanxenxo: Playas, eventos, alojamientos, lugares de inter\u00e9s y m\u00e1s para explorar el destino.","robots":{"index":"index","follow":"follow","max-snippet":"max-snippet:-1","max-image-preview":"max-image-preview:large","max-video-preview":"max-video-preview:-1"},"canonical":"https:\/\/www.destinosalnes.com\/es\/sanxenxo-mapa-sitio\/","schema":{"@context":"https:\/\/schema.org","@graph":[{"@type":"WebPage","@id":"https:\/\/www.destinosalnes.com\/es\/sanxenxo-mapa-sitio\/","url":"https:\/\/www.destinosalnes.com\/es\/sanxenxo-mapa-sitio\/","name":"Mapa del sitio web - Saln\u00e9s","isPartOf":{"@id":"https:\/\/www.destinosalnes.com\/es\/#website"},"datePublished":"2024-04-08T12:14:01+00:00","dateModified":"2024-06-24T07:42:21+00:00","description":"Mapa del sitio web de Sanxenxo: Playas, eventos, alojamientos, lugares de inter\u00e9s y m\u00e1s para explorar el destino.","breadcrumb":{"@id":"https:\/\/www.destinosalnes.com\/es\/sanxenxo-mapa-sitio\/#breadcrumb"},"inLanguage":"es","potentialAction":[{"@type":"ReadAction","target":["https:\/\/www.destinosalnes.com\/es\/sanxenxo-mapa-sitio\/"]}]},{"@type":"BreadcrumbList","@id":"https:\/\/www.destinosalnes.com\/es\/sanxenxo-mapa-sitio\/#breadcrumb","itemListElement":[{"@type":"ListItem","position":1,"name":"Saln\u00e9s","item":"https:\/\/www.destinosalnes.com\/es\/"},{"@type":"ListItem","position":2,"name":"Sanxenxo","item":"https:\/\/www.destinosalnes.com\/es\/category\/sanxenxo\/"},{"@type":"ListItem","position":3,"name":"Mapa del sitio web"}]},{"@type":"WebSite","@id":"https:\/\/www.destinosalnes.com\/es\/#website","url":"https:\/\/www.destinosalnes.com\/es\/","name":"Saln\u00e9s","description":"","publisher":{"@id":"https:\/\/www.destinosalnes.com\/es\/#organization"},"potentialAction":[{"@type":"SearchAction","target":{"@type":"EntryPoint","urlTemplate":"https:\/\/www.destinosalnes.com\/es\/?s={search_term_string}"},"query-input":{"@type":"PropertyValueSpecification","valueRequired":true,"valueName":"search_term_string"}}],"inLanguage":"es"},{"@type":"Organization","@id":"https:\/\/www.destinosalnes.com\/es\/#organization","name":"Saln\u00e9s","url":"https:\/\/www.destinosalnes.com\/es\/","logo":{"@type":"ImageObject","inLanguage":"es","@id":"https:\/\/www.destinosalnes.com\/es\/#\/schema\/logo\/image\/","url":"","contentUrl":"","caption":"Saln\u00e9s"},"image":{"@id":"https:\/\/www.destinosalnes.com\/es\/#\/schema\/logo\/image\/"},"sameAs":["https:\/\/es-es.facebook.com\/mancomunidade.salnes","https:\/\/x.com\/infosalnes"]}]}},"_links":{"self":[{"href":"https:\/\/www.destinosalnes.com\/es\/wp-json\/wp\/v2\/pages\/99052","targetHints":{"allow":["GET"]}}],"collection":[{"href":"https:\/\/www.destinosalnes.com\/es\/wp-json\/wp\/v2\/pages"}],"about":[{"href":"https:\/\/www.destinosalnes.com\/es\/wp-json\/wp\/v2\/types\/page"}],"author":[{"embeddable":true,"href":"https:\/\/www.destinosalnes.com\/es\/wp-json\/wp\/v2\/users\/42"}],"replies":[{"embeddable":true,"href":"https:\/\/www.destinosalnes.com\/es\/wp-json\/wp\/v2\/comments?post=99052"}],"version-history":[{"count":11,"href":"https:\/\/www.destinosalnes.com\/es\/wp-json\/wp\/v2\/pages\/99052\/revisions"}],"predecessor-version":[{"id":121778,"href":"https:\/\/www.destinosalnes.com\/es\/wp-json\/wp\/v2\/pages\/99052\/revisions\/121778"}],"wp:attachment":[{"href":"https:\/\/www.destinosalnes.com\/es\/wp-json\/wp\/v2\/media?parent=99052"}],"wp:term":[{"taxonomy":"category","embeddable":true,"href":"https:\/\/www.destinosalnes.com\/es\/wp-json\/wp\/v2\/categories?post=99052"},{"taxonomy":"post_tag","embeddable":true,"href":"https:\/\/www.destinosalnes.com\/es\/wp-json\/wp\/v2\/tags?post=99052"}],"curies":[{"name":"wp","href":"https:\/\/api.w.org\/{rel}","templated":true}]}}