{"id":90767,"date":"2024-03-25T08:21:50","date_gmt":"2024-03-25T08:21:50","guid":{"rendered":"https:\/\/www.destinosalnes.com\/?page_id=90767"},"modified":"2026-01-23T12:36:43","modified_gmt":"2026-01-23T11:36:43","slug":"sanxenxo-3-dias","status":"publish","type":"page","link":"https:\/\/www.destinosalnes.com\/es\/sanxenxo-3-dias\/","title":{"rendered":"3 d\u00edas en Sanxenxo"},"content":{"rendered":"<p><strong>No te puedes perder<\/strong>:<\/p>\n<p>\t\t\t<a role=\"button\"><br \/>\n\t\t\t\t\t<\/a><\/p>\n<p><strong>No te puedes perder<\/strong>:<\/p>\n<p>\t\t\t<a role=\"button\"><br \/>\n\t\t\t\t\t<\/a><\/p>\n<p><strong>No te puedes perder<\/strong>:<\/p>\n<h2>Tambi\u00e9n podr\u00eda interesarte<\/h2>\n<p>\n\t\t\t\t\t\tGu\u00edas y mapas\n\t\t\t\t<\/p>\n<p>\n\t\t\t\t\t\tD\u00f3nde comer\n\t\t\t\t<\/p>\n<p>\n\t\t\t\t\t\tD\u00f3nde alojarse\n\t\t\t\t<\/p>\n<p>\n\t\t\t\t\t\tC\u00f3mo llegar\n\t\t\t\t<\/p>\n","protected":false},"excerpt":{"rendered":"<p>Planes para que cada d\u00eda aqu\u00ed sea verdaderamente especial.<\/p>\n","protected":false},"author":42,"featured_media":74616,"parent":0,"menu_order":0,"comment_status":"closed","ping_status":"closed","template":"","meta":{"_acf_changed":false,"footnotes":""},"categories":[195,522],"tags":[],"class_list":["post-90767","page","type-page","status-publish","has-post-thumbnail","hentry","category-sanxenxo","category-sanxenxo-en-3-dias"],"acf":{"titulo_dia_1":"<h2><strong>D\u00eda 1: Agroturismo y turismo rural.<\/strong><\/h2>","descripcion_dia_1":"El recorrido empieza en Mirador de A Granxa, sigue por Iglesia de Dorr\u00f3n, Mirador do alto de Dorr\u00f3n, Pazo Berm\u00fadez de la Maza, O Outeiro, Molinos de Dorr\u00f3n,\u00a0 Iglesia de bord\u00f3ns, Aldea de Bord\u00f3ns, Con da Ventureira, Chan da Gorita y Ruta de los Carballos de Aldariz.","no_te_puedes_perder:_dia_1":"<strong>La \u00faltima quincena de julio<\/strong>: Mui\u00f1ada en Dorr\u00f3n.\r\n\r\nFesta labrega de Bord\u00f3ns durante\u00a0<strong>la \u00faltima quincena de agosto<\/strong>.\r\n\r\nFesta da vendimia Dorr\u00f3n\u00a0<strong>primera quincena de octubre<\/strong>. Fechas concretas dependiendo del a\u00f1o.","caracteristicas_dia_1":"<strong>Movilidad:<\/strong>\u00a0a pie, en bici o en coche.\r\n\r\n<strong>Tiempo<\/strong><strong>\u00a0<\/strong><strong>a<\/strong><strong>\u00a0pie:<\/strong>\u00a01 hora y media (s\u00f3lo ida).\r\n\r\n<strong>Dificultad:<\/strong>\u00a0media.","titulo_dia_2":"<h2><strong>D\u00eda 2: Sanxenxo y Portonovo (turismo marinero).<\/strong><\/h2>","descripcion_dia_2":"El recorrido empieza en Mirador Palacios, sigue por Panadeira, Puerto Deportivo Juan Carlos I, Iglesia de San Gin\u00e9s, nucleo urbano de Sanxenxo, Playa de Silgar, Punta Vica\u00f1o, Paseo de Playa de Baltar, centro de Portonovo, Plaza Portonovo, Puerto Pesquero de Portonovo, Mirador da Peixeira y termina en Punta Cabicastro.","texto_enlace_dia_2":"No te pierdas la visita guiada a la lonja de Portonovo","url_enlace_dia_2":"https:\/\/www.destinosalnes.com\/es\/sanxenxo-lonxa-portonovo\/","caracteristicas_dia_2":"<strong>Movilidad:<\/strong>\u00a0a pie.\r\n\r\n<strong>Tiempo<\/strong><strong>\u00a0<\/strong><strong>a<\/strong><strong>\u00a0pie:<\/strong>\u00a02 horas (s\u00f3lo ida).\r\n\r\n<strong>Dificultad:<\/strong>\u00a0f\u00e1cil.","titulo_dia_3":"<h2><strong>D\u00eda 3: Turismo cultural y de naturaleza. La Lanzada.<\/strong><\/h2>","no_te_puedes_perder:_dia_2":"En temporada tanto de Sanxenxo como de Portonovo salen ferries al\u00a0<strong>Parque Nacional de las Islas Atl\u00e1nticas<\/strong>. La visita tanto a las Islas Ons como C\u00edes, es ideal para pasar el d\u00eda. All\u00ed podremos disfrutar de la playa, paisaje, naturaleza, rutas de senderismo\u2026","texto_enlace_dia_3":"No te pierdas la visita guiada a la lonja de Portonovo","url_enlace_dia_3":"https:\/\/www.destinosalnes.com\/es\/sanxenxo-lonxa-portonovo\/","descripcion_dia_3":"El recorrido empieza en el Yacimiento arqueol\u00f3gico, sigue por Playa de N\u00aa Se\u00f1ora da Lanzada, Ermida de N\u00aa Se\u00f1ora de la Lanzada Castro y necr\u00f3polis, Castro de Outeiro das Laspas, Playa A Lanzada, Lagunas de Rouxique, As Telleiras\/Complexo intermareal Umia y termina en O Grove.","no_te_puedes_perder:_dia_3":"Romar\u00eda da Lanzada, la\u00a0\u00faltima semana de agosto.","caracteristicas_dia_3":"<strong>Movilidad:<\/strong>\u00a0a pie o en coche.\r\n\r\n<strong>Tiempo<\/strong><strong>\u00a0<\/strong><strong>a<\/strong><strong>\u00a0pie:<\/strong>\u00a02 horas y media (s\u00f3lo ida).\r\n\r\n<strong>Dificultad:<\/strong>\u00a0media.","galeria_de_imagenes":[90657,90663],"shortcode_del_mapa":"[wpgmza id=\"19\"]"},"yoast_head":"<!-- This site is optimized with the Yoast SEO plugin v23.9 - https:\/\/yoast.com\/wordpress\/plugins\/seo\/ -->\n<title>3 d\u00edas en Sanxenxo - Saln\u00e9s<\/title>\n<meta name=\"description\" content=\"Un plan de 3 d\u00edas que no te puedes perder si visitas Sanxenxo. Recorridos, lugares de inter\u00e9s y mucho m\u00e1s.\" \/>\n<meta name=\"robots\" content=\"index, follow, max-snippet:-1, max-image-preview:large, max-video-preview:-1\" \/>\n<link rel=\"canonical\" href=\"https:\/\/www.destinosalnes.com\/es\/sanxenxo-3-dias\/\" \/>\n<script type=\"application\/ld+json\" class=\"yoast-schema-graph\">{\"@context\":\"https:\/\/schema.org\",\"@graph\":[{\"@type\":\"WebPage\",\"@id\":\"https:\/\/www.destinosalnes.com\/es\/sanxenxo-3-dias\/\",\"url\":\"https:\/\/www.destinosalnes.com\/es\/sanxenxo-3-dias\/\",\"name\":\"3 d\u00edas en Sanxenxo - Saln\u00e9s\",\"isPartOf\":{\"@id\":\"https:\/\/www.destinosalnes.com\/es\/#website\"},\"primaryImageOfPage\":{\"@id\":\"https:\/\/www.destinosalnes.com\/es\/sanxenxo-3-dias\/#primaryimage\"},\"image\":{\"@id\":\"https:\/\/www.destinosalnes.com\/es\/sanxenxo-3-dias\/#primaryimage\"},\"thumbnailUrl\":\"https:\/\/www.destinosalnes.com\/wp-content\/uploads\/2024\/03\/Uvas.webp\",\"datePublished\":\"2024-03-25T08:21:50+00:00\",\"dateModified\":\"2026-01-23T11:36:43+00:00\",\"description\":\"Un plan de 3 d\u00edas que no te puedes perder si visitas Sanxenxo. Recorridos, lugares de inter\u00e9s y mucho m\u00e1s.\",\"breadcrumb\":{\"@id\":\"https:\/\/www.destinosalnes.com\/es\/sanxenxo-3-dias\/#breadcrumb\"},\"inLanguage\":\"es\",\"potentialAction\":[{\"@type\":\"ReadAction\",\"target\":[\"https:\/\/www.destinosalnes.com\/es\/sanxenxo-3-dias\/\"]}]},{\"@type\":\"ImageObject\",\"inLanguage\":\"es\",\"@id\":\"https:\/\/www.destinosalnes.com\/es\/sanxenxo-3-dias\/#primaryimage\",\"url\":\"https:\/\/www.destinosalnes.com\/wp-content\/uploads\/2024\/03\/Uvas.webp\",\"contentUrl\":\"https:\/\/www.destinosalnes.com\/wp-content\/uploads\/2024\/03\/Uvas.webp\",\"width\":1000,\"height\":667,\"caption\":\"Racimos de uvas\"},{\"@type\":\"BreadcrumbList\",\"@id\":\"https:\/\/www.destinosalnes.com\/es\/sanxenxo-3-dias\/#breadcrumb\",\"itemListElement\":[{\"@type\":\"ListItem\",\"position\":1,\"name\":\"Saln\u00e9s\",\"item\":\"https:\/\/www.destinosalnes.com\/es\/\"},{\"@type\":\"ListItem\",\"position\":2,\"name\":\"Sanxenxo\",\"item\":\"https:\/\/www.destinosalnes.com\/es\/category\/sanxenxo\/\"},{\"@type\":\"ListItem\",\"position\":3,\"name\":\"3 d\u00edas en Sanxenxo\"}]},{\"@type\":\"WebSite\",\"@id\":\"https:\/\/www.destinosalnes.com\/es\/#website\",\"url\":\"https:\/\/www.destinosalnes.com\/es\/\",\"name\":\"Saln\u00e9s\",\"description\":\"\",\"publisher\":{\"@id\":\"https:\/\/www.destinosalnes.com\/es\/#organization\"},\"potentialAction\":[{\"@type\":\"SearchAction\",\"target\":{\"@type\":\"EntryPoint\",\"urlTemplate\":\"https:\/\/www.destinosalnes.com\/es\/?s={search_term_string}\"},\"query-input\":{\"@type\":\"PropertyValueSpecification\",\"valueRequired\":true,\"valueName\":\"search_term_string\"}}],\"inLanguage\":\"es\"},{\"@type\":\"Organization\",\"@id\":\"https:\/\/www.destinosalnes.com\/es\/#organization\",\"name\":\"Saln\u00e9s\",\"url\":\"https:\/\/www.destinosalnes.com\/es\/\",\"logo\":{\"@type\":\"ImageObject\",\"inLanguage\":\"es\",\"@id\":\"https:\/\/www.destinosalnes.com\/es\/#\/schema\/logo\/image\/\",\"url\":\"\",\"contentUrl\":\"\",\"caption\":\"Saln\u00e9s\"},\"image\":{\"@id\":\"https:\/\/www.destinosalnes.com\/es\/#\/schema\/logo\/image\/\"},\"sameAs\":[\"https:\/\/es-es.facebook.com\/mancomunidade.salnes\",\"https:\/\/x.com\/infosalnes\"]}]}<\/script>\n<!-- \/ Yoast SEO plugin. -->","yoast_head_json":{"title":"3 d\u00edas en Sanxenxo - Saln\u00e9s","description":"Un plan de 3 d\u00edas que no te puedes perder si visitas Sanxenxo. Recorridos, lugares de inter\u00e9s y mucho m\u00e1s.","robots":{"index":"index","follow":"follow","max-snippet":"max-snippet:-1","max-image-preview":"max-image-preview:large","max-video-preview":"max-video-preview:-1"},"canonical":"https:\/\/www.destinosalnes.com\/es\/sanxenxo-3-dias\/","schema":{"@context":"https:\/\/schema.org","@graph":[{"@type":"WebPage","@id":"https:\/\/www.destinosalnes.com\/es\/sanxenxo-3-dias\/","url":"https:\/\/www.destinosalnes.com\/es\/sanxenxo-3-dias\/","name":"3 d\u00edas en Sanxenxo - Saln\u00e9s","isPartOf":{"@id":"https:\/\/www.destinosalnes.com\/es\/#website"},"primaryImageOfPage":{"@id":"https:\/\/www.destinosalnes.com\/es\/sanxenxo-3-dias\/#primaryimage"},"image":{"@id":"https:\/\/www.destinosalnes.com\/es\/sanxenxo-3-dias\/#primaryimage"},"thumbnailUrl":"https:\/\/www.destinosalnes.com\/wp-content\/uploads\/2024\/03\/Uvas.webp","datePublished":"2024-03-25T08:21:50+00:00","dateModified":"2026-01-23T11:36:43+00:00","description":"Un plan de 3 d\u00edas que no te puedes perder si visitas Sanxenxo. Recorridos, lugares de inter\u00e9s y mucho m\u00e1s.","breadcrumb":{"@id":"https:\/\/www.destinosalnes.com\/es\/sanxenxo-3-dias\/#breadcrumb"},"inLanguage":"es","potentialAction":[{"@type":"ReadAction","target":["https:\/\/www.destinosalnes.com\/es\/sanxenxo-3-dias\/"]}]},{"@type":"ImageObject","inLanguage":"es","@id":"https:\/\/www.destinosalnes.com\/es\/sanxenxo-3-dias\/#primaryimage","url":"https:\/\/www.destinosalnes.com\/wp-content\/uploads\/2024\/03\/Uvas.webp","contentUrl":"https:\/\/www.destinosalnes.com\/wp-content\/uploads\/2024\/03\/Uvas.webp","width":1000,"height":667,"caption":"Racimos de uvas"},{"@type":"BreadcrumbList","@id":"https:\/\/www.destinosalnes.com\/es\/sanxenxo-3-dias\/#breadcrumb","itemListElement":[{"@type":"ListItem","position":1,"name":"Saln\u00e9s","item":"https:\/\/www.destinosalnes.com\/es\/"},{"@type":"ListItem","position":2,"name":"Sanxenxo","item":"https:\/\/www.destinosalnes.com\/es\/category\/sanxenxo\/"},{"@type":"ListItem","position":3,"name":"3 d\u00edas en Sanxenxo"}]},{"@type":"WebSite","@id":"https:\/\/www.destinosalnes.com\/es\/#website","url":"https:\/\/www.destinosalnes.com\/es\/","name":"Saln\u00e9s","description":"","publisher":{"@id":"https:\/\/www.destinosalnes.com\/es\/#organization"},"potentialAction":[{"@type":"SearchAction","target":{"@type":"EntryPoint","urlTemplate":"https:\/\/www.destinosalnes.com\/es\/?s={search_term_string}"},"query-input":{"@type":"PropertyValueSpecification","valueRequired":true,"valueName":"search_term_string"}}],"inLanguage":"es"},{"@type":"Organization","@id":"https:\/\/www.destinosalnes.com\/es\/#organization","name":"Saln\u00e9s","url":"https:\/\/www.destinosalnes.com\/es\/","logo":{"@type":"ImageObject","inLanguage":"es","@id":"https:\/\/www.destinosalnes.com\/es\/#\/schema\/logo\/image\/","url":"","contentUrl":"","caption":"Saln\u00e9s"},"image":{"@id":"https:\/\/www.destinosalnes.com\/es\/#\/schema\/logo\/image\/"},"sameAs":["https:\/\/es-es.facebook.com\/mancomunidade.salnes","https:\/\/x.com\/infosalnes"]}]}},"_links":{"self":[{"href":"https:\/\/www.destinosalnes.com\/es\/wp-json\/wp\/v2\/pages\/90767","targetHints":{"allow":["GET"]}}],"collection":[{"href":"https:\/\/www.destinosalnes.com\/es\/wp-json\/wp\/v2\/pages"}],"about":[{"href":"https:\/\/www.destinosalnes.com\/es\/wp-json\/wp\/v2\/types\/page"}],"author":[{"embeddable":true,"href":"https:\/\/www.destinosalnes.com\/es\/wp-json\/wp\/v2\/users\/42"}],"replies":[{"embeddable":true,"href":"https:\/\/www.destinosalnes.com\/es\/wp-json\/wp\/v2\/comments?post=90767"}],"version-history":[{"count":120,"href":"https:\/\/www.destinosalnes.com\/es\/wp-json\/wp\/v2\/pages\/90767\/revisions"}],"predecessor-version":[{"id":145809,"href":"https:\/\/www.destinosalnes.com\/es\/wp-json\/wp\/v2\/pages\/90767\/revisions\/145809"}],"acf:attachment":[{"embeddable":true,"href":"https:\/\/www.destinosalnes.com\/es\/wp-json\/wp\/v2\/media\/90663"},{"embeddable":true,"href":"https:\/\/www.destinosalnes.com\/es\/wp-json\/wp\/v2\/media\/90657"}],"wp:featuredmedia":[{"embeddable":true,"href":"https:\/\/www.destinosalnes.com\/es\/wp-json\/wp\/v2\/media\/74616"}],"wp:attachment":[{"href":"https:\/\/www.destinosalnes.com\/es\/wp-json\/wp\/v2\/media?parent=90767"}],"wp:term":[{"taxonomy":"category","embeddable":true,"href":"https:\/\/www.destinosalnes.com\/es\/wp-json\/wp\/v2\/categories?post=90767"},{"taxonomy":"post_tag","embeddable":true,"href":"https:\/\/www.destinosalnes.com\/es\/wp-json\/wp\/v2\/tags?post=90767"}],"curies":[{"name":"wp","href":"https:\/\/api.w.org\/{rel}","templated":true}]}}