{"id":88349,"date":"2024-03-20T14:05:13","date_gmt":"2024-03-20T14:05:13","guid":{"rendered":"https:\/\/www.destinosalnes.com\/?page_id=88349"},"modified":"2025-10-24T08:41:54","modified_gmt":"2025-10-24T06:41:54","slug":"salnes","status":"publish","type":"page","link":"https:\/\/www.destinosalnes.com\/es\/","title":{"rendered":"Saln\u00e9s"},"content":{"rendered":"\t\t<div data-elementor-type=\"wp-page\" data-elementor-id=\"88349\" class=\"elementor elementor-88349\" data-elementor-post-type=\"page\">\n\t\t\t\t\t\t<section class=\"elementor-section elementor-top-section elementor-element elementor-element-cb94c7e elementor-section-full_width elementor-section-height-min-height elementor-section-height-default elementor-section-items-middle\" data-id=\"cb94c7e\" data-element_type=\"section\">\n\t\t\t\t\t\t<div class=\"elementor-container elementor-column-gap-default\">\n\t\t\t\t\t<div class=\"elementor-column elementor-col-100 elementor-top-column elementor-element elementor-element-fcc2933\" data-id=\"fcc2933\" data-element_type=\"column\">\n\t\t\t<div class=\"elementor-widget-wrap elementor-element-populated\">\n\t\t\t\t\t\t<div class=\"elementor-element elementor-element-a20d201 elementor-widget elementor-widget-heading\" data-id=\"a20d201\" data-element_type=\"widget\" data-widget_type=\"heading.default\">\n\t\t\t\t<div class=\"elementor-widget-container\">\n\t\t\t<style>\/*! elementor - v3.20.0 - 11-03-2024 *\/\n.elementor-heading-title{padding:0;margin:0;line-height:1}.elementor-widget-heading .elementor-heading-title[class*=elementor-size-]>a{color:inherit;font-size:inherit;line-height:inherit}.elementor-widget-heading .elementor-heading-title.elementor-size-small{font-size:15px}.elementor-widget-heading .elementor-heading-title.elementor-size-medium{font-size:19px}.elementor-widget-heading .elementor-heading-title.elementor-size-large{font-size:29px}.elementor-widget-heading .elementor-heading-title.elementor-size-xl{font-size:39px}.elementor-widget-heading .elementor-heading-title.elementor-size-xxl{font-size:59px}<\/style><h1 class=\"elementor-heading-title elementor-size-default\">O Saln\u00e9s<\/h1>\t\t<\/div>\n\t\t\t\t<\/div>\n\t\t\t\t<div class=\"elementor-element elementor-element-0240125 elementor-widget elementor-widget-text-editor\" data-id=\"0240125\" data-element_type=\"widget\" data-widget_type=\"text-editor.default\">\n\t\t\t\t<div class=\"elementor-widget-container\">\n\t\t\t<style>\/*! elementor - v3.20.0 - 11-03-2024 *\/\n.elementor-widget-text-editor.elementor-drop-cap-view-stacked .elementor-drop-cap{background-color:#69727d;color:#fff}.elementor-widget-text-editor.elementor-drop-cap-view-framed .elementor-drop-cap{color:#69727d;border:3px solid;background-color:transparent}.elementor-widget-text-editor:not(.elementor-drop-cap-view-default) .elementor-drop-cap{margin-top:8px}.elementor-widget-text-editor:not(.elementor-drop-cap-view-default) .elementor-drop-cap-letter{width:1em;height:1em}.elementor-widget-text-editor .elementor-drop-cap{float:left;text-align:center;line-height:1;font-size:50px}.elementor-widget-text-editor .elementor-drop-cap-letter{display:inline-block}<\/style>\t\t\t\t<p>\n\u201cEn la comarca de <strong role=\"heading\">O Saln\u00e9s<\/strong> encontraremos un mundo de contrastes,podemos optar por la monta\u00f1a y pasear por <strong role=\"heading\">tranquilos espacios naturales<\/strong>; o disfrutar de nuestra costa y descubrir la <strong role=\"text\">excelencia de sus playas<\/strong>. Un lugar ideal para disfrutar, con una <strong role=\"text\">gastronom\u00eda<\/strong> que lo hace \u00fanico\u201d.<\/p>\n\t\t\t\t\t\t<\/div>\n\t\t\t\t<\/div>\n\t\t\t\t<section class=\"elementor-section elementor-inner-section elementor-element elementor-element-f72324a elementor-section-full_width elementor-hidden-desktop elementor-hidden-laptop elementor-hidden-tablet elementor-section-height-default elementor-section-height-default\" data-id=\"f72324a\" data-element_type=\"section\">\n\t\t\t\t\t\t<div class=\"elementor-container elementor-column-gap-custom\">\n\t\t\t\t\t<div class=\"elementor-column elementor-col-100 elementor-inner-column elementor-element elementor-element-db3468a bici-image-wrapper elementor-hidden-desktop elementor-hidden-laptop elementor-hidden-tablet\" data-id=\"db3468a\" data-element_type=\"column\">\n\t\t\t<div class=\"elementor-widget-wrap elementor-element-populated\">\n\t\t\t\t\t\t<div class=\"elementor-element elementor-element-448136a elementor-widget-mobile__width-inherit elementor-widget elementor-widget-image\" data-id=\"448136a\" data-element_type=\"widget\" data-widget_type=\"image.default\">\n\t\t\t\t<div class=\"elementor-widget-container\">\n\t\t\t<style>\/*! elementor - v3.20.0 - 11-03-2024 *\/\n.elementor-widget-image{text-align:center}.elementor-widget-image a{display:inline-block}.elementor-widget-image a img[src$=\".svg\"]{width:48px}.elementor-widget-image img{vertical-align:middle;display:inline-block}<\/style>\t\t\t\t\t\t\t\t\t\t\t<a href=\"https:\/\/bici.destinosalnes.com\/es\/\" target=\"_blank\" aria-label=\"Se abre en una nueva pesta\u00f1a\" rel=\"nofollow\">\n\t\t\t\t\t\t\t<img fetchpriority=\"high\" decoding=\"async\" width=\"800\" height=\"533\" src=\"https:\/\/www.destinosalnes.com\/wp-content\/uploads\/2025\/10\/bici_banner.webp\" class=\"attachment-large size-large wp-image-145037\" alt=\"Bicicleta colorida sobre un fondo azul con figuras geom\u00e9tricas, plantas y elementos gr\u00e1ficos como nubes y un p\u00e1jaro.\" srcset=\"https:\/\/www.destinosalnes.com\/wp-content\/uploads\/2025\/10\/bici_banner.webp 800w, https:\/\/www.destinosalnes.com\/wp-content\/uploads\/2025\/10\/bici_banner-300x200.webp 300w, https:\/\/www.destinosalnes.com\/wp-content\/uploads\/2025\/10\/bici_banner-768x512.webp 768w\" sizes=\"(max-width: 800px) 100vw, 800px\" \/>\t\t\t\t\t\t\t\t<\/a>\n\t\t\t\t\t\t\t\t\t\t\t\t\t<\/div>\n\t\t\t\t<\/div>\n\t\t\t\t<div class=\"elementor-element elementor-element-34aa6d5 elementor-absolute e-transform events-none elementor-widget elementor-widget-image\" data-id=\"34aa6d5\" data-element_type=\"widget\" data-settings=\"{&quot;_position&quot;:&quot;absolute&quot;,&quot;_transform_translateX_effect_mobile&quot;:{&quot;unit&quot;:&quot;%&quot;,&quot;size&quot;:-50,&quot;sizes&quot;:[]},&quot;_transform_translateY_effect_mobile&quot;:{&quot;unit&quot;:&quot;%&quot;,&quot;size&quot;:-50,&quot;sizes&quot;:[]},&quot;_transform_translateX_effect&quot;:{&quot;unit&quot;:&quot;px&quot;,&quot;size&quot;:&quot;&quot;,&quot;sizes&quot;:[]},&quot;_transform_translateX_effect_laptop&quot;:{&quot;unit&quot;:&quot;px&quot;,&quot;size&quot;:&quot;&quot;,&quot;sizes&quot;:[]},&quot;_transform_translateX_effect_tablet&quot;:{&quot;unit&quot;:&quot;px&quot;,&quot;size&quot;:&quot;&quot;,&quot;sizes&quot;:[]},&quot;_transform_translateY_effect&quot;:{&quot;unit&quot;:&quot;px&quot;,&quot;size&quot;:&quot;&quot;,&quot;sizes&quot;:[]},&quot;_transform_translateY_effect_laptop&quot;:{&quot;unit&quot;:&quot;px&quot;,&quot;size&quot;:&quot;&quot;,&quot;sizes&quot;:[]},&quot;_transform_translateY_effect_tablet&quot;:{&quot;unit&quot;:&quot;px&quot;,&quot;size&quot;:&quot;&quot;,&quot;sizes&quot;:[]}}\" data-widget_type=\"image.default\">\n\t\t\t\t<div class=\"elementor-widget-container\">\n\t\t\t\t\t\t\t\t\t\t\t\t\t<img decoding=\"async\" width=\"768\" height=\"769\" src=\"https:\/\/www.destinosalnes.com\/wp-content\/uploads\/2025\/10\/Logo-Salnes-bici-01-21-768x769.png\" class=\"attachment-medium_large size-medium_large wp-image-145730\" alt=\"Logo de alquiler de bicicletas, con un dise\u00f1o abstracto en forma de concha en tonos azul oscuro y texto claro en parte inferior.\" srcset=\"https:\/\/www.destinosalnes.com\/wp-content\/uploads\/2025\/10\/Logo-Salnes-bici-01-21-768x769.png 768w, https:\/\/www.destinosalnes.com\/wp-content\/uploads\/2025\/10\/Logo-Salnes-bici-01-21-300x300.png 300w, https:\/\/www.destinosalnes.com\/wp-content\/uploads\/2025\/10\/Logo-Salnes-bici-01-21-150x150.png 150w, https:\/\/www.destinosalnes.com\/wp-content\/uploads\/2025\/10\/Logo-Salnes-bici-01-21.png 834w\" sizes=\"(max-width: 768px) 100vw, 768px\" \/>\t\t\t\t\t\t\t\t\t\t\t\t\t<\/div>\n\t\t\t\t<\/div>\n\t\t\t\t<div class=\"elementor-element elementor-element-841a39e elementor-absolute e-transform events-none elementor-view-default elementor-widget elementor-widget-icon\" data-id=\"841a39e\" data-element_type=\"widget\" data-settings=\"{&quot;_position&quot;:&quot;absolute&quot;,&quot;_transform_translateX_effect_mobile&quot;:{&quot;unit&quot;:&quot;%&quot;,&quot;size&quot;:-50,&quot;sizes&quot;:[]},&quot;_transform_translateY_effect_mobile&quot;:{&quot;unit&quot;:&quot;%&quot;,&quot;size&quot;:50,&quot;sizes&quot;:[]},&quot;_transform_translateX_effect&quot;:{&quot;unit&quot;:&quot;px&quot;,&quot;size&quot;:&quot;&quot;,&quot;sizes&quot;:[]},&quot;_transform_translateX_effect_laptop&quot;:{&quot;unit&quot;:&quot;px&quot;,&quot;size&quot;:&quot;&quot;,&quot;sizes&quot;:[]},&quot;_transform_translateX_effect_tablet&quot;:{&quot;unit&quot;:&quot;px&quot;,&quot;size&quot;:&quot;&quot;,&quot;sizes&quot;:[]},&quot;_transform_translateY_effect&quot;:{&quot;unit&quot;:&quot;px&quot;,&quot;size&quot;:&quot;&quot;,&quot;sizes&quot;:[]},&quot;_transform_translateY_effect_laptop&quot;:{&quot;unit&quot;:&quot;px&quot;,&quot;size&quot;:&quot;&quot;,&quot;sizes&quot;:[]},&quot;_transform_translateY_effect_tablet&quot;:{&quot;unit&quot;:&quot;px&quot;,&quot;size&quot;:&quot;&quot;,&quot;sizes&quot;:[]}}\" data-widget_type=\"icon.default\">\n\t\t\t\t<div class=\"elementor-widget-container\">\n\t\t\t\t\t<div class=\"elementor-icon-wrapper\">\n\t\t\t<div class=\"elementor-icon\">\n\t\t\t<i aria-hidden=\"true\" class=\"fas fa-circle\"><\/i>\t\t\t<\/div>\n\t\t<\/div>\n\t\t\t\t<\/div>\n\t\t\t\t<\/div>\n\t\t\t\t\t<\/div>\n\t\t<\/div>\n\t\t\t\t\t<\/div>\n\t\t<\/section>\n\t\t\t\t<section class=\"elementor-section elementor-inner-section elementor-element elementor-element-7640996 elementor-section-full_width elementor-section-height-default elementor-section-height-default\" data-id=\"7640996\" data-element_type=\"section\">\n\t\t\t\t\t\t<div class=\"elementor-container elementor-column-gap-custom\">\n\t\t\t\t\t<div class=\"elementor-column elementor-col-50 elementor-inner-column elementor-element elementor-element-1739787\" data-id=\"1739787\" data-element_type=\"column\">\n\t\t\t<div class=\"elementor-widget-wrap elementor-element-populated\">\n\t\t\t\t\t\t<div class=\"elementor-element elementor-element-664fe55 salnes-image-pr elementor-widget elementor-widget-image\" data-id=\"664fe55\" data-element_type=\"widget\" data-widget_type=\"image.default\">\n\t\t\t\t<div class=\"elementor-widget-container\">\n\t\t\t\t\t\t\t\t\t\t\t\t\t\t<a href=\"https:\/\/www.destinosalnes.com\/es\/sanxenxo\/\" target=\"_blank\" aria-label=\"Se abre en una nueva pesta\u00f1a\">\n\t\t\t\t\t\t\t<img decoding=\"async\" width=\"800\" height=\"534\" src=\"https:\/\/www.destinosalnes.com\/wp-content\/uploads\/2024\/03\/Sanxenxo-hover-1024x684.webp\" class=\"attachment-large size-large wp-image-74517\" alt=\"Bot\u00f3n de Sanxenxo en la web de Saln\u00e9s\" srcset=\"https:\/\/www.destinosalnes.com\/wp-content\/uploads\/2024\/03\/Sanxenxo-hover-1024x684.webp 1024w, https:\/\/www.destinosalnes.com\/wp-content\/uploads\/2024\/03\/Sanxenxo-hover-300x200.webp 300w, https:\/\/www.destinosalnes.com\/wp-content\/uploads\/2024\/03\/Sanxenxo-hover-768x513.webp 768w, https:\/\/www.destinosalnes.com\/wp-content\/uploads\/2024\/03\/Sanxenxo-hover-1080x721.webp 1080w, https:\/\/www.destinosalnes.com\/wp-content\/uploads\/2024\/03\/Sanxenxo-hover.webp 1367w\" sizes=\"(max-width: 800px) 100vw, 800px\" \/>\t\t\t\t\t\t\t\t<\/a>\n\t\t\t\t\t\t\t\t\t\t\t\t\t<\/div>\n\t\t\t\t<\/div>\n\t\t\t\t\t<\/div>\n\t\t<\/div>\n\t\t\t\t<div class=\"elementor-column elementor-col-50 elementor-inner-column elementor-element elementor-element-9dab39b\" data-id=\"9dab39b\" data-element_type=\"column\">\n\t\t\t<div class=\"elementor-widget-wrap elementor-element-populated\">\n\t\t\t\t\t\t<div class=\"elementor-element elementor-element-d92beae salnes-image-pr elementor-widget elementor-widget-image\" data-id=\"d92beae\" data-element_type=\"widget\" data-widget_type=\"image.default\">\n\t\t\t\t<div class=\"elementor-widget-container\">\n\t\t\t\t\t\t\t\t\t\t\t\t\t\t<a href=\"https:\/\/www.destinosalnes.com\/es\/ogrove\/\" target=\"_blank\" aria-label=\"Se abre en una nueva pesta\u00f1a\">\n\t\t\t\t\t\t\t<img loading=\"lazy\" decoding=\"async\" width=\"800\" height=\"534\" src=\"https:\/\/www.destinosalnes.com\/wp-content\/uploads\/2024\/03\/O-Grove-hover-1024x684.webp\" class=\"attachment-large size-large wp-image-74519\" alt=\"Imagen de la Isla de La Toja para el bot\u00f3n de O Grove en la web de Saln\u00e9s en la versi\u00f3n m\u00f3vil\" srcset=\"https:\/\/www.destinosalnes.com\/wp-content\/uploads\/2024\/03\/O-Grove-hover-1024x684.webp 1024w, https:\/\/www.destinosalnes.com\/wp-content\/uploads\/2024\/03\/O-Grove-hover-300x200.webp 300w, https:\/\/www.destinosalnes.com\/wp-content\/uploads\/2024\/03\/O-Grove-hover-768x513.webp 768w, https:\/\/www.destinosalnes.com\/wp-content\/uploads\/2024\/03\/O-Grove-hover-1080x721.webp 1080w, https:\/\/www.destinosalnes.com\/wp-content\/uploads\/2024\/03\/O-Grove-hover.webp 1367w\" sizes=\"(max-width: 800px) 100vw, 800px\" \/>\t\t\t\t\t\t\t\t<\/a>\n\t\t\t\t\t\t\t\t\t\t\t\t\t<\/div>\n\t\t\t\t<\/div>\n\t\t\t\t\t<\/div>\n\t\t<\/div>\n\t\t\t\t\t<\/div>\n\t\t<\/section>\n\t\t\t\t<div class=\"elementor-element elementor-element-4bc46cb kit_dg_wrapper elementor-widget elementor-widget-html\" data-id=\"4bc46cb\" data-element_type=\"widget\" id=\"logoRed\" data-widget_type=\"html.default\">\n\t\t\t\t<div class=\"elementor-widget-container\">\n\t\t\t<img loading=\"lazy\" decoding=\"async\" src=\"https:\/\/www.destinosalnes.com\/wp-content\/uploads\/2024\/02\/logo-feder.png\" border=\"0\" usemap=\"#Map\"  width=\"640\" height=\"360\" alt=\"Conjunto de logotipos institucionales\">\r\n\r\n<map name=\"Map\">\r\n  <area target=\"_blank\" aria-label=\"Se abre en una nueva pesta\u00f1a\" shape=\"rect\" coords=\"11,163,283,210\" href=\"https:\/\/portal.mineco.gob.es\/\" alt=\"logotipo del gobierno de Espa\u00f1a\">\r\n    <area target=\"_blank\" aria-label=\"Se abre en una nueva pesta\u00f1a\" shape=\"rect\" coords=\"298,165,402,200\" href=\"https:\/\/www.red.es\/es\" alt=\"logotipo red.es\">\r\n\r\n    <area target=\"_blank\" aria-label=\"Se abre en una nueva pesta\u00f1a\" shape=\"rect\" coords=\"540,150,630,225\" href=\"https:\/\/www.europarl.europa.eu\/factsheets\/es\/sheet\/95\/el-fondo-europeo-de-desarrollo-regional-feder-\" alt=\"logotipo Uni\u00f3n Europea\">\r\n<\/map>\r\n\t\t<\/div>\n\t\t\t\t<\/div>\n\t\t\t\t\t<\/div>\n\t\t<\/div>\n\t\t\t\t\t<\/div>\n\t\t<\/section>\n\t\t\t\t<section class=\"elementor-section elementor-top-section elementor-element elementor-element-89bb024 elementor-section-boxed elementor-section-height-default elementor-section-height-default\" data-id=\"89bb024\" data-element_type=\"section\">\n\t\t\t\t\t\t<div class=\"elementor-container elementor-column-gap-default\">\n\t\t\t\t\t<div class=\"elementor-column elementor-col-100 elementor-top-column elementor-element elementor-element-19a6ef8\" data-id=\"19a6ef8\" data-element_type=\"column\">\n\t\t\t<div class=\"elementor-widget-wrap elementor-element-populated\">\n\t\t\t\t\t\t<div class=\"elementor-element elementor-element-a73e014 elementor-widget elementor-widget-html\" data-id=\"a73e014\" data-element_type=\"widget\" data-widget_type=\"html.default\">\n\t\t\t\t<div class=\"elementor-widget-container\">\n\t\t\t<script type=\"module\">\nimport { initializeApp } from 'https:\/\/www.gstatic.com\/firebasejs\/10.4.0\/firebase-app.js';\nimport { getMessaging, getToken, onMessage } from 'https:\/\/www.gstatic.com\/firebasejs\/10.4.0\/firebase-messaging.js';\n\n\/\/ Configuraci\u00f3n de Firebase\nconst firebaseConfig = {\n\tapiKey: \"AIzaSyCMt4F7FfQRnaGn94JYVUBCoMr7ug0cisE\",\n\tauthDomain: \"salnesapp.firebaseapp.com\",\n\tprojectId: \"salnesapp\",\n\tstorageBucket: \"salnesapp.appspot.com\",\n\tmessagingSenderId: \"441403294780\",\n\tappId: \"1:441403294780:web:70f99cb34d9054f3402f39\",\n\tmeasurementId: \"G-5RBDBS7NJC\"\n};\n\ntry {\n\tconst app = initializeApp(firebaseConfig);\n    const messaging = getMessaging(app);\n    console.log('Firebase cargado');\n} catch (e) {\n\tconsole.error('Firebase no pudo cargarse: ', e);\n}\n<\/script>\t\t<\/div>\n\t\t\t\t<\/div>\n\t\t\t\t\t<\/div>\n\t\t<\/div>\n\t\t\t\t\t<\/div>\n\t\t<\/section>\n\t\t\t\t<section class=\"elementor-section elementor-top-section elementor-element elementor-element-e551ac9 elementor-hidden-desktop elementor-hidden-laptop elementor-hidden-tablet elementor-hidden-mobile elementor-section-boxed elementor-section-height-default elementor-section-height-default\" data-id=\"e551ac9\" data-element_type=\"section\">\n\t\t\t\t\t\t<div class=\"elementor-container elementor-column-gap-default\">\n\t\t\t\t\t<div class=\"elementor-column elementor-col-100 elementor-top-column elementor-element elementor-element-ae05f37\" data-id=\"ae05f37\" data-element_type=\"column\">\n\t\t\t<div class=\"elementor-widget-wrap elementor-element-populated\">\n\t\t\t\t\t\t<div class=\"elementor-element elementor-element-14d224b elementor-widget elementor-widget-html\" data-id=\"14d224b\" data-element_type=\"widget\" data-widget_type=\"html.default\">\n\t\t\t\t<div class=\"elementor-widget-container\">\n\t\t\t<a href=\"https:\/\/bici.destinosalnes.com\/\"\n   class=\"mobile-fab\"\n   aria-label=\"Abrir aplicaci\u00f3n Bici\"\n   target=\"_blank\"\n   rel=\"noopener noreferrer nofollow\">\n  <img decoding=\"async\" src=\"https:\/\/www.destinosalnes.com\/wp-content\/uploads\/2025\/10\/bicycle.webp\"\n       alt=\"\"\n       role=\"presentation\">\n<\/a>\n\t\t<\/div>\n\t\t\t\t<\/div>\n\t\t\t\t\t<\/div>\n\t\t<\/div>\n\t\t\t\t\t<\/div>\n\t\t<\/section>\n\t\t\t\t<\/div>\n\t\t","protected":false},"excerpt":{"rendered":"<p>En la comarca de O Saln\u00e9s encontraremos un mundo de contrastes.<\/p>\n","protected":false},"author":42,"featured_media":0,"parent":0,"menu_order":0,"comment_status":"closed","ping_status":"closed","template":"","meta":{"_acf_changed":false,"footnotes":""},"categories":[603],"tags":[],"class_list":["post-88349","page","type-page","status-publish","hentry","category-salnes"],"acf":{"titulo":"O Saln\u00e9s","descripcion":"<p>\r\n\u201cEn la comarca de <strong role=\"heading\" aria-level=\"2\">O Saln\u00e9s<\/strong> encontraremos un mundo de contrastes,podemos optar por la monta\u00f1a y pasear por <strong role=\"heading\">tranquilos espacios naturales<\/strong>; o disfrutar de nuestra costa y descubrir la <strong role=\"text\">excelencia de sus playas<\/strong>. Un lugar ideal para disfrutar, con una <strong role=\"text\">gastronom\u00eda<\/strong> que lo hace \u00fanico\u201d.\r\n<\/p>\r\n"},"yoast_head":"<!-- This site is optimized with the Yoast SEO plugin v23.9 - https:\/\/yoast.com\/wordpress\/plugins\/seo\/ -->\n<title>Saln\u00e9s - Saln\u00e9s<\/title>\n<meta name=\"description\" content=\"Explora la diversidad de O Saln\u00e9s: monta\u00f1as serenas, costas magn\u00edficas y una gastronom\u00eda excepcional en un destino perfecto para disfrutar.\" \/>\n<meta name=\"robots\" content=\"index, follow, max-snippet:-1, max-image-preview:large, max-video-preview:-1\" \/>\n<link rel=\"canonical\" href=\"https:\/\/www.destinosalnes.com\/es\/\" \/>\n<script type=\"application\/ld+json\" class=\"yoast-schema-graph\">{\"@context\":\"https:\/\/schema.org\",\"@graph\":[{\"@type\":\"WebPage\",\"@id\":\"https:\/\/www.destinosalnes.com\/es\/\",\"url\":\"https:\/\/www.destinosalnes.com\/es\/\",\"name\":\"Saln\u00e9s - Saln\u00e9s\",\"isPartOf\":{\"@id\":\"https:\/\/www.destinosalnes.com\/es\/#website\"},\"primaryImageOfPage\":{\"@id\":\"https:\/\/www.destinosalnes.com\/es\/#primaryimage\"},\"image\":{\"@id\":\"https:\/\/www.destinosalnes.com\/es\/#primaryimage\"},\"thumbnailUrl\":\"https:\/\/www.destinosalnes.com\/wp-content\/uploads\/2025\/10\/bici_banner.webp\",\"datePublished\":\"2024-03-20T14:05:13+00:00\",\"dateModified\":\"2025-10-24T06:41:54+00:00\",\"description\":\"Explora la diversidad de O Saln\u00e9s: monta\u00f1as serenas, costas magn\u00edficas y una gastronom\u00eda excepcional en un destino perfecto para disfrutar.\",\"breadcrumb\":{\"@id\":\"https:\/\/www.destinosalnes.com\/es\/#breadcrumb\"},\"inLanguage\":\"es\",\"potentialAction\":[{\"@type\":\"ReadAction\",\"target\":[\"https:\/\/www.destinosalnes.com\/es\/\"]}]},{\"@type\":\"ImageObject\",\"inLanguage\":\"es\",\"@id\":\"https:\/\/www.destinosalnes.com\/es\/#primaryimage\",\"url\":\"https:\/\/www.destinosalnes.com\/wp-content\/uploads\/2025\/10\/bici_banner.webp\",\"contentUrl\":\"https:\/\/www.destinosalnes.com\/wp-content\/uploads\/2025\/10\/bici_banner.webp\"},{\"@type\":\"BreadcrumbList\",\"@id\":\"https:\/\/www.destinosalnes.com\/es\/#breadcrumb\",\"itemListElement\":[{\"@type\":\"ListItem\",\"position\":1,\"name\":\"Saln\u00e9s\",\"item\":\"https:\/\/www.destinosalnes.com\/es\/\"},{\"@type\":\"ListItem\",\"position\":2,\"name\":\"Saln\u00e9s\",\"item\":\"https:\/\/www.destinosalnes.com\/es\/category\/salnes\/\"},{\"@type\":\"ListItem\",\"position\":3,\"name\":\"Saln\u00e9s\"}]},{\"@type\":\"WebSite\",\"@id\":\"https:\/\/www.destinosalnes.com\/es\/#website\",\"url\":\"https:\/\/www.destinosalnes.com\/es\/\",\"name\":\"Saln\u00e9s\",\"description\":\"\",\"publisher\":{\"@id\":\"https:\/\/www.destinosalnes.com\/es\/#organization\"},\"potentialAction\":[{\"@type\":\"SearchAction\",\"target\":{\"@type\":\"EntryPoint\",\"urlTemplate\":\"https:\/\/www.destinosalnes.com\/es\/?s={search_term_string}\"},\"query-input\":{\"@type\":\"PropertyValueSpecification\",\"valueRequired\":true,\"valueName\":\"search_term_string\"}}],\"inLanguage\":\"es\"},{\"@type\":\"Organization\",\"@id\":\"https:\/\/www.destinosalnes.com\/es\/#organization\",\"name\":\"Saln\u00e9s\",\"url\":\"https:\/\/www.destinosalnes.com\/es\/\",\"logo\":{\"@type\":\"ImageObject\",\"inLanguage\":\"es\",\"@id\":\"https:\/\/www.destinosalnes.com\/es\/#\/schema\/logo\/image\/\",\"url\":\"\",\"contentUrl\":\"\",\"caption\":\"Saln\u00e9s\"},\"image\":{\"@id\":\"https:\/\/www.destinosalnes.com\/es\/#\/schema\/logo\/image\/\"},\"sameAs\":[\"https:\/\/es-es.facebook.com\/mancomunidade.salnes\",\"https:\/\/x.com\/infosalnes\"]}]}<\/script>\n<!-- \/ Yoast SEO plugin. -->","yoast_head_json":{"title":"Saln\u00e9s - Saln\u00e9s","description":"Explora la diversidad de O Saln\u00e9s: monta\u00f1as serenas, costas magn\u00edficas y una gastronom\u00eda excepcional en un destino perfecto para disfrutar.","robots":{"index":"index","follow":"follow","max-snippet":"max-snippet:-1","max-image-preview":"max-image-preview:large","max-video-preview":"max-video-preview:-1"},"canonical":"https:\/\/www.destinosalnes.com\/es\/","schema":{"@context":"https:\/\/schema.org","@graph":[{"@type":"WebPage","@id":"https:\/\/www.destinosalnes.com\/es\/","url":"https:\/\/www.destinosalnes.com\/es\/","name":"Saln\u00e9s - Saln\u00e9s","isPartOf":{"@id":"https:\/\/www.destinosalnes.com\/es\/#website"},"primaryImageOfPage":{"@id":"https:\/\/www.destinosalnes.com\/es\/#primaryimage"},"image":{"@id":"https:\/\/www.destinosalnes.com\/es\/#primaryimage"},"thumbnailUrl":"https:\/\/www.destinosalnes.com\/wp-content\/uploads\/2025\/10\/bici_banner.webp","datePublished":"2024-03-20T14:05:13+00:00","dateModified":"2025-10-24T06:41:54+00:00","description":"Explora la diversidad de O Saln\u00e9s: monta\u00f1as serenas, costas magn\u00edficas y una gastronom\u00eda excepcional en un destino perfecto para disfrutar.","breadcrumb":{"@id":"https:\/\/www.destinosalnes.com\/es\/#breadcrumb"},"inLanguage":"es","potentialAction":[{"@type":"ReadAction","target":["https:\/\/www.destinosalnes.com\/es\/"]}]},{"@type":"ImageObject","inLanguage":"es","@id":"https:\/\/www.destinosalnes.com\/es\/#primaryimage","url":"https:\/\/www.destinosalnes.com\/wp-content\/uploads\/2025\/10\/bici_banner.webp","contentUrl":"https:\/\/www.destinosalnes.com\/wp-content\/uploads\/2025\/10\/bici_banner.webp"},{"@type":"BreadcrumbList","@id":"https:\/\/www.destinosalnes.com\/es\/#breadcrumb","itemListElement":[{"@type":"ListItem","position":1,"name":"Saln\u00e9s","item":"https:\/\/www.destinosalnes.com\/es\/"},{"@type":"ListItem","position":2,"name":"Saln\u00e9s","item":"https:\/\/www.destinosalnes.com\/es\/category\/salnes\/"},{"@type":"ListItem","position":3,"name":"Saln\u00e9s"}]},{"@type":"WebSite","@id":"https:\/\/www.destinosalnes.com\/es\/#website","url":"https:\/\/www.destinosalnes.com\/es\/","name":"Saln\u00e9s","description":"","publisher":{"@id":"https:\/\/www.destinosalnes.com\/es\/#organization"},"potentialAction":[{"@type":"SearchAction","target":{"@type":"EntryPoint","urlTemplate":"https:\/\/www.destinosalnes.com\/es\/?s={search_term_string}"},"query-input":{"@type":"PropertyValueSpecification","valueRequired":true,"valueName":"search_term_string"}}],"inLanguage":"es"},{"@type":"Organization","@id":"https:\/\/www.destinosalnes.com\/es\/#organization","name":"Saln\u00e9s","url":"https:\/\/www.destinosalnes.com\/es\/","logo":{"@type":"ImageObject","inLanguage":"es","@id":"https:\/\/www.destinosalnes.com\/es\/#\/schema\/logo\/image\/","url":"","contentUrl":"","caption":"Saln\u00e9s"},"image":{"@id":"https:\/\/www.destinosalnes.com\/es\/#\/schema\/logo\/image\/"},"sameAs":["https:\/\/es-es.facebook.com\/mancomunidade.salnes","https:\/\/x.com\/infosalnes"]}]}},"_links":{"self":[{"href":"https:\/\/www.destinosalnes.com\/es\/wp-json\/wp\/v2\/pages\/88349","targetHints":{"allow":["GET"]}}],"collection":[{"href":"https:\/\/www.destinosalnes.com\/es\/wp-json\/wp\/v2\/pages"}],"about":[{"href":"https:\/\/www.destinosalnes.com\/es\/wp-json\/wp\/v2\/types\/page"}],"author":[{"embeddable":true,"href":"https:\/\/www.destinosalnes.com\/es\/wp-json\/wp\/v2\/users\/42"}],"replies":[{"embeddable":true,"href":"https:\/\/www.destinosalnes.com\/es\/wp-json\/wp\/v2\/comments?post=88349"}],"version-history":[{"count":135,"href":"https:\/\/www.destinosalnes.com\/es\/wp-json\/wp\/v2\/pages\/88349\/revisions"}],"predecessor-version":[{"id":147667,"href":"https:\/\/www.destinosalnes.com\/es\/wp-json\/wp\/v2\/pages\/88349\/revisions\/147667"}],"wp:attachment":[{"href":"https:\/\/www.destinosalnes.com\/es\/wp-json\/wp\/v2\/media?parent=88349"}],"wp:term":[{"taxonomy":"category","embeddable":true,"href":"https:\/\/www.destinosalnes.com\/es\/wp-json\/wp\/v2\/categories?post=88349"},{"taxonomy":"post_tag","embeddable":true,"href":"https:\/\/www.destinosalnes.com\/es\/wp-json\/wp\/v2\/tags?post=88349"}],"curies":[{"name":"wp","href":"https:\/\/api.w.org\/{rel}","templated":true}]}}