{"id":120041,"date":"2024-05-29T08:39:51","date_gmt":"2024-05-29T06:39:51","guid":{"rendered":"https:\/\/www.destinosalnes.com\/?page_id=120041"},"modified":"2024-05-29T08:43:03","modified_gmt":"2024-05-29T06:43:03","slug":"privacidad","status":"publish","type":"page","link":"https:\/\/www.destinosalnes.com\/es\/privacidad\/","title":{"rendered":"CONDICIONES LEGALES Y SU ACEPTACI\u00d3N"},"content":{"rendered":"\n<p><strong><br><\/strong>Estas condiciones generales, regulan el uso del servicio de la aplicaci\u00f3n m\u00f3vil \u201cDestino Saln\u00e9s\u201d<\/p>\n\n\n\n<p><\/p>\n\n\n\n<p><strong>IDENTIFICACI\u00d3N<\/strong><br>Responsable del Tratamiento: Mancomunidad de Saln\u00e9s<br>NIF: P3600041B<br>Direcci\u00f3n: Paseo de la Calzada s\/n 36630 Cambados. Pontevedra. Espa\u00f1a<br>Tel\u00e9fono: 986 52 11 15<br>WEB: www.osalnes.com<br>Email: <a href=\"mailto:info@conselldeivissa.es\">info@osalnes.com<\/a><br>DPD: Jose Ram\u00f3n Garc\u00eda Guinarte<\/p>\n\n\n\n<p><\/p>\n\n\n\n<p><strong>OBJETO<br><\/strong>A trav\u00e9s de la aplicaci\u00f3n m\u00f3vil \u201cDestino Saln\u00e9s\u201d\u00a0se facilita a los usuarios el acceso y la utilizaci\u00f3n de diversos servicios y contenidos\u00a0que est\u00e1n\u00a0a disposici\u00f3n de los ciudadanos se reserva el derecho a modificar unilateralmente, en cualquier momento y sin aviso previo, la presentaci\u00f3n y la configuraci\u00f3n de la aplicaci\u00f3n m\u00f3vil \u201cDestino Saln\u00e9s\u201d, as\u00ed como tambi\u00e9n se reserva el derecho a modificar o eliminar algunos servicios y utilidades.<\/p>\n\n\n\n<p><\/p>\n\n\n\n<p><strong>CONDICIONES DE ACCESO Y FUNCIONAMIENTO DE LA APLICACI\u00d3N M\u00d3VIL<\/strong><\/p>\n\n\n\n<ul class=\"wp-block-list\">\n<li>\u201cDestino Saln\u00e9s\u201d es una aplicaci\u00f3n m\u00f3vil totalmente gratuita para sus usuarios.<\/li>\n\n\n\n<li>El usuario se compromete a utilizar la aplicaci\u00f3n m\u00f3vil de manera correcta y de acuerdo con la ley. En caso de provocar perjuicios a la aplicaci\u00f3n m\u00f3vil \u201cDestino Saln\u00e9s\u201d, ser\u00e1 responsable de los da\u00f1os provocados.<\/li>\n\n\n\n<li>\u201cDestino Saln\u00e9s\u201d no se hace cargo del mal uso de la aplicaci\u00f3n m\u00f3vil y de irregularidades en los dispositivos m\u00f3viles de los usuarios, de las cuales ser\u00e1n responsables los propios usuarios.<\/li>\n<\/ul>\n\n\n\n<p><\/p>\n\n\n\n<p><strong>RECOPILACI\u00d3N DE INFORMACI\u00d3N- PERMISOS. -ACCESO A DATOS Y RECURSOS<br><\/strong>Recopilamos y almacenamos informaci\u00f3n personal identificable sobre usted al registrarse y utilizar la aplicaci\u00f3n m\u00f3vil \u201cDestino Saln\u00e9s\u201d. Al requerir su registro, solicitamos su nombre, direcci\u00f3n de correo electr\u00f3nico y otra informaci\u00f3n personal, la cual es almacenada y tratada de manera adecuada para asegurar la mejor experiencia de usuario, cumpliendo siempre con las regulaciones de privacidad vigentes.<\/p>\n\n\n\n<p>Sin embargo, tanto IOS como Google registraran en sus respectivas plataformas la ID del dispositivo y datos de su conexi\u00f3n del usuario.&nbsp; Recomendamos leer&nbsp; atentamente sus pol\u00edticas de privacidad.<\/p>\n\n\n\n<p>A nivel de permisos, la aplicaci\u00f3n m\u00f3vil \u201cDestino Saln\u00e9s\u201d solicitar\u00e1 acceder a su ubicaci\u00f3n en tiempo real exclusivamente para informar sobre la proximidad a los recursos tur\u00edsticos, estaciones de alquiler de bicicletas m\u00e1s cercanos o sobre la distancia de aquellos sitios que el usuario desea visitar. No almacenamos ni compartimos su ubicaci\u00f3n con terceros.<\/p>\n\n\n\n<p>La base legal del tratamiento (acceso a la geolocalizaci\u00f3n) es el consentimiento facilitado por el usuario.<\/p>\n\n\n\n<p>En todo caso, el acceso a la geolocalizaci\u00f3n solo se realizar\u00e1, cuando el Usuario est\u00e1 utilizando\/ejecutando la aplicaci\u00f3n por lo que, las funciones identificadas no se encontrar\u00e1n activadas de manera continua.<\/p>\n\n\n\n<p>En cuanto a las notificaciones PUSH se enviar\u00e1n a todas las personas de la aplicaci\u00f3n descargada en base a las tem\u00e1ticas a las que se suscriben. En todo caso, el usuario podr\u00e1 silenciarlas temporalmente o desactivarlas.<\/p>\n\n\n\n<p><strong>Desactivar las notificaciones push en Android: <\/strong>&nbsp;Para desactivar las notificaciones push en Android tenemos que dirigirnos al men\u00fa de \u00abAjustes\u00bb del dispositivo. Buscar alguna opci\u00f3n que sea \u00abPanel de notificaciones y bar<\/p>\n\n\n\n<p><strong>Desactivar las notificaciones push en iPhone:&nbsp; <\/strong>Para desactivar estas notificaciones en iPhone es necesario ir a \u00abAjustes\u00bb, \u00abNotificaciones\u00bb. ra de estado\u00bb (o cualquier opci\u00f3n que en el nombre aparezca la palabra Notificaci\u00f3n).<\/p>\n\n\n\n<p><\/p>\n\n\n\n<p><strong>USO DE LA INFORMACI\u00d3N<br><\/strong>La informaci\u00f3n de ubicaci\u00f3n que recopilamos se utiliza \u00fanicamente dentro de la aplicaci\u00f3n m\u00f3vil \u201cDestino Saln\u00e9s\u201d para proporcionarle servicios basados en la ubicaci\u00f3n. No utilizamos esta informaci\u00f3n para ning\u00fan otro prop\u00f3sito ni la compartimos con terceros sin su consentimiento expl\u00edcito.<\/p>\n\n\n\n<p>No recopilamos ni utilizamos ning\u00fan otro tipo de informaci\u00f3n personal identificable a trav\u00e9s de la aplicaci\u00f3n m\u00f3vil \u201cDestino Saln\u00e9s\u201d.<\/p>\n\n\n\n<p>Por \u00faltimo, dentro del marco del proyecto se utilizan indicadores tur\u00edsticos. Estos indicadores son estudios que la aplicaci\u00f3n realiza sobre los clics totales que se han realizado sobre los recursos disponibles en \u201cDestino Saln\u00e9s\u201d.<\/p>\n\n\n\n<p>En todo caso, no se identifica al usuario, la informaci\u00f3n es meramente estad\u00edstica y sirve para que&nbsp; eLa Mancomunidad identifique los recursos m\u00e1s visitados.<\/p>\n\n\n\n<p><\/p>\n\n\n\n<p><strong>COOKIES Y TECNOLOG\u00cdAS SIMILARES<br><\/strong>La aplicaci\u00f3n m\u00f3vil \u201cDestino Saln\u00e9s\u201d no utiliza cookies ni tecnolog\u00edas similares para recopilar informaci\u00f3n sobre su uso.<\/p>\n\n\n\n<p><\/p>\n\n\n\n<p><strong>REVOCACI\u00d3N DE PERMISOS.<br><\/strong>El usuario podr\u00e1 determinar en todo momento si decide otorgar o revocar los permisos mencionados. Se recuerda al usuario que denegar la utilizaci\u00f3n de las aplicaciones disponibles en el propio dispositivo (geolocalizaci\u00f3n \u2026) no permitir\u00e1 el uso de la aplicaci\u00f3n en su forma m\u00e1s completa. La negaci\u00f3n o revocaci\u00f3n del consentimiento impedir\u00e1, entre otros, el acceso a la funci\u00f3n de geolocalizar, no pudiendo realizar determinadas operaciones como el guiado a puntos de inter\u00e9s de los municipios.<\/p>\n\n\n\n<p>En todo caso, la desinstalaci\u00f3n de la aplicaci\u00f3n implicar\u00e1 no solo la desinstalaci\u00f3n de esta sino tambi\u00e9n el rechazo a la utilizaci\u00f3n de la localizaci\u00f3n del dispositivo para el uso de la misma.<\/p>\n\n\n\n<p><\/p>\n\n\n\n<p><strong>DERECHOS<br><\/strong>En todo caso, los interesados podr\u00e1n ejercer sus derechos de acceso, rectificaci\u00f3n, supresi\u00f3n y dem\u00e1s reconocidos en la ley, remitiendo su solicitud por escrito a la direcci\u00f3n de correo electr\u00f3nico info@osalnes.com, o mediante env\u00edo postal a la direcci\u00f3n Paseo de la Calzada s\/n 3630 Cambados En caso de solicitudes de derechos, el responsable del tratamiento llevar\u00e1 a cabo las averiguaciones oportunas y necesarias para cotejar y asegurar su identidad.<\/p>\n\n\n\n<p>En caso de que sienta vulnerados sus derechos en lo concerniente al uso de sus datos personales, puede presentar una reclamaci\u00f3n ante la Autoridad de Control en materia de Protecci\u00f3n de Datos competente (Agencia Espa\u00f1ola de Protecci\u00f3n de Datos), a trav\u00e9s de su sitio web: <a href=\"http:\/\/www.agpd.es\/\">www.agpd.es<\/a>.<\/p>\n\n\n\n<p><\/p>\n\n\n\n<p><strong>ENLACES A TERCEROS Y REDES SOCIALES<br><\/strong>En el caso de que la App se dispusiesen enlaces o hiperv\u00ednculos hac\u00eda otros sitios de Internet, Mancomunidad de Saln\u00e9s no ejercer\u00e1 ning\u00fan tipo de control sobre dichos sitios y contenidos. En ning\u00fan caso asumir\u00e1 responsabilidad alguna por los contenidos de alg\u00fan enlace perteneciente a un sitio web ajeno, ni garantizar\u00e1 la disponibilidad t\u00e9cnica, calidad, fiabilidad, exactitud, amplitud, veracidad, validez y constitucionalidad de cualquier material o informaci\u00f3n contenida en ninguno de dichos hiperv\u00ednculos u otros sitios de Internet. Igualmente, la inclusi\u00f3n de estas conexiones externas no implicar\u00e1 ning\u00fan tipo de asociaci\u00f3n, fusi\u00f3n o participaci\u00f3n con las entidades conectadas.<\/p>\n\n\n\n<p>Las Redes Sociales forman parte del d\u00eda a d\u00eda de muchos usuarios de Internet, si accede a estas desde la App debe saber que los datos compartidos mediante las mismas pertenecer\u00e1n a la Red Social correspondiente, por lo que recomendamos que lea detenidamente sus condiciones de uso y pol\u00edticas de privacidad, as\u00ed como, se asegure de configurar sus preferencias en cuanto al tratamiento de los datos.<\/p>\n\n\n\n<p><\/p>\n\n\n\n<p><strong>CAMBIOS EN LA POL\u00cdTICA DE PRIVACIDAD<br><\/strong>Mancomunidad de Saln\u00e9s, se reserva el derecho a modificar o adaptar la presente Pol\u00edtica de Privacidad en todo momento. Por lo tanto, le recomendamos que revise la misma cada vez que acceda a la aplicaci\u00f3n m\u00f3vil.<\/p>\n","protected":false},"excerpt":{"rendered":"<p>Estas condiciones generales, regulan el uso del servicio de la aplicaci\u00f3n m\u00f3vil \u201cDestino Saln\u00e9s\u201d IDENTIFICACI\u00d3NResponsable del Tratamiento: Mancomunidad de Saln\u00e9sNIF: P3600041BDirecci\u00f3n: Paseo de la Calzada s\/n 36630 Cambados. Pontevedra. Espa\u00f1aTel\u00e9fono: 986 52 11 15WEB: www.osalnes.comEmail: info@osalnes.comDPD: Jose Ram\u00f3n Garc\u00eda Guinarte OBJETOA trav\u00e9s de la aplicaci\u00f3n m\u00f3vil \u201cDestino Saln\u00e9s\u201d\u00a0se facilita a los usuarios el acceso y [&hellip;]<\/p>\n","protected":false},"author":42,"featured_media":0,"parent":0,"menu_order":0,"comment_status":"closed","ping_status":"closed","template":"","meta":{"_acf_changed":false,"footnotes":""},"categories":[603],"tags":[],"class_list":["post-120041","page","type-page","status-publish","hentry","category-salnes"],"acf":[],"yoast_head":"<!-- This site is optimized with the Yoast SEO plugin v23.9 - https:\/\/yoast.com\/wordpress\/plugins\/seo\/ -->\n<title>CONDICIONES LEGALES Y SU ACEPTACI\u00d3N - Saln\u00e9s<\/title>\n<meta name=\"robots\" content=\"index, follow, max-snippet:-1, max-image-preview:large, max-video-preview:-1\" \/>\n<link rel=\"canonical\" href=\"https:\/\/www.destinosalnes.com\/es\/privacidad\/\" \/>\n<script type=\"application\/ld+json\" class=\"yoast-schema-graph\">{\"@context\":\"https:\/\/schema.org\",\"@graph\":[{\"@type\":\"WebPage\",\"@id\":\"https:\/\/www.destinosalnes.com\/es\/privacidad\/\",\"url\":\"https:\/\/www.destinosalnes.com\/es\/privacidad\/\",\"name\":\"CONDICIONES LEGALES Y SU ACEPTACI\u00d3N - Saln\u00e9s\",\"isPartOf\":{\"@id\":\"https:\/\/www.destinosalnes.com\/es\/#website\"},\"datePublished\":\"2024-05-29T06:39:51+00:00\",\"dateModified\":\"2024-05-29T06:43:03+00:00\",\"breadcrumb\":{\"@id\":\"https:\/\/www.destinosalnes.com\/es\/privacidad\/#breadcrumb\"},\"inLanguage\":\"es\",\"potentialAction\":[{\"@type\":\"ReadAction\",\"target\":[\"https:\/\/www.destinosalnes.com\/es\/privacidad\/\"]}]},{\"@type\":\"BreadcrumbList\",\"@id\":\"https:\/\/www.destinosalnes.com\/es\/privacidad\/#breadcrumb\",\"itemListElement\":[{\"@type\":\"ListItem\",\"position\":1,\"name\":\"Saln\u00e9s\",\"item\":\"https:\/\/www.destinosalnes.com\/es\/\"},{\"@type\":\"ListItem\",\"position\":2,\"name\":\"Saln\u00e9s\",\"item\":\"https:\/\/www.destinosalnes.com\/es\/category\/salnes\/\"},{\"@type\":\"ListItem\",\"position\":3,\"name\":\"CONDICIONES LEGALES Y SU ACEPTACI\u00d3N\"}]},{\"@type\":\"WebSite\",\"@id\":\"https:\/\/www.destinosalnes.com\/es\/#website\",\"url\":\"https:\/\/www.destinosalnes.com\/es\/\",\"name\":\"Saln\u00e9s\",\"description\":\"\",\"publisher\":{\"@id\":\"https:\/\/www.destinosalnes.com\/es\/#organization\"},\"potentialAction\":[{\"@type\":\"SearchAction\",\"target\":{\"@type\":\"EntryPoint\",\"urlTemplate\":\"https:\/\/www.destinosalnes.com\/es\/?s={search_term_string}\"},\"query-input\":{\"@type\":\"PropertyValueSpecification\",\"valueRequired\":true,\"valueName\":\"search_term_string\"}}],\"inLanguage\":\"es\"},{\"@type\":\"Organization\",\"@id\":\"https:\/\/www.destinosalnes.com\/es\/#organization\",\"name\":\"Saln\u00e9s\",\"url\":\"https:\/\/www.destinosalnes.com\/es\/\",\"logo\":{\"@type\":\"ImageObject\",\"inLanguage\":\"es\",\"@id\":\"https:\/\/www.destinosalnes.com\/es\/#\/schema\/logo\/image\/\",\"url\":\"\",\"contentUrl\":\"\",\"caption\":\"Saln\u00e9s\"},\"image\":{\"@id\":\"https:\/\/www.destinosalnes.com\/es\/#\/schema\/logo\/image\/\"},\"sameAs\":[\"https:\/\/es-es.facebook.com\/mancomunidade.salnes\",\"https:\/\/x.com\/infosalnes\"]}]}<\/script>\n<!-- \/ Yoast SEO plugin. -->","yoast_head_json":{"title":"CONDICIONES LEGALES Y SU ACEPTACI\u00d3N - Saln\u00e9s","robots":{"index":"index","follow":"follow","max-snippet":"max-snippet:-1","max-image-preview":"max-image-preview:large","max-video-preview":"max-video-preview:-1"},"canonical":"https:\/\/www.destinosalnes.com\/es\/privacidad\/","schema":{"@context":"https:\/\/schema.org","@graph":[{"@type":"WebPage","@id":"https:\/\/www.destinosalnes.com\/es\/privacidad\/","url":"https:\/\/www.destinosalnes.com\/es\/privacidad\/","name":"CONDICIONES LEGALES Y SU ACEPTACI\u00d3N - Saln\u00e9s","isPartOf":{"@id":"https:\/\/www.destinosalnes.com\/es\/#website"},"datePublished":"2024-05-29T06:39:51+00:00","dateModified":"2024-05-29T06:43:03+00:00","breadcrumb":{"@id":"https:\/\/www.destinosalnes.com\/es\/privacidad\/#breadcrumb"},"inLanguage":"es","potentialAction":[{"@type":"ReadAction","target":["https:\/\/www.destinosalnes.com\/es\/privacidad\/"]}]},{"@type":"BreadcrumbList","@id":"https:\/\/www.destinosalnes.com\/es\/privacidad\/#breadcrumb","itemListElement":[{"@type":"ListItem","position":1,"name":"Saln\u00e9s","item":"https:\/\/www.destinosalnes.com\/es\/"},{"@type":"ListItem","position":2,"name":"Saln\u00e9s","item":"https:\/\/www.destinosalnes.com\/es\/category\/salnes\/"},{"@type":"ListItem","position":3,"name":"CONDICIONES LEGALES Y SU ACEPTACI\u00d3N"}]},{"@type":"WebSite","@id":"https:\/\/www.destinosalnes.com\/es\/#website","url":"https:\/\/www.destinosalnes.com\/es\/","name":"Saln\u00e9s","description":"","publisher":{"@id":"https:\/\/www.destinosalnes.com\/es\/#organization"},"potentialAction":[{"@type":"SearchAction","target":{"@type":"EntryPoint","urlTemplate":"https:\/\/www.destinosalnes.com\/es\/?s={search_term_string}"},"query-input":{"@type":"PropertyValueSpecification","valueRequired":true,"valueName":"search_term_string"}}],"inLanguage":"es"},{"@type":"Organization","@id":"https:\/\/www.destinosalnes.com\/es\/#organization","name":"Saln\u00e9s","url":"https:\/\/www.destinosalnes.com\/es\/","logo":{"@type":"ImageObject","inLanguage":"es","@id":"https:\/\/www.destinosalnes.com\/es\/#\/schema\/logo\/image\/","url":"","contentUrl":"","caption":"Saln\u00e9s"},"image":{"@id":"https:\/\/www.destinosalnes.com\/es\/#\/schema\/logo\/image\/"},"sameAs":["https:\/\/es-es.facebook.com\/mancomunidade.salnes","https:\/\/x.com\/infosalnes"]}]}},"_links":{"self":[{"href":"https:\/\/www.destinosalnes.com\/es\/wp-json\/wp\/v2\/pages\/120041","targetHints":{"allow":["GET"]}}],"collection":[{"href":"https:\/\/www.destinosalnes.com\/es\/wp-json\/wp\/v2\/pages"}],"about":[{"href":"https:\/\/www.destinosalnes.com\/es\/wp-json\/wp\/v2\/types\/page"}],"author":[{"embeddable":true,"href":"https:\/\/www.destinosalnes.com\/es\/wp-json\/wp\/v2\/users\/42"}],"replies":[{"embeddable":true,"href":"https:\/\/www.destinosalnes.com\/es\/wp-json\/wp\/v2\/comments?post=120041"}],"version-history":[{"count":2,"href":"https:\/\/www.destinosalnes.com\/es\/wp-json\/wp\/v2\/pages\/120041\/revisions"}],"predecessor-version":[{"id":120043,"href":"https:\/\/www.destinosalnes.com\/es\/wp-json\/wp\/v2\/pages\/120041\/revisions\/120043"}],"wp:attachment":[{"href":"https:\/\/www.destinosalnes.com\/es\/wp-json\/wp\/v2\/media?parent=120041"}],"wp:term":[{"taxonomy":"category","embeddable":true,"href":"https:\/\/www.destinosalnes.com\/es\/wp-json\/wp\/v2\/categories?post=120041"},{"taxonomy":"post_tag","embeddable":true,"href":"https:\/\/www.destinosalnes.com\/es\/wp-json\/wp\/v2\/tags?post=120041"}],"curies":[{"name":"wp","href":"https:\/\/api.w.org\/{rel}","templated":true}]}}