{"id":105469,"date":"2024-04-18T11:22:59","date_gmt":"2024-04-18T11:22:59","guid":{"rendered":"https:\/\/www.destinosalnes.com\/sanxenxo-politica-cookies\/"},"modified":"2025-08-01T09:50:38","modified_gmt":"2025-08-01T07:50:38","slug":"sanxenxo-politica-cookies","status":"publish","type":"page","link":"https:\/\/www.destinosalnes.com\/en\/sanxenxo-politica-cookies\/","title":{"rendered":"Cookies Policy"},"content":{"rendered":"\t\t<div data-elementor-type=\"wp-page\" data-elementor-id=\"105469\" class=\"elementor elementor-105469 elementor-99018\" data-elementor-post-type=\"page\">\n\t\t\t\t\t\t<section class=\"elementor-section elementor-top-section elementor-element elementor-element-33c24607 elementor-section-full_width Portada elementor-section-height-default elementor-section-height-default\" data-id=\"33c24607\" data-element_type=\"section\">\n\t\t\t\t\t\t<div class=\"elementor-container elementor-column-gap-default\">\n\t\t\t\t\t<div class=\"elementor-column elementor-col-100 elementor-top-column elementor-element elementor-element-57dfe816\" data-id=\"57dfe816\" data-element_type=\"column\">\n\t\t\t<div class=\"elementor-widget-wrap elementor-element-populated\">\n\t\t\t\t\t\t<div class=\"elementor-element elementor-element-7fc6c103 Cabecera elementor--h-position-center elementor--v-position-middle elementor-widget elementor-widget-slides\" data-id=\"7fc6c103\" data-element_type=\"widget\" data-settings=\"{&quot;navigation&quot;:&quot;none&quot;,&quot;_animation&quot;:&quot;none&quot;,&quot;autoplay&quot;:&quot;yes&quot;,&quot;pause_on_hover&quot;:&quot;yes&quot;,&quot;pause_on_interaction&quot;:&quot;yes&quot;,&quot;autoplay_speed&quot;:5000,&quot;infinite&quot;:&quot;yes&quot;,&quot;transition&quot;:&quot;slide&quot;,&quot;transition_speed&quot;:500}\" data-widget_type=\"slides.default\">\n\t\t\t\t<div class=\"elementor-widget-container\">\n\t\t\t<style>.elementor-slides .swiper-slide-bg{background-size:cover;background-position:50%;background-repeat:no-repeat;min-width:100%;min-height:100%}.elementor-slides .swiper-slide-inner{background-repeat:no-repeat;background-position:50%;position:absolute;top:0;left:0;bottom:0;right:0;padding:50px;margin:auto}.elementor-slides .swiper-slide-inner,.elementor-slides .swiper-slide-inner:hover{color:#fff;display:flex}.elementor-slides .swiper-slide-inner .elementor-background-overlay{position:absolute;z-index:0;top:0;bottom:0;left:0;right:0}.elementor-slides .swiper-slide-inner .elementor-slide-content{position:relative;z-index:1;width:100%}.elementor-slides .swiper-slide-inner .elementor-slide-heading{font-size:35px;font-weight:700;line-height:1}.elementor-slides .swiper-slide-inner .elementor-slide-description{font-size:17px;line-height:1.4}.elementor-slides .swiper-slide-inner .elementor-slide-description:not(:last-child),.elementor-slides .swiper-slide-inner .elementor-slide-heading:not(:last-child){margin-bottom:30px}.elementor-slides .swiper-slide-inner .elementor-slide-button{border:2px solid #fff;color:#fff;background:transparent;display:inline-block}.elementor-slides .swiper-slide-inner .elementor-slide-button,.elementor-slides .swiper-slide-inner .elementor-slide-button:hover{background:transparent;color:inherit;text-decoration:none}.elementor--v-position-top .swiper-slide-inner{align-items:flex-start}.elementor--v-position-bottom .swiper-slide-inner{align-items:flex-end}.elementor--v-position-middle .swiper-slide-inner{align-items:center}.elementor--h-position-left .swiper-slide-inner{justify-content:flex-start}.elementor--h-position-right .swiper-slide-inner{justify-content:flex-end}.elementor--h-position-center .swiper-slide-inner{justify-content:center}body.rtl .elementor-widget-slides .elementor-swiper-button-next{left:10px;right:auto}body.rtl .elementor-widget-slides .elementor-swiper-button-prev{right:10px;left:auto}.elementor-slides-wrapper div:not(.swiper-slide)>.swiper-slide-inner{display:none}@media (max-width:767px){.elementor-slides .swiper-slide-inner{padding:30px}.elementor-slides .swiper-slide-inner .elementor-slide-heading{font-size:23px;line-height:1;margin-bottom:15px}.elementor-slides .swiper-slide-inner .elementor-slide-description{font-size:13px;line-height:1.4;margin-bottom:15px}}<\/style>\t\t<div class=\"elementor-swiper\">\n\t\t\t<div class=\"elementor-slides-wrapper elementor-main-swiper swiper\" dir=\"ltr\" data-animation=\"\">\n\t\t\t\t<div class=\"swiper-wrapper elementor-slides\">\n\t\t\t\t\t\t\t\t\t\t<div class=\"elementor-repeater-item-f15b013 swiper-slide\"><div class=\"swiper-slide-bg\" role=\"img\"><\/div><div class=\"elementor-background-overlay\"><\/div><div class=\"swiper-slide-inner\" ><div class=\"swiper-slide-contents\"><\/div><\/div><\/div>\t\t\t\t<\/div>\n\t\t\t\t\t\t\t<\/div>\n\t\t<\/div>\n\t\t\t\t<\/div>\n\t\t\t\t<\/div>\n\t\t\t\t\t<\/div>\n\t\t<\/div>\n\t\t\t\t\t<\/div>\n\t\t<\/section>\n\t\t\t\t<section class=\"elementor-section elementor-top-section elementor-element elementor-element-537d4fcf elementor-section-full_width elementor-section-height-default elementor-section-height-default\" data-id=\"537d4fcf\" data-element_type=\"section\">\n\t\t\t\t\t\t<div class=\"elementor-container elementor-column-gap-default\">\n\t\t\t\t\t<div class=\"elementor-column elementor-col-100 elementor-top-column elementor-element elementor-element-7a535f8b\" data-id=\"7a535f8b\" data-element_type=\"column\">\n\t\t\t<div class=\"elementor-widget-wrap elementor-element-populated\">\n\t\t\t\t\t\t<div class=\"elementor-element elementor-element-5a1578b1 elementor-widget elementor-widget-breadcrumbs\" data-id=\"5a1578b1\" data-element_type=\"widget\" data-widget_type=\"breadcrumbs.default\">\n\t\t\t\t<div class=\"elementor-widget-container\">\n\t\t\t<link rel=\"stylesheet\" href=\"https:\/\/www.destinosalnes.com\/wp-content\/plugins\/elementor-pro\/assets\/css\/widget-theme-elements.min.css\"><p id=\"breadcrumbs\"><nav class=\"yoast-breadcrumb\" role=\"navigation\" aria-label=\"Breadcrumb\"><span><span><a href=\"https:\/\/www.destinosalnes.com\/es\/\">Saln\u00e9s<\/a><\/span><\/span><\/nav><\/p>\t\t<\/div>\n\t\t\t\t<\/div>\n\t\t\t\t\t<\/div>\n\t\t<\/div>\n\t\t\t\t\t<\/div>\n\t\t<\/section>\n\t\t\t\t<section class=\"elementor-section elementor-top-section elementor-element elementor-element-7b73ae28 elementor-section-full_width elementor-section-height-default elementor-section-height-default\" data-id=\"7b73ae28\" data-element_type=\"section\">\n\t\t\t\t\t\t<div class=\"elementor-container elementor-column-gap-default\">\n\t\t\t\t\t<div class=\"elementor-column elementor-col-100 elementor-top-column elementor-element elementor-element-4162287f\" data-id=\"4162287f\" data-element_type=\"column\">\n\t\t\t<div class=\"elementor-widget-wrap elementor-element-populated\">\n\t\t\t\t\t\t<div class=\"elementor-element elementor-element-4f7cf39 elementor-widget elementor-widget-text-editor\" data-id=\"4f7cf39\" data-element_type=\"widget\" data-widget_type=\"text-editor.default\">\n\t\t\t\t<div class=\"elementor-widget-container\">\n\t\t\t<style>\/*! elementor - v3.20.0 - 11-03-2024 *\/\n.elementor-widget-text-editor.elementor-drop-cap-view-stacked .elementor-drop-cap{background-color:#69727d;color:#fff}.elementor-widget-text-editor.elementor-drop-cap-view-framed .elementor-drop-cap{color:#69727d;border:3px solid;background-color:transparent}.elementor-widget-text-editor:not(.elementor-drop-cap-view-default) .elementor-drop-cap{margin-top:8px}.elementor-widget-text-editor:not(.elementor-drop-cap-view-default) .elementor-drop-cap-letter{width:1em;height:1em}.elementor-widget-text-editor .elementor-drop-cap{float:left;text-align:center;line-height:1;font-size:50px}.elementor-widget-text-editor .elementor-drop-cap-letter{display:inline-block}<\/style>\t\t\t\t<p><em>This Cookies Policy was last updated on 09\/05\/2022 and applies to citizens and legal permanent residents of the European Economic Area and Switzerland.<\/em><\/p>\n<h2>1. Introduction<\/h2>\n<p>\nOur website, <a href=\"https:\/\/www.turismodesanxenxo.com\/\">https:\/\/www.turismodesanxenxo.com<\/a><br \/>\n(hereinafter: \u201cthe website\u201d) uses cookies and other related technologies<br \/>\n(for convenience, all technologies are referred to as \u201ccookies\u201d). Cookies are<br \/>\nalso placed by third parties we have contracted with. In the following document,<br \/>\nwe inform you about the use of cookies on our website.\n<\/p>\n<h2>2. What are cookies?<\/h2>\n<p>\nA cookie is a small file that is sent along with the pages of this website and<br \/>\nis stored by your browser on the hard drive of your computer or other device.<br \/>\nStored information may be returned to our servers or appropriate third-party<br \/>\nservers during a subsequent visit.\n<\/p>\n<h2>3. What are scripts?<\/h2>\n<p>\nA script is a piece of program code that is used to make our website work<br \/>\ncorrectly and interactively. This code runs on our server or on your device.\n<\/p>\n<h2>4. What is a web beacon?<\/h2>\n<p>\nA web beacon (or pixel tag) is a small, invisible piece of text or image on a<br \/>\nwebsite that is used to monitor traffic on a website. For this, various data<br \/>\nabout you are stored using these web beacons.\n<\/p>\n<h2>5. Cookies<\/h2>\n<p class=\"cmplz-subtitle\">5.1 Technical or functional cookies<\/p>\n<p>\nSome cookies ensure that certain parts of the website work correctly and that<br \/>\nyour user preferences continue to be remembered. By placing functional cookies,<br \/>\nwe make it easier for you to visit our website. In this way, you do not need<br \/>\nto repeatedly enter the same information when you visit our website and, for<br \/>\nexample, the items remain in your shopping cart until you have paid. We can<br \/>\nplace these cookies without your consent.\n<\/p>\n<p class=\"cmplz-subtitle\">5.2 Statistics cookies<\/p>\n<p>\nWe use statistical cookies to optimize the web experience for our users. With<br \/>\nthese statistical cookies, we obtain information about the use of our website.<br \/>\nWe ask for your permission to place statistical cookies.\n<\/p>\n<p class=\"cmplz-subtitle\">5.3 Marketing\/Tracking Cookies<\/p>\n<p>\nMarketing\/tracking cookies are cookies, or any other form of local storage,<br \/>\nused to create user profiles to display advertising or to track the user on<br \/>\nthis website or on various websites for similar marketing purposes.\n<\/p>\n<h2>6. Consent<\/h2>\n<p>\nWhen you visit our website for the first time, we will show you a pop-up<br \/>\nwindow with an explanation about the cookies. As soon as you click<br \/>\n\u201cSave preferences\u201d, you agree to our use of the categories of cookies and<br \/>\nplugins you have selected in the pop-up window, as described in this cookie<br \/>\npolicy. You can disable the use of cookies through your browser, but please<br \/>\nkeep in mind that our website may stop working properly.\n<\/p>\n<h2>7. Activation\/deactivation and deletion of cookies<\/h2>\n<p>\nYou can use your Internet browser to delete cookies automatically or manually.<br \/>\nYou can also specify that certain cookies cannot be placed. Another option is<br \/>\nto change your Internet browser settings so that you receive a message each<br \/>\ntime a cookie is placed. For more information about these options, consult the<br \/>\ninstructions in the \u201cHelp\u201d section of your browser.\n<\/p>\n<p>\nPlease note that our website may not function properly if all cookies are<br \/>\ndisabled. If you delete cookies from your browser, they will be placed again<br \/>\nafter your consent when you visit our website again.\n<\/p>\n<h2>8. Your rights with respect to personal data<\/h2>\n<p>You have the following rights with respect to your personal data:<\/p>\n<ul>\n<li>You have the right to know why your personal data is needed, what will happen to it and how long it will be kept.<\/li>\n<li>Right of access: you have the right to access your personal data that we hold.<\/li>\n<li>Right of rectification: you have the right to complete, rectify, erase or block your personal data whenever you wish.<\/li>\n<li>If you give us your consent to process your data, you have the right to revoke that consent and to have your personal data deleted.<\/li>\n<li>Right to data portability: you have the right to request all your personal data from the controller and to transfer it in full to another controller.<\/li>\n<li>Right of objection: you can object to the processing of your data. We will comply with this, unless there are compelling legitimate grounds for the processing.<\/li>\n<\/ul>\n<p>\nTo exercise these rights, please contact us. Please see the contact details at<br \/>\nthe bottom of this cookie policy. If you have any complaint about how we manage<br \/>\nyour data, we would like you to let us know, but you also have the right to<br \/>\nsend a complaint to the supervisory authority (the data protection authority).\n<\/p>\n<h2>9. Contact details<\/h2>\n<p>\nFor questions and\/or comments about our cookie policy and this statement,<br \/>\nplease contact us using the following contact details:\n<\/p>\n<p><strong>SANXENXO TOURISM SL<\/strong><\/p>\n<p>R\u00faa Madrid, 1 \u2013 36960 Sanxenxo \u2013 Pontevedra<\/p>\n<p>Spain<\/p>\n<p>Website: <a href=\"https:\/\/www.turismodesanxenxo.com\/\">https:\/\/www.turismodesanxenxo.com<\/a><\/p>\n<p>E-mail: <span class=\"cmplz-obfuscate\">moc.oxnexnasedomsirut@ofni<\/span><\/p>\n<p>Telephone number: +34 986 720 285<\/p>\n<p>\nThis cookie policy has been synchronized with<br \/>\n<a href=\"https:\/\/cookiedatabase.org\/\" target=\"_blank\" aria-label=\"Opens in a new tab\" rel=\"noopener\">cookiedatabase.org<\/a><br \/>\non 09\/05\/2022.<\/p>\n\t\t\t\t\t\t<\/div>\n\t\t\t\t<\/div>\n\t\t\t\t\t<\/div>\n\t\t<\/div>\n\t\t\t\t\t<\/div>\n\t\t<\/section>\n\t\t\t\t<\/div>\n\t\t","protected":false},"excerpt":{"rendered":"","protected":false},"author":42,"featured_media":0,"parent":0,"menu_order":0,"comment_status":"closed","ping_status":"closed","template":"","meta":{"_acf_changed":false,"footnotes":""},"categories":[195],"tags":[],"class_list":["post-105469","page","type-page","status-publish","hentry","category-sanxenxo"],"acf":{"texto":"<p><em>This Cookies Policy was last updated on 09\/05\/2022 and applies to citizens and legal permanent residents of the European Economic Area and Switzerland.<\/em><\/p>\r\n\r\n<h2>1. Introduction<\/h2>\r\n<p>\r\nOur website, <a href=\"https:\/\/www.turismodesanxenxo.com\/\">https:\/\/www.turismodesanxenxo.com<\/a>\r\n(hereinafter: \u201cthe website\u201d) uses cookies and other related technologies\r\n(for convenience, all technologies are referred to as \u201ccookies\u201d). Cookies are\r\nalso placed by third parties we have contracted with. In the following document,\r\nwe inform you about the use of cookies on our website.\r\n<\/p>\r\n\r\n<h2>2. What are cookies?<\/h2>\r\n<p>\r\nA cookie is a small file that is sent along with the pages of this website and\r\nis stored by your browser on the hard drive of your computer or other device.\r\nStored information may be returned to our servers or appropriate third-party\r\nservers during a subsequent visit.\r\n<\/p>\r\n\r\n<h2>3. What are scripts?<\/h2>\r\n<p>\r\nA script is a piece of program code that is used to make our website work\r\ncorrectly and interactively. This code runs on our server or on your device.\r\n<\/p>\r\n\r\n<h2>4. What is a web beacon?<\/h2>\r\n<p>\r\nA web beacon (or pixel tag) is a small, invisible piece of text or image on a\r\nwebsite that is used to monitor traffic on a website. For this, various data\r\nabout you are stored using these web beacons.\r\n<\/p>\r\n\r\n<h2>5. Cookies<\/h2>\r\n<p class=\"cmplz-subtitle\">5.1 Technical or functional cookies<\/p>\r\n<p>\r\nSome cookies ensure that certain parts of the website work correctly and that\r\nyour user preferences continue to be remembered. By placing functional cookies,\r\nwe make it easier for you to visit our website. In this way, you do not need\r\nto repeatedly enter the same information when you visit our website and, for\r\nexample, the items remain in your shopping cart until you have paid. We can\r\nplace these cookies without your consent.\r\n<\/p>\r\n\r\n<p class=\"cmplz-subtitle\">5.2 Statistics cookies<\/p>\r\n<p>\r\nWe use statistical cookies to optimize the web experience for our users. With\r\nthese statistical cookies, we obtain information about the use of our website.\r\nWe ask for your permission to place statistical cookies.\r\n<\/p>\r\n\r\n<p class=\"cmplz-subtitle\">5.3 Marketing\/Tracking Cookies<\/p>\r\n<p>\r\nMarketing\/tracking cookies are cookies, or any other form of local storage,\r\nused to create user profiles to display advertising or to track the user on\r\nthis website or on various websites for similar marketing purposes.\r\n<\/p>\r\n\r\n<h2>6. Consent<\/h2>\r\n<p>\r\nWhen you visit our website for the first time, we will show you a pop-up\r\nwindow with an explanation about the cookies. As soon as you click\r\n\u201cSave preferences\u201d, you agree to our use of the categories of cookies and\r\nplugins you have selected in the pop-up window, as described in this cookie\r\npolicy. You can disable the use of cookies through your browser, but please\r\nkeep in mind that our website may stop working properly.\r\n<\/p>\r\n\r\n<h2>7. Activation\/deactivation and deletion of cookies<\/h2>\r\n<p>\r\nYou can use your Internet browser to delete cookies automatically or manually.\r\nYou can also specify that certain cookies cannot be placed. Another option is\r\nto change your Internet browser settings so that you receive a message each\r\ntime a cookie is placed. For more information about these options, consult the\r\ninstructions in the \u201cHelp\u201d section of your browser.\r\n<\/p>\r\n<p>\r\nPlease note that our website may not function properly if all cookies are\r\ndisabled. If you delete cookies from your browser, they will be placed again\r\nafter your consent when you visit our website again.\r\n<\/p>\r\n\r\n<h2>8. Your rights with respect to personal data<\/h2>\r\n<p>You have the following rights with respect to your personal data:<\/p>\r\n<ul>\r\n  <li>You have the right to know why your personal data is needed, what will happen to it and how long it will be kept.<\/li>\r\n  <li>Right of access: you have the right to access your personal data that we hold.<\/li>\r\n  <li>Right of rectification: you have the right to complete, rectify, erase or block your personal data whenever you wish.<\/li>\r\n  <li>If you give us your consent to process your data, you have the right to revoke that consent and to have your personal data deleted.<\/li>\r\n  <li>Right to data portability: you have the right to request all your personal data from the controller and to transfer it in full to another controller.<\/li>\r\n  <li>Right of objection: you can object to the processing of your data. We will comply with this, unless there are compelling legitimate grounds for the processing.<\/li>\r\n<\/ul>\r\n<p>\r\nTo exercise these rights, please contact us. Please see the contact details at\r\nthe bottom of this cookie policy. If you have any complaint about how we manage\r\nyour data, we would like you to let us know, but you also have the right to\r\nsend a complaint to the supervisory authority (the data protection authority).\r\n<\/p>\r\n\r\n<h2>9. Contact details<\/h2>\r\n<p>\r\nFor questions and\/or comments about our cookie policy and this statement,\r\nplease contact us using the following contact details:\r\n<\/p>\r\n\r\n<p><strong>SANXENXO TOURISM SL<\/strong><\/p>\r\n<p>R\u00faa Madrid, 1 \u2013 36960 Sanxenxo \u2013 Pontevedra<\/p>\r\n<p>Spain<\/p>\r\n<p>Website: <a href=\"https:\/\/www.turismodesanxenxo.com\/\">https:\/\/www.turismodesanxenxo.com<\/a><\/p>\r\n<p>E-mail: <span class=\"cmplz-obfuscate\">moc.oxnexnasedomsirut@ofni<\/span><\/p>\r\n<p>Telephone number: +34 986 720 285<\/p>\r\n\r\n<p>\r\nThis cookie policy has been synchronized with\r\n<a href=\"https:\/\/cookiedatabase.org\/\" target=\"_blank\" rel=\"noopener\">cookiedatabase.org<\/a>\r\non 09\/05\/2022.\r\n<\/p>\r\n"},"yoast_head":"<!-- This site is optimized with the Yoast SEO plugin v23.9 - https:\/\/yoast.com\/wordpress\/plugins\/seo\/ -->\n<title>Cookies Policy - Saln\u00e9s<\/title>\n<meta name=\"description\" content=\"Nuestra p\u00e1gina de pol\u00edtica de cookies explica c\u00f3mo usamos estas tecnolog\u00edas para mejorar tu experiencia en l\u00ednea y proteger tu privacidad.\" \/>\n<meta name=\"robots\" content=\"index, follow, max-snippet:-1, max-image-preview:large, max-video-preview:-1\" \/>\n<link rel=\"canonical\" href=\"https:\/\/www.destinosalnes.com\/en\/sanxenxo-politica-cookies\/\" \/>\n<script type=\"application\/ld+json\" class=\"yoast-schema-graph\">{\"@context\":\"https:\/\/schema.org\",\"@graph\":[{\"@type\":\"WebPage\",\"@id\":\"https:\/\/www.destinosalnes.com\/en\/sanxenxo-politica-cookies\/\",\"url\":\"https:\/\/www.destinosalnes.com\/en\/sanxenxo-politica-cookies\/\",\"name\":\"Cookies Policy - Saln\u00e9s\",\"isPartOf\":{\"@id\":\"https:\/\/www.destinosalnes.com\/es\/#website\"},\"datePublished\":\"2024-04-18T11:22:59+00:00\",\"dateModified\":\"2025-08-01T07:50:38+00:00\",\"description\":\"Nuestra p\u00e1gina de pol\u00edtica de cookies explica c\u00f3mo usamos estas tecnolog\u00edas para mejorar tu experiencia en l\u00ednea y proteger tu privacidad.\",\"breadcrumb\":{\"@id\":\"https:\/\/www.destinosalnes.com\/en\/sanxenxo-politica-cookies\/#breadcrumb\"},\"inLanguage\":\"en-US\",\"potentialAction\":[{\"@type\":\"ReadAction\",\"target\":[\"https:\/\/www.destinosalnes.com\/en\/sanxenxo-politica-cookies\/\"]}]},{\"@type\":\"BreadcrumbList\",\"@id\":\"https:\/\/www.destinosalnes.com\/en\/sanxenxo-politica-cookies\/#breadcrumb\",\"itemListElement\":[{\"@type\":\"ListItem\",\"position\":1,\"name\":\"Saln\u00e9s\",\"item\":\"https:\/\/www.destinosalnes.com\/es\/\"},{\"@type\":\"ListItem\",\"position\":2,\"name\":\"Sanxenxo\",\"item\":\"https:\/\/www.destinosalnes.com\/es\/category\/sanxenxo\/\"},{\"@type\":\"ListItem\",\"position\":3,\"name\":\"Cookies Policy\"}]},{\"@type\":\"WebSite\",\"@id\":\"https:\/\/www.destinosalnes.com\/es\/#website\",\"url\":\"https:\/\/www.destinosalnes.com\/es\/\",\"name\":\"Saln\u00e9s\",\"description\":\"\",\"publisher\":{\"@id\":\"https:\/\/www.destinosalnes.com\/es\/#organization\"},\"potentialAction\":[{\"@type\":\"SearchAction\",\"target\":{\"@type\":\"EntryPoint\",\"urlTemplate\":\"https:\/\/www.destinosalnes.com\/es\/?s={search_term_string}\"},\"query-input\":{\"@type\":\"PropertyValueSpecification\",\"valueRequired\":true,\"valueName\":\"search_term_string\"}}],\"inLanguage\":\"en-US\"},{\"@type\":\"Organization\",\"@id\":\"https:\/\/www.destinosalnes.com\/es\/#organization\",\"name\":\"Saln\u00e9s\",\"url\":\"https:\/\/www.destinosalnes.com\/es\/\",\"logo\":{\"@type\":\"ImageObject\",\"inLanguage\":\"en-US\",\"@id\":\"https:\/\/www.destinosalnes.com\/es\/#\/schema\/logo\/image\/\",\"url\":\"\",\"contentUrl\":\"\",\"caption\":\"Saln\u00e9s\"},\"image\":{\"@id\":\"https:\/\/www.destinosalnes.com\/es\/#\/schema\/logo\/image\/\"},\"sameAs\":[\"https:\/\/es-es.facebook.com\/mancomunidade.salnes\",\"https:\/\/x.com\/infosalnes\"]}]}<\/script>\n<!-- \/ Yoast SEO plugin. -->","yoast_head_json":{"title":"Cookies Policy - Saln\u00e9s","description":"Nuestra p\u00e1gina de pol\u00edtica de cookies explica c\u00f3mo usamos estas tecnolog\u00edas para mejorar tu experiencia en l\u00ednea y proteger tu privacidad.","robots":{"index":"index","follow":"follow","max-snippet":"max-snippet:-1","max-image-preview":"max-image-preview:large","max-video-preview":"max-video-preview:-1"},"canonical":"https:\/\/www.destinosalnes.com\/en\/sanxenxo-politica-cookies\/","schema":{"@context":"https:\/\/schema.org","@graph":[{"@type":"WebPage","@id":"https:\/\/www.destinosalnes.com\/en\/sanxenxo-politica-cookies\/","url":"https:\/\/www.destinosalnes.com\/en\/sanxenxo-politica-cookies\/","name":"Cookies Policy - Saln\u00e9s","isPartOf":{"@id":"https:\/\/www.destinosalnes.com\/es\/#website"},"datePublished":"2024-04-18T11:22:59+00:00","dateModified":"2025-08-01T07:50:38+00:00","description":"Nuestra p\u00e1gina de pol\u00edtica de cookies explica c\u00f3mo usamos estas tecnolog\u00edas para mejorar tu experiencia en l\u00ednea y proteger tu privacidad.","breadcrumb":{"@id":"https:\/\/www.destinosalnes.com\/en\/sanxenxo-politica-cookies\/#breadcrumb"},"inLanguage":"en-US","potentialAction":[{"@type":"ReadAction","target":["https:\/\/www.destinosalnes.com\/en\/sanxenxo-politica-cookies\/"]}]},{"@type":"BreadcrumbList","@id":"https:\/\/www.destinosalnes.com\/en\/sanxenxo-politica-cookies\/#breadcrumb","itemListElement":[{"@type":"ListItem","position":1,"name":"Saln\u00e9s","item":"https:\/\/www.destinosalnes.com\/es\/"},{"@type":"ListItem","position":2,"name":"Sanxenxo","item":"https:\/\/www.destinosalnes.com\/es\/category\/sanxenxo\/"},{"@type":"ListItem","position":3,"name":"Cookies Policy"}]},{"@type":"WebSite","@id":"https:\/\/www.destinosalnes.com\/es\/#website","url":"https:\/\/www.destinosalnes.com\/es\/","name":"Saln\u00e9s","description":"","publisher":{"@id":"https:\/\/www.destinosalnes.com\/es\/#organization"},"potentialAction":[{"@type":"SearchAction","target":{"@type":"EntryPoint","urlTemplate":"https:\/\/www.destinosalnes.com\/es\/?s={search_term_string}"},"query-input":{"@type":"PropertyValueSpecification","valueRequired":true,"valueName":"search_term_string"}}],"inLanguage":"en-US"},{"@type":"Organization","@id":"https:\/\/www.destinosalnes.com\/es\/#organization","name":"Saln\u00e9s","url":"https:\/\/www.destinosalnes.com\/es\/","logo":{"@type":"ImageObject","inLanguage":"en-US","@id":"https:\/\/www.destinosalnes.com\/es\/#\/schema\/logo\/image\/","url":"","contentUrl":"","caption":"Saln\u00e9s"},"image":{"@id":"https:\/\/www.destinosalnes.com\/es\/#\/schema\/logo\/image\/"},"sameAs":["https:\/\/es-es.facebook.com\/mancomunidade.salnes","https:\/\/x.com\/infosalnes"]}]}},"_links":{"self":[{"href":"https:\/\/www.destinosalnes.com\/en\/wp-json\/wp\/v2\/pages\/105469","targetHints":{"allow":["GET"]}}],"collection":[{"href":"https:\/\/www.destinosalnes.com\/en\/wp-json\/wp\/v2\/pages"}],"about":[{"href":"https:\/\/www.destinosalnes.com\/en\/wp-json\/wp\/v2\/types\/page"}],"author":[{"embeddable":true,"href":"https:\/\/www.destinosalnes.com\/en\/wp-json\/wp\/v2\/users\/42"}],"replies":[{"embeddable":true,"href":"https:\/\/www.destinosalnes.com\/en\/wp-json\/wp\/v2\/comments?post=105469"}],"version-history":[{"count":8,"href":"https:\/\/www.destinosalnes.com\/en\/wp-json\/wp\/v2\/pages\/105469\/revisions"}],"predecessor-version":[{"id":140926,"href":"https:\/\/www.destinosalnes.com\/en\/wp-json\/wp\/v2\/pages\/105469\/revisions\/140926"}],"wp:attachment":[{"href":"https:\/\/www.destinosalnes.com\/en\/wp-json\/wp\/v2\/media?parent=105469"}],"wp:term":[{"taxonomy":"category","embeddable":true,"href":"https:\/\/www.destinosalnes.com\/en\/wp-json\/wp\/v2\/categories?post=105469"},{"taxonomy":"post_tag","embeddable":true,"href":"https:\/\/www.destinosalnes.com\/en\/wp-json\/wp\/v2\/tags?post=105469"}],"curies":[{"name":"wp","href":"https:\/\/api.w.org\/{rel}","templated":true}]}}