{"id":105467,"date":"2024-04-18T11:22:34","date_gmt":"2024-04-18T11:22:34","guid":{"rendered":"https:\/\/www.destinosalnes.com\/sanxenxo-politica-privacidad\/"},"modified":"2025-08-01T10:36:57","modified_gmt":"2025-08-01T08:36:57","slug":"sanxenxo-politica-privacidad","status":"publish","type":"page","link":"https:\/\/www.destinosalnes.com\/en\/sanxenxo-politica-privacidad\/","title":{"rendered":"Privacy Policy"},"content":{"rendered":"\t\t<div data-elementor-type=\"wp-page\" data-elementor-id=\"105467\" class=\"elementor elementor-105467 elementor-99019\" data-elementor-post-type=\"page\">\n\t\t\t\t\t\t<section class=\"elementor-section elementor-top-section elementor-element elementor-element-3028bb97 elementor-section-full_width Portada elementor-section-height-default elementor-section-height-default\" data-id=\"3028bb97\" data-element_type=\"section\">\n\t\t\t\t\t\t<div class=\"elementor-container elementor-column-gap-default\">\n\t\t\t\t\t<div class=\"elementor-column elementor-col-100 elementor-top-column elementor-element elementor-element-769a0a13\" data-id=\"769a0a13\" data-element_type=\"column\">\n\t\t\t<div class=\"elementor-widget-wrap elementor-element-populated\">\n\t\t\t\t\t\t<div class=\"elementor-element elementor-element-7942cbc7 Cabecera elementor--h-position-center elementor--v-position-middle elementor-widget elementor-widget-slides\" data-id=\"7942cbc7\" data-element_type=\"widget\" data-settings=\"{&quot;navigation&quot;:&quot;none&quot;,&quot;_animation&quot;:&quot;none&quot;,&quot;autoplay&quot;:&quot;yes&quot;,&quot;pause_on_hover&quot;:&quot;yes&quot;,&quot;pause_on_interaction&quot;:&quot;yes&quot;,&quot;autoplay_speed&quot;:5000,&quot;infinite&quot;:&quot;yes&quot;,&quot;transition&quot;:&quot;slide&quot;,&quot;transition_speed&quot;:500}\" data-widget_type=\"slides.default\">\n\t\t\t\t<div class=\"elementor-widget-container\">\n\t\t\t<style>.elementor-slides .swiper-slide-bg{background-size:cover;background-position:50%;background-repeat:no-repeat;min-width:100%;min-height:100%}.elementor-slides .swiper-slide-inner{background-repeat:no-repeat;background-position:50%;position:absolute;top:0;left:0;bottom:0;right:0;padding:50px;margin:auto}.elementor-slides .swiper-slide-inner,.elementor-slides .swiper-slide-inner:hover{color:#fff;display:flex}.elementor-slides .swiper-slide-inner .elementor-background-overlay{position:absolute;z-index:0;top:0;bottom:0;left:0;right:0}.elementor-slides .swiper-slide-inner .elementor-slide-content{position:relative;z-index:1;width:100%}.elementor-slides .swiper-slide-inner .elementor-slide-heading{font-size:35px;font-weight:700;line-height:1}.elementor-slides .swiper-slide-inner .elementor-slide-description{font-size:17px;line-height:1.4}.elementor-slides .swiper-slide-inner .elementor-slide-description:not(:last-child),.elementor-slides .swiper-slide-inner .elementor-slide-heading:not(:last-child){margin-bottom:30px}.elementor-slides .swiper-slide-inner .elementor-slide-button{border:2px solid #fff;color:#fff;background:transparent;display:inline-block}.elementor-slides .swiper-slide-inner .elementor-slide-button,.elementor-slides .swiper-slide-inner .elementor-slide-button:hover{background:transparent;color:inherit;text-decoration:none}.elementor--v-position-top .swiper-slide-inner{align-items:flex-start}.elementor--v-position-bottom .swiper-slide-inner{align-items:flex-end}.elementor--v-position-middle .swiper-slide-inner{align-items:center}.elementor--h-position-left .swiper-slide-inner{justify-content:flex-start}.elementor--h-position-right .swiper-slide-inner{justify-content:flex-end}.elementor--h-position-center .swiper-slide-inner{justify-content:center}body.rtl .elementor-widget-slides .elementor-swiper-button-next{left:10px;right:auto}body.rtl .elementor-widget-slides .elementor-swiper-button-prev{right:10px;left:auto}.elementor-slides-wrapper div:not(.swiper-slide)>.swiper-slide-inner{display:none}@media (max-width:767px){.elementor-slides .swiper-slide-inner{padding:30px}.elementor-slides .swiper-slide-inner .elementor-slide-heading{font-size:23px;line-height:1;margin-bottom:15px}.elementor-slides .swiper-slide-inner .elementor-slide-description{font-size:13px;line-height:1.4;margin-bottom:15px}}<\/style>\t\t<div class=\"elementor-swiper\">\n\t\t\t<div class=\"elementor-slides-wrapper elementor-main-swiper swiper\" dir=\"ltr\" data-animation=\"\">\n\t\t\t\t<div class=\"swiper-wrapper elementor-slides\">\n\t\t\t\t\t\t\t\t\t\t<div class=\"elementor-repeater-item-f15b013 swiper-slide\"><div class=\"swiper-slide-bg\" role=\"img\"><\/div><div class=\"elementor-background-overlay\"><\/div><div class=\"swiper-slide-inner\" ><div class=\"swiper-slide-contents\"><\/div><\/div><\/div>\t\t\t\t<\/div>\n\t\t\t\t\t\t\t<\/div>\n\t\t<\/div>\n\t\t\t\t<\/div>\n\t\t\t\t<\/div>\n\t\t\t\t\t<\/div>\n\t\t<\/div>\n\t\t\t\t\t<\/div>\n\t\t<\/section>\n\t\t\t\t<section class=\"elementor-section elementor-top-section elementor-element elementor-element-5d479697 elementor-section-full_width elementor-section-height-default elementor-section-height-default\" data-id=\"5d479697\" data-element_type=\"section\">\n\t\t\t\t\t\t<div class=\"elementor-container elementor-column-gap-default\">\n\t\t\t\t\t<div class=\"elementor-column elementor-col-100 elementor-top-column elementor-element elementor-element-2491dbab\" data-id=\"2491dbab\" data-element_type=\"column\">\n\t\t\t<div class=\"elementor-widget-wrap elementor-element-populated\">\n\t\t\t\t\t\t<div class=\"elementor-element elementor-element-54c1c8d1 elementor-widget elementor-widget-breadcrumbs\" data-id=\"54c1c8d1\" data-element_type=\"widget\" data-widget_type=\"breadcrumbs.default\">\n\t\t\t\t<div class=\"elementor-widget-container\">\n\t\t\t<link rel=\"stylesheet\" href=\"https:\/\/www.destinosalnes.com\/wp-content\/plugins\/elementor-pro\/assets\/css\/widget-theme-elements.min.css\"><p id=\"breadcrumbs\"><nav class=\"yoast-breadcrumb\" role=\"navigation\" aria-label=\"Breadcrumb\"><span><span><a href=\"https:\/\/www.destinosalnes.com\/es\/\">Saln\u00e9s<\/a><\/span><\/span><\/nav><\/p>\t\t<\/div>\n\t\t\t\t<\/div>\n\t\t\t\t\t<\/div>\n\t\t<\/div>\n\t\t\t\t\t<\/div>\n\t\t<\/section>\n\t\t\t\t<section class=\"elementor-section elementor-top-section elementor-element elementor-element-48bca187 elementor-section-full_width elementor-section-height-default elementor-section-height-default\" data-id=\"48bca187\" data-element_type=\"section\">\n\t\t\t\t\t\t<div class=\"elementor-container elementor-column-gap-default\">\n\t\t\t\t\t<div class=\"elementor-column elementor-col-100 elementor-top-column elementor-element elementor-element-4719e6d\" data-id=\"4719e6d\" data-element_type=\"column\">\n\t\t\t<div class=\"elementor-widget-wrap elementor-element-populated\">\n\t\t\t\t\t\t<div class=\"elementor-element elementor-element-bc5a16d elementor-widget elementor-widget-text-editor\" data-id=\"bc5a16d\" data-element_type=\"widget\" data-widget_type=\"text-editor.default\">\n\t\t\t\t<div class=\"elementor-widget-container\">\n\t\t\t<style>\/*! elementor - v3.20.0 - 11-03-2024 *\/\n.elementor-widget-text-editor.elementor-drop-cap-view-stacked .elementor-drop-cap{background-color:#69727d;color:#fff}.elementor-widget-text-editor.elementor-drop-cap-view-framed .elementor-drop-cap{color:#69727d;border:3px solid;background-color:transparent}.elementor-widget-text-editor:not(.elementor-drop-cap-view-default) .elementor-drop-cap{margin-top:8px}.elementor-widget-text-editor:not(.elementor-drop-cap-view-default) .elementor-drop-cap-letter{width:1em;height:1em}.elementor-widget-text-editor .elementor-drop-cap{float:left;text-align:center;line-height:1;font-size:50px}.elementor-widget-text-editor .elementor-drop-cap-letter{display:inline-block}<\/style>\t\t\t\t<h2>Processing of Personal Data<\/h2>\n<p>\nYou are informed that the personal data you voluntarily provide through the various forms on the website will be processed by <strong>TURISMO DE SANXENXO SL<\/strong>, with its address at R\u00faa Madrid, 1 \u2013 36960 \u2013 Sanxenxo \u2013 Pontevedra, in compliance with the security measures required by current legislation on Personal Data Protection.\n<\/p>\n<p>\nThe purpose of this processing is that described in each of the forms established on the website in which you have provided your data.\n<\/p>\n<h2>Data Retention and Disclosure<\/h2>\n<p>\nThe data provided will not be shared with third parties except in cases where there is a legal obligation, and will be kept for as long as necessary to respond to your request, unless you indicate otherwise by exercising your right to cancellation, or for as long as required to comply with legal obligations.\n<\/p>\n<h2>Profiling<\/h2>\n<p>\nTURISMO DE SANXENXO SL will not create any type of \u201cprofile\u201d based on the information provided. No automated decisions will be made based on profiles.\n<\/p>\n<h2>Accuracy and Updating of Data<\/h2>\n<p>\nTURISMO DE SANXENXO SL will cancel or rectify the data when it is found to be inaccurate, incomplete, or no longer necessary for its purpose, in accordance with the provisions of current Personal Data Protection legislation.\n<\/p>\n<p>\nUnless you notify us otherwise, we will assume that your data has not been modified, that you agree to inform us of any changes, and that we have your consent to use it in order to strengthen the relationship between the parties.\n<\/p>\n<h2>User Rights<\/h2>\n<p>The user may exercise the following rights in relation to their personal data:<\/p>\n<ul>\n<li>Right of access.<\/li>\n<li>Right of rectification.<\/li>\n<li>Right of cancellation and erasure.<\/li>\n<li>Right of objection.<\/li>\n<li>Right to restriction of processing.<\/li>\n<li>Right to data portability.<\/li>\n<li>Right not to be subject to individualized, automated decisions.<\/li>\n<\/ul>\n<p>\nThese rights may be exercised before the data controller at the above-mentioned address, or via email at<br \/>\n<a href=\"mailto:info@turismodesanxenxo.com\">info@turismodesanxenxo.com<\/a>, attaching a copy of your ID card or equivalent document.\n<\/p>\n<p>\nIf you are not satisfied with the exercise of your rights, you may lodge a complaint with the<br \/>\n<em>Supervisory Authority in Data Protection matters,<\/em> which is the<br \/>\n<em>Spanish Data Protection Agency<\/em>. Contact details are available at<br \/>\n<a href=\"https:\/\/sedeagpd.gob.es\/sede-electronica-web\/vistas\/formNuevaReclamacion\/reclamacion.jsf\" target=\"_blank\" aria-label=\"Opens in a new tab\" rel=\"noopener\"><br \/>\n<em>https:\/\/sedeagpd.gob.es\/sede-electronica-web\/vistas\/formNuevaReclamacion\/reclamacion.jsf<\/em><br \/>\n<\/a>.\n<\/p>\n<h2>Security Measures<\/h2>\n<p>\nTURISMO DE SANXENXO SL adopts the corresponding technical, organizational, and security measures in accordance with current legislation on Personal Data Protection.\n<\/p>\n<p>\nHowever, it does not assume any responsibility for damages caused by alterations that third parties may cause to the user\u2019s computer systems, electronic documents, or files.\n<\/p>\n<h2>Commercial Communications<\/h2>\n<p>\nIn accordance with Law 34\/2002, on Information Society Services and Electronic Commerce, Article 21, we request your consent to send advertising communications that we believe may be of interest to you, by email or any other equivalent electronic communication means.<\/p>\n\t\t\t\t\t\t<\/div>\n\t\t\t\t<\/div>\n\t\t\t\t\t<\/div>\n\t\t<\/div>\n\t\t\t\t\t<\/div>\n\t\t<\/section>\n\t\t\t\t<\/div>\n\t\t","protected":false},"excerpt":{"rendered":"","protected":false},"author":42,"featured_media":0,"parent":0,"menu_order":0,"comment_status":"closed","ping_status":"closed","template":"","meta":{"_acf_changed":false,"footnotes":""},"categories":[619],"tags":[],"class_list":["post-105467","page","type-page","status-publish","hentry","category-sanxenxo-fr"],"acf":{"texto":"<h2>Processing of Personal Data<\/h2>\r\n<p>\r\nYou are informed that the personal data you voluntarily provide through the various forms on the website will be processed by <strong>TURISMO DE SANXENXO SL<\/strong>, with its address at R\u00faa Madrid, 1 \u2013 36960 \u2013 Sanxenxo \u2013 Pontevedra, in compliance with the security measures required by current legislation on Personal Data Protection.\r\n<\/p>\r\n<p>\r\nThe purpose of this processing is that described in each of the forms established on the website in which you have provided your data.\r\n<\/p>\r\n\r\n<h2>Data Retention and Disclosure<\/h2>\r\n<p>\r\nThe data provided will not be shared with third parties except in cases where there is a legal obligation, and will be kept for as long as necessary to respond to your request, unless you indicate otherwise by exercising your right to cancellation, or for as long as required to comply with legal obligations.\r\n<\/p>\r\n\r\n<h2>Profiling<\/h2>\r\n<p>\r\nTURISMO DE SANXENXO SL will not create any type of \u201cprofile\u201d based on the information provided. No automated decisions will be made based on profiles.\r\n<\/p>\r\n\r\n<h2>Accuracy and Updating of Data<\/h2>\r\n<p>\r\nTURISMO DE SANXENXO SL will cancel or rectify the data when it is found to be inaccurate, incomplete, or no longer necessary for its purpose, in accordance with the provisions of current Personal Data Protection legislation.\r\n<\/p>\r\n<p>\r\nUnless you notify us otherwise, we will assume that your data has not been modified, that you agree to inform us of any changes, and that we have your consent to use it in order to strengthen the relationship between the parties.\r\n<\/p>\r\n\r\n<h2>User Rights<\/h2>\r\n<p>The user may exercise the following rights in relation to their personal data:<\/p>\r\n<ul>\r\n  <li>Right of access.<\/li>\r\n  <li>Right of rectification.<\/li>\r\n  <li>Right of cancellation and erasure.<\/li>\r\n  <li>Right of objection.<\/li>\r\n  <li>Right to restriction of processing.<\/li>\r\n  <li>Right to data portability.<\/li>\r\n  <li>Right not to be subject to individualized, automated decisions.<\/li>\r\n<\/ul>\r\n<p>\r\nThese rights may be exercised before the data controller at the above-mentioned address, or via email at \r\n<a href=\"mailto:info@turismodesanxenxo.com\">info@turismodesanxenxo.com<\/a>, attaching a copy of your ID card or equivalent document.\r\n<\/p>\r\n<p>\r\nIf you are not satisfied with the exercise of your rights, you may lodge a complaint with the \r\n<em>Supervisory Authority in Data Protection matters,<\/em> which is the \r\n<em>Spanish Data Protection Agency<\/em>. Contact details are available at \r\n<a href=\"https:\/\/sedeagpd.gob.es\/sede-electronica-web\/vistas\/formNuevaReclamacion\/reclamacion.jsf\" target=\"_blank\" rel=\"noopener\">\r\n<em>https:\/\/sedeagpd.gob.es\/sede-electronica-web\/vistas\/formNuevaReclamacion\/reclamacion.jsf<\/em>\r\n<\/a>.\r\n<\/p>\r\n\r\n<h2>Security Measures<\/h2>\r\n<p>\r\nTURISMO DE SANXENXO SL adopts the corresponding technical, organizational, and security measures in accordance with current legislation on Personal Data Protection.\r\n<\/p>\r\n<p>\r\nHowever, it does not assume any responsibility for damages caused by alterations that third parties may cause to the user\u2019s computer systems, electronic documents, or files.\r\n<\/p>\r\n\r\n<h2>Commercial Communications<\/h2>\r\n<p>\r\nIn accordance with Law 34\/2002, on Information Society Services and Electronic Commerce, Article 21, we request your consent to send advertising communications that we believe may be of interest to you, by email or any other equivalent electronic communication means.\r\n<\/p>\r\n"},"yoast_head":"<!-- This site is optimized with the Yoast SEO plugin v23.9 - https:\/\/yoast.com\/wordpress\/plugins\/seo\/ -->\n<title>Privacy Policy - Saln\u00e9s<\/title>\n<meta name=\"description\" content=\"Nuestra pol\u00edtica de privacidad detalla c\u00f3mo recopilamos, usamos y protegemos tus datos personales de manera segura y transparente.\" \/>\n<meta name=\"robots\" content=\"index, follow, max-snippet:-1, max-image-preview:large, max-video-preview:-1\" \/>\n<link rel=\"canonical\" href=\"https:\/\/www.destinosalnes.com\/en\/sanxenxo-politica-privacidad\/\" \/>\n<script type=\"application\/ld+json\" class=\"yoast-schema-graph\">{\"@context\":\"https:\/\/schema.org\",\"@graph\":[{\"@type\":\"WebPage\",\"@id\":\"https:\/\/www.destinosalnes.com\/en\/sanxenxo-politica-privacidad\/\",\"url\":\"https:\/\/www.destinosalnes.com\/en\/sanxenxo-politica-privacidad\/\",\"name\":\"Privacy Policy - Saln\u00e9s\",\"isPartOf\":{\"@id\":\"https:\/\/www.destinosalnes.com\/es\/#website\"},\"datePublished\":\"2024-04-18T11:22:34+00:00\",\"dateModified\":\"2025-08-01T08:36:57+00:00\",\"description\":\"Nuestra pol\u00edtica de privacidad detalla c\u00f3mo recopilamos, usamos y protegemos tus datos personales de manera segura y transparente.\",\"breadcrumb\":{\"@id\":\"https:\/\/www.destinosalnes.com\/en\/sanxenxo-politica-privacidad\/#breadcrumb\"},\"inLanguage\":\"en-US\",\"potentialAction\":[{\"@type\":\"ReadAction\",\"target\":[\"https:\/\/www.destinosalnes.com\/en\/sanxenxo-politica-privacidad\/\"]}]},{\"@type\":\"BreadcrumbList\",\"@id\":\"https:\/\/www.destinosalnes.com\/en\/sanxenxo-politica-privacidad\/#breadcrumb\",\"itemListElement\":[{\"@type\":\"ListItem\",\"position\":1,\"name\":\"Saln\u00e9s\",\"item\":\"https:\/\/www.destinosalnes.com\/es\/\"},{\"@type\":\"ListItem\",\"position\":2,\"name\":\"Sanxenxo\",\"item\":\"https:\/\/www.destinosalnes.com\/es\/category\/sanxenxo\/\"},{\"@type\":\"ListItem\",\"position\":3,\"name\":\"Privacy Policy\"}]},{\"@type\":\"WebSite\",\"@id\":\"https:\/\/www.destinosalnes.com\/es\/#website\",\"url\":\"https:\/\/www.destinosalnes.com\/es\/\",\"name\":\"Saln\u00e9s\",\"description\":\"\",\"publisher\":{\"@id\":\"https:\/\/www.destinosalnes.com\/es\/#organization\"},\"potentialAction\":[{\"@type\":\"SearchAction\",\"target\":{\"@type\":\"EntryPoint\",\"urlTemplate\":\"https:\/\/www.destinosalnes.com\/es\/?s={search_term_string}\"},\"query-input\":{\"@type\":\"PropertyValueSpecification\",\"valueRequired\":true,\"valueName\":\"search_term_string\"}}],\"inLanguage\":\"en-US\"},{\"@type\":\"Organization\",\"@id\":\"https:\/\/www.destinosalnes.com\/es\/#organization\",\"name\":\"Saln\u00e9s\",\"url\":\"https:\/\/www.destinosalnes.com\/es\/\",\"logo\":{\"@type\":\"ImageObject\",\"inLanguage\":\"en-US\",\"@id\":\"https:\/\/www.destinosalnes.com\/es\/#\/schema\/logo\/image\/\",\"url\":\"\",\"contentUrl\":\"\",\"caption\":\"Saln\u00e9s\"},\"image\":{\"@id\":\"https:\/\/www.destinosalnes.com\/es\/#\/schema\/logo\/image\/\"},\"sameAs\":[\"https:\/\/es-es.facebook.com\/mancomunidade.salnes\",\"https:\/\/x.com\/infosalnes\"]}]}<\/script>\n<!-- \/ Yoast SEO plugin. -->","yoast_head_json":{"title":"Privacy Policy - Saln\u00e9s","description":"Nuestra pol\u00edtica de privacidad detalla c\u00f3mo recopilamos, usamos y protegemos tus datos personales de manera segura y transparente.","robots":{"index":"index","follow":"follow","max-snippet":"max-snippet:-1","max-image-preview":"max-image-preview:large","max-video-preview":"max-video-preview:-1"},"canonical":"https:\/\/www.destinosalnes.com\/en\/sanxenxo-politica-privacidad\/","schema":{"@context":"https:\/\/schema.org","@graph":[{"@type":"WebPage","@id":"https:\/\/www.destinosalnes.com\/en\/sanxenxo-politica-privacidad\/","url":"https:\/\/www.destinosalnes.com\/en\/sanxenxo-politica-privacidad\/","name":"Privacy Policy - Saln\u00e9s","isPartOf":{"@id":"https:\/\/www.destinosalnes.com\/es\/#website"},"datePublished":"2024-04-18T11:22:34+00:00","dateModified":"2025-08-01T08:36:57+00:00","description":"Nuestra pol\u00edtica de privacidad detalla c\u00f3mo recopilamos, usamos y protegemos tus datos personales de manera segura y transparente.","breadcrumb":{"@id":"https:\/\/www.destinosalnes.com\/en\/sanxenxo-politica-privacidad\/#breadcrumb"},"inLanguage":"en-US","potentialAction":[{"@type":"ReadAction","target":["https:\/\/www.destinosalnes.com\/en\/sanxenxo-politica-privacidad\/"]}]},{"@type":"BreadcrumbList","@id":"https:\/\/www.destinosalnes.com\/en\/sanxenxo-politica-privacidad\/#breadcrumb","itemListElement":[{"@type":"ListItem","position":1,"name":"Saln\u00e9s","item":"https:\/\/www.destinosalnes.com\/es\/"},{"@type":"ListItem","position":2,"name":"Sanxenxo","item":"https:\/\/www.destinosalnes.com\/es\/category\/sanxenxo\/"},{"@type":"ListItem","position":3,"name":"Privacy Policy"}]},{"@type":"WebSite","@id":"https:\/\/www.destinosalnes.com\/es\/#website","url":"https:\/\/www.destinosalnes.com\/es\/","name":"Saln\u00e9s","description":"","publisher":{"@id":"https:\/\/www.destinosalnes.com\/es\/#organization"},"potentialAction":[{"@type":"SearchAction","target":{"@type":"EntryPoint","urlTemplate":"https:\/\/www.destinosalnes.com\/es\/?s={search_term_string}"},"query-input":{"@type":"PropertyValueSpecification","valueRequired":true,"valueName":"search_term_string"}}],"inLanguage":"en-US"},{"@type":"Organization","@id":"https:\/\/www.destinosalnes.com\/es\/#organization","name":"Saln\u00e9s","url":"https:\/\/www.destinosalnes.com\/es\/","logo":{"@type":"ImageObject","inLanguage":"en-US","@id":"https:\/\/www.destinosalnes.com\/es\/#\/schema\/logo\/image\/","url":"","contentUrl":"","caption":"Saln\u00e9s"},"image":{"@id":"https:\/\/www.destinosalnes.com\/es\/#\/schema\/logo\/image\/"},"sameAs":["https:\/\/es-es.facebook.com\/mancomunidade.salnes","https:\/\/x.com\/infosalnes"]}]}},"_links":{"self":[{"href":"https:\/\/www.destinosalnes.com\/en\/wp-json\/wp\/v2\/pages\/105467","targetHints":{"allow":["GET"]}}],"collection":[{"href":"https:\/\/www.destinosalnes.com\/en\/wp-json\/wp\/v2\/pages"}],"about":[{"href":"https:\/\/www.destinosalnes.com\/en\/wp-json\/wp\/v2\/types\/page"}],"author":[{"embeddable":true,"href":"https:\/\/www.destinosalnes.com\/en\/wp-json\/wp\/v2\/users\/42"}],"replies":[{"embeddable":true,"href":"https:\/\/www.destinosalnes.com\/en\/wp-json\/wp\/v2\/comments?post=105467"}],"version-history":[{"count":7,"href":"https:\/\/www.destinosalnes.com\/en\/wp-json\/wp\/v2\/pages\/105467\/revisions"}],"predecessor-version":[{"id":140974,"href":"https:\/\/www.destinosalnes.com\/en\/wp-json\/wp\/v2\/pages\/105467\/revisions\/140974"}],"wp:attachment":[{"href":"https:\/\/www.destinosalnes.com\/en\/wp-json\/wp\/v2\/media?parent=105467"}],"wp:term":[{"taxonomy":"category","embeddable":true,"href":"https:\/\/www.destinosalnes.com\/en\/wp-json\/wp\/v2\/categories?post=105467"},{"taxonomy":"post_tag","embeddable":true,"href":"https:\/\/www.destinosalnes.com\/en\/wp-json\/wp\/v2\/tags?post=105467"}],"curies":[{"name":"wp","href":"https:\/\/api.w.org\/{rel}","templated":true}]}}