{"id":103982,"date":"2024-04-17T10:35:56","date_gmt":"2024-04-17T10:35:56","guid":{"rendered":"https:\/\/www.destinosalnes.com\/sanxenxo-3-dias\/"},"modified":"2025-11-03T16:44:12","modified_gmt":"2025-11-03T15:44:12","slug":"sanxenxo-3-dias","status":"publish","type":"page","link":"https:\/\/www.destinosalnes.com\/en\/sanxenxo-3-dias\/","title":{"rendered":"3 days in Sanxenxo"},"content":{"rendered":"<p>You can&#8217;t miss:<\/p>\n<p>\t\t\t<a role=\"button\"><br \/>\n\t\t\t\t\t<\/a><\/p>\n<p><strong>You can&#8217;t miss<\/strong>:<\/p>\n<p>\t\t\t<a role=\"button\"><br \/>\n\t\t\t\t\t<\/a><\/p>\n<p><strong>You can&#8217;t miss<\/strong>:<\/p>\n<h2>You may also be interested in<\/h2>\n<p>\n\t\t\t\t\t\tGuides and maps\n\t\t\t\t<\/p>\n<p>\n\t\t\t\t\t\tWhere to eat\n\t\t\t\t<\/p>\n<p>\n\t\t\t\t\t\tWhere to stay\n\t\t\t\t<\/p>\n<p>\n\t\t\t\t\t\tHow to get there\n\t\t\t\t<\/p>\n","protected":false},"excerpt":{"rendered":"<p>Planes para que cada d\u00eda aqu\u00ed sea verdaderamente especial.<\/p>\n","protected":false},"author":42,"featured_media":86757,"parent":0,"menu_order":0,"comment_status":"closed","ping_status":"closed","template":"","meta":{"_acf_changed":false,"footnotes":""},"categories":[617,1200],"tags":[],"class_list":["post-103982","page","type-page","status-publish","has-post-thumbnail","hentry","category-sanxenxo-en","category-sanxenxo-in-3-days"],"acf":{"titulo_dia_1":"<strong>Day 1: Agrotourism and rural tourism.<\/strong>","descripcion_dia_1":"The walk begins at Mirador de A Granxa, continuing to Igreja de Dorr\u00f3n, Mirador do Alto de Dorr\u00f3n, Pazo Berm\u00fadez de la Maza, O Outeiro, Molinos de Dorr\u00f3n, Igreja de Bord\u00f3ns, Aldea de Bord\u00f3ns, Con da Ventureira, Chan da Gorita and Rota Aldariz Carballos.","no_te_puedes_perder:_dia_1":"<strong>The last fortnight of July<\/strong>: Mui\u00f1ada in Dorr\u00f3n.\r\nFesta labrega de Bord\u00f3ns during the last fortnight of August.\r\nDorr\u00f3n harvest festival <strong>first fortnight of October<\/strong>. Specific dates depending on the year.","caracteristicas_dia_1":"<strong>Mobility:<\/strong>\u00a0on foot, by bike or by car.\r\n\r\n<strong>Time<\/strong><strong>on foot:<\/strong> 1 hour and a half (one way).\r\n\r\n<strong>Difficulty:<\/strong> Medium.","titulo_dia_2":"<strong>Day 2: Sanxenxo and Portonovo (maritime tourism).<\/strong>","descripcion_dia_2":"The tour begins at Mirador Palacios, continues through Panadeira, Puerto Deportivo Juan Carlos I, Church of San Gin\u00e9s, urban center of Sanxenxo, Silgar Beach, Punta Vica\u00f1o, Paseo de Playa de Baltar, downtown Portonovo, Plaza Portonovo, Puerto Pesquero de Portonovo, Mirador da Peixeira and ends at Punta Cabicastro.","texto_enlace_dia_2":"Don't miss the guided tour of the Portonovo fish market","url_enlace_dia_2":"https:\/\/www.destinosalnes.com\/en\/sanxenxo-lonxa-portonovo\/","caracteristicas_dia_2":"<strong>Mobility:<\/strong>\u00a0on foot.\r\n\r\n<strong>Time<\/strong><strong>on foot:<\/strong> 2 hours (one way).\r\n\r\n<strong>Difficulty:<\/strong>\u00a0easy.","titulo_dia_3":"<strong>Day 3: Cultural and nature tourism. USA Launched.<\/strong>","no_te_puedes_perder:_dia_2":"In season, ferries depart from Sanxenxo and Portonovo to the Parque Nacional das Ilhas Atl\u00e2nticas. A visit to the Ons e C\u00edes islands is ideal for spending the day. We can enjoy the beach, the landscape, the nature, two pedestrian routes\u2026","texto_enlace_dia_3":"Discover the Portonovo fish market","url_enlace_dia_3":"https:\/\/www.destinosalnes.com\/en\/sanxenxo-lonxa-portonovo\/","descripcion_dia_3":"The walk begins at the archaeological site, continuing along N\u00aa Se\u00f1ora da Lanzada Beach, Ermida de N\u00aa Se\u00f1ora de la Lanzada Castro and necropole, Castro de Outeiro das Laspas, Praia A Lanzada, Lagoas de Rouxique, As Telleiras\/Intercomplexoareal Umia and ends in O Grove.","no_te_puedes_perder:_dia_3":"Romar\u00eda da Lanzada, the last week of August.","caracteristicas_dia_3":"<strong>Mobility:<\/strong> on foot or by car.\r\n\r\n<strong>Time<\/strong><strong>on foot:<\/strong> 2 and a half hours (one way).\r\n\r\n<strong>Difficulty:<\/strong> Medium.","galeria_de_imagenes":[90658,90664],"shortcode_del_mapa":"[wpgmza id=\"19\"]"},"yoast_head":"<!-- This site is optimized with the Yoast SEO plugin v23.9 - https:\/\/yoast.com\/wordpress\/plugins\/seo\/ -->\n<title>3 days in Sanxenxo - Saln\u00e9s<\/title>\n<meta name=\"description\" content=\"A 3-day plan that you cannot miss if you visit Sanxenxo. Tours, places of interest and much more.\" \/>\n<meta name=\"robots\" content=\"index, follow, max-snippet:-1, max-image-preview:large, max-video-preview:-1\" \/>\n<link rel=\"canonical\" href=\"https:\/\/www.destinosalnes.com\/es\/sanxenxo-3-dias\/\" \/>\n<script type=\"application\/ld+json\" class=\"yoast-schema-graph\">{\"@context\":\"https:\/\/schema.org\",\"@graph\":[{\"@type\":\"WebPage\",\"@id\":\"https:\/\/www.destinosalnes.com\/es\/sanxenxo-3-dias\/\",\"url\":\"https:\/\/www.destinosalnes.com\/es\/sanxenxo-3-dias\/\",\"name\":\"3 days in Sanxenxo - Saln\u00e9s\",\"isPartOf\":{\"@id\":\"https:\/\/www.destinosalnes.com\/es\/#website\"},\"primaryImageOfPage\":{\"@id\":\"https:\/\/www.destinosalnes.com\/es\/sanxenxo-3-dias\/#primaryimage\"},\"image\":{\"@id\":\"https:\/\/www.destinosalnes.com\/es\/sanxenxo-3-dias\/#primaryimage\"},\"thumbnailUrl\":\"https:\/\/www.destinosalnes.com\/wp-content\/uploads\/2024\/03\/Uvas.webp\",\"datePublished\":\"2024-04-17T10:35:56+00:00\",\"dateModified\":\"2025-11-03T15:44:12+00:00\",\"description\":\"A 3-day plan that you cannot miss if you visit Sanxenxo. Tours, places of interest and much more.\",\"breadcrumb\":{\"@id\":\"https:\/\/www.destinosalnes.com\/es\/sanxenxo-3-dias\/#breadcrumb\"},\"inLanguage\":\"en-US\",\"potentialAction\":[{\"@type\":\"ReadAction\",\"target\":[\"https:\/\/www.destinosalnes.com\/es\/sanxenxo-3-dias\/\"]}]},{\"@type\":\"ImageObject\",\"inLanguage\":\"en-US\",\"@id\":\"https:\/\/www.destinosalnes.com\/es\/sanxenxo-3-dias\/#primaryimage\",\"url\":\"https:\/\/www.destinosalnes.com\/wp-content\/uploads\/2024\/03\/Uvas.webp\",\"contentUrl\":\"https:\/\/www.destinosalnes.com\/wp-content\/uploads\/2024\/03\/Uvas.webp\",\"width\":1000,\"height\":667,\"caption\":\"Wine tourism\"},{\"@type\":\"BreadcrumbList\",\"@id\":\"https:\/\/www.destinosalnes.com\/es\/sanxenxo-3-dias\/#breadcrumb\",\"itemListElement\":[{\"@type\":\"ListItem\",\"position\":1,\"name\":\"Saln\u00e9s\",\"item\":\"https:\/\/www.destinosalnes.com\/es\/\"},{\"@type\":\"ListItem\",\"position\":2,\"name\":\"Sanxenxo\",\"item\":\"https:\/\/www.destinosalnes.com\/es\/category\/sanxenxo\/\"},{\"@type\":\"ListItem\",\"position\":3,\"name\":\"3 days in Sanxenxo\"}]},{\"@type\":\"WebSite\",\"@id\":\"https:\/\/www.destinosalnes.com\/es\/#website\",\"url\":\"https:\/\/www.destinosalnes.com\/es\/\",\"name\":\"Saln\u00e9s\",\"description\":\"\",\"publisher\":{\"@id\":\"https:\/\/www.destinosalnes.com\/es\/#organization\"},\"potentialAction\":[{\"@type\":\"SearchAction\",\"target\":{\"@type\":\"EntryPoint\",\"urlTemplate\":\"https:\/\/www.destinosalnes.com\/es\/?s={search_term_string}\"},\"query-input\":{\"@type\":\"PropertyValueSpecification\",\"valueRequired\":true,\"valueName\":\"search_term_string\"}}],\"inLanguage\":\"en-US\"},{\"@type\":\"Organization\",\"@id\":\"https:\/\/www.destinosalnes.com\/es\/#organization\",\"name\":\"Saln\u00e9s\",\"url\":\"https:\/\/www.destinosalnes.com\/es\/\",\"logo\":{\"@type\":\"ImageObject\",\"inLanguage\":\"en-US\",\"@id\":\"https:\/\/www.destinosalnes.com\/es\/#\/schema\/logo\/image\/\",\"url\":\"\",\"contentUrl\":\"\",\"caption\":\"Saln\u00e9s\"},\"image\":{\"@id\":\"https:\/\/www.destinosalnes.com\/es\/#\/schema\/logo\/image\/\"},\"sameAs\":[\"https:\/\/es-es.facebook.com\/mancomunidade.salnes\",\"https:\/\/x.com\/infosalnes\"]}]}<\/script>\n<!-- \/ Yoast SEO plugin. -->","yoast_head_json":{"title":"3 days in Sanxenxo - Saln\u00e9s","description":"A 3-day plan that you cannot miss if you visit Sanxenxo. Tours, places of interest and much more.","robots":{"index":"index","follow":"follow","max-snippet":"max-snippet:-1","max-image-preview":"max-image-preview:large","max-video-preview":"max-video-preview:-1"},"canonical":"https:\/\/www.destinosalnes.com\/es\/sanxenxo-3-dias\/","schema":{"@context":"https:\/\/schema.org","@graph":[{"@type":"WebPage","@id":"https:\/\/www.destinosalnes.com\/es\/sanxenxo-3-dias\/","url":"https:\/\/www.destinosalnes.com\/es\/sanxenxo-3-dias\/","name":"3 days in Sanxenxo - Saln\u00e9s","isPartOf":{"@id":"https:\/\/www.destinosalnes.com\/es\/#website"},"primaryImageOfPage":{"@id":"https:\/\/www.destinosalnes.com\/es\/sanxenxo-3-dias\/#primaryimage"},"image":{"@id":"https:\/\/www.destinosalnes.com\/es\/sanxenxo-3-dias\/#primaryimage"},"thumbnailUrl":"https:\/\/www.destinosalnes.com\/wp-content\/uploads\/2024\/03\/Uvas.webp","datePublished":"2024-04-17T10:35:56+00:00","dateModified":"2025-11-03T15:44:12+00:00","description":"A 3-day plan that you cannot miss if you visit Sanxenxo. Tours, places of interest and much more.","breadcrumb":{"@id":"https:\/\/www.destinosalnes.com\/es\/sanxenxo-3-dias\/#breadcrumb"},"inLanguage":"en-US","potentialAction":[{"@type":"ReadAction","target":["https:\/\/www.destinosalnes.com\/es\/sanxenxo-3-dias\/"]}]},{"@type":"ImageObject","inLanguage":"en-US","@id":"https:\/\/www.destinosalnes.com\/es\/sanxenxo-3-dias\/#primaryimage","url":"https:\/\/www.destinosalnes.com\/wp-content\/uploads\/2024\/03\/Uvas.webp","contentUrl":"https:\/\/www.destinosalnes.com\/wp-content\/uploads\/2024\/03\/Uvas.webp","width":1000,"height":667,"caption":"Wine tourism"},{"@type":"BreadcrumbList","@id":"https:\/\/www.destinosalnes.com\/es\/sanxenxo-3-dias\/#breadcrumb","itemListElement":[{"@type":"ListItem","position":1,"name":"Saln\u00e9s","item":"https:\/\/www.destinosalnes.com\/es\/"},{"@type":"ListItem","position":2,"name":"Sanxenxo","item":"https:\/\/www.destinosalnes.com\/es\/category\/sanxenxo\/"},{"@type":"ListItem","position":3,"name":"3 days in Sanxenxo"}]},{"@type":"WebSite","@id":"https:\/\/www.destinosalnes.com\/es\/#website","url":"https:\/\/www.destinosalnes.com\/es\/","name":"Saln\u00e9s","description":"","publisher":{"@id":"https:\/\/www.destinosalnes.com\/es\/#organization"},"potentialAction":[{"@type":"SearchAction","target":{"@type":"EntryPoint","urlTemplate":"https:\/\/www.destinosalnes.com\/es\/?s={search_term_string}"},"query-input":{"@type":"PropertyValueSpecification","valueRequired":true,"valueName":"search_term_string"}}],"inLanguage":"en-US"},{"@type":"Organization","@id":"https:\/\/www.destinosalnes.com\/es\/#organization","name":"Saln\u00e9s","url":"https:\/\/www.destinosalnes.com\/es\/","logo":{"@type":"ImageObject","inLanguage":"en-US","@id":"https:\/\/www.destinosalnes.com\/es\/#\/schema\/logo\/image\/","url":"","contentUrl":"","caption":"Saln\u00e9s"},"image":{"@id":"https:\/\/www.destinosalnes.com\/es\/#\/schema\/logo\/image\/"},"sameAs":["https:\/\/es-es.facebook.com\/mancomunidade.salnes","https:\/\/x.com\/infosalnes"]}]}},"_links":{"self":[{"href":"https:\/\/www.destinosalnes.com\/en\/wp-json\/wp\/v2\/pages\/103982","targetHints":{"allow":["GET"]}}],"collection":[{"href":"https:\/\/www.destinosalnes.com\/en\/wp-json\/wp\/v2\/pages"}],"about":[{"href":"https:\/\/www.destinosalnes.com\/en\/wp-json\/wp\/v2\/types\/page"}],"author":[{"embeddable":true,"href":"https:\/\/www.destinosalnes.com\/en\/wp-json\/wp\/v2\/users\/42"}],"replies":[{"embeddable":true,"href":"https:\/\/www.destinosalnes.com\/en\/wp-json\/wp\/v2\/comments?post=103982"}],"version-history":[{"count":21,"href":"https:\/\/www.destinosalnes.com\/en\/wp-json\/wp\/v2\/pages\/103982\/revisions"}],"predecessor-version":[{"id":149419,"href":"https:\/\/www.destinosalnes.com\/en\/wp-json\/wp\/v2\/pages\/103982\/revisions\/149419"}],"acf:attachment":[{"embeddable":true,"href":"https:\/\/www.destinosalnes.com\/en\/wp-json\/wp\/v2\/media\/90664"},{"embeddable":true,"href":"https:\/\/www.destinosalnes.com\/en\/wp-json\/wp\/v2\/media\/90658"}],"wp:featuredmedia":[{"embeddable":true,"href":"https:\/\/www.destinosalnes.com\/en\/wp-json\/wp\/v2\/media\/86757"}],"wp:attachment":[{"href":"https:\/\/www.destinosalnes.com\/en\/wp-json\/wp\/v2\/media?parent=103982"}],"wp:term":[{"taxonomy":"category","embeddable":true,"href":"https:\/\/www.destinosalnes.com\/en\/wp-json\/wp\/v2\/categories?post=103982"},{"taxonomy":"post_tag","embeddable":true,"href":"https:\/\/www.destinosalnes.com\/en\/wp-json\/wp\/v2\/tags?post=103982"}],"curies":[{"name":"wp","href":"https:\/\/api.w.org\/{rel}","templated":true}]}}