{"id":117017,"date":"2024-05-21T09:07:56","date_gmt":"2024-05-21T07:07:56","guid":{"rendered":"https:\/\/www.destinosalnes.com\/aviso-legal\/"},"modified":"2024-11-26T14:24:06","modified_gmt":"2024-11-26T13:24:06","slug":"aviso-legal","status":"publish","type":"page","link":"https:\/\/www.destinosalnes.com\/de\/aviso-legal\/","title":{"rendered":"Impressum"},"content":{"rendered":"\t\t<div data-elementor-type=\"wp-page\" data-elementor-id=\"117017\" class=\"elementor elementor-117017 elementor-116964\" data-elementor-post-type=\"page\">\n\t\t\t\t\t\t<section class=\"elementor-section elementor-top-section elementor-element elementor-element-5104a6a3 elementor-section-full_width Portada elementor-section-height-default elementor-section-height-default\" data-id=\"5104a6a3\" data-element_type=\"section\">\n\t\t\t\t\t\t<div class=\"elementor-container elementor-column-gap-default\">\n\t\t\t\t\t<div class=\"elementor-column elementor-col-100 elementor-top-column elementor-element elementor-element-77b5b034\" data-id=\"77b5b034\" data-element_type=\"column\">\n\t\t\t<div class=\"elementor-widget-wrap elementor-element-populated\">\n\t\t\t\t\t\t<div class=\"elementor-element elementor-element-1d7d038b Cabecera elementor--h-position-center elementor--v-position-middle elementor-widget elementor-widget-slides\" data-id=\"1d7d038b\" data-element_type=\"widget\" data-settings=\"{&quot;navigation&quot;:&quot;none&quot;,&quot;_animation&quot;:&quot;none&quot;,&quot;autoplay&quot;:&quot;yes&quot;,&quot;pause_on_hover&quot;:&quot;yes&quot;,&quot;pause_on_interaction&quot;:&quot;yes&quot;,&quot;autoplay_speed&quot;:5000,&quot;infinite&quot;:&quot;yes&quot;,&quot;transition&quot;:&quot;slide&quot;,&quot;transition_speed&quot;:500}\" data-widget_type=\"slides.default\">\n\t\t\t\t<div class=\"elementor-widget-container\">\n\t\t\t<style>.elementor-slides .swiper-slide-bg{background-size:cover;background-position:50%;background-repeat:no-repeat;min-width:100%;min-height:100%}.elementor-slides .swiper-slide-inner{background-repeat:no-repeat;background-position:50%;position:absolute;top:0;left:0;bottom:0;right:0;padding:50px;margin:auto}.elementor-slides .swiper-slide-inner,.elementor-slides .swiper-slide-inner:hover{color:#fff;display:flex}.elementor-slides .swiper-slide-inner .elementor-background-overlay{position:absolute;z-index:0;top:0;bottom:0;left:0;right:0}.elementor-slides .swiper-slide-inner .elementor-slide-content{position:relative;z-index:1;width:100%}.elementor-slides .swiper-slide-inner .elementor-slide-heading{font-size:35px;font-weight:700;line-height:1}.elementor-slides .swiper-slide-inner .elementor-slide-description{font-size:17px;line-height:1.4}.elementor-slides .swiper-slide-inner .elementor-slide-description:not(:last-child),.elementor-slides .swiper-slide-inner .elementor-slide-heading:not(:last-child){margin-bottom:30px}.elementor-slides .swiper-slide-inner .elementor-slide-button{border:2px solid #fff;color:#fff;background:transparent;display:inline-block}.elementor-slides .swiper-slide-inner .elementor-slide-button,.elementor-slides .swiper-slide-inner .elementor-slide-button:hover{background:transparent;color:inherit;text-decoration:none}.elementor--v-position-top .swiper-slide-inner{align-items:flex-start}.elementor--v-position-bottom .swiper-slide-inner{align-items:flex-end}.elementor--v-position-middle .swiper-slide-inner{align-items:center}.elementor--h-position-left .swiper-slide-inner{justify-content:flex-start}.elementor--h-position-right .swiper-slide-inner{justify-content:flex-end}.elementor--h-position-center .swiper-slide-inner{justify-content:center}body.rtl .elementor-widget-slides .elementor-swiper-button-next{left:10px;right:auto}body.rtl .elementor-widget-slides .elementor-swiper-button-prev{right:10px;left:auto}.elementor-slides-wrapper div:not(.swiper-slide)>.swiper-slide-inner{display:none}@media (max-width:767px){.elementor-slides .swiper-slide-inner{padding:30px}.elementor-slides .swiper-slide-inner .elementor-slide-heading{font-size:23px;line-height:1;margin-bottom:15px}.elementor-slides .swiper-slide-inner .elementor-slide-description{font-size:13px;line-height:1.4;margin-bottom:15px}}<\/style>\t\t<div class=\"elementor-swiper\">\n\t\t\t<div class=\"elementor-slides-wrapper elementor-main-swiper swiper\" dir=\"ltr\" data-animation=\"\">\n\t\t\t\t<div class=\"swiper-wrapper elementor-slides\">\n\t\t\t\t\t\t\t\t\t\t<div class=\"elementor-repeater-item-f15b013 swiper-slide\"><div class=\"swiper-slide-bg\" role=\"img\"><\/div><div class=\"elementor-background-overlay\"><\/div><div class=\"swiper-slide-inner\" ><div class=\"swiper-slide-contents\"><\/div><\/div><\/div>\t\t\t\t<\/div>\n\t\t\t\t\t\t\t<\/div>\n\t\t<\/div>\n\t\t\t\t<\/div>\n\t\t\t\t<\/div>\n\t\t\t\t\t<\/div>\n\t\t<\/div>\n\t\t\t\t\t<\/div>\n\t\t<\/section>\n\t\t\t\t<section class=\"elementor-section elementor-top-section elementor-element elementor-element-b45b01b elementor-section-full_width elementor-section-height-default elementor-section-height-default\" data-id=\"b45b01b\" data-element_type=\"section\">\n\t\t\t\t\t\t<div class=\"elementor-container elementor-column-gap-default\">\n\t\t\t\t\t<div class=\"elementor-column elementor-col-100 elementor-top-column elementor-element elementor-element-6b556ae7\" data-id=\"6b556ae7\" data-element_type=\"column\">\n\t\t\t<div class=\"elementor-widget-wrap elementor-element-populated\">\n\t\t\t\t\t\t<div class=\"elementor-element elementor-element-ff289c5 elementor-widget elementor-widget-text-editor\" data-id=\"ff289c5\" data-element_type=\"widget\" data-widget_type=\"text-editor.default\">\n\t\t\t\t<div class=\"elementor-widget-container\">\n\t\t\t<style>\/*! elementor - v3.20.0 - 11-03-2024 *\/\n.elementor-widget-text-editor.elementor-drop-cap-view-stacked .elementor-drop-cap{background-color:#69727d;color:#fff}.elementor-widget-text-editor.elementor-drop-cap-view-framed .elementor-drop-cap{color:#69727d;border:3px solid;background-color:transparent}.elementor-widget-text-editor:not(.elementor-drop-cap-view-default) .elementor-drop-cap{margin-top:8px}.elementor-widget-text-editor:not(.elementor-drop-cap-view-default) .elementor-drop-cap-letter{width:1em;height:1em}.elementor-widget-text-editor .elementor-drop-cap{float:left;text-align:center;line-height:1;font-size:50px}.elementor-widget-text-editor .elementor-drop-cap-letter{display:inline-block}<\/style>\t\t\t\t<p><strong>1. Rechtlicher Hinweis<\/strong><br \/>\nMancomunidade do Saln\u00e9s (der \u201eEigent\u00fcmer\u201c) stellt den Benutzern (der \u201eBenutzer\u201c oder die \u201eBenutzer\u201c) dieser Website (die \u201eWebsite\u201c) die folgenden Informationen zur Verf\u00fcgung.<\/p>\n<p><strong>1.1. Identifizierung des Eigent\u00fcmers<\/strong><br \/>\nFirmenname: Mancomunidade do Saln\u00e9s<br \/>\nNIF: P3600041B<br \/>\nEingetragener Firmensitz: Paseo Calzada, s\/n, C.P. 36630, Cambados, Pontevedra<br \/>\nKontaktinformationen: 986 521 115 \/info@osalnes.com<\/p>\n<p><strong>1.2. Nutzungsbedingungen<\/strong><br \/>\nNachfolgend finden Sie die Nutzungsbedingungen dieser Website (die \u201eNutzungsbedingungen\u201c), die Benutzer jederzeit einhalten m\u00fcssen. Dieser rechtliche Hinweis stellt zusammen mit der Datenschutzrichtlinie und der Cookie-Richtlinie das Regelwerk dar, das die Bedingungen definiert, die den Zugang und die Nutzung des \u00f6ffentlichen Teils der Website regeln. F\u00fcr den privaten Teil gelten gegebenenfalls eigene Regeln und Bedingungen.<\/p>\n<p><strong>1.3. Nutzung der Website<\/strong><br \/>\nDer Benutzer verpflichtet sich, diese Website nicht f\u00fcr Aktivit\u00e4ten zu nutzen, die gegen das Gesetz, die guten Sitten oder die \u00f6ffentliche Ordnung versto\u00dfen, und sie im Allgemeinen in \u00dcbereinstimmung mit der geltenden Gesetzgebung und diesen Allgemeinen Gesch\u00e4ftsbedingungen zu nutzen.<\/p>\n<p><strong>1.4. Inhalt<\/strong><br \/>\nUnter den Inhalten dieser Website versteht man lediglich beispielhaft Folgendes: Verzeichnisse, Texte, Fotos, Grafiken, Bilder, Symbole, Technologie, Links, audiovisuelle oder akustische Inhalte sowie deren grafische Gestaltung und Quellcode Sie haben rein informativen Charakter und stellen in keinem Fall eine rechtliche oder professionelle Beratung oder die Begr\u00fcndung einer gesch\u00e4ftlichen oder vertraglichen Beziehung dar. Der Eigent\u00fcmer kann einseitig und ohne vorherige Ank\u00fcndigung, wann immer er dies f\u00fcr angemessen h\u00e4lt, die Struktur und das Design der Website \u00e4ndern sowie die Dienste, Inhalte und Bedingungen f\u00fcr den Zugang und\/oder die Nutzung dieser Website \u00e4ndern oder streichen. Sowohl der Zugriff auf diese Website als auch jede nicht einvernehmliche Nutzung ihrer Inhalte unterliegen der ausschlie\u00dflichen Verantwortung der Person, die dies tut. Der Benutzer verpflichtet sich, die auf dieser Website zur Verf\u00fcgung gestellten Inhalte nicht f\u00fcr Aktivit\u00e4ten zu verwenden, die gegen das Gesetz, die guten Sitten oder die \u00f6ffentliche Ordnung versto\u00dfen, und sie im Allgemeinen in \u00dcbereinstimmung mit diesen Allgemeinen Gesch\u00e4ftsbedingungen zu verwenden.<\/p>\n<p><strong>1.5. Geistiges und gewerbliches Eigentum<\/strong><br \/>\nAlle Inhalte dieser Website sind durch die spanische Gesetzgebung zu geistigen und gewerblichen Eigentumsrechten zugunsten des Eigent\u00fcmers gesch\u00fctzt. Die vollst\u00e4ndige oder teilweise Vervielf\u00e4ltigung, Verbreitung, \u00dcbertragung, \u00f6ffentliche Wiedergabe, Umwandlung oder jede andere Handlung, die nicht ausdr\u00fccklich vom Inhaber der Verwertungsrechte genehmigt wurde, ist untersagt. Im Zweifelsfall k\u00f6nnen Sie \u00fcber unser Web-Kontaktformular weitere Informationen anfordern. In Bezug auf die Erw\u00e4hnung von Produkten und Dienstleistungen Dritter erkennt der Eigent\u00fcmer zugunsten dieser Dritten die entsprechenden gewerblichen und geistigen Eigentumsrechte an. Ihre blo\u00dfe Erw\u00e4hnung oder ihr Erscheinen auf der Website impliziert nicht das Bestehen von Rechten oder Verantwortung des Eigent\u00fcmers an den Produkten und Dienstleistungen Dritter selbst, noch Unterst\u00fctzung, Sponsoring oder Empfehlung durch den Eigent\u00fcmer, sofern nicht ausdr\u00fccklich angegeben.<\/p>\n<p><strong>1.6. Verantwortung<\/strong><br \/>\nDer Eigent\u00fcmer lehnt jegliche Verantwortung f\u00fcr Informationen ab, die sich au\u00dferhalb dieser WEBSITE befinden und nicht direkt von unseren IT-Experten verwaltet werden. In keinem Fall setzt die Existenz verlinkter Seiten, Namen oder Marken Dritter das Bestehen von Vereinbarungen mit den Verantwortlichen bzw. Eigent\u00fcmern derselben sowie eine Empfehlung, Werbung oder Identifikation des Eigent\u00fcmers mit den von ihnen bereitgestellten Aussagen, Inhalten oder Dienstleistungen voraus. Alle Links Dritter zur WEBSITE verweisen auf deren Hauptseite, und Deep-Links, Framing und jede andere Nutzung der Inhalte der Website zugunsten Dritter, die nicht ausdr\u00fccklich genehmigt wurden, sind ausdr\u00fccklich untersagt. Es ist verboten, Logos, Marken oder andere Grafiken des Eigent\u00fcmers ohne ausdr\u00fcckliche schriftliche Genehmigung als Teil eines Links zu verwenden.<\/p>\n<p><strong>1.7. Anwendbares Recht und Gerichtsstand<\/strong><br \/>\nDieser rechtliche Hinweis unterliegt in allen seinen Extremen dem in Spanien geltenden Recht. F\u00fcr etwaige Streitigkeiten zwischen dem Eigent\u00fcmer und dem Nutzer wird vereinbart, sich unter ausdr\u00fccklichem Verzicht auf jede andere Zust\u00e4ndigkeit den zust\u00e4ndigen Gerichten zu unterwerfen.<\/p>\n\t\t\t\t\t\t<\/div>\n\t\t\t\t<\/div>\n\t\t\t\t\t<\/div>\n\t\t<\/div>\n\t\t\t\t\t<\/div>\n\t\t<\/section>\n\t\t\t\t<\/div>\n\t\t","protected":false},"excerpt":{"rendered":"","protected":false},"author":42,"featured_media":105422,"parent":0,"menu_order":0,"comment_status":"closed","ping_status":"closed","template":"","meta":{"_acf_changed":false,"footnotes":""},"categories":[607],"tags":[],"class_list":["post-117017","page","type-page","status-publish","has-post-thumbnail","hentry","category-salnes-fr"],"acf":{"texto":"<strong>1. Rechtlicher Hinweis<\/strong>\r\nMancomunidade do Saln\u00e9s (der \u201eEigent\u00fcmer\u201c) stellt den Benutzern (der \u201eBenutzer\u201c oder die \u201eBenutzer\u201c) dieser Website (die \u201eWebsite\u201c) die folgenden Informationen zur Verf\u00fcgung.\r\n\r\n<strong>1.1. Identifizierung des Eigent\u00fcmers<\/strong>\r\nFirmenname: Mancomunidade do Saln\u00e9s\r\nNIF: P3600041B\r\nEingetragener Firmensitz: Paseo Calzada, s\/n, C.P. 36630, Cambados, Pontevedra\r\nKontaktinformationen: 986 521 115 \/info@osalnes.com\r\n\r\n<strong>1.2. Nutzungsbedingungen<\/strong>\r\nNachfolgend finden Sie die Nutzungsbedingungen dieser Website (die \u201eNutzungsbedingungen\u201c), die Benutzer jederzeit einhalten m\u00fcssen. Dieser rechtliche Hinweis stellt zusammen mit der Datenschutzrichtlinie und der Cookie-Richtlinie das Regelwerk dar, das die Bedingungen definiert, die den Zugang und die Nutzung des \u00f6ffentlichen Teils der Website regeln. F\u00fcr den privaten Teil gelten gegebenenfalls eigene Regeln und Bedingungen.\r\n\r\n<strong>1.3. Nutzung der Website<\/strong>\r\nDer Benutzer verpflichtet sich, diese Website nicht f\u00fcr Aktivit\u00e4ten zu nutzen, die gegen das Gesetz, die guten Sitten oder die \u00f6ffentliche Ordnung versto\u00dfen, und sie im Allgemeinen in \u00dcbereinstimmung mit der geltenden Gesetzgebung und diesen Allgemeinen Gesch\u00e4ftsbedingungen zu nutzen.\r\n\r\n<strong>1.4. Inhalt<\/strong>\r\nUnter den Inhalten dieser Website versteht man lediglich beispielhaft Folgendes: Verzeichnisse, Texte, Fotos, Grafiken, Bilder, Symbole, Technologie, Links, audiovisuelle oder akustische Inhalte sowie deren grafische Gestaltung und Quellcode Sie haben rein informativen Charakter und stellen in keinem Fall eine rechtliche oder professionelle Beratung oder die Begr\u00fcndung einer gesch\u00e4ftlichen oder vertraglichen Beziehung dar. Der Eigent\u00fcmer kann einseitig und ohne vorherige Ank\u00fcndigung, wann immer er dies f\u00fcr angemessen h\u00e4lt, die Struktur und das Design der Website \u00e4ndern sowie die Dienste, Inhalte und Bedingungen f\u00fcr den Zugang und\/oder die Nutzung dieser Website \u00e4ndern oder streichen. Sowohl der Zugriff auf diese Website als auch jede nicht einvernehmliche Nutzung ihrer Inhalte unterliegen der ausschlie\u00dflichen Verantwortung der Person, die dies tut. Der Benutzer verpflichtet sich, die auf dieser Website zur Verf\u00fcgung gestellten Inhalte nicht f\u00fcr Aktivit\u00e4ten zu verwenden, die gegen das Gesetz, die guten Sitten oder die \u00f6ffentliche Ordnung versto\u00dfen, und sie im Allgemeinen in \u00dcbereinstimmung mit diesen Allgemeinen Gesch\u00e4ftsbedingungen zu verwenden.\r\n\r\n<strong>1.5. Geistiges und gewerbliches Eigentum<\/strong>\r\nAlle Inhalte dieser Website sind durch die spanische Gesetzgebung zu geistigen und gewerblichen Eigentumsrechten zugunsten des Eigent\u00fcmers gesch\u00fctzt. Die vollst\u00e4ndige oder teilweise Vervielf\u00e4ltigung, Verbreitung, \u00dcbertragung, \u00f6ffentliche Wiedergabe, Umwandlung oder jede andere Handlung, die nicht ausdr\u00fccklich vom Inhaber der Verwertungsrechte genehmigt wurde, ist untersagt. Im Zweifelsfall k\u00f6nnen Sie \u00fcber unser Web-Kontaktformular weitere Informationen anfordern. In Bezug auf die Erw\u00e4hnung von Produkten und Dienstleistungen Dritter erkennt der Eigent\u00fcmer zugunsten dieser Dritten die entsprechenden gewerblichen und geistigen Eigentumsrechte an. Ihre blo\u00dfe Erw\u00e4hnung oder ihr Erscheinen auf der Website impliziert nicht das Bestehen von Rechten oder Verantwortung des Eigent\u00fcmers an den Produkten und Dienstleistungen Dritter selbst, noch Unterst\u00fctzung, Sponsoring oder Empfehlung durch den Eigent\u00fcmer, sofern nicht ausdr\u00fccklich angegeben.\r\n\r\n<strong>1.6. Verantwortung<\/strong>\r\nDer Eigent\u00fcmer lehnt jegliche Verantwortung f\u00fcr Informationen ab, die sich au\u00dferhalb dieser WEBSITE befinden und nicht direkt von unseren IT-Experten verwaltet werden. In keinem Fall setzt die Existenz verlinkter Seiten, Namen oder Marken Dritter das Bestehen von Vereinbarungen mit den Verantwortlichen bzw. Eigent\u00fcmern derselben sowie eine Empfehlung, Werbung oder Identifikation des Eigent\u00fcmers mit den von ihnen bereitgestellten Aussagen, Inhalten oder Dienstleistungen voraus. Alle Links Dritter zur WEBSITE verweisen auf deren Hauptseite, und Deep-Links, Framing und jede andere Nutzung der Inhalte der Website zugunsten Dritter, die nicht ausdr\u00fccklich genehmigt wurden, sind ausdr\u00fccklich untersagt. Es ist verboten, Logos, Marken oder andere Grafiken des Eigent\u00fcmers ohne ausdr\u00fcckliche schriftliche Genehmigung als Teil eines Links zu verwenden.\r\n\r\n<strong>1.7. Anwendbares Recht und Gerichtsstand<\/strong>\r\nDieser rechtliche Hinweis unterliegt in allen seinen Extremen dem in Spanien geltenden Recht. F\u00fcr etwaige Streitigkeiten zwischen dem Eigent\u00fcmer und dem Nutzer wird vereinbart, sich unter ausdr\u00fccklichem Verzicht auf jede andere Zust\u00e4ndigkeit den zust\u00e4ndigen Gerichten zu unterwerfen."},"yoast_head":"<!-- This site is optimized with the Yoast SEO plugin v23.9 - https:\/\/yoast.com\/wordpress\/plugins\/seo\/ -->\n<title>Impressum - Saln\u00e9s<\/title>\n<meta name=\"robots\" content=\"index, follow, max-snippet:-1, max-image-preview:large, max-video-preview:-1\" \/>\n<link rel=\"canonical\" href=\"https:\/\/www.destinosalnes.com\/pt-pt\/aviso-legal\/\" \/>\n<script type=\"application\/ld+json\" class=\"yoast-schema-graph\">{\"@context\":\"https:\/\/schema.org\",\"@graph\":[{\"@type\":\"WebPage\",\"@id\":\"https:\/\/www.destinosalnes.com\/pt-pt\/aviso-legal\/\",\"url\":\"https:\/\/www.destinosalnes.com\/pt-pt\/aviso-legal\/\",\"name\":\"Impressum - Saln\u00e9s\",\"isPartOf\":{\"@id\":\"https:\/\/www.destinosalnes.com\/es\/#website\"},\"primaryImageOfPage\":{\"@id\":\"https:\/\/www.destinosalnes.com\/pt-pt\/aviso-legal\/#primaryimage\"},\"image\":{\"@id\":\"https:\/\/www.destinosalnes.com\/pt-pt\/aviso-legal\/#primaryimage\"},\"thumbnailUrl\":\"https:\/\/www.destinosalnes.com\/wp-content\/uploads\/2024\/04\/Papeles.webp\",\"datePublished\":\"2024-05-21T07:07:56+00:00\",\"dateModified\":\"2024-11-26T13:24:06+00:00\",\"breadcrumb\":{\"@id\":\"https:\/\/www.destinosalnes.com\/pt-pt\/aviso-legal\/#breadcrumb\"},\"inLanguage\":\"de\",\"potentialAction\":[{\"@type\":\"ReadAction\",\"target\":[\"https:\/\/www.destinosalnes.com\/pt-pt\/aviso-legal\/\"]}]},{\"@type\":\"ImageObject\",\"inLanguage\":\"de\",\"@id\":\"https:\/\/www.destinosalnes.com\/pt-pt\/aviso-legal\/#primaryimage\",\"url\":\"https:\/\/www.destinosalnes.com\/wp-content\/uploads\/2024\/04\/Papeles.webp\",\"contentUrl\":\"https:\/\/www.destinosalnes.com\/wp-content\/uploads\/2024\/04\/Papeles.webp\",\"width\":1000,\"height\":562},{\"@type\":\"BreadcrumbList\",\"@id\":\"https:\/\/www.destinosalnes.com\/pt-pt\/aviso-legal\/#breadcrumb\",\"itemListElement\":[{\"@type\":\"ListItem\",\"position\":1,\"name\":\"Saln\u00e9s\",\"item\":\"https:\/\/www.destinosalnes.com\/es\/\"},{\"@type\":\"ListItem\",\"position\":2,\"name\":\"Saln\u00e9s\",\"item\":\"https:\/\/www.destinosalnes.com\/es\/category\/salnes\/\"},{\"@type\":\"ListItem\",\"position\":3,\"name\":\"Impressum\"}]},{\"@type\":\"WebSite\",\"@id\":\"https:\/\/www.destinosalnes.com\/es\/#website\",\"url\":\"https:\/\/www.destinosalnes.com\/es\/\",\"name\":\"Saln\u00e9s\",\"description\":\"\",\"publisher\":{\"@id\":\"https:\/\/www.destinosalnes.com\/es\/#organization\"},\"potentialAction\":[{\"@type\":\"SearchAction\",\"target\":{\"@type\":\"EntryPoint\",\"urlTemplate\":\"https:\/\/www.destinosalnes.com\/es\/?s={search_term_string}\"},\"query-input\":{\"@type\":\"PropertyValueSpecification\",\"valueRequired\":true,\"valueName\":\"search_term_string\"}}],\"inLanguage\":\"de\"},{\"@type\":\"Organization\",\"@id\":\"https:\/\/www.destinosalnes.com\/es\/#organization\",\"name\":\"Saln\u00e9s\",\"url\":\"https:\/\/www.destinosalnes.com\/es\/\",\"logo\":{\"@type\":\"ImageObject\",\"inLanguage\":\"de\",\"@id\":\"https:\/\/www.destinosalnes.com\/es\/#\/schema\/logo\/image\/\",\"url\":\"\",\"contentUrl\":\"\",\"caption\":\"Saln\u00e9s\"},\"image\":{\"@id\":\"https:\/\/www.destinosalnes.com\/es\/#\/schema\/logo\/image\/\"},\"sameAs\":[\"https:\/\/es-es.facebook.com\/mancomunidade.salnes\",\"https:\/\/x.com\/infosalnes\"]}]}<\/script>\n<!-- \/ Yoast SEO plugin. -->","yoast_head_json":{"title":"Impressum - Saln\u00e9s","robots":{"index":"index","follow":"follow","max-snippet":"max-snippet:-1","max-image-preview":"max-image-preview:large","max-video-preview":"max-video-preview:-1"},"canonical":"https:\/\/www.destinosalnes.com\/pt-pt\/aviso-legal\/","schema":{"@context":"https:\/\/schema.org","@graph":[{"@type":"WebPage","@id":"https:\/\/www.destinosalnes.com\/pt-pt\/aviso-legal\/","url":"https:\/\/www.destinosalnes.com\/pt-pt\/aviso-legal\/","name":"Impressum - Saln\u00e9s","isPartOf":{"@id":"https:\/\/www.destinosalnes.com\/es\/#website"},"primaryImageOfPage":{"@id":"https:\/\/www.destinosalnes.com\/pt-pt\/aviso-legal\/#primaryimage"},"image":{"@id":"https:\/\/www.destinosalnes.com\/pt-pt\/aviso-legal\/#primaryimage"},"thumbnailUrl":"https:\/\/www.destinosalnes.com\/wp-content\/uploads\/2024\/04\/Papeles.webp","datePublished":"2024-05-21T07:07:56+00:00","dateModified":"2024-11-26T13:24:06+00:00","breadcrumb":{"@id":"https:\/\/www.destinosalnes.com\/pt-pt\/aviso-legal\/#breadcrumb"},"inLanguage":"de","potentialAction":[{"@type":"ReadAction","target":["https:\/\/www.destinosalnes.com\/pt-pt\/aviso-legal\/"]}]},{"@type":"ImageObject","inLanguage":"de","@id":"https:\/\/www.destinosalnes.com\/pt-pt\/aviso-legal\/#primaryimage","url":"https:\/\/www.destinosalnes.com\/wp-content\/uploads\/2024\/04\/Papeles.webp","contentUrl":"https:\/\/www.destinosalnes.com\/wp-content\/uploads\/2024\/04\/Papeles.webp","width":1000,"height":562},{"@type":"BreadcrumbList","@id":"https:\/\/www.destinosalnes.com\/pt-pt\/aviso-legal\/#breadcrumb","itemListElement":[{"@type":"ListItem","position":1,"name":"Saln\u00e9s","item":"https:\/\/www.destinosalnes.com\/es\/"},{"@type":"ListItem","position":2,"name":"Saln\u00e9s","item":"https:\/\/www.destinosalnes.com\/es\/category\/salnes\/"},{"@type":"ListItem","position":3,"name":"Impressum"}]},{"@type":"WebSite","@id":"https:\/\/www.destinosalnes.com\/es\/#website","url":"https:\/\/www.destinosalnes.com\/es\/","name":"Saln\u00e9s","description":"","publisher":{"@id":"https:\/\/www.destinosalnes.com\/es\/#organization"},"potentialAction":[{"@type":"SearchAction","target":{"@type":"EntryPoint","urlTemplate":"https:\/\/www.destinosalnes.com\/es\/?s={search_term_string}"},"query-input":{"@type":"PropertyValueSpecification","valueRequired":true,"valueName":"search_term_string"}}],"inLanguage":"de"},{"@type":"Organization","@id":"https:\/\/www.destinosalnes.com\/es\/#organization","name":"Saln\u00e9s","url":"https:\/\/www.destinosalnes.com\/es\/","logo":{"@type":"ImageObject","inLanguage":"de","@id":"https:\/\/www.destinosalnes.com\/es\/#\/schema\/logo\/image\/","url":"","contentUrl":"","caption":"Saln\u00e9s"},"image":{"@id":"https:\/\/www.destinosalnes.com\/es\/#\/schema\/logo\/image\/"},"sameAs":["https:\/\/es-es.facebook.com\/mancomunidade.salnes","https:\/\/x.com\/infosalnes"]}]}},"_links":{"self":[{"href":"https:\/\/www.destinosalnes.com\/de\/wp-json\/wp\/v2\/pages\/117017","targetHints":{"allow":["GET"]}}],"collection":[{"href":"https:\/\/www.destinosalnes.com\/de\/wp-json\/wp\/v2\/pages"}],"about":[{"href":"https:\/\/www.destinosalnes.com\/de\/wp-json\/wp\/v2\/types\/page"}],"author":[{"embeddable":true,"href":"https:\/\/www.destinosalnes.com\/de\/wp-json\/wp\/v2\/users\/42"}],"replies":[{"embeddable":true,"href":"https:\/\/www.destinosalnes.com\/de\/wp-json\/wp\/v2\/comments?post=117017"}],"version-history":[{"count":5,"href":"https:\/\/www.destinosalnes.com\/de\/wp-json\/wp\/v2\/pages\/117017\/revisions"}],"predecessor-version":[{"id":130022,"href":"https:\/\/www.destinosalnes.com\/de\/wp-json\/wp\/v2\/pages\/117017\/revisions\/130022"}],"wp:featuredmedia":[{"embeddable":true,"href":"https:\/\/www.destinosalnes.com\/de\/wp-json\/wp\/v2\/media\/105422"}],"wp:attachment":[{"href":"https:\/\/www.destinosalnes.com\/de\/wp-json\/wp\/v2\/media?parent=117017"}],"wp:term":[{"taxonomy":"category","embeddable":true,"href":"https:\/\/www.destinosalnes.com\/de\/wp-json\/wp\/v2\/categories?post=117017"},{"taxonomy":"post_tag","embeddable":true,"href":"https:\/\/www.destinosalnes.com\/de\/wp-json\/wp\/v2\/tags?post=117017"}],"curies":[{"name":"wp","href":"https:\/\/api.w.org\/{rel}","templated":true}]}}