{"id":109232,"date":"2024-04-23T07:44:17","date_gmt":"2024-04-23T07:44:17","guid":{"rendered":"https:\/\/www.destinosalnes.com\/ogrove-politica-privacidad\/"},"modified":"2024-12-03T10:24:47","modified_gmt":"2024-12-03T09:24:47","slug":"ogrove-politica-privacidad","status":"publish","type":"page","link":"https:\/\/www.destinosalnes.com\/de\/ogrove-politica-privacidad\/","title":{"rendered":"Datenschutzerkl\u00e4rung"},"content":{"rendered":"\t\t<div data-elementor-type=\"wp-page\" data-elementor-id=\"109232\" class=\"elementor elementor-109232 elementor-99021\" data-elementor-post-type=\"page\">\n\t\t\t\t\t\t<section class=\"elementor-section elementor-top-section elementor-element elementor-element-3f2ce1aa elementor-section-full_width Portada elementor-section-height-default elementor-section-height-default\" data-id=\"3f2ce1aa\" data-element_type=\"section\">\n\t\t\t\t\t\t<div class=\"elementor-container elementor-column-gap-default\">\n\t\t\t\t\t<div class=\"elementor-column elementor-col-100 elementor-top-column elementor-element elementor-element-5f9ea0b1\" data-id=\"5f9ea0b1\" data-element_type=\"column\">\n\t\t\t<div class=\"elementor-widget-wrap elementor-element-populated\">\n\t\t\t\t\t\t<div class=\"elementor-element elementor-element-4fc7481c Cabecera elementor--h-position-center elementor--v-position-middle elementor-widget elementor-widget-slides\" data-id=\"4fc7481c\" data-element_type=\"widget\" data-settings=\"{&quot;navigation&quot;:&quot;none&quot;,&quot;_animation&quot;:&quot;none&quot;,&quot;autoplay&quot;:&quot;yes&quot;,&quot;pause_on_hover&quot;:&quot;yes&quot;,&quot;pause_on_interaction&quot;:&quot;yes&quot;,&quot;autoplay_speed&quot;:5000,&quot;infinite&quot;:&quot;yes&quot;,&quot;transition&quot;:&quot;slide&quot;,&quot;transition_speed&quot;:500}\" data-widget_type=\"slides.default\">\n\t\t\t\t<div class=\"elementor-widget-container\">\n\t\t\t<style>.elementor-slides .swiper-slide-bg{background-size:cover;background-position:50%;background-repeat:no-repeat;min-width:100%;min-height:100%}.elementor-slides .swiper-slide-inner{background-repeat:no-repeat;background-position:50%;position:absolute;top:0;left:0;bottom:0;right:0;padding:50px;margin:auto}.elementor-slides .swiper-slide-inner,.elementor-slides .swiper-slide-inner:hover{color:#fff;display:flex}.elementor-slides .swiper-slide-inner .elementor-background-overlay{position:absolute;z-index:0;top:0;bottom:0;left:0;right:0}.elementor-slides .swiper-slide-inner .elementor-slide-content{position:relative;z-index:1;width:100%}.elementor-slides .swiper-slide-inner .elementor-slide-heading{font-size:35px;font-weight:700;line-height:1}.elementor-slides .swiper-slide-inner .elementor-slide-description{font-size:17px;line-height:1.4}.elementor-slides .swiper-slide-inner .elementor-slide-description:not(:last-child),.elementor-slides .swiper-slide-inner .elementor-slide-heading:not(:last-child){margin-bottom:30px}.elementor-slides .swiper-slide-inner .elementor-slide-button{border:2px solid #fff;color:#fff;background:transparent;display:inline-block}.elementor-slides .swiper-slide-inner .elementor-slide-button,.elementor-slides .swiper-slide-inner .elementor-slide-button:hover{background:transparent;color:inherit;text-decoration:none}.elementor--v-position-top .swiper-slide-inner{align-items:flex-start}.elementor--v-position-bottom .swiper-slide-inner{align-items:flex-end}.elementor--v-position-middle .swiper-slide-inner{align-items:center}.elementor--h-position-left .swiper-slide-inner{justify-content:flex-start}.elementor--h-position-right .swiper-slide-inner{justify-content:flex-end}.elementor--h-position-center .swiper-slide-inner{justify-content:center}body.rtl .elementor-widget-slides .elementor-swiper-button-next{left:10px;right:auto}body.rtl .elementor-widget-slides .elementor-swiper-button-prev{right:10px;left:auto}.elementor-slides-wrapper div:not(.swiper-slide)>.swiper-slide-inner{display:none}@media (max-width:767px){.elementor-slides .swiper-slide-inner{padding:30px}.elementor-slides .swiper-slide-inner .elementor-slide-heading{font-size:23px;line-height:1;margin-bottom:15px}.elementor-slides .swiper-slide-inner .elementor-slide-description{font-size:13px;line-height:1.4;margin-bottom:15px}}<\/style>\t\t<div class=\"elementor-swiper\">\n\t\t\t<div class=\"elementor-slides-wrapper elementor-main-swiper swiper\" dir=\"ltr\" data-animation=\"\">\n\t\t\t\t<div class=\"swiper-wrapper elementor-slides\">\n\t\t\t\t\t\t\t\t\t\t<div class=\"elementor-repeater-item-f15b013 swiper-slide\"><div class=\"swiper-slide-bg\" role=\"img\"><\/div><div class=\"elementor-background-overlay\"><\/div><div class=\"swiper-slide-inner\" ><div class=\"swiper-slide-contents\"><\/div><\/div><\/div>\t\t\t\t<\/div>\n\t\t\t\t\t\t\t<\/div>\n\t\t<\/div>\n\t\t\t\t<\/div>\n\t\t\t\t<\/div>\n\t\t\t\t\t<\/div>\n\t\t<\/div>\n\t\t\t\t\t<\/div>\n\t\t<\/section>\n\t\t\t\t<section class=\"elementor-section elementor-top-section elementor-element elementor-element-1afff82 elementor-section-full_width elementor-section-height-default elementor-section-height-default\" data-id=\"1afff82\" data-element_type=\"section\">\n\t\t\t\t\t\t<div class=\"elementor-container elementor-column-gap-default\">\n\t\t\t\t\t<div class=\"elementor-column elementor-col-100 elementor-top-column elementor-element elementor-element-6fce3cf6\" data-id=\"6fce3cf6\" data-element_type=\"column\">\n\t\t\t<div class=\"elementor-widget-wrap elementor-element-populated\">\n\t\t\t\t\t\t<div class=\"elementor-element elementor-element-838e4f2 elementor-widget elementor-widget-breadcrumbs\" data-id=\"838e4f2\" data-element_type=\"widget\" data-widget_type=\"breadcrumbs.default\">\n\t\t\t\t<div class=\"elementor-widget-container\">\n\t\t\t<link rel=\"stylesheet\" href=\"https:\/\/www.destinosalnes.com\/wp-content\/plugins\/elementor-pro\/assets\/css\/widget-theme-elements.min.css\"><p id=\"breadcrumbs\"><nav class=\"yoast-breadcrumb\" role=\"navigation\" aria-label=\"Breadcrumb\"><span><span><a href=\"https:\/\/www.destinosalnes.com\/es\/\">Saln\u00e9s<\/a><\/span><\/span><\/nav><\/p>\t\t<\/div>\n\t\t\t\t<\/div>\n\t\t\t\t\t<\/div>\n\t\t<\/div>\n\t\t\t\t\t<\/div>\n\t\t<\/section>\n\t\t\t\t<section class=\"elementor-section elementor-top-section elementor-element elementor-element-7524564 elementor-section-full_width elementor-section-height-default elementor-section-height-default\" data-id=\"7524564\" data-element_type=\"section\">\n\t\t\t\t\t\t<div class=\"elementor-container elementor-column-gap-default\">\n\t\t\t\t\t<div class=\"elementor-column elementor-col-100 elementor-top-column elementor-element elementor-element-957050e\" data-id=\"957050e\" data-element_type=\"column\">\n\t\t\t<div class=\"elementor-widget-wrap elementor-element-populated\">\n\t\t\t\t\t\t<div class=\"elementor-element elementor-element-c597b04 elementor-widget elementor-widget-text-editor\" data-id=\"c597b04\" data-element_type=\"widget\" data-widget_type=\"text-editor.default\">\n\t\t\t\t<div class=\"elementor-widget-container\">\n\t\t\t<style>\/*! elementor - v3.20.0 - 11-03-2024 *\/\n.elementor-widget-text-editor.elementor-drop-cap-view-stacked .elementor-drop-cap{background-color:#69727d;color:#fff}.elementor-widget-text-editor.elementor-drop-cap-view-framed .elementor-drop-cap{color:#69727d;border:3px solid;background-color:transparent}.elementor-widget-text-editor:not(.elementor-drop-cap-view-default) .elementor-drop-cap{margin-top:8px}.elementor-widget-text-editor:not(.elementor-drop-cap-view-default) .elementor-drop-cap-letter{width:1em;height:1em}.elementor-widget-text-editor .elementor-drop-cap{float:left;text-align:center;line-height:1;font-size:50px}.elementor-widget-text-editor .elementor-drop-cap-letter{display:inline-block}<\/style>\t\t\t\t<p class=\"gt-block\"><strong>Datenschutz und Datenschutz<\/strong><\/p>\n<p>In \u00dcbereinstimmung mit den Bestimmungen des Organgesetzes 15\/1999 vom 13. Dezember zum Schutz personenbezogener Daten (LOPD) informiert der Stadtrat von Grove die Benutzer dieser Website dar\u00fcber, dass die bereitgestellten personenbezogenen Daten im Rahmen eines automatisierten Verfahrens \u00fcbertragen werden Datei mit personenbezogenen Daten, deren Eigentum und Verantwortung dem Stadtrat von Grove obliegt. Ihr Zweck besteht darin, die gesendeten Beratungsanfragen angemessen zu bearbeiten und zu bearbeiten sowie Sie \u00fcber die von angebotenen Dienstleistungen informieren und Informationen \u00fcbermitteln zu k\u00f6nnen das Rathaus von Grove. Mit der \u00dcbermittlung Ihrer Daten erteilen Sie Ihre ausdr\u00fcckliche Einwilligung, damit der Stadtrat von Grove eine automatisierte Verarbeitung durchf\u00fchren kann.<\/p>\n<p>Ihre personenbezogenen Daten werden mit \u00e4u\u00dferster Vertraulichkeit behandelt, wobei der Stadtrat von Grove als Verantwortlicher f\u00fcr die Akte die erforderlichen technischen und organisatorischen Ma\u00dfnahmen ergriffen hat, um die Vertraulichkeit und Sicherheit personenbezogener Daten zu gew\u00e4hrleisten und deren \u00c4nderung, Verlust, Verarbeitung oder Zugriff zu vermeiden. Nicht berechtigt.<\/p>\n<p>Der Stadtrat von Grove archiviert anschlie\u00dfend die Daten, die Benutzer angeben, um eine Anfrage zu stellen oder eine Anfrage zu senden. Einige dieser Daten sind f\u00fcr die ordnungsgem\u00e4\u00dfe Bearbeitung dieser Daten erforderlich. Der Benutzer wird bequem auf die Notwendigkeit der Bereitstellung dieser Daten hingewiesen. Wir informieren Sie dar\u00fcber, dass die E-Mail-Adresse zur Beantwortung Ihrer Anfrage sowie zur \u00dcbermittlung von Informationen \u00fcber die vom Grove City Council angebotenen Dienstleistungen und zur Benachrichtigung \u00fcber etwaige weitere relevante \u00c4nderungen verwendet wird.<\/p>\n<p>Unsere Website verwendet keine Cookies oder andere technische Mittel, die es uns erm\u00f6glichen, bestimmte Benutzer zu identifizieren oder ihre Browserdaten zu erfahren, ohne dass der Benutzer davon Kenntnis erh\u00e4lt. Wir verpflichten uns jedoch, jede diesbez\u00fcgliche \u00c4nderung der Datenschutzrichtlinie unverz\u00fcglich \u00fcber diese Website mitzuteilen, einschlie\u00dflich der entsprechenden Berichtigung in diesem Abschnitt.<\/p>\n<p>Ebenso werden die Nutzer in Bezug auf die in der in dieser Datenschutzrichtlinie vorgesehenen Weise erhobenen personenbezogenen Daten dar\u00fcber informiert, dass ihnen anerkannte Rechte auf Zugang, Berichtigung, Widerspruch und L\u00f6schung ihrer personenbezogenen Daten zustehen. Die oben genannten Rechte k\u00f6nnen entweder vom Nutzer oder seinem Vertreter ausge\u00fcbt werden, indem er einen schriftlichen und unterschriebenen Antrag an die folgende Adresse sendet:<\/p>\n<p class=\"gt-block\" align=\"center\">Rat do Grove<br \/>\nCorgo-Platz,1<br \/>\n36980 O Grove<br \/>\nPontevedra<\/p>\n<p>Der Antrag muss den Vor- und Nachnamen des Nutzers, eine Fotokopie des DNI sowie ggf. den Inhalt des Antrags enthalten, den Sie stellen m\u00f6chten.<\/p>\n\t\t\t\t\t\t<\/div>\n\t\t\t\t<\/div>\n\t\t\t\t\t<\/div>\n\t\t<\/div>\n\t\t\t\t\t<\/div>\n\t\t<\/section>\n\t\t\t\t<\/div>\n\t\t","protected":false},"excerpt":{"rendered":"","protected":false},"author":42,"featured_media":0,"parent":0,"menu_order":0,"comment_status":"closed","ping_status":"closed","template":"","meta":{"_acf_changed":false,"footnotes":""},"categories":[1025],"tags":[],"class_list":["post-109232","page","type-page","status-publish","hentry","category-o-grove-de"],"acf":{"texto":"<p class=\"gt-block\"><strong>Datenschutz und Datenschutz<\/strong><\/p>\r\nIn \u00dcbereinstimmung mit den Bestimmungen des Organgesetzes 15\/1999 vom 13. Dezember zum Schutz personenbezogener Daten (LOPD) informiert der Stadtrat von Grove die Benutzer dieser Website dar\u00fcber, dass die bereitgestellten personenbezogenen Daten im Rahmen eines automatisierten Verfahrens \u00fcbertragen werden Datei mit personenbezogenen Daten, deren Eigentum und Verantwortung dem Stadtrat von Grove obliegt. Ihr Zweck besteht darin, die gesendeten Beratungsanfragen angemessen zu bearbeiten und zu bearbeiten sowie Sie \u00fcber die von angebotenen Dienstleistungen informieren und Informationen \u00fcbermitteln zu k\u00f6nnen das Rathaus von Grove. Mit der \u00dcbermittlung Ihrer Daten erteilen Sie Ihre ausdr\u00fcckliche Einwilligung, damit der Stadtrat von Grove eine automatisierte Verarbeitung durchf\u00fchren kann.\r\n\r\nIhre personenbezogenen Daten werden mit \u00e4u\u00dferster Vertraulichkeit behandelt, wobei der Stadtrat von Grove als Verantwortlicher f\u00fcr die Akte die erforderlichen technischen und organisatorischen Ma\u00dfnahmen ergriffen hat, um die Vertraulichkeit und Sicherheit personenbezogener Daten zu gew\u00e4hrleisten und deren \u00c4nderung, Verlust, Verarbeitung oder Zugriff zu vermeiden. Nicht berechtigt.\r\n\r\nDer Stadtrat von Grove archiviert anschlie\u00dfend die Daten, die Benutzer angeben, um eine Anfrage zu stellen oder eine Anfrage zu senden. Einige dieser Daten sind f\u00fcr die ordnungsgem\u00e4\u00dfe Bearbeitung dieser Daten erforderlich. Der Benutzer wird bequem auf die Notwendigkeit der Bereitstellung dieser Daten hingewiesen. Wir informieren Sie dar\u00fcber, dass die E-Mail-Adresse zur Beantwortung Ihrer Anfrage sowie zur \u00dcbermittlung von Informationen \u00fcber die vom Grove City Council angebotenen Dienstleistungen und zur Benachrichtigung \u00fcber etwaige weitere relevante \u00c4nderungen verwendet wird.\r\n\r\nUnsere Website verwendet keine Cookies oder andere technische Mittel, die es uns erm\u00f6glichen, bestimmte Benutzer zu identifizieren oder ihre Browserdaten zu erfahren, ohne dass der Benutzer davon Kenntnis erh\u00e4lt. Wir verpflichten uns jedoch, jede diesbez\u00fcgliche \u00c4nderung der Datenschutzrichtlinie unverz\u00fcglich \u00fcber diese Website mitzuteilen, einschlie\u00dflich der entsprechenden Berichtigung in diesem Abschnitt.\r\n\r\nEbenso werden die Nutzer in Bezug auf die in der in dieser Datenschutzrichtlinie vorgesehenen Weise erhobenen personenbezogenen Daten dar\u00fcber informiert, dass ihnen anerkannte Rechte auf Zugang, Berichtigung, Widerspruch und L\u00f6schung ihrer personenbezogenen Daten zustehen. Die oben genannten Rechte k\u00f6nnen entweder vom Nutzer oder seinem Vertreter ausge\u00fcbt werden, indem er einen schriftlichen und unterschriebenen Antrag an die folgende Adresse sendet:\r\n<p class=\"gt-block\" align=\"center\">Rat do Grove\r\nCorgo-Platz,1\r\n36980 O Grove\r\nPontevedra<\/p>\r\nDer Antrag muss den Vor- und Nachnamen des Nutzers, eine Fotokopie des DNI sowie ggf. den Inhalt des Antrags enthalten, den Sie stellen m\u00f6chten."},"yoast_head":"<!-- This site is optimized with the Yoast SEO plugin v23.9 - https:\/\/yoast.com\/wordpress\/plugins\/seo\/ -->\n<title>Datenschutzerkl\u00e4rung - Saln\u00e9s<\/title>\n<meta name=\"description\" content=\"Nuestra pol\u00edtica de privacidad detalla c\u00f3mo recopilamos, usamos y protegemos tus datos personales de manera segura y transparente.\" \/>\n<meta name=\"robots\" content=\"index, follow, max-snippet:-1, max-image-preview:large, max-video-preview:-1\" \/>\n<link rel=\"canonical\" href=\"https:\/\/www.destinosalnes.com\/es\/ogrove-politica-privacidad\/\" \/>\n<script type=\"application\/ld+json\" class=\"yoast-schema-graph\">{\"@context\":\"https:\/\/schema.org\",\"@graph\":[{\"@type\":\"WebPage\",\"@id\":\"https:\/\/www.destinosalnes.com\/es\/ogrove-politica-privacidad\/\",\"url\":\"https:\/\/www.destinosalnes.com\/es\/ogrove-politica-privacidad\/\",\"name\":\"Datenschutzerkl\u00e4rung - Saln\u00e9s\",\"isPartOf\":{\"@id\":\"https:\/\/www.destinosalnes.com\/es\/#website\"},\"datePublished\":\"2024-04-23T07:44:17+00:00\",\"dateModified\":\"2024-12-03T09:24:47+00:00\",\"description\":\"Nuestra pol\u00edtica de privacidad detalla c\u00f3mo recopilamos, usamos y protegemos tus datos personales de manera segura y transparente.\",\"breadcrumb\":{\"@id\":\"https:\/\/www.destinosalnes.com\/es\/ogrove-politica-privacidad\/#breadcrumb\"},\"inLanguage\":\"de\",\"potentialAction\":[{\"@type\":\"ReadAction\",\"target\":[\"https:\/\/www.destinosalnes.com\/es\/ogrove-politica-privacidad\/\"]}]},{\"@type\":\"BreadcrumbList\",\"@id\":\"https:\/\/www.destinosalnes.com\/es\/ogrove-politica-privacidad\/#breadcrumb\",\"itemListElement\":[{\"@type\":\"ListItem\",\"position\":1,\"name\":\"Saln\u00e9s\",\"item\":\"https:\/\/www.destinosalnes.com\/es\/\"},{\"@type\":\"ListItem\",\"position\":2,\"name\":\"O Grove\",\"item\":\"https:\/\/www.destinosalnes.com\/de\/category\/o-grove-de\/\"},{\"@type\":\"ListItem\",\"position\":3,\"name\":\"Datenschutzerkl\u00e4rung\"}]},{\"@type\":\"WebSite\",\"@id\":\"https:\/\/www.destinosalnes.com\/es\/#website\",\"url\":\"https:\/\/www.destinosalnes.com\/es\/\",\"name\":\"Saln\u00e9s\",\"description\":\"\",\"publisher\":{\"@id\":\"https:\/\/www.destinosalnes.com\/es\/#organization\"},\"potentialAction\":[{\"@type\":\"SearchAction\",\"target\":{\"@type\":\"EntryPoint\",\"urlTemplate\":\"https:\/\/www.destinosalnes.com\/es\/?s={search_term_string}\"},\"query-input\":{\"@type\":\"PropertyValueSpecification\",\"valueRequired\":true,\"valueName\":\"search_term_string\"}}],\"inLanguage\":\"de\"},{\"@type\":\"Organization\",\"@id\":\"https:\/\/www.destinosalnes.com\/es\/#organization\",\"name\":\"Saln\u00e9s\",\"url\":\"https:\/\/www.destinosalnes.com\/es\/\",\"logo\":{\"@type\":\"ImageObject\",\"inLanguage\":\"de\",\"@id\":\"https:\/\/www.destinosalnes.com\/es\/#\/schema\/logo\/image\/\",\"url\":\"\",\"contentUrl\":\"\",\"caption\":\"Saln\u00e9s\"},\"image\":{\"@id\":\"https:\/\/www.destinosalnes.com\/es\/#\/schema\/logo\/image\/\"},\"sameAs\":[\"https:\/\/es-es.facebook.com\/mancomunidade.salnes\",\"https:\/\/x.com\/infosalnes\"]}]}<\/script>\n<!-- \/ Yoast SEO plugin. -->","yoast_head_json":{"title":"Datenschutzerkl\u00e4rung - Saln\u00e9s","description":"Nuestra pol\u00edtica de privacidad detalla c\u00f3mo recopilamos, usamos y protegemos tus datos personales de manera segura y transparente.","robots":{"index":"index","follow":"follow","max-snippet":"max-snippet:-1","max-image-preview":"max-image-preview:large","max-video-preview":"max-video-preview:-1"},"canonical":"https:\/\/www.destinosalnes.com\/es\/ogrove-politica-privacidad\/","schema":{"@context":"https:\/\/schema.org","@graph":[{"@type":"WebPage","@id":"https:\/\/www.destinosalnes.com\/es\/ogrove-politica-privacidad\/","url":"https:\/\/www.destinosalnes.com\/es\/ogrove-politica-privacidad\/","name":"Datenschutzerkl\u00e4rung - Saln\u00e9s","isPartOf":{"@id":"https:\/\/www.destinosalnes.com\/es\/#website"},"datePublished":"2024-04-23T07:44:17+00:00","dateModified":"2024-12-03T09:24:47+00:00","description":"Nuestra pol\u00edtica de privacidad detalla c\u00f3mo recopilamos, usamos y protegemos tus datos personales de manera segura y transparente.","breadcrumb":{"@id":"https:\/\/www.destinosalnes.com\/es\/ogrove-politica-privacidad\/#breadcrumb"},"inLanguage":"de","potentialAction":[{"@type":"ReadAction","target":["https:\/\/www.destinosalnes.com\/es\/ogrove-politica-privacidad\/"]}]},{"@type":"BreadcrumbList","@id":"https:\/\/www.destinosalnes.com\/es\/ogrove-politica-privacidad\/#breadcrumb","itemListElement":[{"@type":"ListItem","position":1,"name":"Saln\u00e9s","item":"https:\/\/www.destinosalnes.com\/es\/"},{"@type":"ListItem","position":2,"name":"O Grove","item":"https:\/\/www.destinosalnes.com\/de\/category\/o-grove-de\/"},{"@type":"ListItem","position":3,"name":"Datenschutzerkl\u00e4rung"}]},{"@type":"WebSite","@id":"https:\/\/www.destinosalnes.com\/es\/#website","url":"https:\/\/www.destinosalnes.com\/es\/","name":"Saln\u00e9s","description":"","publisher":{"@id":"https:\/\/www.destinosalnes.com\/es\/#organization"},"potentialAction":[{"@type":"SearchAction","target":{"@type":"EntryPoint","urlTemplate":"https:\/\/www.destinosalnes.com\/es\/?s={search_term_string}"},"query-input":{"@type":"PropertyValueSpecification","valueRequired":true,"valueName":"search_term_string"}}],"inLanguage":"de"},{"@type":"Organization","@id":"https:\/\/www.destinosalnes.com\/es\/#organization","name":"Saln\u00e9s","url":"https:\/\/www.destinosalnes.com\/es\/","logo":{"@type":"ImageObject","inLanguage":"de","@id":"https:\/\/www.destinosalnes.com\/es\/#\/schema\/logo\/image\/","url":"","contentUrl":"","caption":"Saln\u00e9s"},"image":{"@id":"https:\/\/www.destinosalnes.com\/es\/#\/schema\/logo\/image\/"},"sameAs":["https:\/\/es-es.facebook.com\/mancomunidade.salnes","https:\/\/x.com\/infosalnes"]}]}},"_links":{"self":[{"href":"https:\/\/www.destinosalnes.com\/de\/wp-json\/wp\/v2\/pages\/109232","targetHints":{"allow":["GET"]}}],"collection":[{"href":"https:\/\/www.destinosalnes.com\/de\/wp-json\/wp\/v2\/pages"}],"about":[{"href":"https:\/\/www.destinosalnes.com\/de\/wp-json\/wp\/v2\/types\/page"}],"author":[{"embeddable":true,"href":"https:\/\/www.destinosalnes.com\/de\/wp-json\/wp\/v2\/users\/42"}],"replies":[{"embeddable":true,"href":"https:\/\/www.destinosalnes.com\/de\/wp-json\/wp\/v2\/comments?post=109232"}],"version-history":[{"count":3,"href":"https:\/\/www.destinosalnes.com\/de\/wp-json\/wp\/v2\/pages\/109232\/revisions"}],"predecessor-version":[{"id":137225,"href":"https:\/\/www.destinosalnes.com\/de\/wp-json\/wp\/v2\/pages\/109232\/revisions\/137225"}],"wp:attachment":[{"href":"https:\/\/www.destinosalnes.com\/de\/wp-json\/wp\/v2\/media?parent=109232"}],"wp:term":[{"taxonomy":"category","embeddable":true,"href":"https:\/\/www.destinosalnes.com\/de\/wp-json\/wp\/v2\/categories?post=109232"},{"taxonomy":"post_tag","embeddable":true,"href":"https:\/\/www.destinosalnes.com\/de\/wp-json\/wp\/v2\/tags?post=109232"}],"curies":[{"name":"wp","href":"https:\/\/api.w.org\/{rel}","templated":true}]}}