{"id":105483,"date":"2024-04-18T11:25:13","date_gmt":"2024-04-18T11:25:13","guid":{"rendered":"https:\/\/www.destinosalnes.com\/sanxenxo-politica-privacidad\/"},"modified":"2025-08-01T10:45:14","modified_gmt":"2025-08-01T08:45:14","slug":"sanxenxo-politica-privacidad","status":"publish","type":"page","link":"https:\/\/www.destinosalnes.com\/de\/sanxenxo-politica-privacidad\/","title":{"rendered":"Datenschutzerkl\u00e4rung"},"content":{"rendered":"\t\t<div data-elementor-type=\"wp-page\" data-elementor-id=\"105483\" class=\"elementor elementor-105483 elementor-99019\" data-elementor-post-type=\"page\">\n\t\t\t\t\t\t<section class=\"elementor-section elementor-top-section elementor-element elementor-element-3028bb97 elementor-section-full_width Portada elementor-section-height-default elementor-section-height-default\" data-id=\"3028bb97\" data-element_type=\"section\">\n\t\t\t\t\t\t<div class=\"elementor-container elementor-column-gap-default\">\n\t\t\t\t\t<div class=\"elementor-column elementor-col-100 elementor-top-column elementor-element elementor-element-769a0a13\" data-id=\"769a0a13\" data-element_type=\"column\">\n\t\t\t<div class=\"elementor-widget-wrap elementor-element-populated\">\n\t\t\t\t\t\t<div class=\"elementor-element elementor-element-7942cbc7 Cabecera elementor--h-position-center elementor--v-position-middle elementor-widget elementor-widget-slides\" data-id=\"7942cbc7\" data-element_type=\"widget\" data-settings=\"{&quot;navigation&quot;:&quot;none&quot;,&quot;_animation&quot;:&quot;none&quot;,&quot;autoplay&quot;:&quot;yes&quot;,&quot;pause_on_hover&quot;:&quot;yes&quot;,&quot;pause_on_interaction&quot;:&quot;yes&quot;,&quot;autoplay_speed&quot;:5000,&quot;infinite&quot;:&quot;yes&quot;,&quot;transition&quot;:&quot;slide&quot;,&quot;transition_speed&quot;:500}\" data-widget_type=\"slides.default\">\n\t\t\t\t<div class=\"elementor-widget-container\">\n\t\t\t<style>.elementor-slides .swiper-slide-bg{background-size:cover;background-position:50%;background-repeat:no-repeat;min-width:100%;min-height:100%}.elementor-slides .swiper-slide-inner{background-repeat:no-repeat;background-position:50%;position:absolute;top:0;left:0;bottom:0;right:0;padding:50px;margin:auto}.elementor-slides .swiper-slide-inner,.elementor-slides .swiper-slide-inner:hover{color:#fff;display:flex}.elementor-slides .swiper-slide-inner .elementor-background-overlay{position:absolute;z-index:0;top:0;bottom:0;left:0;right:0}.elementor-slides .swiper-slide-inner .elementor-slide-content{position:relative;z-index:1;width:100%}.elementor-slides .swiper-slide-inner .elementor-slide-heading{font-size:35px;font-weight:700;line-height:1}.elementor-slides .swiper-slide-inner .elementor-slide-description{font-size:17px;line-height:1.4}.elementor-slides .swiper-slide-inner .elementor-slide-description:not(:last-child),.elementor-slides .swiper-slide-inner .elementor-slide-heading:not(:last-child){margin-bottom:30px}.elementor-slides .swiper-slide-inner .elementor-slide-button{border:2px solid #fff;color:#fff;background:transparent;display:inline-block}.elementor-slides .swiper-slide-inner .elementor-slide-button,.elementor-slides .swiper-slide-inner .elementor-slide-button:hover{background:transparent;color:inherit;text-decoration:none}.elementor--v-position-top .swiper-slide-inner{align-items:flex-start}.elementor--v-position-bottom .swiper-slide-inner{align-items:flex-end}.elementor--v-position-middle .swiper-slide-inner{align-items:center}.elementor--h-position-left .swiper-slide-inner{justify-content:flex-start}.elementor--h-position-right .swiper-slide-inner{justify-content:flex-end}.elementor--h-position-center .swiper-slide-inner{justify-content:center}body.rtl .elementor-widget-slides .elementor-swiper-button-next{left:10px;right:auto}body.rtl .elementor-widget-slides .elementor-swiper-button-prev{right:10px;left:auto}.elementor-slides-wrapper div:not(.swiper-slide)>.swiper-slide-inner{display:none}@media (max-width:767px){.elementor-slides .swiper-slide-inner{padding:30px}.elementor-slides .swiper-slide-inner .elementor-slide-heading{font-size:23px;line-height:1;margin-bottom:15px}.elementor-slides .swiper-slide-inner .elementor-slide-description{font-size:13px;line-height:1.4;margin-bottom:15px}}<\/style>\t\t<div class=\"elementor-swiper\">\n\t\t\t<div class=\"elementor-slides-wrapper elementor-main-swiper swiper\" dir=\"ltr\" data-animation=\"\">\n\t\t\t\t<div class=\"swiper-wrapper elementor-slides\">\n\t\t\t\t\t\t\t\t\t\t<div class=\"elementor-repeater-item-f15b013 swiper-slide\"><div class=\"swiper-slide-bg\" role=\"img\"><\/div><div class=\"elementor-background-overlay\"><\/div><div class=\"swiper-slide-inner\" ><div class=\"swiper-slide-contents\"><\/div><\/div><\/div>\t\t\t\t<\/div>\n\t\t\t\t\t\t\t<\/div>\n\t\t<\/div>\n\t\t\t\t<\/div>\n\t\t\t\t<\/div>\n\t\t\t\t\t<\/div>\n\t\t<\/div>\n\t\t\t\t\t<\/div>\n\t\t<\/section>\n\t\t\t\t<section class=\"elementor-section elementor-top-section elementor-element elementor-element-5d479697 elementor-section-full_width elementor-section-height-default elementor-section-height-default\" data-id=\"5d479697\" data-element_type=\"section\">\n\t\t\t\t\t\t<div class=\"elementor-container elementor-column-gap-default\">\n\t\t\t\t\t<div class=\"elementor-column elementor-col-100 elementor-top-column elementor-element elementor-element-2491dbab\" data-id=\"2491dbab\" data-element_type=\"column\">\n\t\t\t<div class=\"elementor-widget-wrap elementor-element-populated\">\n\t\t\t\t\t\t<div class=\"elementor-element elementor-element-54c1c8d1 elementor-widget elementor-widget-breadcrumbs\" data-id=\"54c1c8d1\" data-element_type=\"widget\" data-widget_type=\"breadcrumbs.default\">\n\t\t\t\t<div class=\"elementor-widget-container\">\n\t\t\t<link rel=\"stylesheet\" href=\"https:\/\/www.destinosalnes.com\/wp-content\/plugins\/elementor-pro\/assets\/css\/widget-theme-elements.min.css\"><p id=\"breadcrumbs\"><nav class=\"yoast-breadcrumb\" role=\"navigation\" aria-label=\"Breadcrumb\"><span><span><a href=\"https:\/\/www.destinosalnes.com\/es\/\">Saln\u00e9s<\/a><\/span><\/span><\/nav><\/p>\t\t<\/div>\n\t\t\t\t<\/div>\n\t\t\t\t\t<\/div>\n\t\t<\/div>\n\t\t\t\t\t<\/div>\n\t\t<\/section>\n\t\t\t\t<section class=\"elementor-section elementor-top-section elementor-element elementor-element-48bca187 elementor-section-full_width elementor-section-height-default elementor-section-height-default\" data-id=\"48bca187\" data-element_type=\"section\">\n\t\t\t\t\t\t<div class=\"elementor-container elementor-column-gap-default\">\n\t\t\t\t\t<div class=\"elementor-column elementor-col-100 elementor-top-column elementor-element elementor-element-4719e6d\" data-id=\"4719e6d\" data-element_type=\"column\">\n\t\t\t<div class=\"elementor-widget-wrap elementor-element-populated\">\n\t\t\t\t\t\t<div class=\"elementor-element elementor-element-bc5a16d elementor-widget elementor-widget-text-editor\" data-id=\"bc5a16d\" data-element_type=\"widget\" data-widget_type=\"text-editor.default\">\n\t\t\t\t<div class=\"elementor-widget-container\">\n\t\t\t<style>\/*! elementor - v3.20.0 - 11-03-2024 *\/\n.elementor-widget-text-editor.elementor-drop-cap-view-stacked .elementor-drop-cap{background-color:#69727d;color:#fff}.elementor-widget-text-editor.elementor-drop-cap-view-framed .elementor-drop-cap{color:#69727d;border:3px solid;background-color:transparent}.elementor-widget-text-editor:not(.elementor-drop-cap-view-default) .elementor-drop-cap{margin-top:8px}.elementor-widget-text-editor:not(.elementor-drop-cap-view-default) .elementor-drop-cap-letter{width:1em;height:1em}.elementor-widget-text-editor .elementor-drop-cap{float:left;text-align:center;line-height:1;font-size:50px}.elementor-widget-text-editor .elementor-drop-cap-letter{display:inline-block}<\/style>\t\t\t\t<h2>Verarbeitung personenbezogener Daten<\/h2>\n<p>\nSie werden dar\u00fcber informiert, dass die personenbezogenen Daten, die Sie uns freiwillig \u00fcber die verschiedenen Formulare auf der Website zur Verf\u00fcgung stellen, von <strong>TURISMO DE SANXENXO SL<\/strong>, mit Sitz in R\u00faa Madrid, 1 \u2013 36960 \u2013 Sanxenxo \u2013 Pontevedra, in \u00dcbereinstimmung mit den Sicherheitsma\u00dfnahmen verarbeitet werden, die in der geltenden Gesetzgebung zum Schutz personenbezogener Daten vorgesehen sind.\n<\/p>\n<p>\nDer Zweck dieser Verarbeitung ist in jedem der auf der Website bereitgestellten Formulare beschrieben, in denen Sie uns Ihre Daten mitgeteilt haben.\n<\/p>\n<h2>Speicherung und Weitergabe der Daten<\/h2>\n<p>\nDie bereitgestellten Daten werden nicht an Dritte weitergegeben, es sei denn, es besteht eine gesetzliche Verpflichtung, und sie werden so lange aufbewahrt, wie es zur Bearbeitung Ihrer Anfrage erforderlich ist, es sei denn, Sie geben uns andere Anweisungen, indem Sie Ihr Recht auf L\u00f6schung aus\u00fcben, oder so lange, wie es zur Erf\u00fcllung gesetzlicher Verpflichtungen erforderlich ist.\n<\/p>\n<h2>Profilerstellung<\/h2>\n<p>\nTURISMO DE SANXENXO SL erstellt keine \u201eProfile\u201c auf Grundlage der bereitgestellten Informationen. Es werden keine automatisierten Entscheidungen auf der Grundlage von Profilen getroffen.\n<\/p>\n<h2>Richtigkeit und Aktualisierung der Daten<\/h2>\n<p>\nTURISMO DE SANXENXO SL wird die Daten l\u00f6schen oder berichtigen, wenn sie sich als unrichtig, unvollst\u00e4ndig oder f\u00fcr ihren Zweck nicht mehr erforderlich erweisen, in \u00dcbereinstimmung mit den Bestimmungen der geltenden Gesetzgebung zum Schutz personenbezogener Daten.\n<\/p>\n<p>\nSofern Sie uns nichts anderes mitteilen, gehen wir davon aus, dass Ihre Daten nicht ge\u00e4ndert wurden, dass Sie sich verpflichten, uns \u00fcber jede \u00c4nderung zu informieren, und dass wir Ihre Einwilligung zur Nutzung haben, um die Beziehung zwischen den Parteien zu festigen.\n<\/p>\n<h2>Rechte des Nutzers<\/h2>\n<p>Der Nutzer kann in Bezug auf seine personenbezogenen Daten die folgenden Rechte aus\u00fcben:<\/p>\n<ul>\n<li>Recht auf Auskunft.<\/li>\n<li>Recht auf Berichtigung.<\/li>\n<li>Recht auf L\u00f6schung (Recht auf Vergessenwerden).<\/li>\n<li>Widerspruchsrecht.<\/li>\n<li>Recht auf Einschr\u00e4nkung der Verarbeitung.<\/li>\n<li>Recht auf Daten\u00fcbertragbarkeit.<\/li>\n<li>Recht, nicht einer ausschlie\u00dflich auf einer automatisierten Verarbeitung beruhenden Entscheidung unterworfen zu werden.<\/li>\n<\/ul>\n<p>\nDiese Rechte k\u00f6nnen gegen\u00fcber dem Verantwortlichen unter der oben genannten Adresse oder per E-Mail an<br \/>\n<a href=\"mailto:info@turismodesanxenxo.com\">info@turismodesanxenxo.com<\/a> geltend gemacht werden. Bitte f\u00fcgen Sie eine Kopie Ihres Personalausweises oder eines gleichwertigen Dokuments bei.\n<\/p>\n<p>\nSollten Sie mit der Aus\u00fcbung Ihrer Rechte nicht zufrieden sein, k\u00f6nnen Sie eine Beschwerde bei der<br \/>\n<em>zust\u00e4ndigen Datenschutzaufsichtsbeh\u00f6rde<\/em> einreichen, die die<br \/>\n<em>Spanische Datenschutzbeh\u00f6rde<\/em> ist. Die Kontaktdaten sind verf\u00fcgbar unter<br \/>\n<a href=\"https:\/\/sedeagpd.gob.es\/sede-electronica-web\/vistas\/formNuevaReclamacion\/reclamacion.jsf\" target=\"_blank\" aria-label=\"\u00d6ffnet in einem neuen Tab\" rel=\"noopener\"><br \/>\n<em>https:\/\/sedeagpd.gob.es\/sede-electronica-web\/vistas\/formNuevaReclamacion\/reclamacion.jsf<\/em><br \/>\n<\/a>.\n<\/p>\n<h2>Sicherheitsma\u00dfnahmen<\/h2>\n<p>\nTURISMO DE SANXENXO SL ergreift die entsprechenden technischen, organisatorischen und sicherheitsbezogenen Ma\u00dfnahmen in \u00dcbereinstimmung mit der geltenden Gesetzgebung zum Schutz personenbezogener Daten.\n<\/p>\n<p>\nSie \u00fcbernimmt jedoch keine Verantwortung f\u00fcr Sch\u00e4den, die durch Ver\u00e4nderungen verursacht werden, die Dritte an den Computersystemen, elektronischen Dokumenten oder Dateien des Nutzers vornehmen k\u00f6nnten.\n<\/p>\n<h2>Werbliche Mitteilungen<\/h2>\n<p>\nGem\u00e4\u00df dem Gesetz 34\/2002 \u00fcber Dienste der Informationsgesellschaft und den elektronischen Gesch\u00e4ftsverkehr, Artikel 21, bitten wir um Ihre Zustimmung, Ihnen Werbemitteilungen zuzusenden, die wir f\u00fcr interessant halten, entweder per E-Mail oder \u00fcber ein anderes gleichwertiges elektronisches Kommunikationsmittel.<\/p>\n\t\t\t\t\t\t<\/div>\n\t\t\t\t<\/div>\n\t\t\t\t\t<\/div>\n\t\t<\/div>\n\t\t\t\t\t<\/div>\n\t\t<\/section>\n\t\t\t\t<\/div>\n\t\t","protected":false},"excerpt":{"rendered":"","protected":false},"author":42,"featured_media":0,"parent":0,"menu_order":0,"comment_status":"closed","ping_status":"closed","template":"","meta":{"_acf_changed":false,"footnotes":""},"categories":[656],"tags":[],"class_list":["post-105483","page","type-page","status-publish","hentry","category-sanxenxo-gl"],"acf":{"texto":"<h2>Verarbeitung personenbezogener Daten<\/h2>\r\n<p>\r\nSie werden dar\u00fcber informiert, dass die personenbezogenen Daten, die Sie uns freiwillig \u00fcber die verschiedenen Formulare auf der Website zur Verf\u00fcgung stellen, von <strong>TURISMO DE SANXENXO SL<\/strong>, mit Sitz in R\u00faa Madrid, 1 \u2013 36960 \u2013 Sanxenxo \u2013 Pontevedra, in \u00dcbereinstimmung mit den Sicherheitsma\u00dfnahmen verarbeitet werden, die in der geltenden Gesetzgebung zum Schutz personenbezogener Daten vorgesehen sind.\r\n<\/p>\r\n<p>\r\nDer Zweck dieser Verarbeitung ist in jedem der auf der Website bereitgestellten Formulare beschrieben, in denen Sie uns Ihre Daten mitgeteilt haben.\r\n<\/p>\r\n\r\n<h2>Speicherung und Weitergabe der Daten<\/h2>\r\n<p>\r\nDie bereitgestellten Daten werden nicht an Dritte weitergegeben, es sei denn, es besteht eine gesetzliche Verpflichtung, und sie werden so lange aufbewahrt, wie es zur Bearbeitung Ihrer Anfrage erforderlich ist, es sei denn, Sie geben uns andere Anweisungen, indem Sie Ihr Recht auf L\u00f6schung aus\u00fcben, oder so lange, wie es zur Erf\u00fcllung gesetzlicher Verpflichtungen erforderlich ist.\r\n<\/p>\r\n\r\n<h2>Profilerstellung<\/h2>\r\n<p>\r\nTURISMO DE SANXENXO SL erstellt keine \u201eProfile\u201c auf Grundlage der bereitgestellten Informationen. Es werden keine automatisierten Entscheidungen auf der Grundlage von Profilen getroffen.\r\n<\/p>\r\n\r\n<h2>Richtigkeit und Aktualisierung der Daten<\/h2>\r\n<p>\r\nTURISMO DE SANXENXO SL wird die Daten l\u00f6schen oder berichtigen, wenn sie sich als unrichtig, unvollst\u00e4ndig oder f\u00fcr ihren Zweck nicht mehr erforderlich erweisen, in \u00dcbereinstimmung mit den Bestimmungen der geltenden Gesetzgebung zum Schutz personenbezogener Daten.\r\n<\/p>\r\n<p>\r\nSofern Sie uns nichts anderes mitteilen, gehen wir davon aus, dass Ihre Daten nicht ge\u00e4ndert wurden, dass Sie sich verpflichten, uns \u00fcber jede \u00c4nderung zu informieren, und dass wir Ihre Einwilligung zur Nutzung haben, um die Beziehung zwischen den Parteien zu festigen.\r\n<\/p>\r\n\r\n<h2>Rechte des Nutzers<\/h2>\r\n<p>Der Nutzer kann in Bezug auf seine personenbezogenen Daten die folgenden Rechte aus\u00fcben:<\/p>\r\n<ul>\r\n  <li>Recht auf Auskunft.<\/li>\r\n  <li>Recht auf Berichtigung.<\/li>\r\n  <li>Recht auf L\u00f6schung (Recht auf Vergessenwerden).<\/li>\r\n  <li>Widerspruchsrecht.<\/li>\r\n  <li>Recht auf Einschr\u00e4nkung der Verarbeitung.<\/li>\r\n  <li>Recht auf Daten\u00fcbertragbarkeit.<\/li>\r\n  <li>Recht, nicht einer ausschlie\u00dflich auf einer automatisierten Verarbeitung beruhenden Entscheidung unterworfen zu werden.<\/li>\r\n<\/ul>\r\n<p>\r\nDiese Rechte k\u00f6nnen gegen\u00fcber dem Verantwortlichen unter der oben genannten Adresse oder per E-Mail an \r\n<a href=\"mailto:info@turismodesanxenxo.com\">info@turismodesanxenxo.com<\/a> geltend gemacht werden. Bitte f\u00fcgen Sie eine Kopie Ihres Personalausweises oder eines gleichwertigen Dokuments bei.\r\n<\/p>\r\n<p>\r\nSollten Sie mit der Aus\u00fcbung Ihrer Rechte nicht zufrieden sein, k\u00f6nnen Sie eine Beschwerde bei der \r\n<em>zust\u00e4ndigen Datenschutzaufsichtsbeh\u00f6rde<\/em> einreichen, die die \r\n<em>Spanische Datenschutzbeh\u00f6rde<\/em> ist. Die Kontaktdaten sind verf\u00fcgbar unter \r\n<a href=\"https:\/\/sedeagpd.gob.es\/sede-electronica-web\/vistas\/formNuevaReclamacion\/reclamacion.jsf\" target=\"_blank\" rel=\"noopener\">\r\n<em>https:\/\/sedeagpd.gob.es\/sede-electronica-web\/vistas\/formNuevaReclamacion\/reclamacion.jsf<\/em>\r\n<\/a>.\r\n<\/p>\r\n\r\n<h2>Sicherheitsma\u00dfnahmen<\/h2>\r\n<p>\r\nTURISMO DE SANXENXO SL ergreift die entsprechenden technischen, organisatorischen und sicherheitsbezogenen Ma\u00dfnahmen in \u00dcbereinstimmung mit der geltenden Gesetzgebung zum Schutz personenbezogener Daten.\r\n<\/p>\r\n<p>\r\nSie \u00fcbernimmt jedoch keine Verantwortung f\u00fcr Sch\u00e4den, die durch Ver\u00e4nderungen verursacht werden, die Dritte an den Computersystemen, elektronischen Dokumenten oder Dateien des Nutzers vornehmen k\u00f6nnten.\r\n<\/p>\r\n\r\n<h2>Werbliche Mitteilungen<\/h2>\r\n<p>\r\nGem\u00e4\u00df dem Gesetz 34\/2002 \u00fcber Dienste der Informationsgesellschaft und den elektronischen Gesch\u00e4ftsverkehr, Artikel 21, bitten wir um Ihre Zustimmung, Ihnen Werbemitteilungen zuzusenden, die wir f\u00fcr interessant halten, entweder per E-Mail oder \u00fcber ein anderes gleichwertiges elektronisches Kommunikationsmittel.\r\n<\/p>\r\n"},"yoast_head":"<!-- This site is optimized with the Yoast SEO plugin v23.9 - https:\/\/yoast.com\/wordpress\/plugins\/seo\/ -->\n<title>Datenschutzerkl\u00e4rung - Saln\u00e9s<\/title>\n<meta name=\"description\" content=\"Nuestra pol\u00edtica de privacidad detalla c\u00f3mo recopilamos, usamos y protegemos tus datos personales de manera segura y transparente.\" \/>\n<meta name=\"robots\" content=\"index, follow, max-snippet:-1, max-image-preview:large, max-video-preview:-1\" \/>\n<link rel=\"canonical\" href=\"https:\/\/www.destinosalnes.com\/de\/sanxenxo-politica-privacidad\/\" \/>\n<script type=\"application\/ld+json\" class=\"yoast-schema-graph\">{\"@context\":\"https:\/\/schema.org\",\"@graph\":[{\"@type\":\"WebPage\",\"@id\":\"https:\/\/www.destinosalnes.com\/de\/sanxenxo-politica-privacidad\/\",\"url\":\"https:\/\/www.destinosalnes.com\/de\/sanxenxo-politica-privacidad\/\",\"name\":\"Datenschutzerkl\u00e4rung - Saln\u00e9s\",\"isPartOf\":{\"@id\":\"https:\/\/www.destinosalnes.com\/es\/#website\"},\"datePublished\":\"2024-04-18T11:25:13+00:00\",\"dateModified\":\"2025-08-01T08:45:14+00:00\",\"description\":\"Nuestra pol\u00edtica de privacidad detalla c\u00f3mo recopilamos, usamos y protegemos tus datos personales de manera segura y transparente.\",\"breadcrumb\":{\"@id\":\"https:\/\/www.destinosalnes.com\/de\/sanxenxo-politica-privacidad\/#breadcrumb\"},\"inLanguage\":\"de\",\"potentialAction\":[{\"@type\":\"ReadAction\",\"target\":[\"https:\/\/www.destinosalnes.com\/de\/sanxenxo-politica-privacidad\/\"]}]},{\"@type\":\"BreadcrumbList\",\"@id\":\"https:\/\/www.destinosalnes.com\/de\/sanxenxo-politica-privacidad\/#breadcrumb\",\"itemListElement\":[{\"@type\":\"ListItem\",\"position\":1,\"name\":\"Saln\u00e9s\",\"item\":\"https:\/\/www.destinosalnes.com\/es\/\"},{\"@type\":\"ListItem\",\"position\":2,\"name\":\"Sanxenxo\",\"item\":\"https:\/\/www.destinosalnes.com\/gl\/category\/sanxenxo-gl\/\"},{\"@type\":\"ListItem\",\"position\":3,\"name\":\"Datenschutzerkl\u00e4rung\"}]},{\"@type\":\"WebSite\",\"@id\":\"https:\/\/www.destinosalnes.com\/es\/#website\",\"url\":\"https:\/\/www.destinosalnes.com\/es\/\",\"name\":\"Saln\u00e9s\",\"description\":\"\",\"publisher\":{\"@id\":\"https:\/\/www.destinosalnes.com\/es\/#organization\"},\"potentialAction\":[{\"@type\":\"SearchAction\",\"target\":{\"@type\":\"EntryPoint\",\"urlTemplate\":\"https:\/\/www.destinosalnes.com\/es\/?s={search_term_string}\"},\"query-input\":{\"@type\":\"PropertyValueSpecification\",\"valueRequired\":true,\"valueName\":\"search_term_string\"}}],\"inLanguage\":\"de\"},{\"@type\":\"Organization\",\"@id\":\"https:\/\/www.destinosalnes.com\/es\/#organization\",\"name\":\"Saln\u00e9s\",\"url\":\"https:\/\/www.destinosalnes.com\/es\/\",\"logo\":{\"@type\":\"ImageObject\",\"inLanguage\":\"de\",\"@id\":\"https:\/\/www.destinosalnes.com\/es\/#\/schema\/logo\/image\/\",\"url\":\"\",\"contentUrl\":\"\",\"caption\":\"Saln\u00e9s\"},\"image\":{\"@id\":\"https:\/\/www.destinosalnes.com\/es\/#\/schema\/logo\/image\/\"},\"sameAs\":[\"https:\/\/es-es.facebook.com\/mancomunidade.salnes\",\"https:\/\/x.com\/infosalnes\"]}]}<\/script>\n<!-- \/ Yoast SEO plugin. -->","yoast_head_json":{"title":"Datenschutzerkl\u00e4rung - Saln\u00e9s","description":"Nuestra pol\u00edtica de privacidad detalla c\u00f3mo recopilamos, usamos y protegemos tus datos personales de manera segura y transparente.","robots":{"index":"index","follow":"follow","max-snippet":"max-snippet:-1","max-image-preview":"max-image-preview:large","max-video-preview":"max-video-preview:-1"},"canonical":"https:\/\/www.destinosalnes.com\/de\/sanxenxo-politica-privacidad\/","schema":{"@context":"https:\/\/schema.org","@graph":[{"@type":"WebPage","@id":"https:\/\/www.destinosalnes.com\/de\/sanxenxo-politica-privacidad\/","url":"https:\/\/www.destinosalnes.com\/de\/sanxenxo-politica-privacidad\/","name":"Datenschutzerkl\u00e4rung - Saln\u00e9s","isPartOf":{"@id":"https:\/\/www.destinosalnes.com\/es\/#website"},"datePublished":"2024-04-18T11:25:13+00:00","dateModified":"2025-08-01T08:45:14+00:00","description":"Nuestra pol\u00edtica de privacidad detalla c\u00f3mo recopilamos, usamos y protegemos tus datos personales de manera segura y transparente.","breadcrumb":{"@id":"https:\/\/www.destinosalnes.com\/de\/sanxenxo-politica-privacidad\/#breadcrumb"},"inLanguage":"de","potentialAction":[{"@type":"ReadAction","target":["https:\/\/www.destinosalnes.com\/de\/sanxenxo-politica-privacidad\/"]}]},{"@type":"BreadcrumbList","@id":"https:\/\/www.destinosalnes.com\/de\/sanxenxo-politica-privacidad\/#breadcrumb","itemListElement":[{"@type":"ListItem","position":1,"name":"Saln\u00e9s","item":"https:\/\/www.destinosalnes.com\/es\/"},{"@type":"ListItem","position":2,"name":"Sanxenxo","item":"https:\/\/www.destinosalnes.com\/gl\/category\/sanxenxo-gl\/"},{"@type":"ListItem","position":3,"name":"Datenschutzerkl\u00e4rung"}]},{"@type":"WebSite","@id":"https:\/\/www.destinosalnes.com\/es\/#website","url":"https:\/\/www.destinosalnes.com\/es\/","name":"Saln\u00e9s","description":"","publisher":{"@id":"https:\/\/www.destinosalnes.com\/es\/#organization"},"potentialAction":[{"@type":"SearchAction","target":{"@type":"EntryPoint","urlTemplate":"https:\/\/www.destinosalnes.com\/es\/?s={search_term_string}"},"query-input":{"@type":"PropertyValueSpecification","valueRequired":true,"valueName":"search_term_string"}}],"inLanguage":"de"},{"@type":"Organization","@id":"https:\/\/www.destinosalnes.com\/es\/#organization","name":"Saln\u00e9s","url":"https:\/\/www.destinosalnes.com\/es\/","logo":{"@type":"ImageObject","inLanguage":"de","@id":"https:\/\/www.destinosalnes.com\/es\/#\/schema\/logo\/image\/","url":"","contentUrl":"","caption":"Saln\u00e9s"},"image":{"@id":"https:\/\/www.destinosalnes.com\/es\/#\/schema\/logo\/image\/"},"sameAs":["https:\/\/es-es.facebook.com\/mancomunidade.salnes","https:\/\/x.com\/infosalnes"]}]}},"_links":{"self":[{"href":"https:\/\/www.destinosalnes.com\/de\/wp-json\/wp\/v2\/pages\/105483","targetHints":{"allow":["GET"]}}],"collection":[{"href":"https:\/\/www.destinosalnes.com\/de\/wp-json\/wp\/v2\/pages"}],"about":[{"href":"https:\/\/www.destinosalnes.com\/de\/wp-json\/wp\/v2\/types\/page"}],"author":[{"embeddable":true,"href":"https:\/\/www.destinosalnes.com\/de\/wp-json\/wp\/v2\/users\/42"}],"replies":[{"embeddable":true,"href":"https:\/\/www.destinosalnes.com\/de\/wp-json\/wp\/v2\/comments?post=105483"}],"version-history":[{"count":7,"href":"https:\/\/www.destinosalnes.com\/de\/wp-json\/wp\/v2\/pages\/105483\/revisions"}],"predecessor-version":[{"id":140986,"href":"https:\/\/www.destinosalnes.com\/de\/wp-json\/wp\/v2\/pages\/105483\/revisions\/140986"}],"wp:attachment":[{"href":"https:\/\/www.destinosalnes.com\/de\/wp-json\/wp\/v2\/media?parent=105483"}],"wp:term":[{"taxonomy":"category","embeddable":true,"href":"https:\/\/www.destinosalnes.com\/de\/wp-json\/wp\/v2\/categories?post=105483"},{"taxonomy":"post_tag","embeddable":true,"href":"https:\/\/www.destinosalnes.com\/de\/wp-json\/wp\/v2\/tags?post=105483"}],"curies":[{"name":"wp","href":"https:\/\/api.w.org\/{rel}","templated":true}]}}