{"id":105457,"date":"2024-04-18T11:19:53","date_gmt":"2024-04-18T11:19:53","guid":{"rendered":"https:\/\/www.destinosalnes.com\/ogrove-aviso-legal\/"},"modified":"2024-11-26T14:23:10","modified_gmt":"2024-11-26T13:23:10","slug":"ogrove-aviso-legal","status":"publish","type":"page","link":"https:\/\/www.destinosalnes.com\/de\/ogrove-aviso-legal\/","title":{"rendered":"Rechtliche Warnung"},"content":{"rendered":"\t\t<div data-elementor-type=\"wp-page\" data-elementor-id=\"105457\" class=\"elementor elementor-105457 elementor-99004\" data-elementor-post-type=\"page\">\n\t\t\t\t\t\t<section class=\"elementor-section elementor-top-section elementor-element elementor-element-29df1dcf elementor-section-full_width Portada elementor-section-height-default elementor-section-height-default\" data-id=\"29df1dcf\" data-element_type=\"section\">\n\t\t\t\t\t\t<div class=\"elementor-container elementor-column-gap-default\">\n\t\t\t\t\t<div class=\"elementor-column elementor-col-100 elementor-top-column elementor-element elementor-element-1c1e8480\" data-id=\"1c1e8480\" data-element_type=\"column\">\n\t\t\t<div class=\"elementor-widget-wrap elementor-element-populated\">\n\t\t\t\t\t\t<div class=\"elementor-element elementor-element-3ccf7630 Cabecera elementor--h-position-center elementor--v-position-middle elementor-widget elementor-widget-slides\" data-id=\"3ccf7630\" data-element_type=\"widget\" data-settings=\"{&quot;navigation&quot;:&quot;none&quot;,&quot;_animation&quot;:&quot;none&quot;,&quot;autoplay&quot;:&quot;yes&quot;,&quot;pause_on_hover&quot;:&quot;yes&quot;,&quot;pause_on_interaction&quot;:&quot;yes&quot;,&quot;autoplay_speed&quot;:5000,&quot;infinite&quot;:&quot;yes&quot;,&quot;transition&quot;:&quot;slide&quot;,&quot;transition_speed&quot;:500}\" data-widget_type=\"slides.default\">\n\t\t\t\t<div class=\"elementor-widget-container\">\n\t\t\t<style>.elementor-slides .swiper-slide-bg{background-size:cover;background-position:50%;background-repeat:no-repeat;min-width:100%;min-height:100%}.elementor-slides .swiper-slide-inner{background-repeat:no-repeat;background-position:50%;position:absolute;top:0;left:0;bottom:0;right:0;padding:50px;margin:auto}.elementor-slides .swiper-slide-inner,.elementor-slides .swiper-slide-inner:hover{color:#fff;display:flex}.elementor-slides .swiper-slide-inner .elementor-background-overlay{position:absolute;z-index:0;top:0;bottom:0;left:0;right:0}.elementor-slides .swiper-slide-inner .elementor-slide-content{position:relative;z-index:1;width:100%}.elementor-slides .swiper-slide-inner .elementor-slide-heading{font-size:35px;font-weight:700;line-height:1}.elementor-slides .swiper-slide-inner .elementor-slide-description{font-size:17px;line-height:1.4}.elementor-slides .swiper-slide-inner .elementor-slide-description:not(:last-child),.elementor-slides .swiper-slide-inner .elementor-slide-heading:not(:last-child){margin-bottom:30px}.elementor-slides .swiper-slide-inner .elementor-slide-button{border:2px solid #fff;color:#fff;background:transparent;display:inline-block}.elementor-slides .swiper-slide-inner .elementor-slide-button,.elementor-slides .swiper-slide-inner .elementor-slide-button:hover{background:transparent;color:inherit;text-decoration:none}.elementor--v-position-top .swiper-slide-inner{align-items:flex-start}.elementor--v-position-bottom .swiper-slide-inner{align-items:flex-end}.elementor--v-position-middle .swiper-slide-inner{align-items:center}.elementor--h-position-left .swiper-slide-inner{justify-content:flex-start}.elementor--h-position-right .swiper-slide-inner{justify-content:flex-end}.elementor--h-position-center .swiper-slide-inner{justify-content:center}body.rtl .elementor-widget-slides .elementor-swiper-button-next{left:10px;right:auto}body.rtl .elementor-widget-slides .elementor-swiper-button-prev{right:10px;left:auto}.elementor-slides-wrapper div:not(.swiper-slide)>.swiper-slide-inner{display:none}@media (max-width:767px){.elementor-slides .swiper-slide-inner{padding:30px}.elementor-slides .swiper-slide-inner .elementor-slide-heading{font-size:23px;line-height:1;margin-bottom:15px}.elementor-slides .swiper-slide-inner .elementor-slide-description{font-size:13px;line-height:1.4;margin-bottom:15px}}<\/style>\t\t<div class=\"elementor-swiper\">\n\t\t\t<div class=\"elementor-slides-wrapper elementor-main-swiper swiper\" dir=\"ltr\" data-animation=\"\">\n\t\t\t\t<div class=\"swiper-wrapper elementor-slides\">\n\t\t\t\t\t\t\t\t\t\t<div class=\"elementor-repeater-item-f15b013 swiper-slide\"><div class=\"swiper-slide-bg\" role=\"img\"><\/div><div class=\"elementor-background-overlay\"><\/div><div class=\"swiper-slide-inner\" ><div class=\"swiper-slide-contents\"><\/div><\/div><\/div>\t\t\t\t<\/div>\n\t\t\t\t\t\t\t<\/div>\n\t\t<\/div>\n\t\t\t\t<\/div>\n\t\t\t\t<\/div>\n\t\t\t\t\t<\/div>\n\t\t<\/div>\n\t\t\t\t\t<\/div>\n\t\t<\/section>\n\t\t\t\t<section class=\"elementor-section elementor-top-section elementor-element elementor-element-28e682f1 elementor-section-full_width elementor-section-height-default elementor-section-height-default\" data-id=\"28e682f1\" data-element_type=\"section\">\n\t\t\t\t\t\t<div class=\"elementor-container elementor-column-gap-default\">\n\t\t\t\t\t<div class=\"elementor-column elementor-col-100 elementor-top-column elementor-element elementor-element-21dcaa24\" data-id=\"21dcaa24\" data-element_type=\"column\">\n\t\t\t<div class=\"elementor-widget-wrap elementor-element-populated\">\n\t\t\t\t\t\t<div class=\"elementor-element elementor-element-641ddcda elementor-widget elementor-widget-breadcrumbs\" data-id=\"641ddcda\" data-element_type=\"widget\" data-widget_type=\"breadcrumbs.default\">\n\t\t\t\t<div class=\"elementor-widget-container\">\n\t\t\t<link rel=\"stylesheet\" href=\"https:\/\/www.destinosalnes.com\/wp-content\/plugins\/elementor-pro\/assets\/css\/widget-theme-elements.min.css\"><p id=\"breadcrumbs\"><nav class=\"yoast-breadcrumb\" role=\"navigation\" aria-label=\"Breadcrumb\"><span><span><a href=\"https:\/\/www.destinosalnes.com\/es\/\">Saln\u00e9s<\/a><\/span><\/span><\/nav><\/p>\t\t<\/div>\n\t\t\t\t<\/div>\n\t\t\t\t\t<\/div>\n\t\t<\/div>\n\t\t\t\t\t<\/div>\n\t\t<\/section>\n\t\t\t\t<section class=\"elementor-section elementor-top-section elementor-element elementor-element-7a9b41ad elementor-section-full_width elementor-section-height-default elementor-section-height-default\" data-id=\"7a9b41ad\" data-element_type=\"section\">\n\t\t\t\t\t\t<div class=\"elementor-container elementor-column-gap-default\">\n\t\t\t\t\t<div class=\"elementor-column elementor-col-100 elementor-top-column elementor-element elementor-element-12abab4\" data-id=\"12abab4\" data-element_type=\"column\">\n\t\t\t<div class=\"elementor-widget-wrap elementor-element-populated\">\n\t\t\t\t\t\t<div class=\"elementor-element elementor-element-346f2d40 elementor-widget elementor-widget-text-editor\" data-id=\"346f2d40\" data-element_type=\"widget\" data-widget_type=\"text-editor.default\">\n\t\t\t\t<div class=\"elementor-widget-container\">\n\t\t\t<style>\/*! elementor - v3.20.0 - 11-03-2024 *\/\n.elementor-widget-text-editor.elementor-drop-cap-view-stacked .elementor-drop-cap{background-color:#69727d;color:#fff}.elementor-widget-text-editor.elementor-drop-cap-view-framed .elementor-drop-cap{color:#69727d;border:3px solid;background-color:transparent}.elementor-widget-text-editor:not(.elementor-drop-cap-view-default) .elementor-drop-cap{margin-top:8px}.elementor-widget-text-editor:not(.elementor-drop-cap-view-default) .elementor-drop-cap-letter{width:1em;height:1em}.elementor-widget-text-editor .elementor-drop-cap{float:left;text-align:center;line-height:1;font-size:50px}.elementor-widget-text-editor .elementor-drop-cap-letter{display:inline-block}<\/style>\t\t\t\t<p class=\"gt-block\"><strong>Unternehmensdaten<\/strong><\/p>\n<p>In \u00dcbereinstimmung mit Artikel 10 des Gesetzes 34\/2002 vom 11. Juli \u00fcber Dienste der Informationsgesellschaft und elektronischen Handel teilt Ihnen TURISMO DE SANXENXO SL mit, dass es im Handelsregister von Pontevedra \u2013 Band 3111 \u2013 Blatt 30 \u2013 Blatt PO-38164 eingetragen ist , seine identifizierenden Daten sind die folgenden:<\/p>\n<ul>\n<li>Firmenname: TURISMO DE SANXENXO SL<\/li>\n<li>CIF: B-36.588.887<\/li>\n<li>Eingetragener Sitz: R\u00faa Madrid, 1 \u2013 36960 Sanxenxo \u2013 Pontevedra \u2013 Spanien<\/li>\n<li>Telefon: 986 720 285<\/li>\n<li>E-Mail f\u00fcr Kommunikationszwecke: info@turismodesanxenxo.com<\/li>\n<\/ul>\n<p>Alle Benachrichtigungen und Mitteilungen zwischen Benutzern und TURISMO DE SANXENXO SL gelten f\u00fcr alle Zwecke als wirksam, wenn sie per Post oder auf andere oben beschriebene Weise erfolgen.<\/p>\n<p>\u00a0<\/p>\n<p class=\"gt-block\"><strong>ZUGANGS- UND NUTZUNGSBEDINGUNGEN<\/strong><\/p>\n<p>Dieser rechtliche Hinweis regelt die Nutzung der Website www.turismodesanxenxo.com (im Folgenden DIE WEBSITE), die Eigentum von TURISMO DE SANXENXO SL ist.<\/p>\n<p>Durch das Surfen auf der Website von TURISMO DE SANXENXO SL erhalten Sie den Status eines Benutzers und implizieren die vollst\u00e4ndige und vorbehaltlose Annahme aller in diesem rechtlichen Hinweis enthaltenen Bestimmungen, die ge\u00e4ndert werden k\u00f6nnen.<\/p>\n<p>Die Website und ihre Dienste sind frei zug\u00e4nglich, allerdings setzt TURISMO DE SANXENXO SL die Nutzung einiger der auf seiner Website angebotenen Dienste von der vorherigen Ausf\u00fcllung des entsprechenden Formulars abh\u00e4ngig.<\/p>\n<p>Alle Inhalte der Website, wie Texte, Fotos, Grafiken, Bilder, Symbole, Technologie, Software sowie deren Design und Quellcodes, stellen ein Werk dar, dessen Eigentum TURISMO DE SANXENXO SL geh\u00f6rt, und keiner von ihnen kann verstanden werden als auf den Nutzer \u00fcbertragene Nutzungsrechte \u00fcber das f\u00fcr die ordnungsgem\u00e4\u00dfe Nutzung der Website unbedingt erforderliche Ma\u00df hinaus \u00fcbertragen.<\/p>\n<p>Der Nutzer garantiert die Authentizit\u00e4t und Aktualit\u00e4t aller an TURISMO DE SANXENXO SL \u00fcbermittelten Daten und tr\u00e4gt die alleinige Verantwortung f\u00fcr etwaige falsche oder ungenaue Angaben.<\/p>\n<p>Der Nutzer verpflichtet sich, die Website in \u00dcbereinstimmung mit den Gesetzen, Treu und Glauben, der \u00f6ffentlichen Ordnung, den Verkehrspraktiken und diesem rechtlichen Hinweis ordnungsgem\u00e4\u00df zu nutzen. Der Nutzer haftet gegen\u00fcber TURISMO DE SANXENXO SL oder Dritten f\u00fcr alle Sch\u00e4den, die durch die Nichteinhaltung dieser Verpflichtung entstehen k\u00f6nnen.<\/p>\n<p>\u00a0<\/p>\n<p class=\"gt-block\"><strong>LINK-RICHTLINIEN UND HAFTUNGSAUSSCHLUSS<\/strong><\/p>\n<p>TURISMO DE SANXENXO SL ist nicht verantwortlich f\u00fcr den Inhalt der Webseiten, auf die der Benutzer \u00fcber die auf DER WEBSITE eingerichteten Links zugreifen kann, und erkl\u00e4rt, dass es in keinem Fall den Inhalt anderer Webseiten pr\u00fcfen oder irgendeine Art von Kontrolle dar\u00fcber aus\u00fcben wird . Ebenso \u00fcbernimmt sie keine Gew\u00e4hr f\u00fcr die technische Verf\u00fcgbarkeit, Genauigkeit, Wahrhaftigkeit, G\u00fcltigkeit oder Rechtm\u00e4\u00dfigkeit von Seiten, die nicht ihr Eigentum sind und auf die \u00fcber die Links zugegriffen werden kann.<\/p>\n<p>TURISMO DE SANXENXO SL erkl\u00e4rt, alle notwendigen Ma\u00dfnahmen ergriffen zu haben, um Sch\u00e4den zu vermeiden, die den Benutzern der WEBSITE durch das Surfen auf der Website entstehen k\u00f6nnten. Folglich ist TURISMO DE SANXENXO SL in keinem Fall f\u00fcr Sch\u00e4den verantwortlich, die dem Benutzer durch das Surfen im Internet entstehen k\u00f6nnten.<\/p>\n<p>\u00a0<\/p>\n<p class=\"gt-block\"><strong>VERWENDUNG VON COOKIES UND STATISTISCHEN DATEN<\/strong><\/p>\n<p class=\"gt-block\">Diese Website kann mithilfe von Cookies Daten von ihren Besuchern sammeln. Konsultieren Sie die\u00a0\u00a0<a href=\"https:\/\/www.turismodesanxenxo.com\/politica-de-cookies\/\"><strong><u>Cookie-Politik<\/u><\/strong><\/a>\u00a0in Ihrem Herbst.<\/p>\n<p>Der Nutzer hat die M\u00f6glichkeit, seinen Browser so zu konfigurieren, dass er \u00fcber den Empfang von Cookies informiert wird und auf Wunsch die Installation dieser Cookies auf seiner Festplatte verhindern kann.<\/p>\n<p>\u00a0<\/p>\n<p class=\"gt-block\"><strong>DATENSCHUTZ<\/strong><\/p>\n<p class=\"gt-block\">F\u00fcr den Fall, dass auf der Website personenbezogene Daten erhoben werden, finden Sie weitere Informationen im\u00a0\u00a0<a href=\"https:\/\/www.turismodesanxenxo.com\/politica-de-privacidad\/\"><strong><u>Datenschutz<\/u><\/strong><\/a>.<\/p>\n\t\t\t\t\t\t<\/div>\n\t\t\t\t<\/div>\n\t\t\t\t\t<\/div>\n\t\t<\/div>\n\t\t\t\t\t<\/div>\n\t\t<\/section>\n\t\t\t\t<\/div>\n\t\t","protected":false},"excerpt":{"rendered":"","protected":false},"author":42,"featured_media":0,"parent":0,"menu_order":0,"comment_status":"closed","ping_status":"closed","template":"","meta":{"_acf_changed":false,"footnotes":""},"categories":[618],"tags":[],"class_list":["post-105457","page","type-page","status-publish","hentry","category-sanxenxo-de"],"acf":{"texto":"<p class=\"gt-block\"><strong>Unternehmensdaten<\/strong><\/p>\r\nIn \u00dcbereinstimmung mit Artikel 10 des Gesetzes 34\/2002 vom 11. Juli \u00fcber Dienste der Informationsgesellschaft und elektronischen Handel teilt Ihnen TURISMO DE SANXENXO SL mit, dass es im Handelsregister von Pontevedra \u2013 Band 3111 \u2013 Blatt 30 \u2013 Blatt PO-38164 eingetragen ist , seine identifizierenden Daten sind die folgenden:\r\n<ul>\r\n \t<li>Firmenname: TURISMO DE SANXENXO SL<\/li>\r\n \t<li>CIF: B-36.588.887<\/li>\r\n \t<li>Eingetragener Sitz: R\u00faa Madrid, 1 \u2013 36960 Sanxenxo \u2013 Pontevedra \u2013 Spanien<\/li>\r\n \t<li>Telefon: 986 720 285<\/li>\r\n \t<li>E-Mail f\u00fcr Kommunikationszwecke: info@turismodesanxenxo.com<\/li>\r\n<\/ul>\r\nAlle Benachrichtigungen und Mitteilungen zwischen Benutzern und TURISMO DE SANXENXO SL gelten f\u00fcr alle Zwecke als wirksam, wenn sie per Post oder auf andere oben beschriebene Weise erfolgen.\r\n\r\n\u00a0\r\n<p class=\"gt-block\"><strong>ZUGANGS- UND NUTZUNGSBEDINGUNGEN<\/strong><\/p>\r\nDieser rechtliche Hinweis regelt die Nutzung der Website www.turismodesanxenxo.com (im Folgenden DIE WEBSITE), die Eigentum von TURISMO DE SANXENXO SL ist.\r\n\r\nDurch das Surfen auf der Website von TURISMO DE SANXENXO SL erhalten Sie den Status eines Benutzers und implizieren die vollst\u00e4ndige und vorbehaltlose Annahme aller in diesem rechtlichen Hinweis enthaltenen Bestimmungen, die ge\u00e4ndert werden k\u00f6nnen.\r\n\r\nDie Website und ihre Dienste sind frei zug\u00e4nglich, allerdings setzt TURISMO DE SANXENXO SL die Nutzung einiger der auf seiner Website angebotenen Dienste von der vorherigen Ausf\u00fcllung des entsprechenden Formulars abh\u00e4ngig.\r\n\r\nAlle Inhalte der Website, wie Texte, Fotos, Grafiken, Bilder, Symbole, Technologie, Software sowie deren Design und Quellcodes, stellen ein Werk dar, dessen Eigentum TURISMO DE SANXENXO SL geh\u00f6rt, und keiner von ihnen kann verstanden werden als auf den Nutzer \u00fcbertragene Nutzungsrechte \u00fcber das f\u00fcr die ordnungsgem\u00e4\u00dfe Nutzung der Website unbedingt erforderliche Ma\u00df hinaus \u00fcbertragen.\r\n\r\nDer Nutzer garantiert die Authentizit\u00e4t und Aktualit\u00e4t aller an TURISMO DE SANXENXO SL \u00fcbermittelten Daten und tr\u00e4gt die alleinige Verantwortung f\u00fcr etwaige falsche oder ungenaue Angaben.\r\n\r\nDer Nutzer verpflichtet sich, die Website in \u00dcbereinstimmung mit den Gesetzen, Treu und Glauben, der \u00f6ffentlichen Ordnung, den Verkehrspraktiken und diesem rechtlichen Hinweis ordnungsgem\u00e4\u00df zu nutzen. Der Nutzer haftet gegen\u00fcber TURISMO DE SANXENXO SL oder Dritten f\u00fcr alle Sch\u00e4den, die durch die Nichteinhaltung dieser Verpflichtung entstehen k\u00f6nnen.\r\n\r\n\u00a0\r\n<p class=\"gt-block\"><strong>LINK-RICHTLINIEN UND HAFTUNGSAUSSCHLUSS<\/strong><\/p>\r\nTURISMO DE SANXENXO SL ist nicht verantwortlich f\u00fcr den Inhalt der Webseiten, auf die der Benutzer \u00fcber die auf DER WEBSITE eingerichteten Links zugreifen kann, und erkl\u00e4rt, dass es in keinem Fall den Inhalt anderer Webseiten pr\u00fcfen oder irgendeine Art von Kontrolle dar\u00fcber aus\u00fcben wird . Ebenso \u00fcbernimmt sie keine Gew\u00e4hr f\u00fcr die technische Verf\u00fcgbarkeit, Genauigkeit, Wahrhaftigkeit, G\u00fcltigkeit oder Rechtm\u00e4\u00dfigkeit von Seiten, die nicht ihr Eigentum sind und auf die \u00fcber die Links zugegriffen werden kann.\r\n\r\nTURISMO DE SANXENXO SL erkl\u00e4rt, alle notwendigen Ma\u00dfnahmen ergriffen zu haben, um Sch\u00e4den zu vermeiden, die den Benutzern der WEBSITE durch das Surfen auf der Website entstehen k\u00f6nnten. Folglich ist TURISMO DE SANXENXO SL in keinem Fall f\u00fcr Sch\u00e4den verantwortlich, die dem Benutzer durch das Surfen im Internet entstehen k\u00f6nnten.\r\n\r\n\u00a0\r\n<p class=\"gt-block\"><strong>VERWENDUNG VON COOKIES UND STATISTISCHEN DATEN<\/strong><\/p>\r\n<p class=\"gt-block\">Diese Website kann mithilfe von Cookies Daten von ihren Besuchern sammeln. Konsultieren Sie die\u00a0\u00a0<a href=\"https:\/\/www.turismodesanxenxo.com\/politica-de-cookies\/\"><strong><u>Cookie-Politik<\/u><\/strong><\/a>\u00a0in Ihrem Herbst.<\/p>\r\nDer Nutzer hat die M\u00f6glichkeit, seinen Browser so zu konfigurieren, dass er \u00fcber den Empfang von Cookies informiert wird und auf Wunsch die Installation dieser Cookies auf seiner Festplatte verhindern kann.\r\n\r\n\u00a0\r\n<p class=\"gt-block\"><strong>DATENSCHUTZ<\/strong><\/p>\r\n<p class=\"gt-block\">F\u00fcr den Fall, dass auf der Website personenbezogene Daten erhoben werden, finden Sie weitere Informationen im\u00a0\u00a0<a href=\"https:\/\/www.turismodesanxenxo.com\/politica-de-privacidad\/\"><strong><u>Datenschutz<\/u><\/strong><\/a>.<\/p>"},"yoast_head":"<!-- This site is optimized with the Yoast SEO plugin v23.9 - https:\/\/yoast.com\/wordpress\/plugins\/seo\/ -->\n<title>Rechtliche Warnung - Saln\u00e9s<\/title>\n<meta name=\"description\" content=\"&quot;El aviso legal de nuestra web proporciona informaci\u00f3n sobre el propietario del sitio y las condiciones de uso para los visitantes.&quot;\" \/>\n<meta name=\"robots\" content=\"index, follow, max-snippet:-1, max-image-preview:large, max-video-preview:-1\" \/>\n<link rel=\"canonical\" href=\"https:\/\/www.destinosalnes.com\/en\/ogrove-aviso-legal\/\" \/>\n<script type=\"application\/ld+json\" class=\"yoast-schema-graph\">{\"@context\":\"https:\/\/schema.org\",\"@graph\":[{\"@type\":\"WebPage\",\"@id\":\"https:\/\/www.destinosalnes.com\/en\/ogrove-aviso-legal\/\",\"url\":\"https:\/\/www.destinosalnes.com\/en\/ogrove-aviso-legal\/\",\"name\":\"Rechtliche Warnung - Saln\u00e9s\",\"isPartOf\":{\"@id\":\"https:\/\/www.destinosalnes.com\/es\/#website\"},\"datePublished\":\"2024-04-18T11:19:53+00:00\",\"dateModified\":\"2024-11-26T13:23:10+00:00\",\"description\":\"\\\"El aviso legal de nuestra web proporciona informaci\u00f3n sobre el propietario del sitio y las condiciones de uso para los visitantes.\\\"\",\"breadcrumb\":{\"@id\":\"https:\/\/www.destinosalnes.com\/en\/ogrove-aviso-legal\/#breadcrumb\"},\"inLanguage\":\"de\",\"potentialAction\":[{\"@type\":\"ReadAction\",\"target\":[\"https:\/\/www.destinosalnes.com\/en\/ogrove-aviso-legal\/\"]}]},{\"@type\":\"BreadcrumbList\",\"@id\":\"https:\/\/www.destinosalnes.com\/en\/ogrove-aviso-legal\/#breadcrumb\",\"itemListElement\":[{\"@type\":\"ListItem\",\"position\":1,\"name\":\"Saln\u00e9s\",\"item\":\"https:\/\/www.destinosalnes.com\/es\/\"},{\"@type\":\"ListItem\",\"position\":2,\"name\":\"Sanxenxo\",\"item\":\"https:\/\/www.destinosalnes.com\/en\/category\/sanxenxo-en\/\"},{\"@type\":\"ListItem\",\"position\":3,\"name\":\"Rechtliche Warnung\"}]},{\"@type\":\"WebSite\",\"@id\":\"https:\/\/www.destinosalnes.com\/es\/#website\",\"url\":\"https:\/\/www.destinosalnes.com\/es\/\",\"name\":\"Saln\u00e9s\",\"description\":\"\",\"publisher\":{\"@id\":\"https:\/\/www.destinosalnes.com\/es\/#organization\"},\"potentialAction\":[{\"@type\":\"SearchAction\",\"target\":{\"@type\":\"EntryPoint\",\"urlTemplate\":\"https:\/\/www.destinosalnes.com\/es\/?s={search_term_string}\"},\"query-input\":{\"@type\":\"PropertyValueSpecification\",\"valueRequired\":true,\"valueName\":\"search_term_string\"}}],\"inLanguage\":\"de\"},{\"@type\":\"Organization\",\"@id\":\"https:\/\/www.destinosalnes.com\/es\/#organization\",\"name\":\"Saln\u00e9s\",\"url\":\"https:\/\/www.destinosalnes.com\/es\/\",\"logo\":{\"@type\":\"ImageObject\",\"inLanguage\":\"de\",\"@id\":\"https:\/\/www.destinosalnes.com\/es\/#\/schema\/logo\/image\/\",\"url\":\"\",\"contentUrl\":\"\",\"caption\":\"Saln\u00e9s\"},\"image\":{\"@id\":\"https:\/\/www.destinosalnes.com\/es\/#\/schema\/logo\/image\/\"},\"sameAs\":[\"https:\/\/es-es.facebook.com\/mancomunidade.salnes\",\"https:\/\/x.com\/infosalnes\"]}]}<\/script>\n<!-- \/ Yoast SEO plugin. -->","yoast_head_json":{"title":"Rechtliche Warnung - Saln\u00e9s","description":"\"El aviso legal de nuestra web proporciona informaci\u00f3n sobre el propietario del sitio y las condiciones de uso para los visitantes.\"","robots":{"index":"index","follow":"follow","max-snippet":"max-snippet:-1","max-image-preview":"max-image-preview:large","max-video-preview":"max-video-preview:-1"},"canonical":"https:\/\/www.destinosalnes.com\/en\/ogrove-aviso-legal\/","schema":{"@context":"https:\/\/schema.org","@graph":[{"@type":"WebPage","@id":"https:\/\/www.destinosalnes.com\/en\/ogrove-aviso-legal\/","url":"https:\/\/www.destinosalnes.com\/en\/ogrove-aviso-legal\/","name":"Rechtliche Warnung - Saln\u00e9s","isPartOf":{"@id":"https:\/\/www.destinosalnes.com\/es\/#website"},"datePublished":"2024-04-18T11:19:53+00:00","dateModified":"2024-11-26T13:23:10+00:00","description":"\"El aviso legal de nuestra web proporciona informaci\u00f3n sobre el propietario del sitio y las condiciones de uso para los visitantes.\"","breadcrumb":{"@id":"https:\/\/www.destinosalnes.com\/en\/ogrove-aviso-legal\/#breadcrumb"},"inLanguage":"de","potentialAction":[{"@type":"ReadAction","target":["https:\/\/www.destinosalnes.com\/en\/ogrove-aviso-legal\/"]}]},{"@type":"BreadcrumbList","@id":"https:\/\/www.destinosalnes.com\/en\/ogrove-aviso-legal\/#breadcrumb","itemListElement":[{"@type":"ListItem","position":1,"name":"Saln\u00e9s","item":"https:\/\/www.destinosalnes.com\/es\/"},{"@type":"ListItem","position":2,"name":"Sanxenxo","item":"https:\/\/www.destinosalnes.com\/en\/category\/sanxenxo-en\/"},{"@type":"ListItem","position":3,"name":"Rechtliche Warnung"}]},{"@type":"WebSite","@id":"https:\/\/www.destinosalnes.com\/es\/#website","url":"https:\/\/www.destinosalnes.com\/es\/","name":"Saln\u00e9s","description":"","publisher":{"@id":"https:\/\/www.destinosalnes.com\/es\/#organization"},"potentialAction":[{"@type":"SearchAction","target":{"@type":"EntryPoint","urlTemplate":"https:\/\/www.destinosalnes.com\/es\/?s={search_term_string}"},"query-input":{"@type":"PropertyValueSpecification","valueRequired":true,"valueName":"search_term_string"}}],"inLanguage":"de"},{"@type":"Organization","@id":"https:\/\/www.destinosalnes.com\/es\/#organization","name":"Saln\u00e9s","url":"https:\/\/www.destinosalnes.com\/es\/","logo":{"@type":"ImageObject","inLanguage":"de","@id":"https:\/\/www.destinosalnes.com\/es\/#\/schema\/logo\/image\/","url":"","contentUrl":"","caption":"Saln\u00e9s"},"image":{"@id":"https:\/\/www.destinosalnes.com\/es\/#\/schema\/logo\/image\/"},"sameAs":["https:\/\/es-es.facebook.com\/mancomunidade.salnes","https:\/\/x.com\/infosalnes"]}]}},"_links":{"self":[{"href":"https:\/\/www.destinosalnes.com\/de\/wp-json\/wp\/v2\/pages\/105457","targetHints":{"allow":["GET"]}}],"collection":[{"href":"https:\/\/www.destinosalnes.com\/de\/wp-json\/wp\/v2\/pages"}],"about":[{"href":"https:\/\/www.destinosalnes.com\/de\/wp-json\/wp\/v2\/types\/page"}],"author":[{"embeddable":true,"href":"https:\/\/www.destinosalnes.com\/de\/wp-json\/wp\/v2\/users\/42"}],"replies":[{"embeddable":true,"href":"https:\/\/www.destinosalnes.com\/de\/wp-json\/wp\/v2\/comments?post=105457"}],"version-history":[{"count":3,"href":"https:\/\/www.destinosalnes.com\/de\/wp-json\/wp\/v2\/pages\/105457\/revisions"}],"predecessor-version":[{"id":135806,"href":"https:\/\/www.destinosalnes.com\/de\/wp-json\/wp\/v2\/pages\/105457\/revisions\/135806"}],"wp:attachment":[{"href":"https:\/\/www.destinosalnes.com\/de\/wp-json\/wp\/v2\/media?parent=105457"}],"wp:term":[{"taxonomy":"category","embeddable":true,"href":"https:\/\/www.destinosalnes.com\/de\/wp-json\/wp\/v2\/categories?post=105457"},{"taxonomy":"post_tag","embeddable":true,"href":"https:\/\/www.destinosalnes.com\/de\/wp-json\/wp\/v2\/tags?post=105457"}],"curies":[{"name":"wp","href":"https:\/\/api.w.org\/{rel}","templated":true}]}}