{"id":104022,"date":"2024-04-17T10:48:05","date_gmt":"2024-04-17T10:48:05","guid":{"rendered":"https:\/\/www.destinosalnes.com\/sanxenxo-3-dias\/"},"modified":"2025-11-03T16:49:16","modified_gmt":"2025-11-03T15:49:16","slug":"sanxenxo-3-dias","status":"publish","type":"page","link":"https:\/\/www.destinosalnes.com\/de\/sanxenxo-3-dias\/","title":{"rendered":"3 Tage in Sanxenxo"},"content":{"rendered":"<p>Das d\u00fcrfen Sie nicht verpassen:<\/p>\n<p>\t\t\t<a role=\"button\"><br \/>\n\t\t\t\t\t<\/a><\/p>\n<p><strong>Sie k\u00f6nnen nicht verfehlen<\/strong>:<\/p>\n<p>\t\t\t<a role=\"button\"><br \/>\n\t\t\t\t\t<\/a><\/p>\n<p><strong>Sie k\u00f6nnen nicht verfehlen<\/strong>:<\/p>\n<h2>Das k\u00f6nnte Sie auch interessieren<\/h2>\n<p>\n\t\t\t\t\t\tReisef\u00fchrer und Karten\n\t\t\t\t<\/p>\n<p>\n\t\t\t\t\t\tWo sollen wir essen\n\t\t\t\t<\/p>\n<p>\n\t\t\t\t\t\tWo \u00fcbernachten\n\t\t\t\t<\/p>\n<p>\n\t\t\t\t\t\tWie kommt man\n\t\t\t\t<\/p>\n","protected":false},"excerpt":{"rendered":"<p>Planes para que cada d\u00eda aqu\u00ed sea verdaderamente especial.<\/p>\n","protected":false},"author":42,"featured_media":86760,"parent":0,"menu_order":0,"comment_status":"closed","ping_status":"closed","template":"","meta":{"_acf_changed":false,"footnotes":""},"categories":[618,1161],"tags":[],"class_list":["post-104022","page","type-page","status-publish","has-post-thumbnail","hentry","category-sanxenxo-de","category-sanxenxo-in-3-tagen"],"acf":{"titulo_dia_1":"<strong>Tag 1: Agrotourismus und l\u00e4ndlicher Tourismus.<\/strong>","descripcion_dia_1":"Die Tour beginnt am Mirador de A Granxa und f\u00fchrt weiter durch die Kirche von Dorr\u00f3n, Mirador do Alto de Dorr\u00f3n, Pazo Berm\u00fadez de la Maza, O Outeiro, Molinos de Dorr\u00f3n, Kirche von Bord\u00f3ns, Aldea de Bord\u00f3ns, Con da Ventureira und Chan da Gorita und Aldariz Carballos Route.","no_te_puedes_perder:_dia_1":"Die letzten zwei Wochen im Juli: Mui\u00f1ada in Dorr\u00f3n.\r\nFesta labrega de Bord\u00f3ns in der letzten Augusth\u00e4lfte.\r\nErntefest von Dorr\u00f3n, erste Oktoberh\u00e4lfte. Spezifische Termine je nach Jahr.","caracteristicas_dia_1":"<p class=\"gt-block\"><strong>Mobilit\u00e4t:<\/strong> zu Fu\u00df, mit dem Fahrrad oder mit dem Auto.<\/p>\r\n<p class=\"gt-block\"><strong>Gehzeit:<\/strong> 1,5 Stunden (einfache Strecke).<\/p>\r\n<p class=\"gt-block\"><strong>Schwierigkeit:<\/strong> mittel<\/p>","titulo_dia_2":"<strong>Tag 2: Sanxenxo und Portonovo (Seetourismus).<\/strong>","descripcion_dia_2":"Die Tour beginnt am Mirador Palacios und f\u00fchrt weiter durch Panadeira, Puerto Deportivo Juan Carlos I, die Kirche San Gin\u00e9s, das Stadtzentrum von Sanxenxo, den Strand Silgar, Punta Vica\u00f1o, den Paseo de Playa de Baltar, die Innenstadt von Portonovo, die Plaza Portonovo, Puerto Pesquero de Portonovo, Mirador da Peixeira und endet in Punta Cabicastro.","texto_enlace_dia_2":"Verpassen Sie nicht die F\u00fchrung durch den Fischmarkt von Portonovo","url_enlace_dia_2":"https:\/\/www.destinosalnes.com\/de\/sanxenxo-lonxa-portonovo\/","caracteristicas_dia_2":"<p class=\"gt-block\"><strong>Mobilit\u00e4t:<\/strong> zu Fu\u00df..<\/p>\r\n<p class=\"gt-block\"><strong>Gehzeit:<\/strong> 2 Stunden (einfache Fahrt).<\/p>\r\n<p class=\"gt-block\"><strong>Schwierigkeit:<\/strong> einfach.<\/p>","titulo_dia_3":"<strong>Tag 3: Kultur- und Naturtourismus. Die Lanzada.<\/strong>","no_te_puedes_perder:_dia_2":"In der Saison fahren F\u00e4hren sowohl von Sanxenxo als auch von Portonovo zum Nationalpark der Atlantikinseln . Ein Besuch der Ons- und C\u00edes-Inseln ist ideal, um den Tag zu verbringen. Dort k\u00f6nnen wir Strand, Landschaft, Natur, Wanderwege genie\u00dfen\u2026","texto_enlace_dia_3":"Hier finden Sie Informationen \u00fcber die Lonja von Portonovo","url_enlace_dia_3":"https:\/\/www.destinosalnes.com\/de\/sanxenxo-lonxa-portonovo\/","descripcion_dia_3":"Die Tour beginnt an der arch\u00e4ologischen St\u00e4tte, f\u00fchrt weiter \u00fcber den Strand N\u00aa Se\u00f1ora da Lanzada, Ermida de N\u00aa Se\u00f1ora de la Lanzada Castro und Nekropole, Outeiro das Laspas Castro, Strand A Lanzada, die Lagunen von Rouxique, den Gezeitenkomplex As Telleiras\/Umia und endet in O Grove.","no_te_puedes_perder:_dia_3":"Romar\u00eda da Lanzada, das letzte Augustwoche.","caracteristicas_dia_3":"<p class=\"gt-block\"><strong>Mobilit\u00e4t:<\/strong> zu Fu\u00df oder mit dem Auto.<\/p>\r\n<p class=\"gt-block\"><strong>Gehzeit:<\/strong>\u00a02,5 Stunden (einfache Strecke).<\/p>\r\n<p class=\"gt-block\"><strong>Schwierigkeit:<\/strong>\u00a0halb<\/p>","galeria_de_imagenes":[90661,90667],"shortcode_del_mapa":"[wpgmza id=\"19\"]"},"yoast_head":"<!-- This site is optimized with the Yoast SEO plugin v23.9 - https:\/\/yoast.com\/wordpress\/plugins\/seo\/ -->\n<title>3 Tage in Sanxenxo - Saln\u00e9s<\/title>\n<meta name=\"description\" content=\"Ein 3-Tages-Plan, den Sie bei einem Besuch in Sanxenxo nicht verpassen d\u00fcrfen. Touren, Sehensw\u00fcrdigkeiten und vieles mehr.\" \/>\n<meta name=\"robots\" content=\"index, follow, max-snippet:-1, max-image-preview:large, max-video-preview:-1\" \/>\n<link rel=\"canonical\" href=\"https:\/\/www.destinosalnes.com\/es\/sanxenxo-3-dias\/\" \/>\n<script type=\"application\/ld+json\" class=\"yoast-schema-graph\">{\"@context\":\"https:\/\/schema.org\",\"@graph\":[{\"@type\":\"WebPage\",\"@id\":\"https:\/\/www.destinosalnes.com\/es\/sanxenxo-3-dias\/\",\"url\":\"https:\/\/www.destinosalnes.com\/es\/sanxenxo-3-dias\/\",\"name\":\"3 Tage in Sanxenxo - Saln\u00e9s\",\"isPartOf\":{\"@id\":\"https:\/\/www.destinosalnes.com\/es\/#website\"},\"primaryImageOfPage\":{\"@id\":\"https:\/\/www.destinosalnes.com\/es\/sanxenxo-3-dias\/#primaryimage\"},\"image\":{\"@id\":\"https:\/\/www.destinosalnes.com\/es\/sanxenxo-3-dias\/#primaryimage\"},\"thumbnailUrl\":\"https:\/\/www.destinosalnes.com\/wp-content\/uploads\/2024\/03\/Uvas.webp\",\"datePublished\":\"2024-04-17T10:48:05+00:00\",\"dateModified\":\"2025-11-03T15:49:16+00:00\",\"description\":\"Ein 3-Tages-Plan, den Sie bei einem Besuch in Sanxenxo nicht verpassen d\u00fcrfen. Touren, Sehensw\u00fcrdigkeiten und vieles mehr.\",\"breadcrumb\":{\"@id\":\"https:\/\/www.destinosalnes.com\/es\/sanxenxo-3-dias\/#breadcrumb\"},\"inLanguage\":\"de\",\"potentialAction\":[{\"@type\":\"ReadAction\",\"target\":[\"https:\/\/www.destinosalnes.com\/es\/sanxenxo-3-dias\/\"]}]},{\"@type\":\"ImageObject\",\"inLanguage\":\"de\",\"@id\":\"https:\/\/www.destinosalnes.com\/es\/sanxenxo-3-dias\/#primaryimage\",\"url\":\"https:\/\/www.destinosalnes.com\/wp-content\/uploads\/2024\/03\/Uvas.webp\",\"contentUrl\":\"https:\/\/www.destinosalnes.com\/wp-content\/uploads\/2024\/03\/Uvas.webp\",\"width\":1000,\"height\":667,\"caption\":\"Weintourismus\"},{\"@type\":\"BreadcrumbList\",\"@id\":\"https:\/\/www.destinosalnes.com\/es\/sanxenxo-3-dias\/#breadcrumb\",\"itemListElement\":[{\"@type\":\"ListItem\",\"position\":1,\"name\":\"Saln\u00e9s\",\"item\":\"https:\/\/www.destinosalnes.com\/es\/\"},{\"@type\":\"ListItem\",\"position\":2,\"name\":\"Sanxenxo\",\"item\":\"https:\/\/www.destinosalnes.com\/es\/category\/sanxenxo\/\"},{\"@type\":\"ListItem\",\"position\":3,\"name\":\"3 Tage in Sanxenxo\"}]},{\"@type\":\"WebSite\",\"@id\":\"https:\/\/www.destinosalnes.com\/es\/#website\",\"url\":\"https:\/\/www.destinosalnes.com\/es\/\",\"name\":\"Saln\u00e9s\",\"description\":\"\",\"publisher\":{\"@id\":\"https:\/\/www.destinosalnes.com\/es\/#organization\"},\"potentialAction\":[{\"@type\":\"SearchAction\",\"target\":{\"@type\":\"EntryPoint\",\"urlTemplate\":\"https:\/\/www.destinosalnes.com\/es\/?s={search_term_string}\"},\"query-input\":{\"@type\":\"PropertyValueSpecification\",\"valueRequired\":true,\"valueName\":\"search_term_string\"}}],\"inLanguage\":\"de\"},{\"@type\":\"Organization\",\"@id\":\"https:\/\/www.destinosalnes.com\/es\/#organization\",\"name\":\"Saln\u00e9s\",\"url\":\"https:\/\/www.destinosalnes.com\/es\/\",\"logo\":{\"@type\":\"ImageObject\",\"inLanguage\":\"de\",\"@id\":\"https:\/\/www.destinosalnes.com\/es\/#\/schema\/logo\/image\/\",\"url\":\"\",\"contentUrl\":\"\",\"caption\":\"Saln\u00e9s\"},\"image\":{\"@id\":\"https:\/\/www.destinosalnes.com\/es\/#\/schema\/logo\/image\/\"},\"sameAs\":[\"https:\/\/es-es.facebook.com\/mancomunidade.salnes\",\"https:\/\/x.com\/infosalnes\"]}]}<\/script>\n<!-- \/ Yoast SEO plugin. -->","yoast_head_json":{"title":"3 Tage in Sanxenxo - Saln\u00e9s","description":"Ein 3-Tages-Plan, den Sie bei einem Besuch in Sanxenxo nicht verpassen d\u00fcrfen. Touren, Sehensw\u00fcrdigkeiten und vieles mehr.","robots":{"index":"index","follow":"follow","max-snippet":"max-snippet:-1","max-image-preview":"max-image-preview:large","max-video-preview":"max-video-preview:-1"},"canonical":"https:\/\/www.destinosalnes.com\/es\/sanxenxo-3-dias\/","schema":{"@context":"https:\/\/schema.org","@graph":[{"@type":"WebPage","@id":"https:\/\/www.destinosalnes.com\/es\/sanxenxo-3-dias\/","url":"https:\/\/www.destinosalnes.com\/es\/sanxenxo-3-dias\/","name":"3 Tage in Sanxenxo - Saln\u00e9s","isPartOf":{"@id":"https:\/\/www.destinosalnes.com\/es\/#website"},"primaryImageOfPage":{"@id":"https:\/\/www.destinosalnes.com\/es\/sanxenxo-3-dias\/#primaryimage"},"image":{"@id":"https:\/\/www.destinosalnes.com\/es\/sanxenxo-3-dias\/#primaryimage"},"thumbnailUrl":"https:\/\/www.destinosalnes.com\/wp-content\/uploads\/2024\/03\/Uvas.webp","datePublished":"2024-04-17T10:48:05+00:00","dateModified":"2025-11-03T15:49:16+00:00","description":"Ein 3-Tages-Plan, den Sie bei einem Besuch in Sanxenxo nicht verpassen d\u00fcrfen. Touren, Sehensw\u00fcrdigkeiten und vieles mehr.","breadcrumb":{"@id":"https:\/\/www.destinosalnes.com\/es\/sanxenxo-3-dias\/#breadcrumb"},"inLanguage":"de","potentialAction":[{"@type":"ReadAction","target":["https:\/\/www.destinosalnes.com\/es\/sanxenxo-3-dias\/"]}]},{"@type":"ImageObject","inLanguage":"de","@id":"https:\/\/www.destinosalnes.com\/es\/sanxenxo-3-dias\/#primaryimage","url":"https:\/\/www.destinosalnes.com\/wp-content\/uploads\/2024\/03\/Uvas.webp","contentUrl":"https:\/\/www.destinosalnes.com\/wp-content\/uploads\/2024\/03\/Uvas.webp","width":1000,"height":667,"caption":"Weintourismus"},{"@type":"BreadcrumbList","@id":"https:\/\/www.destinosalnes.com\/es\/sanxenxo-3-dias\/#breadcrumb","itemListElement":[{"@type":"ListItem","position":1,"name":"Saln\u00e9s","item":"https:\/\/www.destinosalnes.com\/es\/"},{"@type":"ListItem","position":2,"name":"Sanxenxo","item":"https:\/\/www.destinosalnes.com\/es\/category\/sanxenxo\/"},{"@type":"ListItem","position":3,"name":"3 Tage in Sanxenxo"}]},{"@type":"WebSite","@id":"https:\/\/www.destinosalnes.com\/es\/#website","url":"https:\/\/www.destinosalnes.com\/es\/","name":"Saln\u00e9s","description":"","publisher":{"@id":"https:\/\/www.destinosalnes.com\/es\/#organization"},"potentialAction":[{"@type":"SearchAction","target":{"@type":"EntryPoint","urlTemplate":"https:\/\/www.destinosalnes.com\/es\/?s={search_term_string}"},"query-input":{"@type":"PropertyValueSpecification","valueRequired":true,"valueName":"search_term_string"}}],"inLanguage":"de"},{"@type":"Organization","@id":"https:\/\/www.destinosalnes.com\/es\/#organization","name":"Saln\u00e9s","url":"https:\/\/www.destinosalnes.com\/es\/","logo":{"@type":"ImageObject","inLanguage":"de","@id":"https:\/\/www.destinosalnes.com\/es\/#\/schema\/logo\/image\/","url":"","contentUrl":"","caption":"Saln\u00e9s"},"image":{"@id":"https:\/\/www.destinosalnes.com\/es\/#\/schema\/logo\/image\/"},"sameAs":["https:\/\/es-es.facebook.com\/mancomunidade.salnes","https:\/\/x.com\/infosalnes"]}]}},"_links":{"self":[{"href":"https:\/\/www.destinosalnes.com\/de\/wp-json\/wp\/v2\/pages\/104022","targetHints":{"allow":["GET"]}}],"collection":[{"href":"https:\/\/www.destinosalnes.com\/de\/wp-json\/wp\/v2\/pages"}],"about":[{"href":"https:\/\/www.destinosalnes.com\/de\/wp-json\/wp\/v2\/types\/page"}],"author":[{"embeddable":true,"href":"https:\/\/www.destinosalnes.com\/de\/wp-json\/wp\/v2\/users\/42"}],"replies":[{"embeddable":true,"href":"https:\/\/www.destinosalnes.com\/de\/wp-json\/wp\/v2\/comments?post=104022"}],"version-history":[{"count":16,"href":"https:\/\/www.destinosalnes.com\/de\/wp-json\/wp\/v2\/pages\/104022\/revisions"}],"predecessor-version":[{"id":149422,"href":"https:\/\/www.destinosalnes.com\/de\/wp-json\/wp\/v2\/pages\/104022\/revisions\/149422"}],"acf:attachment":[{"embeddable":true,"href":"https:\/\/www.destinosalnes.com\/de\/wp-json\/wp\/v2\/media\/90667"},{"embeddable":true,"href":"https:\/\/www.destinosalnes.com\/de\/wp-json\/wp\/v2\/media\/90661"}],"wp:featuredmedia":[{"embeddable":true,"href":"https:\/\/www.destinosalnes.com\/de\/wp-json\/wp\/v2\/media\/86760"}],"wp:attachment":[{"href":"https:\/\/www.destinosalnes.com\/de\/wp-json\/wp\/v2\/media?parent=104022"}],"wp:term":[{"taxonomy":"category","embeddable":true,"href":"https:\/\/www.destinosalnes.com\/de\/wp-json\/wp\/v2\/categories?post=104022"},{"taxonomy":"post_tag","embeddable":true,"href":"https:\/\/www.destinosalnes.com\/de\/wp-json\/wp\/v2\/tags?post=104022"}],"curies":[{"name":"wp","href":"https:\/\/api.w.org\/{rel}","templated":true}]}}